{"id":8355,"date":"2022-04-08T18:16:18","date_gmt":"2022-04-08T17:16:18","guid":{"rendered":"http:\/\/flokardinal.org\/wordpress\/?page_id=8355"},"modified":"2025-06-14T09:20:05","modified_gmt":"2025-06-14T08:20:05","slug":"appel-a-benevoles-pour-une-seance-chamanique","status":"publish","type":"page","link":"https:\/\/flokardinal.org\/?page_id=8355","title":{"rendered":"Appel \u00e0 b\u00e9n\u00e9voles pour une s\u00e9ance chamanique"},"content":{"rendered":"\n<figure class=\"wp-block-image size-full\"><a href=\"http:\/\/flokardinal.org\/wp-content\/uploads\/2020\/06\/david_penfound_paisyba_13.jpg\"><img loading=\"lazy\" decoding=\"async\" width=\"612\" height=\"650\" src=\"http:\/\/flokardinal.org\/wp-content\/uploads\/2020\/06\/david_penfound_paisyba_13.jpg\" alt=\"\" class=\"wp-image-6800\" srcset=\"https:\/\/flokardinal.org\/wp-content\/uploads\/2020\/06\/david_penfound_paisyba_13.jpg 612w, https:\/\/flokardinal.org\/wp-content\/uploads\/2020\/06\/david_penfound_paisyba_13-282x300.jpg 282w\" sizes=\"auto, (max-width: 612px) 100vw, 612px\" \/><\/a><\/figure>\n\n\n\n<p>Dans le cadre de l&rsquo;internat du cursus d&rsquo;enseignement Les Danses de La Chamane \/Cie Tir Group\u00e9<\/p>\n\n\n\n<p>DATES A PRECISER<\/p>\n\n\n\n<p>3 s\u00e9ances : <\/p>\n\n\n\n<p>2 matin\u00e9es de 10h \u00e0 12h  et<\/p>\n\n\n\n<p>1 apr\u00e8s midi de 14h \u00e0 16h <\/p>\n\n\n\n<p> \u00ab\u00a0Le chamanisme est une m\u00e9decine ancestrale qui utilise les \u00e9tats modifi\u00e9s de conscience pour r\u00e9parer les parties de nous ab\u00eem\u00e9es et fragilis\u00e9es par les \u00e9v\u00e8nements de la vie, parties \u00ab\u00a0perdues\u00a0\u00bb et qui n&rsquo;apparaissent plus dans la zone de notre conscience. Nous utilisons le tambour entre autre pour vous amener \u00e0 l&rsquo;\u00e9tat de transe chamanique\u00a0\u00bb @Flo Kardinal<\/p>\n\n\n\n<p>Dans le cadre du cycle 3 de la formation de praticien en chamanisme selon la m\u00e9thode Les Danses de La Chamane @Flo kardinal la fondatrice vous invite  \u00e0 d\u00e9couvrir cet espace en b\u00e9n\u00e9ficiant d&rsquo; une s\u00e9ance chamanique .Les b\u00e9n\u00e9voles aux soins chamaniques seront convi\u00e9s en \u00e9change \u00e0 partager dans un cercle de parole leurs ressentis et impressions. Les \u00e9tudiants sont \u00e9prouv\u00e9s \u00e0 cette pratique le cycle 3 vient sceller leur fin de cursus.<br>Vous vous trouverez en toute s\u00e9curit\u00e9 et bienveillance dans ce cadre Comptez 2h00 de votre temps : 1h pour la s\u00e9ance et 1h au maximum pour le cercle<br>Vous pouvez vous portez b\u00e9n\u00e9vole sur un jour ou 2 jours autour des probl\u00e9matiques ou intentions de soin qui seront les v\u00f4tres.<br>2 cr\u00e9neaux par jour en matin\u00e9e et apr\u00e8s midi .<br>Les horaires matin\u00e9es : 10h \u00e0 12h<br>Les horaires apr\u00e8s midi 14h \u00e0 16h<br>L&rsquo;exp\u00e9rience est unique .<\/p>\n\n\n\n<p><strong>Lieu g\u00eete de Faragous 12360 Camar\u00e9s<\/strong><\/p>\n\n\n\n<p>Les s\u00e9ances sont ouvertes aux adultes, les enfants et adolescents et jeunes au-dessous de 18 ans seront accompagn\u00e9s , leurs parents peuvent recevoir aussi des soins , pour les cas sp\u00e9cifiques , <strong>veuillez me contacter directement<\/strong> <strong>pour votre inscription<\/strong><\/p>\n\n\n\n<p><br>Flo Kardinal <a href=\"flowhitewolf@gmail.com\">flowhitewolf@gmail.com <\/a>pour vous inscrire et programmer votre s\u00e9ance. Merci pour votre confiance<\/p>\n\n\n\n<p>Une c\u00e9r\u00e9monie de tradition chamanique ancestrale mongole : <strong>DIVINATION CHAMANIQUE  sera ouverte <\/strong>\u00e0 cette occasion soit en ext\u00e9rieur soit en salle selon la m\u00e9t\u00e9o : au programme un mot sur la tradition ancestrale mongole , pr\u00e9paration pour poser son intention , cercle de tambour et divination men\u00e9e et guid\u00e9e par Flo Kardinal\/Flo White Wolf : me contacter pour participation 30 euros l&rsquo;apr\u00e8s midi , jeunes en dessous de 15 ans entr\u00e9e libre .<\/p>\n\n\n\n<p><strong>Voici quelques \u00e9l\u00e9ments de bio<\/strong> :<br>Une vid\u00e9o sur mon parcours interview ADNTv<br><a href=\"http:\/\/www.flokardinal.org\/wordpress\/?page_id=8296&amp;fbclid=IwAR0KqnEnNF_1LvMbcQSnSqLN0Djjvmc5JTZoP-cCERDvGXtbrj-EC-1j8hU\" target=\"_blank\" rel=\"noreferrer noopener\">http:\/\/www.flokardinal.org\/wordpress\/?page_id=8296 <\/a><\/p>\n\n\n\n<p>Diaporama l&rsquo;immersif du cycle 1 du parcours d&rsquo;\u00e9tude \u00e0 Faragous<br><a rel=\"noreferrer noopener\" href=\"https:\/\/l.facebook.com\/l.php?u=https%3A%2F%2Fvimeo.com%2F662979285%3Ffbclid%3DIwAR1OI63l73B6IPNAnYAGl0qGEER35ymR_L9DmE487_MWAA8ZoS4WmMG2Gb0&amp;h=AT0GHvmVwXszJgYF0spiO7eFsP05eOTsfOKuPuhCC9_jgvXQN9E_kYmoRSOTom8HGPBnFS9mZk2YufRo0QZy_x1l3TpS55aU33adIB-oaoP0uSJLvtFTzLJz6sSVv0a1Yb3L&amp;__tn__=q&amp;c[0]=AT0PHmkU_GGDNH3QLj8eOiXkLEWAAybDJaDpQon3Y4RERHDwxb0g8aSuazgXro0aJE__95RYEcJQrTTP0PrJQEl9PRGnFfFNFwBEwlMCkUqH7tZTiUTOINA2V45rIctVR93TIe5J1EV3Bc9tsOXKdxCo0o5ZvOOwKHB6yQxI27A41gQODA\" target=\"_blank\">https:\/\/vimeo.com\/662979285<\/a><\/p>\n\n\n\n<p>Je vous remercie de votre attention et esp\u00e8re avoir le plaisir de vous rencontrer dans le cercle.<\/p>\n\n\n\n<p>Chamaniquement Flo Kardinal<br>Artiste et femme m\u00e9decine<br>Les Danses de La Chamane @ cursus d&rsquo;enseignement<\/p>\n\n\n\n<p>@photo Dembe Ganzorigt \/ Magali Giudice  et Flo Kardinal <\/p>\n\n\n\n<figure class=\"wp-block-image size-large\"><a href=\"http:\/\/flokardinal.org\/wp-content\/uploads\/2023\/08\/IMG_20230618_125350-scaled.jpg\"><img loading=\"lazy\" decoding=\"async\" width=\"1024\" height=\"771\" src=\"http:\/\/flokardinal.org\/wp-content\/uploads\/2023\/08\/IMG_20230618_125350-1024x771.jpg\" alt=\"\" class=\"wp-image-9237\" srcset=\"https:\/\/flokardinal.org\/wp-content\/uploads\/2023\/08\/IMG_20230618_125350-1024x771.jpg 1024w, https:\/\/flokardinal.org\/wp-content\/uploads\/2023\/08\/IMG_20230618_125350-300x226.jpg 300w, https:\/\/flokardinal.org\/wp-content\/uploads\/2023\/08\/IMG_20230618_125350-768x578.jpg 768w, https:\/\/flokardinal.org\/wp-content\/uploads\/2023\/08\/IMG_20230618_125350-1536x1157.jpg 1536w, https:\/\/flokardinal.org\/wp-content\/uploads\/2023\/08\/IMG_20230618_125350-2048x1542.jpg 2048w\" sizes=\"auto, (max-width: 1024px) 100vw, 1024px\" \/><\/a><\/figure>\n","protected":false},"excerpt":{"rendered":"<p>Dans le cadre de l&rsquo;internat du cursus d&rsquo;enseignement Les Danses de La Chamane \/Cie Tir Group\u00e9 DATES A PRECISER 3 s\u00e9ances : 2 matin\u00e9es de 10h \u00e0 12h et 1 apr\u00e8s midi de 14h \u00e0 16h \u00ab\u00a0Le chamanisme est une m\u00e9decine ancestrale qui utilise les \u00e9tats modifi\u00e9s de conscience pour r\u00e9parer les parties de nous &hellip; <a href=\"https:\/\/flokardinal.org\/?page_id=8355\" class=\"more-link\">Continuer la lecture de <span class=\"screen-reader-text\">Appel \u00e0 b\u00e9n\u00e9voles pour une s\u00e9ance chamanique<\/span>  <span class=\"meta-nav\">&rarr;<\/span><\/a><\/p>\n","protected":false},"author":1,"featured_media":8360,"parent":8378,"menu_order":4,"comment_status":"closed","ping_status":"closed","template":"","meta":{"footnotes":""},"class_list":["post-8355","page","type-page","status-publish","has-post-thumbnail","hentry"],"yoast_head":"<!-- This site is optimized with the Yoast SEO plugin v27.4 - https:\/\/yoast.com\/product\/yoast-seo-wordpress\/ -->\n<title>Appel \u00e0 b\u00e9n\u00e9voles pour une s\u00e9ance chamanique - Les danses de la chamane<\/title>\n<meta name=\"robots\" content=\"index, follow, max-snippet:-1, max-image-preview:large, max-video-preview:-1\" \/>\n<link rel=\"canonical\" href=\"https:\/\/flokardinal.org\/?page_id=8355\" \/>\n<meta property=\"og:locale\" content=\"fr_FR\" \/>\n<meta property=\"og:type\" content=\"article\" \/>\n<meta property=\"og:title\" content=\"Appel \u00e0 b\u00e9n\u00e9voles pour une s\u00e9ance chamanique - Les danses de la chamane\" \/>\n<meta property=\"og:description\" content=\"Dans le cadre de l&rsquo;internat du cursus d&rsquo;enseignement Les Danses de La Chamane \/Cie Tir Group\u00e9 DATES A PRECISER 3 s\u00e9ances : 2 matin\u00e9es de 10h \u00e0 12h et 1 apr\u00e8s midi de 14h \u00e0 16h \u00ab\u00a0Le chamanisme est une m\u00e9decine ancestrale qui utilise les \u00e9tats modifi\u00e9s de conscience pour r\u00e9parer les parties de nous &hellip; Continuer la lecture de Appel \u00e0 b\u00e9n\u00e9voles pour une s\u00e9ance chamanique &rarr;\" \/>\n<meta property=\"og:url\" content=\"https:\/\/flokardinal.org\/?page_id=8355\" \/>\n<meta property=\"og:site_name\" content=\"Les danses de la chamane\" \/>\n<meta property=\"article:modified_time\" content=\"2025-06-14T08:20:05+00:00\" \/>\n<meta property=\"og:image\" content=\"https:\/\/flokardinal.org\/wp-content\/uploads\/2022\/04\/R8a7cac6c70e0a9eac1d34ce369eaa4e7-1.jpg\" \/>\n\t<meta property=\"og:image:width\" content=\"910\" \/>\n\t<meta property=\"og:image:height\" content=\"512\" \/>\n\t<meta property=\"og:image:type\" content=\"image\/jpeg\" \/>\n<meta name=\"twitter:card\" content=\"summary_large_image\" \/>\n<meta name=\"twitter:site\" content=\"@kardinal93\" \/>\n<meta name=\"twitter:label1\" content=\"Dur\u00e9e de lecture estim\u00e9e\" \/>\n\t<meta name=\"twitter:data1\" content=\"3 minutes\" \/>\n<script type=\"application\/ld+json\" class=\"yoast-schema-graph\">{\"@context\":\"https:\\\/\\\/schema.org\",\"@graph\":[{\"@type\":\"WebPage\",\"@id\":\"https:\\\/\\\/flokardinal.org\\\/?page_id=8355\",\"url\":\"https:\\\/\\\/flokardinal.org\\\/?page_id=8355\",\"name\":\"Appel \u00e0 b\u00e9n\u00e9voles pour une s\u00e9ance chamanique - Les danses de la chamane\",\"isPartOf\":{\"@id\":\"https:\\\/\\\/flokardinal.org\\\/#website\"},\"primaryImageOfPage\":{\"@id\":\"https:\\\/\\\/flokardinal.org\\\/?page_id=8355#primaryimage\"},\"image\":{\"@id\":\"https:\\\/\\\/flokardinal.org\\\/?page_id=8355#primaryimage\"},\"thumbnailUrl\":\"https:\\\/\\\/flokardinal.org\\\/wp-content\\\/uploads\\\/2022\\\/04\\\/R8a7cac6c70e0a9eac1d34ce369eaa4e7-1.jpg\",\"datePublished\":\"2022-04-08T17:16:18+00:00\",\"dateModified\":\"2025-06-14T08:20:05+00:00\",\"breadcrumb\":{\"@id\":\"https:\\\/\\\/flokardinal.org\\\/?page_id=8355#breadcrumb\"},\"inLanguage\":\"fr-FR\",\"potentialAction\":[{\"@type\":\"ReadAction\",\"target\":[\"https:\\\/\\\/flokardinal.org\\\/?page_id=8355\"]}]},{\"@type\":\"ImageObject\",\"inLanguage\":\"fr-FR\",\"@id\":\"https:\\\/\\\/flokardinal.org\\\/?page_id=8355#primaryimage\",\"url\":\"https:\\\/\\\/flokardinal.org\\\/wp-content\\\/uploads\\\/2022\\\/04\\\/R8a7cac6c70e0a9eac1d34ce369eaa4e7-1.jpg\",\"contentUrl\":\"https:\\\/\\\/flokardinal.org\\\/wp-content\\\/uploads\\\/2022\\\/04\\\/R8a7cac6c70e0a9eac1d34ce369eaa4e7-1.jpg\",\"width\":910,\"height\":512},{\"@type\":\"BreadcrumbList\",\"@id\":\"https:\\\/\\\/flokardinal.org\\\/?page_id=8355#breadcrumb\",\"itemListElement\":[{\"@type\":\"ListItem\",\"position\":1,\"name\":\"Accueil\",\"item\":\"https:\\\/\\\/flokardinal.org\\\/\"},{\"@type\":\"ListItem\",\"position\":2,\"name\":\"Le cursus d&rsquo;enseignement Les Danses de La Chamane\u00ae\u2122 : un rituel de Transe-formation et d&rsquo;\u00e9mancipation\",\"item\":\"https:\\\/\\\/flokardinal.org\\\/?page_id=8378\"},{\"@type\":\"ListItem\",\"position\":3,\"name\":\"Appel \u00e0 b\u00e9n\u00e9voles pour une s\u00e9ance chamanique\"}]},{\"@type\":\"WebSite\",\"@id\":\"https:\\\/\\\/flokardinal.org\\\/#website\",\"url\":\"https:\\\/\\\/flokardinal.org\\\/\",\"name\":\"Les danses de la chamane\",\"description\":\"Le corps cr\u00e9ateur gu\u00e9risseur salvateur\",\"potentialAction\":[{\"@type\":\"SearchAction\",\"target\":{\"@type\":\"EntryPoint\",\"urlTemplate\":\"https:\\\/\\\/flokardinal.org\\\/?s={search_term_string}\"},\"query-input\":{\"@type\":\"PropertyValueSpecification\",\"valueRequired\":true,\"valueName\":\"search_term_string\"}}],\"inLanguage\":\"fr-FR\"}]}<\/script>\n<!-- \/ Yoast SEO plugin. -->","yoast_head_json":{"title":"Appel \u00e0 b\u00e9n\u00e9voles pour une s\u00e9ance chamanique - Les danses de la chamane","robots":{"index":"index","follow":"follow","max-snippet":"max-snippet:-1","max-image-preview":"max-image-preview:large","max-video-preview":"max-video-preview:-1"},"canonical":"https:\/\/flokardinal.org\/?page_id=8355","og_locale":"fr_FR","og_type":"article","og_title":"Appel \u00e0 b\u00e9n\u00e9voles pour une s\u00e9ance chamanique - Les danses de la chamane","og_description":"Dans le cadre de l&rsquo;internat du cursus d&rsquo;enseignement Les Danses de La Chamane \/Cie Tir Group\u00e9 DATES A PRECISER 3 s\u00e9ances : 2 matin\u00e9es de 10h \u00e0 12h et 1 apr\u00e8s midi de 14h \u00e0 16h \u00ab\u00a0Le chamanisme est une m\u00e9decine ancestrale qui utilise les \u00e9tats modifi\u00e9s de conscience pour r\u00e9parer les parties de nous &hellip; Continuer la lecture de Appel \u00e0 b\u00e9n\u00e9voles pour une s\u00e9ance chamanique &rarr;","og_url":"https:\/\/flokardinal.org\/?page_id=8355","og_site_name":"Les danses de la chamane","article_modified_time":"2025-06-14T08:20:05+00:00","og_image":[{"width":910,"height":512,"url":"https:\/\/flokardinal.org\/wp-content\/uploads\/2022\/04\/R8a7cac6c70e0a9eac1d34ce369eaa4e7-1.jpg","type":"image\/jpeg"}],"twitter_card":"summary_large_image","twitter_site":"@kardinal93","twitter_misc":{"Dur\u00e9e de lecture estim\u00e9e":"3 minutes"},"schema":{"@context":"https:\/\/schema.org","@graph":[{"@type":"WebPage","@id":"https:\/\/flokardinal.org\/?page_id=8355","url":"https:\/\/flokardinal.org\/?page_id=8355","name":"Appel \u00e0 b\u00e9n\u00e9voles pour une s\u00e9ance chamanique - Les danses de la chamane","isPartOf":{"@id":"https:\/\/flokardinal.org\/#website"},"primaryImageOfPage":{"@id":"https:\/\/flokardinal.org\/?page_id=8355#primaryimage"},"image":{"@id":"https:\/\/flokardinal.org\/?page_id=8355#primaryimage"},"thumbnailUrl":"https:\/\/flokardinal.org\/wp-content\/uploads\/2022\/04\/R8a7cac6c70e0a9eac1d34ce369eaa4e7-1.jpg","datePublished":"2022-04-08T17:16:18+00:00","dateModified":"2025-06-14T08:20:05+00:00","breadcrumb":{"@id":"https:\/\/flokardinal.org\/?page_id=8355#breadcrumb"},"inLanguage":"fr-FR","potentialAction":[{"@type":"ReadAction","target":["https:\/\/flokardinal.org\/?page_id=8355"]}]},{"@type":"ImageObject","inLanguage":"fr-FR","@id":"https:\/\/flokardinal.org\/?page_id=8355#primaryimage","url":"https:\/\/flokardinal.org\/wp-content\/uploads\/2022\/04\/R8a7cac6c70e0a9eac1d34ce369eaa4e7-1.jpg","contentUrl":"https:\/\/flokardinal.org\/wp-content\/uploads\/2022\/04\/R8a7cac6c70e0a9eac1d34ce369eaa4e7-1.jpg","width":910,"height":512},{"@type":"BreadcrumbList","@id":"https:\/\/flokardinal.org\/?page_id=8355#breadcrumb","itemListElement":[{"@type":"ListItem","position":1,"name":"Accueil","item":"https:\/\/flokardinal.org\/"},{"@type":"ListItem","position":2,"name":"Le cursus d&rsquo;enseignement Les Danses de La Chamane\u00ae\u2122 : un rituel de Transe-formation et d&rsquo;\u00e9mancipation","item":"https:\/\/flokardinal.org\/?page_id=8378"},{"@type":"ListItem","position":3,"name":"Appel \u00e0 b\u00e9n\u00e9voles pour une s\u00e9ance chamanique"}]},{"@type":"WebSite","@id":"https:\/\/flokardinal.org\/#website","url":"https:\/\/flokardinal.org\/","name":"Les danses de la chamane","description":"Le corps cr\u00e9ateur gu\u00e9risseur salvateur","potentialAction":[{"@type":"SearchAction","target":{"@type":"EntryPoint","urlTemplate":"https:\/\/flokardinal.org\/?s={search_term_string}"},"query-input":{"@type":"PropertyValueSpecification","valueRequired":true,"valueName":"search_term_string"}}],"inLanguage":"fr-FR"}]}},"_links":{"self":[{"href":"https:\/\/flokardinal.org\/index.php?rest_route=\/wp\/v2\/pages\/8355","targetHints":{"allow":["GET"]}}],"collection":[{"href":"https:\/\/flokardinal.org\/index.php?rest_route=\/wp\/v2\/pages"}],"about":[{"href":"https:\/\/flokardinal.org\/index.php?rest_route=\/wp\/v2\/types\/page"}],"author":[{"embeddable":true,"href":"https:\/\/flokardinal.org\/index.php?rest_route=\/wp\/v2\/users\/1"}],"replies":[{"embeddable":true,"href":"https:\/\/flokardinal.org\/index.php?rest_route=%2Fwp%2Fv2%2Fcomments&post=8355"}],"version-history":[{"count":8,"href":"https:\/\/flokardinal.org\/index.php?rest_route=\/wp\/v2\/pages\/8355\/revisions"}],"predecessor-version":[{"id":9967,"href":"https:\/\/flokardinal.org\/index.php?rest_route=\/wp\/v2\/pages\/8355\/revisions\/9967"}],"up":[{"embeddable":true,"href":"https:\/\/flokardinal.org\/index.php?rest_route=\/wp\/v2\/pages\/8378"}],"wp:featuredmedia":[{"embeddable":true,"href":"https:\/\/flokardinal.org\/index.php?rest_route=\/wp\/v2\/media\/8360"}],"wp:attachment":[{"href":"https:\/\/flokardinal.org\/index.php?rest_route=%2Fwp%2Fv2%2Fmedia&parent=8355"}],"curies":[{"name":"wp","href":"https:\/\/api.w.org\/{rel}","templated":true}]}}