{"id":8220,"date":"2021-10-26T12:11:50","date_gmt":"2021-10-26T11:11:50","guid":{"rendered":"http:\/\/flokardinal.org\/wordpress\/?page_id=8220"},"modified":"2025-06-13T16:36:13","modified_gmt":"2025-06-13T15:36:13","slug":"trasncription-du-reve","status":"publish","type":"page","link":"https:\/\/flokardinal.org\/?page_id=8220","title":{"rendered":"Transcription du reve"},"content":{"rendered":"\n<figure class=\"wp-block-image\"><img loading=\"lazy\" decoding=\"async\" width=\"766\" height=\"1024\" src=\"http:\/\/flokardinal.org\/wordpress\/wp-content\/uploads\/2021\/10\/IMG_20211026_085453-766x1024.jpg\" alt=\"\" class=\"wp-image-8221\" srcset=\"https:\/\/flokardinal.org\/wp-content\/uploads\/2021\/10\/IMG_20211026_085453-766x1024.jpg 766w, https:\/\/flokardinal.org\/wp-content\/uploads\/2021\/10\/IMG_20211026_085453-224x300.jpg 224w, https:\/\/flokardinal.org\/wp-content\/uploads\/2021\/10\/IMG_20211026_085453-768x1027.jpg 768w\" sizes=\"auto, (max-width: 766px) 100vw, 766px\" \/><\/figure>\n\n\n\n<p>Le Cheval et le R\u00eave  \u00a9 <\/p>\n\n\n\n<p>Dans ce processus nous convoquons la retranscription et la manifestation de nos travers\u00e9es . Et m\u00eame si j&rsquo;en suis l&rsquo;accompagnante et la cr\u00e9atrice je traverse encore avec grande \u00e9motion et joie cette partition. Tout est mouvement rien ne se fige dans le langage animal l&rsquo;exp\u00e9rience am\u00e8ne directement un changement sensible autour de la perception <\/p>\n\n\n\n<p>Le Cheval et Le r\u00eave \u00a9  Le concept de la Compagnie Tir Group\u00e9 autour du \u00ab\u00a0cheval int\u00e9rieur \u00ab\u00a0* du \u00ab\u00a0cheval de ses r\u00eaves \u00ab\u00a0* propose une autre approche perceptive de la rencontre . <\/p>\n\n\n\n<p>Pour rencontrer il s&rsquo;agit d&rsquo;offrir une partie de soi: une vibration , cela donne le sens aux choses , cela guide la rencontre .<\/p>\n\n\n\n<p>RETRANSCRIPTION\/INSPIRATION ( dessin\/po\u00e8me)<\/p>\n\n\n\n<p>\u00ab\u00a0Le r\u00eave est notre r\u00e9alit\u00e9 , la r\u00e9alit\u00e9 serait elle un r\u00eave&#8230;\u00a0\u00bb<\/p>\n\n\n\n<p>La silhouette m&rsquo;accueille et me montre une autre d\u00e9finition de moi,<\/p>\n\n\n\n<p>Nos regards se croisent comme des miroirs d&rsquo;\u00e9mois <\/p>\n\n\n\n<p>Je suis toi , toit de mes r\u00eaves <\/p>\n\n\n\n<p>R\u00eave d&rsquo;infini , Nid d \u00e9toiles, <\/p>\n\n\n\n<p>Etoiles de mers <\/p>\n\n\n\n<p>Mers de silence <\/p>\n\n\n\n<p>Lances d&rsquo;amour <\/p>\n\n\n\n<p>Mourir de rire <\/p>\n\n\n\n<p>Rire de toi <\/p>\n\n\n\n<p>Toit de mes r\u00eaves <\/p>\n\n\n\n<p>Je suis cheval du vent , cheval de la fougue <\/p>\n\n\n\n<p>Comme les mille voix de la houle <\/p>\n\n\n\n<p>Je suis affranchie de mes incertitudes <\/p>\n\n\n\n<p>Dans la danse de mes multitudes<\/p>\n\n\n\n<p>Etre polymorphe  aux portes des temps <\/p>\n\n\n\n<p>en solidarit\u00e9 avec le vivant \u00ab\u00a0<\/p>\n\n\n\n<p>\u00a9 Flo Kardinal \/Po\u00e8mes et r\u00e9pertoire de chants 2013-2021<\/p>\n\n\n\n<p> \u00a9 Dessin Flo Kardinal  \/2021 \u00ab\u00a0Solidarit\u00e9 inter-esp\u00e8ces\u00a0\u00bb<\/p>\n\n\n\n<p class=\"has-small-font-size\">*Le concept L&rsquo;\u00eatre cheval \u00a9  est une cr\u00e9ation de Flo Kardinal dans sa mati\u00e8re son \u00e9laboration , ses termes et les outils mis en place , \u00e0 ce titre il est d\u00e9pos\u00e9 et prot\u00e9g\u00e9 par les lois en vigueur .<\/p>\n\n\n\n<p><\/p>\n\n\n\n<p><\/p>\n","protected":false},"excerpt":{"rendered":"<p>Le Cheval et le R\u00eave \u00a9 Dans ce processus nous convoquons la retranscription et la manifestation de nos travers\u00e9es . Et m\u00eame si j&rsquo;en suis l&rsquo;accompagnante et la cr\u00e9atrice je traverse encore avec grande \u00e9motion et joie cette partition. Tout est mouvement rien ne se fige dans le langage animal l&rsquo;exp\u00e9rience am\u00e8ne directement un changement &hellip; <a href=\"https:\/\/flokardinal.org\/?page_id=8220\" class=\"more-link\">Continuer la lecture de <span class=\"screen-reader-text\">Transcription du reve<\/span>  <span class=\"meta-nav\">&rarr;<\/span><\/a><\/p>\n","protected":false},"author":1,"featured_media":8221,"parent":8185,"menu_order":1,"comment_status":"closed","ping_status":"closed","template":"","meta":{"footnotes":""},"class_list":["post-8220","page","type-page","status-publish","has-post-thumbnail","hentry"],"yoast_head":"<!-- This site is optimized with the Yoast SEO plugin v27.4 - https:\/\/yoast.com\/product\/yoast-seo-wordpress\/ -->\n<title>Transcription du reve - Les danses de la chamane<\/title>\n<meta name=\"robots\" content=\"index, follow, max-snippet:-1, max-image-preview:large, max-video-preview:-1\" \/>\n<link rel=\"canonical\" href=\"http:\/\/flokardinal.org\/?page_id=8220\" \/>\n<meta property=\"og:locale\" content=\"fr_FR\" \/>\n<meta property=\"og:type\" content=\"article\" \/>\n<meta property=\"og:title\" content=\"Transcription du reve - Les danses de la chamane\" \/>\n<meta property=\"og:description\" content=\"Le Cheval et le R\u00eave \u00a9 Dans ce processus nous convoquons la retranscription et la manifestation de nos travers\u00e9es . Et m\u00eame si j&rsquo;en suis l&rsquo;accompagnante et la cr\u00e9atrice je traverse encore avec grande \u00e9motion et joie cette partition. Tout est mouvement rien ne se fige dans le langage animal l&rsquo;exp\u00e9rience am\u00e8ne directement un changement &hellip; Continuer la lecture de Transcription du reve &rarr;\" \/>\n<meta property=\"og:url\" content=\"http:\/\/flokardinal.org\/?page_id=8220\" \/>\n<meta property=\"og:site_name\" content=\"Les danses de la chamane\" \/>\n<meta property=\"article:modified_time\" content=\"2025-06-13T15:36:13+00:00\" \/>\n<meta property=\"og:image\" content=\"http:\/\/flokardinal.org\/wp-content\/uploads\/2021\/10\/IMG_20211026_085453-766x1024.jpg\" \/>\n\t<meta property=\"og:image:width\" content=\"766\" \/>\n\t<meta property=\"og:image:height\" content=\"1024\" \/>\n\t<meta property=\"og:image:type\" content=\"image\/jpeg\" \/>\n<meta name=\"twitter:card\" content=\"summary_large_image\" \/>\n<meta name=\"twitter:site\" content=\"@kardinal93\" \/>\n<meta name=\"twitter:label1\" content=\"Dur\u00e9e de lecture estim\u00e9e\" \/>\n\t<meta name=\"twitter:data1\" content=\"2 minutes\" \/>\n<script type=\"application\/ld+json\" class=\"yoast-schema-graph\">{\"@context\":\"https:\\\/\\\/schema.org\",\"@graph\":[{\"@type\":\"WebPage\",\"@id\":\"http:\\\/\\\/flokardinal.org\\\/?page_id=8220\",\"url\":\"http:\\\/\\\/flokardinal.org\\\/?page_id=8220\",\"name\":\"Transcription du reve - Les danses de la chamane\",\"isPartOf\":{\"@id\":\"https:\\\/\\\/flokardinal.org\\\/#website\"},\"primaryImageOfPage\":{\"@id\":\"http:\\\/\\\/flokardinal.org\\\/?page_id=8220#primaryimage\"},\"image\":{\"@id\":\"http:\\\/\\\/flokardinal.org\\\/?page_id=8220#primaryimage\"},\"thumbnailUrl\":\"https:\\\/\\\/flokardinal.org\\\/wp-content\\\/uploads\\\/2021\\\/10\\\/IMG_20211026_085453.jpg\",\"datePublished\":\"2021-10-26T11:11:50+00:00\",\"dateModified\":\"2025-06-13T15:36:13+00:00\",\"breadcrumb\":{\"@id\":\"http:\\\/\\\/flokardinal.org\\\/?page_id=8220#breadcrumb\"},\"inLanguage\":\"fr-FR\",\"potentialAction\":[{\"@type\":\"ReadAction\",\"target\":[\"http:\\\/\\\/flokardinal.org\\\/?page_id=8220\"]}]},{\"@type\":\"ImageObject\",\"inLanguage\":\"fr-FR\",\"@id\":\"http:\\\/\\\/flokardinal.org\\\/?page_id=8220#primaryimage\",\"url\":\"https:\\\/\\\/flokardinal.org\\\/wp-content\\\/uploads\\\/2021\\\/10\\\/IMG_20211026_085453.jpg\",\"contentUrl\":\"https:\\\/\\\/flokardinal.org\\\/wp-content\\\/uploads\\\/2021\\\/10\\\/IMG_20211026_085453.jpg\",\"width\":2992,\"height\":4000},{\"@type\":\"BreadcrumbList\",\"@id\":\"http:\\\/\\\/flokardinal.org\\\/?page_id=8220#breadcrumb\",\"itemListElement\":[{\"@type\":\"ListItem\",\"position\":1,\"name\":\"Accueil\",\"item\":\"https:\\\/\\\/flokardinal.org\\\/\"},{\"@type\":\"ListItem\",\"position\":2,\"name\":\"LA PRATIQUE CORPORELLE :La Secousse Libre\",\"item\":\"https:\\\/\\\/flokardinal.org\\\/?page_id=7001\"},{\"@type\":\"ListItem\",\"position\":3,\"name\":\"Le Cheval et Le R\u00eave@\",\"item\":\"http:\\\/\\\/flokardinal.org\\\/?page_id=8185\"},{\"@type\":\"ListItem\",\"position\":4,\"name\":\"Transcription du reve\"}]},{\"@type\":\"WebSite\",\"@id\":\"https:\\\/\\\/flokardinal.org\\\/#website\",\"url\":\"https:\\\/\\\/flokardinal.org\\\/\",\"name\":\"Les danses de la chamane\",\"description\":\"Le corps cr\u00e9ateur gu\u00e9risseur salvateur\",\"potentialAction\":[{\"@type\":\"SearchAction\",\"target\":{\"@type\":\"EntryPoint\",\"urlTemplate\":\"https:\\\/\\\/flokardinal.org\\\/?s={search_term_string}\"},\"query-input\":{\"@type\":\"PropertyValueSpecification\",\"valueRequired\":true,\"valueName\":\"search_term_string\"}}],\"inLanguage\":\"fr-FR\"}]}<\/script>\n<!-- \/ Yoast SEO plugin. -->","yoast_head_json":{"title":"Transcription du reve - Les danses de la chamane","robots":{"index":"index","follow":"follow","max-snippet":"max-snippet:-1","max-image-preview":"max-image-preview:large","max-video-preview":"max-video-preview:-1"},"canonical":"http:\/\/flokardinal.org\/?page_id=8220","og_locale":"fr_FR","og_type":"article","og_title":"Transcription du reve - Les danses de la chamane","og_description":"Le Cheval et le R\u00eave \u00a9 Dans ce processus nous convoquons la retranscription et la manifestation de nos travers\u00e9es . Et m\u00eame si j&rsquo;en suis l&rsquo;accompagnante et la cr\u00e9atrice je traverse encore avec grande \u00e9motion et joie cette partition. Tout est mouvement rien ne se fige dans le langage animal l&rsquo;exp\u00e9rience am\u00e8ne directement un changement &hellip; Continuer la lecture de Transcription du reve &rarr;","og_url":"http:\/\/flokardinal.org\/?page_id=8220","og_site_name":"Les danses de la chamane","article_modified_time":"2025-06-13T15:36:13+00:00","og_image":[{"width":766,"height":1024,"url":"http:\/\/flokardinal.org\/wp-content\/uploads\/2021\/10\/IMG_20211026_085453-766x1024.jpg","type":"image\/jpeg"}],"twitter_card":"summary_large_image","twitter_site":"@kardinal93","twitter_misc":{"Dur\u00e9e de lecture estim\u00e9e":"2 minutes"},"schema":{"@context":"https:\/\/schema.org","@graph":[{"@type":"WebPage","@id":"http:\/\/flokardinal.org\/?page_id=8220","url":"http:\/\/flokardinal.org\/?page_id=8220","name":"Transcription du reve - Les danses de la chamane","isPartOf":{"@id":"https:\/\/flokardinal.org\/#website"},"primaryImageOfPage":{"@id":"http:\/\/flokardinal.org\/?page_id=8220#primaryimage"},"image":{"@id":"http:\/\/flokardinal.org\/?page_id=8220#primaryimage"},"thumbnailUrl":"https:\/\/flokardinal.org\/wp-content\/uploads\/2021\/10\/IMG_20211026_085453.jpg","datePublished":"2021-10-26T11:11:50+00:00","dateModified":"2025-06-13T15:36:13+00:00","breadcrumb":{"@id":"http:\/\/flokardinal.org\/?page_id=8220#breadcrumb"},"inLanguage":"fr-FR","potentialAction":[{"@type":"ReadAction","target":["http:\/\/flokardinal.org\/?page_id=8220"]}]},{"@type":"ImageObject","inLanguage":"fr-FR","@id":"http:\/\/flokardinal.org\/?page_id=8220#primaryimage","url":"https:\/\/flokardinal.org\/wp-content\/uploads\/2021\/10\/IMG_20211026_085453.jpg","contentUrl":"https:\/\/flokardinal.org\/wp-content\/uploads\/2021\/10\/IMG_20211026_085453.jpg","width":2992,"height":4000},{"@type":"BreadcrumbList","@id":"http:\/\/flokardinal.org\/?page_id=8220#breadcrumb","itemListElement":[{"@type":"ListItem","position":1,"name":"Accueil","item":"https:\/\/flokardinal.org\/"},{"@type":"ListItem","position":2,"name":"LA PRATIQUE CORPORELLE :La Secousse Libre","item":"https:\/\/flokardinal.org\/?page_id=7001"},{"@type":"ListItem","position":3,"name":"Le Cheval et Le R\u00eave@","item":"http:\/\/flokardinal.org\/?page_id=8185"},{"@type":"ListItem","position":4,"name":"Transcription du reve"}]},{"@type":"WebSite","@id":"https:\/\/flokardinal.org\/#website","url":"https:\/\/flokardinal.org\/","name":"Les danses de la chamane","description":"Le corps cr\u00e9ateur gu\u00e9risseur salvateur","potentialAction":[{"@type":"SearchAction","target":{"@type":"EntryPoint","urlTemplate":"https:\/\/flokardinal.org\/?s={search_term_string}"},"query-input":{"@type":"PropertyValueSpecification","valueRequired":true,"valueName":"search_term_string"}}],"inLanguage":"fr-FR"}]}},"_links":{"self":[{"href":"https:\/\/flokardinal.org\/index.php?rest_route=\/wp\/v2\/pages\/8220","targetHints":{"allow":["GET"]}}],"collection":[{"href":"https:\/\/flokardinal.org\/index.php?rest_route=\/wp\/v2\/pages"}],"about":[{"href":"https:\/\/flokardinal.org\/index.php?rest_route=\/wp\/v2\/types\/page"}],"author":[{"embeddable":true,"href":"https:\/\/flokardinal.org\/index.php?rest_route=\/wp\/v2\/users\/1"}],"replies":[{"embeddable":true,"href":"https:\/\/flokardinal.org\/index.php?rest_route=%2Fwp%2Fv2%2Fcomments&post=8220"}],"version-history":[{"count":6,"href":"https:\/\/flokardinal.org\/index.php?rest_route=\/wp\/v2\/pages\/8220\/revisions"}],"predecessor-version":[{"id":9977,"href":"https:\/\/flokardinal.org\/index.php?rest_route=\/wp\/v2\/pages\/8220\/revisions\/9977"}],"up":[{"embeddable":true,"href":"https:\/\/flokardinal.org\/index.php?rest_route=\/wp\/v2\/pages\/8185"}],"wp:featuredmedia":[{"embeddable":true,"href":"https:\/\/flokardinal.org\/index.php?rest_route=\/wp\/v2\/media\/8221"}],"wp:attachment":[{"href":"https:\/\/flokardinal.org\/index.php?rest_route=%2Fwp%2Fv2%2Fmedia&parent=8220"}],"curies":[{"name":"wp","href":"https:\/\/api.w.org\/{rel}","templated":true}]}}