{"id":8185,"date":"2021-09-28T15:41:43","date_gmt":"2021-09-28T14:41:43","guid":{"rendered":"http:\/\/flokardinal.org\/wordpress\/?page_id=8185"},"modified":"2022-12-29T19:13:00","modified_gmt":"2022-12-29T18:13:00","slug":"le-cheval-et-le-reve","status":"publish","type":"page","link":"https:\/\/flokardinal.org\/?page_id=8185","title":{"rendered":"Le Cheval et Le R\u00eave@"},"content":{"rendered":"\n<figure class=\"wp-block-image\"><img loading=\"lazy\" decoding=\"async\" width=\"1024\" height=\"506\" src=\"http:\/\/flokardinal.org\/wordpress\/wp-content\/uploads\/2021\/09\/231604559_885243809059304_2356421427596186553_n-1-1024x506.jpg\" alt=\"\" class=\"wp-image-8186\" srcset=\"https:\/\/flokardinal.org\/wp-content\/uploads\/2021\/09\/231604559_885243809059304_2356421427596186553_n-1-1024x506.jpg 1024w, https:\/\/flokardinal.org\/wp-content\/uploads\/2021\/09\/231604559_885243809059304_2356421427596186553_n-1-300x148.jpg 300w, https:\/\/flokardinal.org\/wp-content\/uploads\/2021\/09\/231604559_885243809059304_2356421427596186553_n-1-768x380.jpg 768w, https:\/\/flokardinal.org\/wp-content\/uploads\/2021\/09\/231604559_885243809059304_2356421427596186553_n-1.jpg 1442w\" sizes=\"auto, (max-width: 1024px) 100vw, 1024px\" \/><figcaption>Sioux du Clos de l&rsquo;Oume <\/figcaption><\/figure>\n\n\n\n<p><strong> SAMEDI 23 OCTOBRE 2021 de 13h \u00e0 17h <\/strong><\/p>\n\n\n\n<p>Atelier-rencontre propos\u00e9 par Flo Kardinal (Cie Tir group\u00e9) au domaine du Clos de l&rsquo;Oume avec Ludivine de l&rsquo;Oume autour de la relation homme cheval et r\u00eave.<\/p>\n\n\n\n<p>\u00ab\u00a0Une nouvelle mani\u00e8re d&rsquo;envisager la relation au cheval et \u00e0 nous-m\u00eames. Une \u00e9cologie de l \u00eatre en accord avec l&rsquo;environnement et le corps\u00a0\u00bb.<\/p>\n\n\n\n<p>\u00ab\u00a0Corporalit\u00e9 dans la roue m\u00e9decine techniques du r\u00eave, voyage au tambour, rencontre avec les chevaux en corps, coeur et rituels int\u00e9gration de l&rsquo;exp\u00e9rience , manifestation des r\u00eaves .\u00a0\u00bb<\/p>\n\n\n\n<figure class=\"wp-block-image\"><img loading=\"lazy\" decoding=\"async\" width=\"768\" height=\"1024\" src=\"http:\/\/flokardinal.org\/wordpress\/wp-content\/uploads\/2019\/09\/IMG-20190814-WA0033-768x1024.jpg\" alt=\"\" class=\"wp-image-5624\" srcset=\"https:\/\/flokardinal.org\/wp-content\/uploads\/2019\/09\/IMG-20190814-WA0033-768x1024.jpg 768w, https:\/\/flokardinal.org\/wp-content\/uploads\/2019\/09\/IMG-20190814-WA0033-225x300.jpg 225w, https:\/\/flokardinal.org\/wp-content\/uploads\/2019\/09\/IMG-20190814-WA0033.jpg 1200w\" sizes=\"auto, (max-width: 768px) 100vw, 768px\" \/><figcaption>Flo Kardinal Cie Tir Group\u00e9 <\/figcaption><\/figure>\n\n\n\n<p>Flo Kardinal est chor\u00e9graphe et femme m\u00e9decine elle fonde le cursus d&rsquo;enseignement autour de la roue m\u00e9decine et de la transe Les Danses de La Chamane @ Elle travaille autour de la transe, des outils somatiques et des techniques cr\u00e9atives depuis plus de 25 ans. Elle d\u00e9veloppe un concept de lien avec les animaux notamment les chevaux en relation avec la roue de m\u00e9decine et la transcendanse de l&rsquo;\u00eatre. Elle acte au sein de la Compagnie Tir Group\u00e9<\/p>\n\n\n\n<figure class=\"wp-block-image\"><img loading=\"lazy\" decoding=\"async\" width=\"1024\" height=\"683\" src=\"http:\/\/flokardinal.org\/wordpress\/wp-content\/uploads\/2021\/09\/239251596_894252391491779_5527752439436321801_n-1024x683.jpg\" alt=\"\" class=\"wp-image-8188\" srcset=\"https:\/\/flokardinal.org\/wp-content\/uploads\/2021\/09\/239251596_894252391491779_5527752439436321801_n-1024x683.jpg 1024w, https:\/\/flokardinal.org\/wp-content\/uploads\/2021\/09\/239251596_894252391491779_5527752439436321801_n-300x200.jpg 300w, https:\/\/flokardinal.org\/wp-content\/uploads\/2021\/09\/239251596_894252391491779_5527752439436321801_n-768x512.jpg 768w, https:\/\/flokardinal.org\/wp-content\/uploads\/2021\/09\/239251596_894252391491779_5527752439436321801_n.jpg 2048w\" sizes=\"auto, (max-width: 1024px) 100vw, 1024px\" \/><figcaption>Ludivine de L&rsquo;Oume et le troupeau du Clos de l&rsquo;oume <\/figcaption><\/figure>\n\n\n\n<p>Ludivine de l&rsquo;Oume est \u00e9leveuse du troupeau de Irish Cob et consultante en environnement Elle d\u00e9veloppe un projet en permaculture orient\u00e9 sur le bien \u00eatre \u00e9quin et l&rsquo;harmonie entre l&rsquo;homme et la nature .Elle est la gardienne de ces beaux chevaux au caract\u00e8re doux et r\u00e9ceptifs . <\/p>\n\n\n\n<figure class=\"wp-block-image\"><img loading=\"lazy\" decoding=\"async\" width=\"960\" height=\"520\" src=\"http:\/\/flokardinal.org\/wordpress\/wp-content\/uploads\/2021\/09\/242957126_2959711810915729_3516047979284719745_n.png\" alt=\"\" class=\"wp-image-8189\" srcset=\"https:\/\/flokardinal.org\/wp-content\/uploads\/2021\/09\/242957126_2959711810915729_3516047979284719745_n.png 960w, https:\/\/flokardinal.org\/wp-content\/uploads\/2021\/09\/242957126_2959711810915729_3516047979284719745_n-300x163.png 300w, https:\/\/flokardinal.org\/wp-content\/uploads\/2021\/09\/242957126_2959711810915729_3516047979284719745_n-768x416.png 768w\" sizes=\"auto, (max-width: 960px) 100vw, 960px\" \/><figcaption>Quelques membres du troupeau du Clos de l&rsquo;Oume <\/figcaption><\/figure>\n\n\n\n<p>PUBLIC: Danseurs,cavaliers,pratiquants en chamanisme, \u00e9quith\u00e9rapeutes, th\u00e9rapeutes ou toutes personnes int\u00e9ress\u00e9es par la relation \u00e0 la roue de m\u00e9decine, au r\u00eave. \u00e0 l&rsquo;environnement<br>\u00e0 l \u00e9cologie et au peuple cheval.<\/p>\n\n\n\n<figure class=\"wp-block-image\"><img loading=\"lazy\" decoding=\"async\" width=\"1024\" height=\"768\" src=\"http:\/\/flokardinal.org\/wordpress\/wp-content\/uploads\/2021\/09\/IMG_20210825_121345-1024x768.jpg\" alt=\"\" class=\"wp-image-8190\" srcset=\"https:\/\/flokardinal.org\/wp-content\/uploads\/2021\/09\/IMG_20210825_121345-1024x768.jpg 1024w, https:\/\/flokardinal.org\/wp-content\/uploads\/2021\/09\/IMG_20210825_121345-300x225.jpg 300w, https:\/\/flokardinal.org\/wp-content\/uploads\/2021\/09\/IMG_20210825_121345-768x576.jpg 768w\" sizes=\"auto, (max-width: 1024px) 100vw, 1024px\" \/><figcaption>Flo Kardinal avec Chamanie du Domaine de Kanthaka <\/figcaption><\/figure>\n\n\n\n<figure class=\"wp-block-image\"><img loading=\"lazy\" decoding=\"async\" width=\"1024\" height=\"768\" src=\"http:\/\/flokardinal.org\/wordpress\/wp-content\/uploads\/2021\/09\/242848643_253977243308125_4128500009296731059_n-1024x768.jpg\" alt=\"\" class=\"wp-image-8191\" srcset=\"https:\/\/flokardinal.org\/wp-content\/uploads\/2021\/09\/242848643_253977243308125_4128500009296731059_n-1024x768.jpg 1024w, https:\/\/flokardinal.org\/wp-content\/uploads\/2021\/09\/242848643_253977243308125_4128500009296731059_n-300x225.jpg 300w, https:\/\/flokardinal.org\/wp-content\/uploads\/2021\/09\/242848643_253977243308125_4128500009296731059_n-768x576.jpg 768w\" sizes=\"auto, (max-width: 1024px) 100vw, 1024px\" \/><\/figure>\n\n\n\n<p>Places limit\u00e9es<br>Tarif unique 30 euros<br>inscription en ligne  <br><a href=\"https:\/\/www.weezevent.com\/le-cheval-et-le-reve\">https:\/\/www.weezevent.com\/le-cheval-et-le-reve<\/a> <\/p>\n\n\n\n<p>contact <a href=\"http:\/\/lasecousselibre@gmail.com \">lasecousselibre@gmail.com<\/a><\/p>\n\n\n\n<p>Adresse Domaine Le Clos de l&rsquo;Oume : Bezaudun sur Bine en pleine nature au pied des 3 becs. Un site magique en pleine nature .<br>Possibilit\u00e9 selon la m\u00e9t\u00e9o de travailler sous abri.<\/p>\n\n\n\n<figure class=\"wp-block-image\"><img loading=\"lazy\" decoding=\"async\" width=\"1024\" height=\"768\" src=\"http:\/\/flokardinal.org\/wordpress\/wp-content\/uploads\/2021\/09\/242815240_4633783166714770_5444650027718638906_n-1024x768.jpg\" alt=\"\" class=\"wp-image-8192\" srcset=\"https:\/\/flokardinal.org\/wp-content\/uploads\/2021\/09\/242815240_4633783166714770_5444650027718638906_n-1024x768.jpg 1024w, https:\/\/flokardinal.org\/wp-content\/uploads\/2021\/09\/242815240_4633783166714770_5444650027718638906_n-300x225.jpg 300w, https:\/\/flokardinal.org\/wp-content\/uploads\/2021\/09\/242815240_4633783166714770_5444650027718638906_n-768x576.jpg 768w\" sizes=\"auto, (max-width: 1024px) 100vw, 1024px\" \/><figcaption>Le Clos de l&rsquo;oume <\/figcaption><\/figure>\n\n\n\n<p class=\"has-small-font-size\">Le cheval et le r\u00eave @ est un concept de Flo Kardinal \/2021 \/Tous droits r\u00e9serv\u00e9s \/Cie Tir Group\u00e9 <\/p>\n","protected":false},"excerpt":{"rendered":"<p>SAMEDI 23 OCTOBRE 2021 de 13h \u00e0 17h Atelier-rencontre propos\u00e9 par Flo Kardinal (Cie Tir group\u00e9) au domaine du Clos de l&rsquo;Oume avec Ludivine de l&rsquo;Oume autour de la relation homme cheval et r\u00eave. \u00ab\u00a0Une nouvelle mani\u00e8re d&rsquo;envisager la relation au cheval et \u00e0 nous-m\u00eames. Une \u00e9cologie de l \u00eatre en accord avec l&rsquo;environnement et &hellip; <a href=\"https:\/\/flokardinal.org\/?page_id=8185\" class=\"more-link\">Continuer la lecture de <span class=\"screen-reader-text\">Le Cheval et Le R\u00eave@<\/span>  <span class=\"meta-nav\">&rarr;<\/span><\/a><\/p>\n","protected":false},"author":1,"featured_media":8187,"parent":7001,"menu_order":11,"comment_status":"closed","ping_status":"closed","template":"","meta":{"footnotes":""},"class_list":["post-8185","page","type-page","status-publish","has-post-thumbnail","hentry"],"yoast_head":"<!-- This site is optimized with the Yoast SEO plugin v27.3 - https:\/\/yoast.com\/product\/yoast-seo-wordpress\/ -->\n<title>Le Cheval et Le R\u00eave@ - Les danses de la chamane<\/title>\n<meta name=\"robots\" content=\"index, follow, max-snippet:-1, max-image-preview:large, max-video-preview:-1\" \/>\n<link rel=\"canonical\" href=\"http:\/\/flokardinal.org\/?page_id=8185\" \/>\n<meta property=\"og:locale\" content=\"fr_FR\" \/>\n<meta property=\"og:type\" content=\"article\" \/>\n<meta property=\"og:title\" content=\"Le Cheval et Le R\u00eave@ - Les danses de la chamane\" \/>\n<meta property=\"og:description\" content=\"SAMEDI 23 OCTOBRE 2021 de 13h \u00e0 17h Atelier-rencontre propos\u00e9 par Flo Kardinal (Cie Tir group\u00e9) au domaine du Clos de l&rsquo;Oume avec Ludivine de l&rsquo;Oume autour de la relation homme cheval et r\u00eave. \u00ab\u00a0Une nouvelle mani\u00e8re d&rsquo;envisager la relation au cheval et \u00e0 nous-m\u00eames. Une \u00e9cologie de l \u00eatre en accord avec l&rsquo;environnement et &hellip; Continuer la lecture de Le Cheval et Le R\u00eave@ &rarr;\" \/>\n<meta property=\"og:url\" content=\"http:\/\/flokardinal.org\/?page_id=8185\" \/>\n<meta property=\"og:site_name\" content=\"Les danses de la chamane\" \/>\n<meta property=\"article:modified_time\" content=\"2022-12-29T18:13:00+00:00\" \/>\n<meta property=\"og:image\" content=\"http:\/\/flokardinal.org\/wp-content\/uploads\/2021\/09\/majestic-mustang-46-amylyn-bihrle.jpg\" \/>\n\t<meta property=\"og:image:width\" content=\"300\" \/>\n\t<meta property=\"og:image:height\" content=\"300\" \/>\n\t<meta property=\"og:image:type\" content=\"image\/jpeg\" \/>\n<meta name=\"twitter:card\" content=\"summary_large_image\" \/>\n<meta name=\"twitter:site\" content=\"@kardinal93\" \/>\n<meta name=\"twitter:label1\" content=\"Dur\u00e9e de lecture estim\u00e9e\" \/>\n\t<meta name=\"twitter:data1\" content=\"2 minutes\" \/>\n<script type=\"application\/ld+json\" class=\"yoast-schema-graph\">{\"@context\":\"https:\\\/\\\/schema.org\",\"@graph\":[{\"@type\":\"WebPage\",\"@id\":\"http:\\\/\\\/flokardinal.org\\\/?page_id=8185\",\"url\":\"http:\\\/\\\/flokardinal.org\\\/?page_id=8185\",\"name\":\"Le Cheval et Le R\u00eave@ - Les danses de la chamane\",\"isPartOf\":{\"@id\":\"http:\\\/\\\/flokardinal.org\\\/#website\"},\"primaryImageOfPage\":{\"@id\":\"http:\\\/\\\/flokardinal.org\\\/?page_id=8185#primaryimage\"},\"image\":{\"@id\":\"http:\\\/\\\/flokardinal.org\\\/?page_id=8185#primaryimage\"},\"thumbnailUrl\":\"https:\\\/\\\/flokardinal.org\\\/wp-content\\\/uploads\\\/2021\\\/09\\\/majestic-mustang-46-amylyn-bihrle.jpg\",\"datePublished\":\"2021-09-28T14:41:43+00:00\",\"dateModified\":\"2022-12-29T18:13:00+00:00\",\"breadcrumb\":{\"@id\":\"http:\\\/\\\/flokardinal.org\\\/?page_id=8185#breadcrumb\"},\"inLanguage\":\"fr-FR\",\"potentialAction\":[{\"@type\":\"ReadAction\",\"target\":[\"http:\\\/\\\/flokardinal.org\\\/?page_id=8185\"]}]},{\"@type\":\"ImageObject\",\"inLanguage\":\"fr-FR\",\"@id\":\"http:\\\/\\\/flokardinal.org\\\/?page_id=8185#primaryimage\",\"url\":\"https:\\\/\\\/flokardinal.org\\\/wp-content\\\/uploads\\\/2021\\\/09\\\/majestic-mustang-46-amylyn-bihrle.jpg\",\"contentUrl\":\"https:\\\/\\\/flokardinal.org\\\/wp-content\\\/uploads\\\/2021\\\/09\\\/majestic-mustang-46-amylyn-bihrle.jpg\",\"width\":300,\"height\":300},{\"@type\":\"BreadcrumbList\",\"@id\":\"http:\\\/\\\/flokardinal.org\\\/?page_id=8185#breadcrumb\",\"itemListElement\":[{\"@type\":\"ListItem\",\"position\":1,\"name\":\"Accueil\",\"item\":\"http:\\\/\\\/flokardinal.org\\\/\"},{\"@type\":\"ListItem\",\"position\":2,\"name\":\"LA PRATIQUE CORPORELLE :La Secousse Libre\",\"item\":\"http:\\\/\\\/flokardinal.org\\\/?page_id=7001\"},{\"@type\":\"ListItem\",\"position\":3,\"name\":\"Le Cheval et Le R\u00eave@\"}]},{\"@type\":\"WebSite\",\"@id\":\"http:\\\/\\\/flokardinal.org\\\/#website\",\"url\":\"http:\\\/\\\/flokardinal.org\\\/\",\"name\":\"Les danses de la chamane\",\"description\":\"Le corps cr\u00e9ateur gu\u00e9risseur salvateur\",\"potentialAction\":[{\"@type\":\"SearchAction\",\"target\":{\"@type\":\"EntryPoint\",\"urlTemplate\":\"http:\\\/\\\/flokardinal.org\\\/?s={search_term_string}\"},\"query-input\":{\"@type\":\"PropertyValueSpecification\",\"valueRequired\":true,\"valueName\":\"search_term_string\"}}],\"inLanguage\":\"fr-FR\"}]}<\/script>\n<!-- \/ Yoast SEO plugin. -->","yoast_head_json":{"title":"Le Cheval et Le R\u00eave@ - Les danses de la chamane","robots":{"index":"index","follow":"follow","max-snippet":"max-snippet:-1","max-image-preview":"max-image-preview:large","max-video-preview":"max-video-preview:-1"},"canonical":"http:\/\/flokardinal.org\/?page_id=8185","og_locale":"fr_FR","og_type":"article","og_title":"Le Cheval et Le R\u00eave@ - Les danses de la chamane","og_description":"SAMEDI 23 OCTOBRE 2021 de 13h \u00e0 17h Atelier-rencontre propos\u00e9 par Flo Kardinal (Cie Tir group\u00e9) au domaine du Clos de l&rsquo;Oume avec Ludivine de l&rsquo;Oume autour de la relation homme cheval et r\u00eave. \u00ab\u00a0Une nouvelle mani\u00e8re d&rsquo;envisager la relation au cheval et \u00e0 nous-m\u00eames. Une \u00e9cologie de l \u00eatre en accord avec l&rsquo;environnement et &hellip; Continuer la lecture de Le Cheval et Le R\u00eave@ &rarr;","og_url":"http:\/\/flokardinal.org\/?page_id=8185","og_site_name":"Les danses de la chamane","article_modified_time":"2022-12-29T18:13:00+00:00","og_image":[{"width":300,"height":300,"url":"http:\/\/flokardinal.org\/wp-content\/uploads\/2021\/09\/majestic-mustang-46-amylyn-bihrle.jpg","type":"image\/jpeg"}],"twitter_card":"summary_large_image","twitter_site":"@kardinal93","twitter_misc":{"Dur\u00e9e de lecture estim\u00e9e":"2 minutes"},"schema":{"@context":"https:\/\/schema.org","@graph":[{"@type":"WebPage","@id":"http:\/\/flokardinal.org\/?page_id=8185","url":"http:\/\/flokardinal.org\/?page_id=8185","name":"Le Cheval et Le R\u00eave@ - Les danses de la chamane","isPartOf":{"@id":"http:\/\/flokardinal.org\/#website"},"primaryImageOfPage":{"@id":"http:\/\/flokardinal.org\/?page_id=8185#primaryimage"},"image":{"@id":"http:\/\/flokardinal.org\/?page_id=8185#primaryimage"},"thumbnailUrl":"https:\/\/flokardinal.org\/wp-content\/uploads\/2021\/09\/majestic-mustang-46-amylyn-bihrle.jpg","datePublished":"2021-09-28T14:41:43+00:00","dateModified":"2022-12-29T18:13:00+00:00","breadcrumb":{"@id":"http:\/\/flokardinal.org\/?page_id=8185#breadcrumb"},"inLanguage":"fr-FR","potentialAction":[{"@type":"ReadAction","target":["http:\/\/flokardinal.org\/?page_id=8185"]}]},{"@type":"ImageObject","inLanguage":"fr-FR","@id":"http:\/\/flokardinal.org\/?page_id=8185#primaryimage","url":"https:\/\/flokardinal.org\/wp-content\/uploads\/2021\/09\/majestic-mustang-46-amylyn-bihrle.jpg","contentUrl":"https:\/\/flokardinal.org\/wp-content\/uploads\/2021\/09\/majestic-mustang-46-amylyn-bihrle.jpg","width":300,"height":300},{"@type":"BreadcrumbList","@id":"http:\/\/flokardinal.org\/?page_id=8185#breadcrumb","itemListElement":[{"@type":"ListItem","position":1,"name":"Accueil","item":"http:\/\/flokardinal.org\/"},{"@type":"ListItem","position":2,"name":"LA PRATIQUE CORPORELLE :La Secousse Libre","item":"http:\/\/flokardinal.org\/?page_id=7001"},{"@type":"ListItem","position":3,"name":"Le Cheval et Le R\u00eave@"}]},{"@type":"WebSite","@id":"http:\/\/flokardinal.org\/#website","url":"http:\/\/flokardinal.org\/","name":"Les danses de la chamane","description":"Le corps cr\u00e9ateur gu\u00e9risseur salvateur","potentialAction":[{"@type":"SearchAction","target":{"@type":"EntryPoint","urlTemplate":"http:\/\/flokardinal.org\/?s={search_term_string}"},"query-input":{"@type":"PropertyValueSpecification","valueRequired":true,"valueName":"search_term_string"}}],"inLanguage":"fr-FR"}]}},"_links":{"self":[{"href":"https:\/\/flokardinal.org\/index.php?rest_route=\/wp\/v2\/pages\/8185","targetHints":{"allow":["GET"]}}],"collection":[{"href":"https:\/\/flokardinal.org\/index.php?rest_route=\/wp\/v2\/pages"}],"about":[{"href":"https:\/\/flokardinal.org\/index.php?rest_route=\/wp\/v2\/types\/page"}],"author":[{"embeddable":true,"href":"https:\/\/flokardinal.org\/index.php?rest_route=\/wp\/v2\/users\/1"}],"replies":[{"embeddable":true,"href":"https:\/\/flokardinal.org\/index.php?rest_route=%2Fwp%2Fv2%2Fcomments&post=8185"}],"version-history":[{"count":4,"href":"https:\/\/flokardinal.org\/index.php?rest_route=\/wp\/v2\/pages\/8185\/revisions"}],"predecessor-version":[{"id":8197,"href":"https:\/\/flokardinal.org\/index.php?rest_route=\/wp\/v2\/pages\/8185\/revisions\/8197"}],"up":[{"embeddable":true,"href":"https:\/\/flokardinal.org\/index.php?rest_route=\/wp\/v2\/pages\/7001"}],"wp:featuredmedia":[{"embeddable":true,"href":"https:\/\/flokardinal.org\/index.php?rest_route=\/wp\/v2\/media\/8187"}],"wp:attachment":[{"href":"https:\/\/flokardinal.org\/index.php?rest_route=%2Fwp%2Fv2%2Fmedia&parent=8185"}],"curies":[{"name":"wp","href":"https:\/\/api.w.org\/{rel}","templated":true}]}}