{"id":7944,"date":"2021-06-19T20:46:49","date_gmt":"2021-06-19T19:46:49","guid":{"rendered":"http:\/\/flokardinal.org\/wordpress\/?page_id=7944"},"modified":"2022-04-11T18:40:35","modified_gmt":"2022-04-11T17:40:35","slug":"flo-kardinal-parle-du-cursus-les-danses-de-la-chamane","status":"publish","type":"page","link":"https:\/\/flokardinal.org\/?page_id=7944","title":{"rendered":"Flo Kardinal parle du cursus Les Danses de La Chamane"},"content":{"rendered":"\n<p><a href=\"https:\/\/vimeo.com\/448271477\"><strong>https:\/\/vimeo.com\/448271477  <\/strong><\/a><\/p>\n\n\n\n<p>Les Danses de La Chamane un cursus d&rsquo;enseignement Art et Chamanisme @ de la Cie tir Group\u00e9 dirig\u00e9 par Flo Kardinal. Actuellement la nouvelle version vous invite \u00e0 suivre cette enseignement sur une saison de Septembre \u00e0 Mai pour vous initier aux fondamentaux de la pratique et vous permettre d&rsquo;incarner la posture du chamane .<\/p>\n\n\n\n<figure class=\"wp-block-embed-vimeo wp-block-embed is-type-video is-provider-vimeo wp-embed-aspect-16-9 wp-has-aspect-ratio\"><div class=\"wp-block-embed__wrapper\">\n<iframe loading=\"lazy\" title=\"Flo Kardinal Art et Chamanisme@\" src=\"https:\/\/player.vimeo.com\/video\/448271477?dnt=1&amp;app_id=122963\" width=\"474\" height=\"267\" frameborder=\"0\" allow=\"autoplay; fullscreen; picture-in-picture; clipboard-write\"><\/iframe>\n<\/div><\/figure>\n\n\n\n<figure class=\"wp-block-image\"><img loading=\"lazy\" decoding=\"async\" width=\"1024\" height=\"724\" src=\"http:\/\/flokardinal.org\/wordpress\/wp-content\/uploads\/2020\/08\/depliant-verso-copie-1bonne-version-1024x724.jpg\" alt=\"\" class=\"wp-image-6913\" srcset=\"https:\/\/flokardinal.org\/wp-content\/uploads\/2020\/08\/depliant-verso-copie-1bonne-version-1024x724.jpg 1024w, https:\/\/flokardinal.org\/wp-content\/uploads\/2020\/08\/depliant-verso-copie-1bonne-version-300x212.jpg 300w, https:\/\/flokardinal.org\/wp-content\/uploads\/2020\/08\/depliant-verso-copie-1bonne-version-768x543.jpg 768w\" sizes=\"auto, (max-width: 1024px) 100vw, 1024px\" \/><\/figure>\n\n\n\n<p>Les Danses de La Chamane formation Art et Chamanisme@ Cie Tir Group\u00e9 \/Toutes les cr\u00e9ations et diffusions de la Cie tir Group\u00e9 sont d\u00e9pos\u00e9es et prot\u00e9g\u00e9es <\/p>\n\n\n\n<p><\/p>\n","protected":false},"excerpt":{"rendered":"<p>https:\/\/vimeo.com\/448271477 Les Danses de La Chamane un cursus d&rsquo;enseignement Art et Chamanisme @ de la Cie tir Group\u00e9 dirig\u00e9 par Flo Kardinal. Actuellement la nouvelle version vous invite \u00e0 suivre cette enseignement sur une saison de Septembre \u00e0 Mai pour vous initier aux fondamentaux de la pratique et vous permettre d&rsquo;incarner la posture du chamane &hellip; <a href=\"https:\/\/flokardinal.org\/?page_id=7944\" class=\"more-link\">Continuer la lecture de <span class=\"screen-reader-text\">Flo Kardinal parle du cursus Les Danses de La Chamane<\/span>  <span class=\"meta-nav\">&rarr;<\/span><\/a><\/p>\n","protected":false},"author":1,"featured_media":7883,"parent":4468,"menu_order":3,"comment_status":"closed","ping_status":"closed","template":"","meta":{"footnotes":""},"class_list":["post-7944","page","type-page","status-publish","has-post-thumbnail","hentry"],"yoast_head":"<!-- This site is optimized with the Yoast SEO plugin v27.3 - https:\/\/yoast.com\/product\/yoast-seo-wordpress\/ -->\n<title>Flo Kardinal parle du cursus Les Danses de La Chamane - Les danses de la chamane<\/title>\n<meta name=\"robots\" content=\"index, follow, max-snippet:-1, max-image-preview:large, max-video-preview:-1\" \/>\n<link rel=\"canonical\" href=\"http:\/\/flokardinal.org\/?page_id=7944\" \/>\n<meta property=\"og:locale\" content=\"fr_FR\" \/>\n<meta property=\"og:type\" content=\"article\" \/>\n<meta property=\"og:title\" content=\"Flo Kardinal parle du cursus Les Danses de La Chamane - Les danses de la chamane\" \/>\n<meta property=\"og:description\" content=\"https:\/\/vimeo.com\/448271477 Les Danses de La Chamane un cursus d&rsquo;enseignement Art et Chamanisme @ de la Cie tir Group\u00e9 dirig\u00e9 par Flo Kardinal. Actuellement la nouvelle version vous invite \u00e0 suivre cette enseignement sur une saison de Septembre \u00e0 Mai pour vous initier aux fondamentaux de la pratique et vous permettre d&rsquo;incarner la posture du chamane &hellip; Continuer la lecture de Flo Kardinal parle du cursus Les Danses de La Chamane &rarr;\" \/>\n<meta property=\"og:url\" content=\"http:\/\/flokardinal.org\/?page_id=7944\" \/>\n<meta property=\"og:site_name\" content=\"Les danses de la chamane\" \/>\n<meta property=\"article:modified_time\" content=\"2022-04-11T17:40:35+00:00\" \/>\n<meta property=\"og:image\" content=\"http:\/\/flokardinal.org\/wp-content\/uploads\/2021\/05\/IMG-20210502-WA0003.jpg\" \/>\n\t<meta property=\"og:image:width\" content=\"1200\" \/>\n\t<meta property=\"og:image:height\" content=\"1600\" \/>\n\t<meta property=\"og:image:type\" content=\"image\/jpeg\" \/>\n<meta name=\"twitter:card\" content=\"summary_large_image\" \/>\n<meta name=\"twitter:site\" content=\"@kardinal93\" \/>\n<script type=\"application\/ld+json\" class=\"yoast-schema-graph\">{\"@context\":\"https:\\\/\\\/schema.org\",\"@graph\":[{\"@type\":\"WebPage\",\"@id\":\"http:\\\/\\\/flokardinal.org\\\/?page_id=7944\",\"url\":\"http:\\\/\\\/flokardinal.org\\\/?page_id=7944\",\"name\":\"Flo Kardinal parle du cursus Les Danses de La Chamane - Les danses de la chamane\",\"isPartOf\":{\"@id\":\"https:\\\/\\\/flokardinal.org\\\/#website\"},\"primaryImageOfPage\":{\"@id\":\"http:\\\/\\\/flokardinal.org\\\/?page_id=7944#primaryimage\"},\"image\":{\"@id\":\"http:\\\/\\\/flokardinal.org\\\/?page_id=7944#primaryimage\"},\"thumbnailUrl\":\"https:\\\/\\\/flokardinal.org\\\/wp-content\\\/uploads\\\/2021\\\/05\\\/IMG-20210502-WA0003.jpg\",\"datePublished\":\"2021-06-19T19:46:49+00:00\",\"dateModified\":\"2022-04-11T17:40:35+00:00\",\"breadcrumb\":{\"@id\":\"http:\\\/\\\/flokardinal.org\\\/?page_id=7944#breadcrumb\"},\"inLanguage\":\"fr-FR\",\"potentialAction\":[{\"@type\":\"ReadAction\",\"target\":[\"http:\\\/\\\/flokardinal.org\\\/?page_id=7944\"]}]},{\"@type\":\"ImageObject\",\"inLanguage\":\"fr-FR\",\"@id\":\"http:\\\/\\\/flokardinal.org\\\/?page_id=7944#primaryimage\",\"url\":\"https:\\\/\\\/flokardinal.org\\\/wp-content\\\/uploads\\\/2021\\\/05\\\/IMG-20210502-WA0003.jpg\",\"contentUrl\":\"https:\\\/\\\/flokardinal.org\\\/wp-content\\\/uploads\\\/2021\\\/05\\\/IMG-20210502-WA0003.jpg\",\"width\":1200,\"height\":1600},{\"@type\":\"BreadcrumbList\",\"@id\":\"http:\\\/\\\/flokardinal.org\\\/?page_id=7944#breadcrumb\",\"itemListElement\":[{\"@type\":\"ListItem\",\"position\":1,\"name\":\"Accueil\",\"item\":\"https:\\\/\\\/flokardinal.org\\\/\"},{\"@type\":\"ListItem\",\"position\":2,\"name\":\"Le cursus d&rsquo;enseignement Les Danses de La Chamane\u00ae\u2122 : un rituel de Transe-formation et d&rsquo;\u00e9mancipation\",\"item\":\"http:\\\/\\\/flokardinal.org\\\/?page_id=8378\"},{\"@type\":\"ListItem\",\"position\":3,\"name\":\"LES DANSES DE LA CHAMANE @ 2025-2026\",\"item\":\"http:\\\/\\\/flokardinal.org\\\/?page_id=4468\"},{\"@type\":\"ListItem\",\"position\":4,\"name\":\"Flo Kardinal parle du cursus Les Danses de La Chamane\"}]},{\"@type\":\"WebSite\",\"@id\":\"https:\\\/\\\/flokardinal.org\\\/#website\",\"url\":\"https:\\\/\\\/flokardinal.org\\\/\",\"name\":\"Les danses de la chamane\",\"description\":\"Le corps cr\u00e9ateur gu\u00e9risseur salvateur\",\"potentialAction\":[{\"@type\":\"SearchAction\",\"target\":{\"@type\":\"EntryPoint\",\"urlTemplate\":\"https:\\\/\\\/flokardinal.org\\\/?s={search_term_string}\"},\"query-input\":{\"@type\":\"PropertyValueSpecification\",\"valueRequired\":true,\"valueName\":\"search_term_string\"}}],\"inLanguage\":\"fr-FR\"}]}<\/script>\n<!-- \/ Yoast SEO plugin. -->","yoast_head_json":{"title":"Flo Kardinal parle du cursus Les Danses de La Chamane - Les danses de la chamane","robots":{"index":"index","follow":"follow","max-snippet":"max-snippet:-1","max-image-preview":"max-image-preview:large","max-video-preview":"max-video-preview:-1"},"canonical":"http:\/\/flokardinal.org\/?page_id=7944","og_locale":"fr_FR","og_type":"article","og_title":"Flo Kardinal parle du cursus Les Danses de La Chamane - Les danses de la chamane","og_description":"https:\/\/vimeo.com\/448271477 Les Danses de La Chamane un cursus d&rsquo;enseignement Art et Chamanisme @ de la Cie tir Group\u00e9 dirig\u00e9 par Flo Kardinal. Actuellement la nouvelle version vous invite \u00e0 suivre cette enseignement sur une saison de Septembre \u00e0 Mai pour vous initier aux fondamentaux de la pratique et vous permettre d&rsquo;incarner la posture du chamane &hellip; Continuer la lecture de Flo Kardinal parle du cursus Les Danses de La Chamane &rarr;","og_url":"http:\/\/flokardinal.org\/?page_id=7944","og_site_name":"Les danses de la chamane","article_modified_time":"2022-04-11T17:40:35+00:00","og_image":[{"width":1200,"height":1600,"url":"http:\/\/flokardinal.org\/wp-content\/uploads\/2021\/05\/IMG-20210502-WA0003.jpg","type":"image\/jpeg"}],"twitter_card":"summary_large_image","twitter_site":"@kardinal93","schema":{"@context":"https:\/\/schema.org","@graph":[{"@type":"WebPage","@id":"http:\/\/flokardinal.org\/?page_id=7944","url":"http:\/\/flokardinal.org\/?page_id=7944","name":"Flo Kardinal parle du cursus Les Danses de La Chamane - Les danses de la chamane","isPartOf":{"@id":"https:\/\/flokardinal.org\/#website"},"primaryImageOfPage":{"@id":"http:\/\/flokardinal.org\/?page_id=7944#primaryimage"},"image":{"@id":"http:\/\/flokardinal.org\/?page_id=7944#primaryimage"},"thumbnailUrl":"https:\/\/flokardinal.org\/wp-content\/uploads\/2021\/05\/IMG-20210502-WA0003.jpg","datePublished":"2021-06-19T19:46:49+00:00","dateModified":"2022-04-11T17:40:35+00:00","breadcrumb":{"@id":"http:\/\/flokardinal.org\/?page_id=7944#breadcrumb"},"inLanguage":"fr-FR","potentialAction":[{"@type":"ReadAction","target":["http:\/\/flokardinal.org\/?page_id=7944"]}]},{"@type":"ImageObject","inLanguage":"fr-FR","@id":"http:\/\/flokardinal.org\/?page_id=7944#primaryimage","url":"https:\/\/flokardinal.org\/wp-content\/uploads\/2021\/05\/IMG-20210502-WA0003.jpg","contentUrl":"https:\/\/flokardinal.org\/wp-content\/uploads\/2021\/05\/IMG-20210502-WA0003.jpg","width":1200,"height":1600},{"@type":"BreadcrumbList","@id":"http:\/\/flokardinal.org\/?page_id=7944#breadcrumb","itemListElement":[{"@type":"ListItem","position":1,"name":"Accueil","item":"https:\/\/flokardinal.org\/"},{"@type":"ListItem","position":2,"name":"Le cursus d&rsquo;enseignement Les Danses de La Chamane\u00ae\u2122 : un rituel de Transe-formation et d&rsquo;\u00e9mancipation","item":"http:\/\/flokardinal.org\/?page_id=8378"},{"@type":"ListItem","position":3,"name":"LES DANSES DE LA CHAMANE @ 2025-2026","item":"http:\/\/flokardinal.org\/?page_id=4468"},{"@type":"ListItem","position":4,"name":"Flo Kardinal parle du cursus Les Danses de La Chamane"}]},{"@type":"WebSite","@id":"https:\/\/flokardinal.org\/#website","url":"https:\/\/flokardinal.org\/","name":"Les danses de la chamane","description":"Le corps cr\u00e9ateur gu\u00e9risseur salvateur","potentialAction":[{"@type":"SearchAction","target":{"@type":"EntryPoint","urlTemplate":"https:\/\/flokardinal.org\/?s={search_term_string}"},"query-input":{"@type":"PropertyValueSpecification","valueRequired":true,"valueName":"search_term_string"}}],"inLanguage":"fr-FR"}]}},"_links":{"self":[{"href":"https:\/\/flokardinal.org\/index.php?rest_route=\/wp\/v2\/pages\/7944","targetHints":{"allow":["GET"]}}],"collection":[{"href":"https:\/\/flokardinal.org\/index.php?rest_route=\/wp\/v2\/pages"}],"about":[{"href":"https:\/\/flokardinal.org\/index.php?rest_route=\/wp\/v2\/types\/page"}],"author":[{"embeddable":true,"href":"https:\/\/flokardinal.org\/index.php?rest_route=\/wp\/v2\/users\/1"}],"replies":[{"embeddable":true,"href":"https:\/\/flokardinal.org\/index.php?rest_route=%2Fwp%2Fv2%2Fcomments&post=7944"}],"version-history":[{"count":3,"href":"https:\/\/flokardinal.org\/index.php?rest_route=\/wp\/v2\/pages\/7944\/revisions"}],"predecessor-version":[{"id":7947,"href":"https:\/\/flokardinal.org\/index.php?rest_route=\/wp\/v2\/pages\/7944\/revisions\/7947"}],"up":[{"embeddable":true,"href":"https:\/\/flokardinal.org\/index.php?rest_route=\/wp\/v2\/pages\/4468"}],"wp:featuredmedia":[{"embeddable":true,"href":"https:\/\/flokardinal.org\/index.php?rest_route=\/wp\/v2\/media\/7883"}],"wp:attachment":[{"href":"https:\/\/flokardinal.org\/index.php?rest_route=%2Fwp%2Fv2%2Fmedia&parent=7944"}],"curies":[{"name":"wp","href":"https:\/\/api.w.org\/{rel}","templated":true}]}}