{"id":7874,"date":"2021-05-09T17:45:08","date_gmt":"2021-05-09T16:45:08","guid":{"rendered":"http:\/\/flokardinal.org\/wordpress\/?page_id=7874"},"modified":"2025-06-14T09:15:56","modified_gmt":"2025-06-14T08:15:56","slug":"linternat-cycle-3-du-cursus-de-la-formation-les-danses-de-la-chamane","status":"publish","type":"page","link":"https:\/\/flokardinal.org\/?page_id=7874","title":{"rendered":"L&rsquo;internat Cycle 3 du cursus du cursus Les Danses de La Chamane"},"content":{"rendered":"\n<figure class=\"wp-block-image\"><img loading=\"lazy\" decoding=\"async\" width=\"720\" height=\"652\" src=\"http:\/\/flokardinal.org\/wordpress\/wp-content\/uploads\/2021\/05\/183298314_4187273601334605_3811035208061809028_n.jpg\" alt=\"\" class=\"wp-image-7875\" srcset=\"https:\/\/flokardinal.org\/wp-content\/uploads\/2021\/05\/183298314_4187273601334605_3811035208061809028_n.jpg 720w, https:\/\/flokardinal.org\/wp-content\/uploads\/2021\/05\/183298314_4187273601334605_3811035208061809028_n-300x272.jpg 300w\" sizes=\"auto, (max-width: 720px) 100vw, 720px\" \/><figcaption>les praticiens certifi\u00e9s promotion 2021 <\/figcaption><\/figure>\n\n\n\n<p>Apr\u00e8s 2 cycles d&rsquo;\u00e9tude autour de la Roue M\u00e9decine et des grands soins chamaniques et holistiques , de l&rsquo;apprentissage de la m\u00e9thode exclusive Les Danses de La Chamane , de transformations personnelles, de parcours de transes corporelles et de voyages chamaniques , de techniques de transe et du tambour, de rites de passage et de visions cr\u00e9atrices , apr\u00e8s un travail autour de la posture de l&rsquo;accompagnement de l&rsquo;\u00eatre et de l&rsquo;Art de la gu\u00e9rison ,de m\u00e9moires d&rsquo;\u00e9tudes, ils sont pr\u00eat(e)s \u00e0 vous recevoir et \u00e0 vous aider \u00e0 acc\u00e9der aux gu\u00e9risons.<\/p>\n\n\n\n<p>C&rsquo;est toujours un moment \u00e9mouvant quand une promotion finalise son apprentissage et l&rsquo;initiation exigeante . <\/p>\n\n\n\n<p>Gratitude \u00e0 vous qui vous destinez \u00e0 oeuvrer et \u00e0 chamaniser en conscience . <\/p>\n\n\n\n<p>Un petit aper\u00e7u de la travers\u00e9e de ce dernier cycle sous forme de s\u00e9minaire et internat de soins de 5 jours finalisant le cursus en Nature et pr\u00e8s des \u00e9l\u00e9ments ( nous avons accueilli 22 personnes b\u00e9n\u00e9voles ). Enjoy&#8230;<\/p>\n\n\n\n<p>Merci aux praticiens certifi\u00e9s , aux b\u00e9n\u00e9voles et \u00e0 nos Roues M\u00e9decines et alli\u00e9s .Bienvenu \u00e0 tou(te)s dans le royaume chamanique.<\/p>\n\n\n\n<p>Mai 2021\/Flo White Wolf \/Flo kardinal <\/p>\n\n\n\n<figure class=\"wp-block-image\"><img loading=\"lazy\" decoding=\"async\" width=\"1024\" height=\"768\" src=\"http:\/\/flokardinal.org\/wordpress\/wp-content\/uploads\/2021\/05\/20210503_095854-1024x768.jpg\" alt=\"\" class=\"wp-image-7879\" srcset=\"https:\/\/flokardinal.org\/wp-content\/uploads\/2021\/05\/20210503_095854-1024x768.jpg 1024w, https:\/\/flokardinal.org\/wp-content\/uploads\/2021\/05\/20210503_095854-300x225.jpg 300w, https:\/\/flokardinal.org\/wp-content\/uploads\/2021\/05\/20210503_095854-768x576.jpg 768w\" sizes=\"auto, (max-width: 1024px) 100vw, 1024px\" \/><\/figure>\n\n\n\n<figure class=\"wp-block-image is-resized\"><img loading=\"lazy\" decoding=\"async\" src=\"http:\/\/flokardinal.org\/wordpress\/wp-content\/uploads\/2021\/05\/IMG-20210502-WA0003-768x1024.jpg\" alt=\"\" class=\"wp-image-7883\" width=\"384\" height=\"512\" srcset=\"https:\/\/flokardinal.org\/wp-content\/uploads\/2021\/05\/IMG-20210502-WA0003-768x1024.jpg 768w, https:\/\/flokardinal.org\/wp-content\/uploads\/2021\/05\/IMG-20210502-WA0003-225x300.jpg 225w, https:\/\/flokardinal.org\/wp-content\/uploads\/2021\/05\/IMG-20210502-WA0003.jpg 1200w\" sizes=\"auto, (max-width: 384px) 100vw, 384px\" \/><\/figure>\n\n\n\n<figure class=\"wp-block-image is-resized\"><img loading=\"lazy\" decoding=\"async\" src=\"http:\/\/flokardinal.org\/wordpress\/wp-content\/uploads\/2021\/05\/20210502_170908-1024x768.jpg\" alt=\"\" class=\"wp-image-7880\" width=\"384\" height=\"512\"\/><\/figure>\n\n\n\n<figure class=\"wp-block-image\"><img loading=\"lazy\" decoding=\"async\" width=\"1024\" height=\"768\" src=\"http:\/\/flokardinal.org\/wordpress\/wp-content\/uploads\/2021\/05\/IMG-20210502-WA0004-1024x768.jpg\" alt=\"\" class=\"wp-image-7881\" srcset=\"https:\/\/flokardinal.org\/wp-content\/uploads\/2021\/05\/IMG-20210502-WA0004-1024x768.jpg 1024w, https:\/\/flokardinal.org\/wp-content\/uploads\/2021\/05\/IMG-20210502-WA0004-300x225.jpg 300w, https:\/\/flokardinal.org\/wp-content\/uploads\/2021\/05\/IMG-20210502-WA0004-768x576.jpg 768w, https:\/\/flokardinal.org\/wp-content\/uploads\/2021\/05\/IMG-20210502-WA0004.jpg 1600w\" sizes=\"auto, (max-width: 1024px) 100vw, 1024px\" \/><\/figure>\n\n\n\n<figure class=\"wp-block-image is-resized\"><img loading=\"lazy\" decoding=\"async\" src=\"http:\/\/flokardinal.org\/wordpress\/wp-content\/uploads\/2021\/05\/20210502_170921-1024x768.jpg\" alt=\"\" class=\"wp-image-7885\" width=\"384\" height=\"512\"\/><\/figure>\n\n\n\n<div class=\"wp-block-image\"><figure class=\"alignleft is-resized\"><img loading=\"lazy\" decoding=\"async\" src=\"http:\/\/flokardinal.org\/wordpress\/wp-content\/uploads\/2021\/05\/20210504_145516-1024x768.jpg\" alt=\"\" class=\"wp-image-7888\" width=\"192\" height=\"256\"\/><\/figure><\/div>\n\n\n\n<div class=\"wp-block-image\"><figure class=\"alignright is-resized\"><img loading=\"lazy\" decoding=\"async\" src=\"http:\/\/flokardinal.org\/wordpress\/wp-content\/uploads\/2021\/05\/20210504_145345-1024x768.jpg\" alt=\"\" class=\"wp-image-7887\" width=\"192\" height=\"256\"\/><\/figure><\/div>\n\n\n\n<div class=\"wp-block-image\"><figure class=\"aligncenter is-resized\"><img loading=\"lazy\" decoding=\"async\" src=\"http:\/\/flokardinal.org\/wordpress\/wp-content\/uploads\/2021\/05\/184060842_4187274098001222_1371494445738047576_n.jpg\" alt=\"\" class=\"wp-image-7889\" width=\"357\" height=\"274\" srcset=\"https:\/\/flokardinal.org\/wp-content\/uploads\/2021\/05\/184060842_4187274098001222_1371494445738047576_n.jpg 714w, https:\/\/flokardinal.org\/wp-content\/uploads\/2021\/05\/184060842_4187274098001222_1371494445738047576_n-300x230.jpg 300w\" sizes=\"auto, (max-width: 357px) 100vw, 357px\" \/><\/figure><\/div>\n\n\n\n<figure class=\"wp-block-image\"><img loading=\"lazy\" decoding=\"async\" width=\"1024\" height=\"768\" src=\"http:\/\/flokardinal.org\/wordpress\/wp-content\/uploads\/2021\/05\/20210504_172603-1024x768.jpg\" alt=\"\" class=\"wp-image-7891\" srcset=\"https:\/\/flokardinal.org\/wp-content\/uploads\/2021\/05\/20210504_172603-1024x768.jpg 1024w, https:\/\/flokardinal.org\/wp-content\/uploads\/2021\/05\/20210504_172603-300x225.jpg 300w, https:\/\/flokardinal.org\/wp-content\/uploads\/2021\/05\/20210504_172603-768x576.jpg 768w\" sizes=\"auto, (max-width: 1024px) 100vw, 1024px\" \/><\/figure>\n\n\n\n<figure class=\"wp-block-image is-resized\"><img loading=\"lazy\" decoding=\"async\" src=\"http:\/\/flokardinal.org\/wordpress\/wp-content\/uploads\/2021\/05\/20210504_174113-1024x768.jpg\" alt=\"\" class=\"wp-image-7893\" width=\"384\" height=\"512\"\/><\/figure>\n\n\n\n<figure class=\"wp-block-image is-resized\"><img loading=\"lazy\" decoding=\"async\" src=\"http:\/\/flokardinal.org\/wordpress\/wp-content\/uploads\/2021\/05\/IMG_20210430_175554-768x1024.jpg\" alt=\"\" class=\"wp-image-7894\" width=\"384\" height=\"512\" srcset=\"https:\/\/flokardinal.org\/wp-content\/uploads\/2021\/05\/IMG_20210430_175554-768x1024.jpg 768w, https:\/\/flokardinal.org\/wp-content\/uploads\/2021\/05\/IMG_20210430_175554-225x300.jpg 225w\" sizes=\"auto, (max-width: 384px) 100vw, 384px\" \/><\/figure>\n\n\n\n<p>Toutes les cr\u00e9ations de la Cie Tir Group\u00e9 sont d\u00e9pos\u00e9es et prot\u00e9g\u00e9es Les Danses de La Chamane est une technique d\u00e9pos\u00e9e . <\/p>\n\n\n\n<p><\/p>\n","protected":false},"excerpt":{"rendered":"<p>Apr\u00e8s 2 cycles d&rsquo;\u00e9tude autour de la Roue M\u00e9decine et des grands soins chamaniques et holistiques , de l&rsquo;apprentissage de la m\u00e9thode exclusive Les Danses de La Chamane , de transformations personnelles, de parcours de transes corporelles et de voyages chamaniques , de techniques de transe et du tambour, de rites de passage et de &hellip; <a href=\"https:\/\/flokardinal.org\/?page_id=7874\" class=\"more-link\">Continuer la lecture de <span class=\"screen-reader-text\">L&rsquo;internat Cycle 3 du cursus du cursus Les Danses de La Chamane<\/span>  <span class=\"meta-nav\">&rarr;<\/span><\/a><\/p>\n","protected":false},"author":1,"featured_media":7897,"parent":4468,"menu_order":2,"comment_status":"closed","ping_status":"closed","template":"","meta":{"footnotes":""},"class_list":["post-7874","page","type-page","status-publish","has-post-thumbnail","hentry"],"yoast_head":"<!-- This site is optimized with the Yoast SEO plugin v27.3 - https:\/\/yoast.com\/product\/yoast-seo-wordpress\/ -->\n<title>L&#039;internat Cycle 3 du cursus du cursus Les Danses de La Chamane - Les danses de la chamane<\/title>\n<meta name=\"robots\" content=\"index, follow, max-snippet:-1, max-image-preview:large, max-video-preview:-1\" \/>\n<link rel=\"canonical\" href=\"https:\/\/flokardinal.org\/?page_id=7874\" \/>\n<meta property=\"og:locale\" content=\"fr_FR\" \/>\n<meta property=\"og:type\" content=\"article\" \/>\n<meta property=\"og:title\" content=\"L&#039;internat Cycle 3 du cursus du cursus Les Danses de La Chamane - Les danses de la chamane\" \/>\n<meta property=\"og:description\" content=\"Apr\u00e8s 2 cycles d&rsquo;\u00e9tude autour de la Roue M\u00e9decine et des grands soins chamaniques et holistiques , de l&rsquo;apprentissage de la m\u00e9thode exclusive Les Danses de La Chamane , de transformations personnelles, de parcours de transes corporelles et de voyages chamaniques , de techniques de transe et du tambour, de rites de passage et de &hellip; Continuer la lecture de L&rsquo;internat Cycle 3 du cursus du cursus Les Danses de La Chamane &rarr;\" \/>\n<meta property=\"og:url\" content=\"https:\/\/flokardinal.org\/?page_id=7874\" \/>\n<meta property=\"og:site_name\" content=\"Les danses de la chamane\" \/>\n<meta property=\"article:modified_time\" content=\"2025-06-14T08:15:56+00:00\" \/>\n<meta property=\"og:image\" content=\"https:\/\/flokardinal.org\/wp-content\/uploads\/2021\/05\/20210504_172452-1024x768.jpg\" \/>\n\t<meta property=\"og:image:width\" content=\"1024\" \/>\n\t<meta property=\"og:image:height\" content=\"768\" \/>\n\t<meta property=\"og:image:type\" content=\"image\/jpeg\" \/>\n<meta name=\"twitter:card\" content=\"summary_large_image\" \/>\n<meta name=\"twitter:site\" content=\"@kardinal93\" \/>\n<meta name=\"twitter:label1\" content=\"Dur\u00e9e de lecture estim\u00e9e\" \/>\n\t<meta name=\"twitter:data1\" content=\"4 minutes\" \/>\n<script type=\"application\/ld+json\" class=\"yoast-schema-graph\">{\"@context\":\"https:\\\/\\\/schema.org\",\"@graph\":[{\"@type\":\"WebPage\",\"@id\":\"https:\\\/\\\/flokardinal.org\\\/?page_id=7874\",\"url\":\"https:\\\/\\\/flokardinal.org\\\/?page_id=7874\",\"name\":\"L'internat Cycle 3 du cursus du cursus Les Danses de La Chamane - Les danses de la chamane\",\"isPartOf\":{\"@id\":\"https:\\\/\\\/flokardinal.org\\\/#website\"},\"primaryImageOfPage\":{\"@id\":\"https:\\\/\\\/flokardinal.org\\\/?page_id=7874#primaryimage\"},\"image\":{\"@id\":\"https:\\\/\\\/flokardinal.org\\\/?page_id=7874#primaryimage\"},\"thumbnailUrl\":\"https:\\\/\\\/flokardinal.org\\\/wp-content\\\/uploads\\\/2021\\\/05\\\/20210504_172452.jpg\",\"datePublished\":\"2021-05-09T16:45:08+00:00\",\"dateModified\":\"2025-06-14T08:15:56+00:00\",\"breadcrumb\":{\"@id\":\"https:\\\/\\\/flokardinal.org\\\/?page_id=7874#breadcrumb\"},\"inLanguage\":\"fr-FR\",\"potentialAction\":[{\"@type\":\"ReadAction\",\"target\":[\"https:\\\/\\\/flokardinal.org\\\/?page_id=7874\"]}]},{\"@type\":\"ImageObject\",\"inLanguage\":\"fr-FR\",\"@id\":\"https:\\\/\\\/flokardinal.org\\\/?page_id=7874#primaryimage\",\"url\":\"https:\\\/\\\/flokardinal.org\\\/wp-content\\\/uploads\\\/2021\\\/05\\\/20210504_172452.jpg\",\"contentUrl\":\"https:\\\/\\\/flokardinal.org\\\/wp-content\\\/uploads\\\/2021\\\/05\\\/20210504_172452.jpg\",\"width\":4032,\"height\":3024},{\"@type\":\"BreadcrumbList\",\"@id\":\"https:\\\/\\\/flokardinal.org\\\/?page_id=7874#breadcrumb\",\"itemListElement\":[{\"@type\":\"ListItem\",\"position\":1,\"name\":\"Accueil\",\"item\":\"https:\\\/\\\/flokardinal.org\\\/\"},{\"@type\":\"ListItem\",\"position\":2,\"name\":\"Le cursus d&rsquo;enseignement Les Danses de La Chamane\u00ae\u2122 : un rituel de Transe-formation et d&rsquo;\u00e9mancipation\",\"item\":\"http:\\\/\\\/flokardinal.org\\\/?page_id=8378\"},{\"@type\":\"ListItem\",\"position\":3,\"name\":\"LES DANSES DE LA CHAMANE @ 2025-2026\",\"item\":\"https:\\\/\\\/flokardinal.org\\\/?page_id=4468\"},{\"@type\":\"ListItem\",\"position\":4,\"name\":\"L&rsquo;internat Cycle 3 du cursus du cursus Les Danses de La Chamane\"}]},{\"@type\":\"WebSite\",\"@id\":\"https:\\\/\\\/flokardinal.org\\\/#website\",\"url\":\"https:\\\/\\\/flokardinal.org\\\/\",\"name\":\"Les danses de la chamane\",\"description\":\"Le corps cr\u00e9ateur gu\u00e9risseur salvateur\",\"potentialAction\":[{\"@type\":\"SearchAction\",\"target\":{\"@type\":\"EntryPoint\",\"urlTemplate\":\"https:\\\/\\\/flokardinal.org\\\/?s={search_term_string}\"},\"query-input\":{\"@type\":\"PropertyValueSpecification\",\"valueRequired\":true,\"valueName\":\"search_term_string\"}}],\"inLanguage\":\"fr-FR\"}]}<\/script>\n<!-- \/ Yoast SEO plugin. -->","yoast_head_json":{"title":"L'internat Cycle 3 du cursus du cursus Les Danses de La Chamane - Les danses de la chamane","robots":{"index":"index","follow":"follow","max-snippet":"max-snippet:-1","max-image-preview":"max-image-preview:large","max-video-preview":"max-video-preview:-1"},"canonical":"https:\/\/flokardinal.org\/?page_id=7874","og_locale":"fr_FR","og_type":"article","og_title":"L'internat Cycle 3 du cursus du cursus Les Danses de La Chamane - Les danses de la chamane","og_description":"Apr\u00e8s 2 cycles d&rsquo;\u00e9tude autour de la Roue M\u00e9decine et des grands soins chamaniques et holistiques , de l&rsquo;apprentissage de la m\u00e9thode exclusive Les Danses de La Chamane , de transformations personnelles, de parcours de transes corporelles et de voyages chamaniques , de techniques de transe et du tambour, de rites de passage et de &hellip; Continuer la lecture de L&rsquo;internat Cycle 3 du cursus du cursus Les Danses de La Chamane &rarr;","og_url":"https:\/\/flokardinal.org\/?page_id=7874","og_site_name":"Les danses de la chamane","article_modified_time":"2025-06-14T08:15:56+00:00","og_image":[{"width":1024,"height":768,"url":"https:\/\/flokardinal.org\/wp-content\/uploads\/2021\/05\/20210504_172452-1024x768.jpg","type":"image\/jpeg"}],"twitter_card":"summary_large_image","twitter_site":"@kardinal93","twitter_misc":{"Dur\u00e9e de lecture estim\u00e9e":"4 minutes"},"schema":{"@context":"https:\/\/schema.org","@graph":[{"@type":"WebPage","@id":"https:\/\/flokardinal.org\/?page_id=7874","url":"https:\/\/flokardinal.org\/?page_id=7874","name":"L'internat Cycle 3 du cursus du cursus Les Danses de La Chamane - Les danses de la chamane","isPartOf":{"@id":"https:\/\/flokardinal.org\/#website"},"primaryImageOfPage":{"@id":"https:\/\/flokardinal.org\/?page_id=7874#primaryimage"},"image":{"@id":"https:\/\/flokardinal.org\/?page_id=7874#primaryimage"},"thumbnailUrl":"https:\/\/flokardinal.org\/wp-content\/uploads\/2021\/05\/20210504_172452.jpg","datePublished":"2021-05-09T16:45:08+00:00","dateModified":"2025-06-14T08:15:56+00:00","breadcrumb":{"@id":"https:\/\/flokardinal.org\/?page_id=7874#breadcrumb"},"inLanguage":"fr-FR","potentialAction":[{"@type":"ReadAction","target":["https:\/\/flokardinal.org\/?page_id=7874"]}]},{"@type":"ImageObject","inLanguage":"fr-FR","@id":"https:\/\/flokardinal.org\/?page_id=7874#primaryimage","url":"https:\/\/flokardinal.org\/wp-content\/uploads\/2021\/05\/20210504_172452.jpg","contentUrl":"https:\/\/flokardinal.org\/wp-content\/uploads\/2021\/05\/20210504_172452.jpg","width":4032,"height":3024},{"@type":"BreadcrumbList","@id":"https:\/\/flokardinal.org\/?page_id=7874#breadcrumb","itemListElement":[{"@type":"ListItem","position":1,"name":"Accueil","item":"https:\/\/flokardinal.org\/"},{"@type":"ListItem","position":2,"name":"Le cursus d&rsquo;enseignement Les Danses de La Chamane\u00ae\u2122 : un rituel de Transe-formation et d&rsquo;\u00e9mancipation","item":"http:\/\/flokardinal.org\/?page_id=8378"},{"@type":"ListItem","position":3,"name":"LES DANSES DE LA CHAMANE @ 2025-2026","item":"https:\/\/flokardinal.org\/?page_id=4468"},{"@type":"ListItem","position":4,"name":"L&rsquo;internat Cycle 3 du cursus du cursus Les Danses de La Chamane"}]},{"@type":"WebSite","@id":"https:\/\/flokardinal.org\/#website","url":"https:\/\/flokardinal.org\/","name":"Les danses de la chamane","description":"Le corps cr\u00e9ateur gu\u00e9risseur salvateur","potentialAction":[{"@type":"SearchAction","target":{"@type":"EntryPoint","urlTemplate":"https:\/\/flokardinal.org\/?s={search_term_string}"},"query-input":{"@type":"PropertyValueSpecification","valueRequired":true,"valueName":"search_term_string"}}],"inLanguage":"fr-FR"}]}},"_links":{"self":[{"href":"https:\/\/flokardinal.org\/index.php?rest_route=\/wp\/v2\/pages\/7874","targetHints":{"allow":["GET"]}}],"collection":[{"href":"https:\/\/flokardinal.org\/index.php?rest_route=\/wp\/v2\/pages"}],"about":[{"href":"https:\/\/flokardinal.org\/index.php?rest_route=\/wp\/v2\/types\/page"}],"author":[{"embeddable":true,"href":"https:\/\/flokardinal.org\/index.php?rest_route=\/wp\/v2\/users\/1"}],"replies":[{"embeddable":true,"href":"https:\/\/flokardinal.org\/index.php?rest_route=%2Fwp%2Fv2%2Fcomments&post=7874"}],"version-history":[{"count":7,"href":"https:\/\/flokardinal.org\/index.php?rest_route=\/wp\/v2\/pages\/7874\/revisions"}],"predecessor-version":[{"id":8259,"href":"https:\/\/flokardinal.org\/index.php?rest_route=\/wp\/v2\/pages\/7874\/revisions\/8259"}],"up":[{"embeddable":true,"href":"https:\/\/flokardinal.org\/index.php?rest_route=\/wp\/v2\/pages\/4468"}],"wp:featuredmedia":[{"embeddable":true,"href":"https:\/\/flokardinal.org\/index.php?rest_route=\/wp\/v2\/media\/7897"}],"wp:attachment":[{"href":"https:\/\/flokardinal.org\/index.php?rest_route=%2Fwp%2Fv2%2Fmedia&parent=7874"}],"curies":[{"name":"wp","href":"https:\/\/api.w.org\/{rel}","templated":true}]}}