{"id":77,"date":"2015-04-15T19:47:07","date_gmt":"2015-04-15T18:47:07","guid":{"rendered":"http:\/\/flokardinal.org\/wordpress\/?page_id=77"},"modified":"2020-08-19T14:06:03","modified_gmt":"2020-08-19T13:06:03","slug":"autour-de-vegetal","status":"publish","type":"page","link":"https:\/\/flokardinal.org\/?page_id=77","title":{"rendered":"Autour de VEGETAL les projets"},"content":{"rendered":"<p>La <strong>cr\u00e9ation \u00a0VEGETAL Performance<\/strong> est participative dans ses rouages cr\u00e9atifs, ainsi que les interventions propos\u00e9es Autour de VEGETAL\u00a9 .<\/p>\n<p>La proposition Module Immersif \u00a0d&rsquo;Exploration Artistique <strong>\u00a0Autour de VEGETAL\u00a9:<\/strong>C&rsquo;est un laboratoire o\u00f9 la chor\u00e9graphe\u00a0\u00a0fait appel \u00a0\u00e0 l&rsquo;espace du performeur acteur et actif de sa d\u00e9marche , dans le cadre sp\u00e9cifique et \u00e0 l&rsquo;int\u00e9rieur de l&rsquo;univers qu&rsquo;elle met en place<\/p>\n<p>Improvisations sur le MUR DE LIANE\u00a9 par Flo Kardinal<\/p>\n<p><iframe loading=\"lazy\" title=\"AUTOUR DE VEGETAL exp\u00e9rimentation 1\" src=\"https:\/\/player.vimeo.com\/video\/139126971?dnt=1&amp;app_id=122963\" width=\"320\" height=\"240\" frameborder=\"0\" allow=\"autoplay; fullscreen; picture-in-picture; clipboard-write\"><\/iframe><\/p>\n<p>Contact <a href=\"http:\/\/lasecousselibre@gmail.com\">\u00a0lasecousselibre@gmail.com<\/a><\/p>\n<p>projet parainn\u00e9 par Cie TIR GROUP\u00e9<\/p>\n<figure id=\"attachment_433\" aria-describedby=\"caption-attachment-433\" style=\"width: 515px\" class=\"wp-caption alignnone\"><a href=\"http:\/\/flokardinal.org\/wordpress\/wp-content\/uploads\/2015\/04\/Flyer-Autour-de-vegetal-derriere-WEB.jpg\"><img loading=\"lazy\" decoding=\"async\" class=\"size-full wp-image-433\" src=\"http:\/\/flokardinal.org\/wordpress\/wp-content\/uploads\/2015\/04\/Flyer-Autour-de-vegetal-derriere-WEB.jpg\" alt=\"AUTOUR DE VEGETAL Appel \u00e0 Candidature AEA Dos \" width=\"515\" height=\"718\" srcset=\"https:\/\/flokardinal.org\/wp-content\/uploads\/2015\/04\/Flyer-Autour-de-vegetal-derriere-WEB.jpg 515w, https:\/\/flokardinal.org\/wp-content\/uploads\/2015\/04\/Flyer-Autour-de-vegetal-derriere-WEB-215x300.jpg 215w\" sizes=\"auto, (max-width: 515px) 100vw, 515px\" \/><\/a><figcaption id=\"caption-attachment-433\" class=\"wp-caption-text\">AUTOUR DE VEGETAL Appel \u00e0 Candidature AEA Dos<\/figcaption><\/figure>\n<p><strong>LES ESPRITS DE LA FORET \u00a9<\/strong>projet danse\/sons\/vid\u00e9o performances intuitives bas\u00e9es sur la canalisation,adapt\u00e9es \u00e0 l&rsquo;environnement consid\u00e9r\u00e9.<\/p>\n<pre>Tous les projets et cr\u00e9ations de Tir Group\u00e9 et Flo Kardinal sont prot\u00e9g\u00e9s et d\u00e9pos\u00e9s dans leur concepts, contenus, formulations, r\u00e9alisations et productions selon les lois en vigueur en ce domaine.<\/pre>\n<pre><\/pre>\n<p><strong>\u00a0 \u00a0 \u00a0 \u00a0 \u00a0 \u00a0 \u00a0 \u00a0 \u00a0<\/strong><\/p>\n","protected":false},"excerpt":{"rendered":"<p>La cr\u00e9ation \u00a0VEGETAL Performance est participative dans ses rouages cr\u00e9atifs, ainsi que les interventions propos\u00e9es Autour de VEGETAL\u00a9 . La proposition Module Immersif \u00a0d&rsquo;Exploration Artistique \u00a0Autour de VEGETAL\u00a9:C&rsquo;est un laboratoire o\u00f9 la chor\u00e9graphe\u00a0\u00a0fait appel \u00a0\u00e0 l&rsquo;espace du performeur acteur et actif de sa d\u00e9marche , dans le cadre sp\u00e9cifique et \u00e0 l&rsquo;int\u00e9rieur de l&rsquo;univers qu&rsquo;elle &hellip; <a href=\"https:\/\/flokardinal.org\/?page_id=77\" class=\"more-link\">Continuer la lecture de <span class=\"screen-reader-text\">Autour de VEGETAL les projets<\/span>  <span class=\"meta-nav\">&rarr;<\/span><\/a><\/p>\n","protected":false},"author":1,"featured_media":218,"parent":33,"menu_order":2,"comment_status":"open","ping_status":"open","template":"","meta":{"footnotes":""},"class_list":["post-77","page","type-page","status-publish","has-post-thumbnail","hentry"],"yoast_head":"<!-- This site is optimized with the Yoast SEO plugin v27.4 - https:\/\/yoast.com\/product\/yoast-seo-wordpress\/ -->\n<title>Autour de VEGETAL les projets - Les danses de la chamane<\/title>\n<meta name=\"robots\" content=\"index, follow, max-snippet:-1, max-image-preview:large, max-video-preview:-1\" \/>\n<link rel=\"canonical\" href=\"https:\/\/flokardinal.org\/?page_id=77\" \/>\n<meta property=\"og:locale\" content=\"fr_FR\" \/>\n<meta property=\"og:type\" content=\"article\" \/>\n<meta property=\"og:title\" content=\"Autour de VEGETAL les projets - Les danses de la chamane\" \/>\n<meta property=\"og:description\" content=\"La cr\u00e9ation \u00a0VEGETAL Performance est participative dans ses rouages cr\u00e9atifs, ainsi que les interventions propos\u00e9es Autour de VEGETAL\u00a9 . La proposition Module Immersif \u00a0d&rsquo;Exploration Artistique \u00a0Autour de VEGETAL\u00a9:C&rsquo;est un laboratoire o\u00f9 la chor\u00e9graphe\u00a0\u00a0fait appel \u00a0\u00e0 l&rsquo;espace du performeur acteur et actif de sa d\u00e9marche , dans le cadre sp\u00e9cifique et \u00e0 l&rsquo;int\u00e9rieur de l&rsquo;univers qu&rsquo;elle &hellip; Continuer la lecture de Autour de VEGETAL les projets &rarr;\" \/>\n<meta property=\"og:url\" content=\"https:\/\/flokardinal.org\/?page_id=77\" \/>\n<meta property=\"og:site_name\" content=\"Les danses de la chamane\" \/>\n<meta property=\"article:modified_time\" content=\"2020-08-19T13:06:03+00:00\" \/>\n<meta property=\"og:image\" content=\"https:\/\/flokardinal.org\/wp-content\/uploads\/2015\/04\/DSC1101-681x1024.jpg\" \/>\n\t<meta property=\"og:image:width\" content=\"681\" \/>\n\t<meta property=\"og:image:height\" content=\"1024\" \/>\n\t<meta property=\"og:image:type\" content=\"image\/jpeg\" \/>\n<meta name=\"twitter:card\" content=\"summary_large_image\" \/>\n<meta name=\"twitter:site\" content=\"@kardinal93\" \/>\n<meta name=\"twitter:label1\" content=\"Dur\u00e9e de lecture estim\u00e9e\" \/>\n\t<meta name=\"twitter:data1\" content=\"1 minute\" \/>\n<script type=\"application\/ld+json\" class=\"yoast-schema-graph\">{\"@context\":\"https:\\\/\\\/schema.org\",\"@graph\":[{\"@type\":\"WebPage\",\"@id\":\"https:\\\/\\\/flokardinal.org\\\/?page_id=77\",\"url\":\"https:\\\/\\\/flokardinal.org\\\/?page_id=77\",\"name\":\"Autour de VEGETAL les projets - Les danses de la chamane\",\"isPartOf\":{\"@id\":\"https:\\\/\\\/flokardinal.org\\\/#website\"},\"primaryImageOfPage\":{\"@id\":\"https:\\\/\\\/flokardinal.org\\\/?page_id=77#primaryimage\"},\"image\":{\"@id\":\"https:\\\/\\\/flokardinal.org\\\/?page_id=77#primaryimage\"},\"thumbnailUrl\":\"https:\\\/\\\/flokardinal.org\\\/wp-content\\\/uploads\\\/2015\\\/04\\\/DSC1101.jpg\",\"datePublished\":\"2015-04-15T18:47:07+00:00\",\"dateModified\":\"2020-08-19T13:06:03+00:00\",\"breadcrumb\":{\"@id\":\"https:\\\/\\\/flokardinal.org\\\/?page_id=77#breadcrumb\"},\"inLanguage\":\"fr-FR\",\"potentialAction\":[{\"@type\":\"ReadAction\",\"target\":[\"https:\\\/\\\/flokardinal.org\\\/?page_id=77\"]}]},{\"@type\":\"ImageObject\",\"inLanguage\":\"fr-FR\",\"@id\":\"https:\\\/\\\/flokardinal.org\\\/?page_id=77#primaryimage\",\"url\":\"https:\\\/\\\/flokardinal.org\\\/wp-content\\\/uploads\\\/2015\\\/04\\\/DSC1101.jpg\",\"contentUrl\":\"https:\\\/\\\/flokardinal.org\\\/wp-content\\\/uploads\\\/2015\\\/04\\\/DSC1101.jpg\",\"width\":2832,\"height\":4256,\"caption\":\"VEGETAL PERFORMANCE\"},{\"@type\":\"BreadcrumbList\",\"@id\":\"https:\\\/\\\/flokardinal.org\\\/?page_id=77#breadcrumb\",\"itemListElement\":[{\"@type\":\"ListItem\",\"position\":1,\"name\":\"Accueil\",\"item\":\"https:\\\/\\\/flokardinal.org\\\/\"},{\"@type\":\"ListItem\",\"position\":2,\"name\":\"L&rsquo;ACTUALIT\u00e9 CREATIVE DE LA Cie Tir Group\u00e9\",\"item\":\"http:\\\/\\\/flokardinal.org\\\/?page_id=1423\"},{\"@type\":\"ListItem\",\"position\":3,\"name\":\"V\u00e9g\u00e9tal Performance Sous le signe de l&rsquo;exploration\",\"item\":\"https:\\\/\\\/flokardinal.org\\\/?page_id=33\"},{\"@type\":\"ListItem\",\"position\":4,\"name\":\"Autour de VEGETAL les projets\"}]},{\"@type\":\"WebSite\",\"@id\":\"https:\\\/\\\/flokardinal.org\\\/#website\",\"url\":\"https:\\\/\\\/flokardinal.org\\\/\",\"name\":\"Les danses de la chamane\",\"description\":\"Le corps cr\u00e9ateur gu\u00e9risseur salvateur\",\"potentialAction\":[{\"@type\":\"SearchAction\",\"target\":{\"@type\":\"EntryPoint\",\"urlTemplate\":\"https:\\\/\\\/flokardinal.org\\\/?s={search_term_string}\"},\"query-input\":{\"@type\":\"PropertyValueSpecification\",\"valueRequired\":true,\"valueName\":\"search_term_string\"}}],\"inLanguage\":\"fr-FR\"}]}<\/script>\n<!-- \/ Yoast SEO plugin. -->","yoast_head_json":{"title":"Autour de VEGETAL les projets - Les danses de la chamane","robots":{"index":"index","follow":"follow","max-snippet":"max-snippet:-1","max-image-preview":"max-image-preview:large","max-video-preview":"max-video-preview:-1"},"canonical":"https:\/\/flokardinal.org\/?page_id=77","og_locale":"fr_FR","og_type":"article","og_title":"Autour de VEGETAL les projets - Les danses de la chamane","og_description":"La cr\u00e9ation \u00a0VEGETAL Performance est participative dans ses rouages cr\u00e9atifs, ainsi que les interventions propos\u00e9es Autour de VEGETAL\u00a9 . La proposition Module Immersif \u00a0d&rsquo;Exploration Artistique \u00a0Autour de VEGETAL\u00a9:C&rsquo;est un laboratoire o\u00f9 la chor\u00e9graphe\u00a0\u00a0fait appel \u00a0\u00e0 l&rsquo;espace du performeur acteur et actif de sa d\u00e9marche , dans le cadre sp\u00e9cifique et \u00e0 l&rsquo;int\u00e9rieur de l&rsquo;univers qu&rsquo;elle &hellip; Continuer la lecture de Autour de VEGETAL les projets &rarr;","og_url":"https:\/\/flokardinal.org\/?page_id=77","og_site_name":"Les danses de la chamane","article_modified_time":"2020-08-19T13:06:03+00:00","og_image":[{"width":681,"height":1024,"url":"https:\/\/flokardinal.org\/wp-content\/uploads\/2015\/04\/DSC1101-681x1024.jpg","type":"image\/jpeg"}],"twitter_card":"summary_large_image","twitter_site":"@kardinal93","twitter_misc":{"Dur\u00e9e de lecture estim\u00e9e":"1 minute"},"schema":{"@context":"https:\/\/schema.org","@graph":[{"@type":"WebPage","@id":"https:\/\/flokardinal.org\/?page_id=77","url":"https:\/\/flokardinal.org\/?page_id=77","name":"Autour de VEGETAL les projets - Les danses de la chamane","isPartOf":{"@id":"https:\/\/flokardinal.org\/#website"},"primaryImageOfPage":{"@id":"https:\/\/flokardinal.org\/?page_id=77#primaryimage"},"image":{"@id":"https:\/\/flokardinal.org\/?page_id=77#primaryimage"},"thumbnailUrl":"https:\/\/flokardinal.org\/wp-content\/uploads\/2015\/04\/DSC1101.jpg","datePublished":"2015-04-15T18:47:07+00:00","dateModified":"2020-08-19T13:06:03+00:00","breadcrumb":{"@id":"https:\/\/flokardinal.org\/?page_id=77#breadcrumb"},"inLanguage":"fr-FR","potentialAction":[{"@type":"ReadAction","target":["https:\/\/flokardinal.org\/?page_id=77"]}]},{"@type":"ImageObject","inLanguage":"fr-FR","@id":"https:\/\/flokardinal.org\/?page_id=77#primaryimage","url":"https:\/\/flokardinal.org\/wp-content\/uploads\/2015\/04\/DSC1101.jpg","contentUrl":"https:\/\/flokardinal.org\/wp-content\/uploads\/2015\/04\/DSC1101.jpg","width":2832,"height":4256,"caption":"VEGETAL PERFORMANCE"},{"@type":"BreadcrumbList","@id":"https:\/\/flokardinal.org\/?page_id=77#breadcrumb","itemListElement":[{"@type":"ListItem","position":1,"name":"Accueil","item":"https:\/\/flokardinal.org\/"},{"@type":"ListItem","position":2,"name":"L&rsquo;ACTUALIT\u00e9 CREATIVE DE LA Cie Tir Group\u00e9","item":"http:\/\/flokardinal.org\/?page_id=1423"},{"@type":"ListItem","position":3,"name":"V\u00e9g\u00e9tal Performance Sous le signe de l&rsquo;exploration","item":"https:\/\/flokardinal.org\/?page_id=33"},{"@type":"ListItem","position":4,"name":"Autour de VEGETAL les projets"}]},{"@type":"WebSite","@id":"https:\/\/flokardinal.org\/#website","url":"https:\/\/flokardinal.org\/","name":"Les danses de la chamane","description":"Le corps cr\u00e9ateur gu\u00e9risseur salvateur","potentialAction":[{"@type":"SearchAction","target":{"@type":"EntryPoint","urlTemplate":"https:\/\/flokardinal.org\/?s={search_term_string}"},"query-input":{"@type":"PropertyValueSpecification","valueRequired":true,"valueName":"search_term_string"}}],"inLanguage":"fr-FR"}]}},"_links":{"self":[{"href":"https:\/\/flokardinal.org\/index.php?rest_route=\/wp\/v2\/pages\/77","targetHints":{"allow":["GET"]}}],"collection":[{"href":"https:\/\/flokardinal.org\/index.php?rest_route=\/wp\/v2\/pages"}],"about":[{"href":"https:\/\/flokardinal.org\/index.php?rest_route=\/wp\/v2\/types\/page"}],"author":[{"embeddable":true,"href":"https:\/\/flokardinal.org\/index.php?rest_route=\/wp\/v2\/users\/1"}],"replies":[{"embeddable":true,"href":"https:\/\/flokardinal.org\/index.php?rest_route=%2Fwp%2Fv2%2Fcomments&post=77"}],"version-history":[{"count":21,"href":"https:\/\/flokardinal.org\/index.php?rest_route=\/wp\/v2\/pages\/77\/revisions"}],"predecessor-version":[{"id":7412,"href":"https:\/\/flokardinal.org\/index.php?rest_route=\/wp\/v2\/pages\/77\/revisions\/7412"}],"up":[{"embeddable":true,"href":"https:\/\/flokardinal.org\/index.php?rest_route=\/wp\/v2\/pages\/33"}],"wp:featuredmedia":[{"embeddable":true,"href":"https:\/\/flokardinal.org\/index.php?rest_route=\/wp\/v2\/media\/218"}],"wp:attachment":[{"href":"https:\/\/flokardinal.org\/index.php?rest_route=%2Fwp%2Fv2%2Fmedia&parent=77"}],"curies":[{"name":"wp","href":"https:\/\/api.w.org\/{rel}","templated":true}]}}