{"id":7579,"date":"2020-12-23T19:25:39","date_gmt":"2020-12-23T18:25:39","guid":{"rendered":"http:\/\/flokardinal.org\/wordpress\/?page_id=7579"},"modified":"2025-06-14T09:28:59","modified_gmt":"2025-06-14T08:28:59","slug":"lsl-transmission-au-public","status":"publish","type":"page","link":"https:\/\/flokardinal.org\/?page_id=7579","title":{"rendered":"LSL Transmission ET OUTILS SOMATIQUES"},"content":{"rendered":"\n<figure class=\"wp-block-image is-resized\"><img loading=\"lazy\" decoding=\"async\" width=\"734\" height=\"1024\" src=\"http:\/\/flokardinal.org\/wordpress\/wp-content\/uploads\/2021\/03\/Flyer-Transmission-et-outils-somatiques-low-definition-734x1024.jpg\" alt=\"\" class=\"wp-image-7809\" style=\"width:551px;height:768px\" srcset=\"https:\/\/flokardinal.org\/wp-content\/uploads\/2021\/03\/Flyer-Transmission-et-outils-somatiques-low-definition-734x1024.jpg 734w, https:\/\/flokardinal.org\/wp-content\/uploads\/2021\/03\/Flyer-Transmission-et-outils-somatiques-low-definition-215x300.jpg 215w, https:\/\/flokardinal.org\/wp-content\/uploads\/2021\/03\/Flyer-Transmission-et-outils-somatiques-low-definition-768x1071.jpg 768w, https:\/\/flokardinal.org\/wp-content\/uploads\/2021\/03\/Flyer-Transmission-et-outils-somatiques-low-definition.jpg 909w\" sizes=\"auto, (max-width: 734px) 100vw, 734px\" \/><\/figure>\n\n\n\n<figure class=\"wp-block-image\"><img loading=\"lazy\" decoding=\"async\" width=\"960\" height=\"960\" src=\"http:\/\/flokardinal.org\/wordpress\/wp-content\/uploads\/2021\/01\/dc11.jpg\" alt=\"\" class=\"wp-image-7686\" srcset=\"https:\/\/flokardinal.org\/wp-content\/uploads\/2021\/01\/dc11.jpg 960w, https:\/\/flokardinal.org\/wp-content\/uploads\/2021\/01\/dc11-150x150.jpg 150w, https:\/\/flokardinal.org\/wp-content\/uploads\/2021\/01\/dc11-300x300.jpg 300w, https:\/\/flokardinal.org\/wp-content\/uploads\/2021\/01\/dc11-768x768.jpg 768w\" sizes=\"auto, (max-width: 960px) 100vw, 960px\" \/><\/figure>\n\n\n\n<h4 class=\"wp-block-heading\">S\u00e9minaire :<strong> Utilisation des Outils Somatiques et de la Roue  M\u00e9decine pour animer des ateliers public selon la m\u00e9thode LSL<\/strong><\/h4>\n\n\n\n<p>Flo Kardinal enseigne la technique qu&rsquo;elle a cr\u00e9\u00e9 LA Secousse Libre\u00ae\u2122 dont les supports sont la Roue M\u00e9decine et la Transe .Elle ouvre \u00e0 pr\u00e9sent aux professionnels qui transmettent aupr\u00e8s du public et ont une exp\u00e9rience p\u00e9dagogique un espace d&rsquo;application autour de l&rsquo;utilisation de ces outils somatiques sp\u00e9cifiques <\/p>\n\n\n\n<p> Quelque soit votre support artistique : corps, voix, jeu,th\u00e9\u00e2tre, peinture,danse,yoga,&#8230;nous travaillerons autour de votre projet sp\u00e9cifique et des outils propos\u00e9s afin d&rsquo;ouvrir un espace coh\u00e9rent de transmission aupr\u00e8s d&rsquo;un public en ouvrant les perspectives offertes par le support somatique et la voie chamanique.<\/p>\n\n\n\n<p>Un total de 30 heures , des applications autour de la transe,du rituel,de la roue de m\u00e9decine,des explorations personnelles.<\/p>\n\n\n\n<p>Apprendre \u00e0 utiliser d&rsquo;autres outils  pour une approche personnelle en harmonie avec l&rsquo;\u00eatre  le groupe et la Nature , avec la Nature de l&rsquo;\u00eatre.<\/p>\n\n\n\n<p>Danse , transe, voix, musique , rituels d&rsquo;int\u00e9gration des \u00e9l\u00e9ments enseign\u00e9s   : amenez vos tambours, hochets ou maracas Une liste d&rsquo;affaire vous sera envoy\u00e9e<\/p>\n\n\n\n<p>Ce processus est d&rsquo;abord mis en place dans le cadre du collectif , il peut \u00eatre pens\u00e9 en accompagnement individuel sp\u00e9cifique , \u00e9videmment si la personne dispose d&rsquo;un budget li\u00e9 a son projet .<\/p>\n\n\n\n<figure class=\"wp-block-image\"><img loading=\"lazy\" decoding=\"async\" width=\"1024\" height=\"768\" src=\"http:\/\/flokardinal.org\/wordpress\/wp-content\/uploads\/2020\/08\/5-1024x768.jpg\" alt=\"\" class=\"wp-image-6929\" srcset=\"https:\/\/flokardinal.org\/wp-content\/uploads\/2020\/08\/5-1024x768.jpg 1024w, https:\/\/flokardinal.org\/wp-content\/uploads\/2020\/08\/5-300x225.jpg 300w, https:\/\/flokardinal.org\/wp-content\/uploads\/2020\/08\/5-768x576.jpg 768w\" sizes=\"auto, (max-width: 1024px) 100vw, 1024px\" \/><figcaption class=\"wp-element-caption\">Images prises lors du stage Danse rituelle Avec Les Chevaux Juillet 2020 <\/figcaption><\/figure>\n\n\n\n<p class=\"has-black-color has-text-color\"><strong>PUBLIC<\/strong>: \u00e9tudiants de la Formation Les Danses de La Chamane \u00ae\u2122 sous condition d&rsquo;exercer d\u00e9j\u00e0 une activit\u00e9 ouverte au public\/Professionnels de l&rsquo;animation et de la transmission en activit\u00e9 quelque soit votre support cr\u00e9atif ouverts aux techniques somatiques<\/p>\n\n\n\n<p><strong>PERIODE<\/strong> : \u00e0 am\u00e9nager en 2025<\/p>\n\n\n\n<p><strong>LIEU<\/strong> : traditionnellement Faragous en Aveyron mais possibilit\u00e9 de s&rsquo;adapter selon les p\u00e9riodes.<\/p>\n\n\n\n<p>Un espace en pleine nature pour vous connecter au vivant dans les Terres Rouges  ferrugineuses et  magiques du plateau aveyronnais.<\/p>\n\n\n\n<figure class=\"wp-block-image\"><img loading=\"lazy\" decoding=\"async\" width=\"1024\" height=\"768\" src=\"http:\/\/flokardinal.org\/wordpress\/wp-content\/uploads\/2019\/04\/20161228_162300-1024x768.jpg\" alt=\"\" class=\"wp-image-4619\" srcset=\"https:\/\/flokardinal.org\/wp-content\/uploads\/2019\/04\/20161228_162300-1024x768.jpg 1024w, https:\/\/flokardinal.org\/wp-content\/uploads\/2019\/04\/20161228_162300-300x225.jpg 300w, https:\/\/flokardinal.org\/wp-content\/uploads\/2019\/04\/20161228_162300-768x576.jpg 768w\" sizes=\"auto, (max-width: 1024px) 100vw, 1024px\" \/><\/figure>\n\n\n\n<p><strong>Le lieu<\/strong> <strong>G\u00eete de Faragous<\/strong>&nbsp;&nbsp;<a href=\"http:\/\/www.faragous.com\/\">www.faragous.com <\/a><\/p>\n\n\n\n<p>Vous b\u00e9n\u00e9ficierai d&rsquo;une salle de danse magnifique et d&rsquo;un g\u00eete am\u00e9nag\u00e9 dans un ancien corps de ferme au coeur d&rsquo;une nature sauvage dans le rougier aveyronnais .<\/p>\n\n\n\n<p> Repas en autonomie, l&rsquo;utilisation de la cuisine est comprise dans votre h\u00e9bergement , veillez \u00e0 vous organisez pour vous munir des denr\u00e9es n\u00e9cessaires: fournisseurs et commerces proches mais n\u00e9cessitant un moyen de locomotion (g\u00e9n\u00e9ralement le groupe s&rsquo;organise&nbsp; entre stagiaires) <\/p>\n\n\n\n<p>Repas v\u00e9g\u00e9tariens ou v\u00e9g\u00e9taliens conseill\u00e9s et une gestion de l&rsquo;alimentation en quantitatif conseill\u00e9e pour le protocole.<\/p>\n\n\n\n<p>Nous rejoindre ville la plus proche Sainte Affrique Bus gare routi\u00e8re jusqu&rsquo;\u00e0 Montlaur .<a href=\"http:\/\/www.faragous.com\/localisation\/\">http:\/\/www.faragous.com\/localisation\/<\/a><\/p>\n\n\n\n<p>Nous mettrons en place un lien covoiturage pour votre groupe.<\/p>\n\n\n\n<p><a href=\"https:\/\/www.faragous.com\/transmission-et-outils-somatiques\">https:\/\/www.faragous.com\/transmission-et-outils-somatiques<\/a><\/p>\n\n\n\n<figure class=\"wp-block-image is-resized\"><img loading=\"lazy\" decoding=\"async\" width=\"768\" height=\"1024\" src=\"http:\/\/flokardinal.org\/wordpress\/wp-content\/uploads\/2019\/04\/20161228_162055-768x1024.jpg\" alt=\"\" class=\"wp-image-4620\" style=\"width:384px;height:512px\" srcset=\"https:\/\/flokardinal.org\/wp-content\/uploads\/2019\/04\/20161228_162055-768x1024.jpg 768w, https:\/\/flokardinal.org\/wp-content\/uploads\/2019\/04\/20161228_162055-225x300.jpg 225w\" sizes=\"auto, (max-width: 768px) 100vw, 768px\" \/><\/figure>\n\n\n\n<p><strong>TARIF  490 euros<\/strong>  inscription par le versement de 100 euros d&rsquo;arrhes  Possibilit\u00e9 de paiement am\u00e9nag\u00e9 .<\/p>\n\n\n\n<p><strong>voici le lien<\/strong>  <br><a href=\"https:\/\/www.weezevent.com\/la-marche-6-cycle-transmission\">https:\/\/www.weezevent.com\/la-marche-6-cycle-transmission<\/a> <\/p>\n\n\n\n<p><strong>Places limit\u00e9es <\/strong><\/p>\n\n\n\n<p>Vous recevrez un carnet de route  afin de pr\u00e9parer votre immersion <\/p>\n\n\n\n<p><strong>Lien CONTACT<a href=\"mailto:lasecousselibre@gmail.com\"> lasecousselibre@gmail.com&nbsp; <\/a><\/strong><\/p>\n\n\n\n<figure class=\"wp-block-image\"><img loading=\"lazy\" decoding=\"async\" width=\"1024\" height=\"768\" src=\"http:\/\/flokardinal.org\/wordpress\/wp-content\/uploads\/2020\/12\/19453006_1697519653621519_8042787416714553293_o-1024x768.jpg\" alt=\"\" class=\"wp-image-7588\" srcset=\"https:\/\/flokardinal.org\/wp-content\/uploads\/2020\/12\/19453006_1697519653621519_8042787416714553293_o-1024x768.jpg 1024w, https:\/\/flokardinal.org\/wp-content\/uploads\/2020\/12\/19453006_1697519653621519_8042787416714553293_o-300x225.jpg 300w, https:\/\/flokardinal.org\/wp-content\/uploads\/2020\/12\/19453006_1697519653621519_8042787416714553293_o-768x576.jpg 768w, https:\/\/flokardinal.org\/wp-content\/uploads\/2020\/12\/19453006_1697519653621519_8042787416714553293_o.jpg 2048w\" sizes=\"auto, (max-width: 1024px) 100vw, 1024px\" \/><\/figure>\n\n\n\n<figure class=\"wp-block-image is-resized\"><img loading=\"lazy\" decoding=\"async\" width=\"734\" height=\"1024\" src=\"http:\/\/flokardinal.org\/wordpress\/wp-content\/uploads\/2021\/03\/Flyer-Transmission-et-outils-somatiques-verso-low-definition-734x1024.jpg\" alt=\"\" class=\"wp-image-7810\" style=\"width:551px;height:768px\" srcset=\"https:\/\/flokardinal.org\/wp-content\/uploads\/2021\/03\/Flyer-Transmission-et-outils-somatiques-verso-low-definition-734x1024.jpg 734w, https:\/\/flokardinal.org\/wp-content\/uploads\/2021\/03\/Flyer-Transmission-et-outils-somatiques-verso-low-definition-215x300.jpg 215w, https:\/\/flokardinal.org\/wp-content\/uploads\/2021\/03\/Flyer-Transmission-et-outils-somatiques-verso-low-definition-768x1071.jpg 768w, https:\/\/flokardinal.org\/wp-content\/uploads\/2021\/03\/Flyer-Transmission-et-outils-somatiques-verso-low-definition.jpg 909w\" sizes=\"auto, (max-width: 734px) 100vw, 734px\" \/><\/figure>\n\n\n\n<pre class=\"wp-block-preformatted\">Dans le cas o\u00f9 la session ne pouvait avoir lieu ( pour des raisons sanitaires \u00e9videntes en cette p\u00e9riode de pand\u00e9mie ou par mesures gouvernementales , il sera proc\u00e9d\u00e9 \u00e0 votre remboursement int\u00e9gral. En g\u00e9n\u00e9ral tout paiement est d\u00fb en totalit\u00e9 et ne sera pas rembours\u00e9 \u00e0 partir du 1er MAI 2021 et\/ou d\u00e9s que la session est commenc\u00e9e. Jusqu'au 1er Mai 2021 un d\u00e9sistement de la part du participant ouvre le remboursement du prix du stage hors les arrhes.<\/pre>\n\n\n\n<figure class=\"wp-block-image\"><img loading=\"lazy\" decoding=\"async\" width=\"567\" height=\"1024\" src=\"http:\/\/flokardinal.org\/wordpress\/wp-content\/uploads\/2019\/05\/IMG_4325-002-567x1024.jpg\" alt=\"\" class=\"wp-image-4777\" srcset=\"https:\/\/flokardinal.org\/wp-content\/uploads\/2019\/05\/IMG_4325-002-567x1024.jpg 567w, https:\/\/flokardinal.org\/wp-content\/uploads\/2019\/05\/IMG_4325-002-166x300.jpg 166w, https:\/\/flokardinal.org\/wp-content\/uploads\/2019\/05\/IMG_4325-002-768x1388.jpg 768w, https:\/\/flokardinal.org\/wp-content\/uploads\/2019\/05\/IMG_4325-002.jpg 1299w\" sizes=\"auto, (max-width: 567px) 100vw, 567px\" \/><figcaption class=\"wp-element-caption\">Exploration en Nature lors des immersifs \u00e0 Faragous<\/figcaption><\/figure>\n\n\n\n<p>Je vous remercie de votre attention et je suis heureuse de perp\u00e9tuer cette aventure en votre compagnie <\/p>\n\n\n\n<figure class=\"wp-block-image\"><a href=\"http:\/\/flokardinal.org\/wordpress\/wp-content\/uploads\/2021\/01\/20210123_120447_06.jpg\"><img loading=\"lazy\" decoding=\"async\" width=\"225\" height=\"300\" src=\"http:\/\/flokardinal.org\/wordpress\/wp-content\/uploads\/2021\/01\/20210123_120447_06-225x300.jpg\" alt=\"\" class=\"wp-image-7656\" srcset=\"https:\/\/flokardinal.org\/wp-content\/uploads\/2021\/01\/20210123_120447_06-225x300.jpg 225w, https:\/\/flokardinal.org\/wp-content\/uploads\/2021\/01\/20210123_120447_06-768x1024.jpg 768w\" sizes=\"auto, (max-width: 225px) 100vw, 225px\" \/><\/a><\/figure>\n\n\n\n<p><strong>Bio de Flo Whote Wolf artiste et gu\u00e9risseuse&nbsp;<\/strong><\/p>\n\n\n\n<p>\u00ab&nbsp;La&nbsp;danse est le cahier d\u2019histoire de ma vie ,elle m\u2019a apport\u00e9e la connaissance de moi-m\u00eame et de mes limites l\u2019\u00e9ternelle volont\u00e9 de conna\u00eetre l\u2019autre au travers de ses cultures et pratiques artistiques. C\u2019est un langage universel qui me ram\u00e8ne toujours \u00e0 l\u2019essentiel qu\u2019est le partage .Je suis &nbsp;moi parce que je danse\u00bb\u00a9F.Kardinal.<\/p>\n\n\n\n<p>Artiste autodidacte, Flo kardinal est issue de la mouvance Hip Hop. Elle y conjugue sa singularit\u00e9, ses \u00e9lans artistiques,son \u00e9criture et le gout prononc\u00e9 des chantiers cr\u00e9atifs collectifs et du m\u00e9tissage des Arts.Ses travaux de recherche et ses voyages la guident sur le chemin de l\u2019exploration qu\u2019elle synth\u00e9tise dans le protocole LA SECOUSSE LIBRE\u00ae\u2122L\u2019artiste axe ses recherches autour de la transe du corps , de la symbolique de la Nature et de la ROUE MEDECINE.<\/p>\n\n\n\n<p>L\u2019artiste n\u2019a de cesse de tisser depuis ses d\u00e9buts des liens entre visible et invisible comme les cordes utilis\u00e9es dans son Art fabriquant ainsi un pont manifest\u00e9 entre les dimensions qui relie la substance intrans\u00e8que de ses cr\u00e9ations \u00bb @Flo Kardinal<\/p>\n\n\n\n<p>Flo Kardinal se produit dans ce qu&rsquo;elle nomme la \u00ab\u00a0Performance ritualis\u00e9e \u00ab\u00a0et fonde la formation Art et Chamanisme@Les Danses de La Chamane &nbsp;\u00ae\u2122 autour de l&rsquo;accompagnement de la personne .<\/p>\n\n\n\n<p><em>Les versants p\u00e9dagogiques sont une cr\u00e9ation de l&rsquo;association Tir Group\u00e9 rattach\u00e9s \u00e0 la formation Les Danses de La Chamane<\/em> \u00ae\u2122<em> et \u00e0 ce titre d\u00e9clar\u00e9s et prot\u00e9g\u00e9s dans leur enti\u00e8ret\u00e9\/Cie Tir Group\u00e9 tous droits r\u00e9serv\u00e9s \/2015<\/em><\/p>\n\n\n\n<figure class=\"wp-block-image\"><img loading=\"lazy\" decoding=\"async\" width=\"1024\" height=\"683\" src=\"http:\/\/flokardinal.org\/wordpress\/wp-content\/uploads\/2018\/06\/IMG_4329-001-1024x683.jpg\" alt=\"\" class=\"wp-image-3167\" srcset=\"https:\/\/flokardinal.org\/wp-content\/uploads\/2018\/06\/IMG_4329-001-1024x683.jpg 1024w, https:\/\/flokardinal.org\/wp-content\/uploads\/2018\/06\/IMG_4329-001-300x200.jpg 300w, https:\/\/flokardinal.org\/wp-content\/uploads\/2018\/06\/IMG_4329-001-768x512.jpg 768w\" sizes=\"auto, (max-width: 1024px) 100vw, 1024px\" \/><figcaption class=\"wp-element-caption\">Les Voix de La Transe@Fll Kardinal\/explorations  en Nature lors d&rsquo;immersifs \u00e0 Faragous<\/figcaption><\/figure>\n","protected":false},"excerpt":{"rendered":"<p>S\u00e9minaire : Utilisation des Outils Somatiques et de la Roue M\u00e9decine pour animer des ateliers public selon la m\u00e9thode LSL Flo Kardinal enseigne la technique qu&rsquo;elle a cr\u00e9\u00e9 LA Secousse Libre\u00ae\u2122 dont les supports sont la Roue M\u00e9decine et la Transe .Elle ouvre \u00e0 pr\u00e9sent aux professionnels qui transmettent aupr\u00e8s du public et ont une &hellip; <a href=\"https:\/\/flokardinal.org\/?page_id=7579\" class=\"more-link\">Continuer la lecture de <span class=\"screen-reader-text\">LSL Transmission ET OUTILS SOMATIQUES<\/span>  <span class=\"meta-nav\">&rarr;<\/span><\/a><\/p>\n","protected":false},"author":1,"featured_media":7605,"parent":8378,"menu_order":5,"comment_status":"closed","ping_status":"closed","template":"","meta":{"footnotes":""},"class_list":["post-7579","page","type-page","status-publish","has-post-thumbnail","hentry"],"yoast_head":"<!-- This site is optimized with the Yoast SEO plugin v27.5 - https:\/\/yoast.com\/product\/yoast-seo-wordpress\/ -->\n<title>LSL Transmission ET OUTILS SOMATIQUES - Les danses de la chamane<\/title>\n<meta name=\"robots\" content=\"index, follow, max-snippet:-1, max-image-preview:large, max-video-preview:-1\" \/>\n<link rel=\"canonical\" href=\"https:\/\/flokardinal.org\/?page_id=7579\" \/>\n<meta property=\"og:locale\" content=\"fr_FR\" \/>\n<meta property=\"og:type\" content=\"article\" \/>\n<meta property=\"og:title\" content=\"LSL Transmission ET OUTILS SOMATIQUES - Les danses de la chamane\" \/>\n<meta property=\"og:description\" content=\"S\u00e9minaire : Utilisation des Outils Somatiques et de la Roue M\u00e9decine pour animer des ateliers public selon la m\u00e9thode LSL Flo Kardinal enseigne la technique qu&rsquo;elle a cr\u00e9\u00e9 LA Secousse Libre\u00ae\u2122 dont les supports sont la Roue M\u00e9decine et la Transe .Elle ouvre \u00e0 pr\u00e9sent aux professionnels qui transmettent aupr\u00e8s du public et ont une &hellip; Continuer la lecture de LSL Transmission ET OUTILS SOMATIQUES &rarr;\" \/>\n<meta property=\"og:url\" content=\"https:\/\/flokardinal.org\/?page_id=7579\" \/>\n<meta property=\"og:site_name\" content=\"Les danses de la chamane\" \/>\n<meta property=\"article:modified_time\" content=\"2025-06-14T08:28:59+00:00\" \/>\n<meta property=\"og:image\" content=\"https:\/\/flokardinal.org\/wp-content\/uploads\/2020\/12\/outils-somatiques.jpg\" \/>\n\t<meta property=\"og:image:width\" content=\"960\" \/>\n\t<meta property=\"og:image:height\" content=\"720\" \/>\n\t<meta property=\"og:image:type\" content=\"image\/jpeg\" \/>\n<meta name=\"twitter:card\" content=\"summary_large_image\" \/>\n<meta name=\"twitter:site\" content=\"@kardinal93\" \/>\n<meta name=\"twitter:label1\" content=\"Dur\u00e9e de lecture estim\u00e9e\" \/>\n\t<meta name=\"twitter:data1\" content=\"6 minutes\" \/>\n<script type=\"application\/ld+json\" class=\"yoast-schema-graph\">{\"@context\":\"https:\\\/\\\/schema.org\",\"@graph\":[{\"@type\":\"WebPage\",\"@id\":\"https:\\\/\\\/flokardinal.org\\\/?page_id=7579\",\"url\":\"https:\\\/\\\/flokardinal.org\\\/?page_id=7579\",\"name\":\"LSL Transmission ET OUTILS SOMATIQUES - Les danses de la chamane\",\"isPartOf\":{\"@id\":\"https:\\\/\\\/flokardinal.org\\\/#website\"},\"primaryImageOfPage\":{\"@id\":\"https:\\\/\\\/flokardinal.org\\\/?page_id=7579#primaryimage\"},\"image\":{\"@id\":\"https:\\\/\\\/flokardinal.org\\\/?page_id=7579#primaryimage\"},\"thumbnailUrl\":\"https:\\\/\\\/flokardinal.org\\\/wp-content\\\/uploads\\\/2020\\\/12\\\/outils-somatiques.jpg\",\"datePublished\":\"2020-12-23T18:25:39+00:00\",\"dateModified\":\"2025-06-14T08:28:59+00:00\",\"breadcrumb\":{\"@id\":\"https:\\\/\\\/flokardinal.org\\\/?page_id=7579#breadcrumb\"},\"inLanguage\":\"fr-FR\",\"potentialAction\":[{\"@type\":\"ReadAction\",\"target\":[\"https:\\\/\\\/flokardinal.org\\\/?page_id=7579\"]}]},{\"@type\":\"ImageObject\",\"inLanguage\":\"fr-FR\",\"@id\":\"https:\\\/\\\/flokardinal.org\\\/?page_id=7579#primaryimage\",\"url\":\"https:\\\/\\\/flokardinal.org\\\/wp-content\\\/uploads\\\/2020\\\/12\\\/outils-somatiques.jpg\",\"contentUrl\":\"https:\\\/\\\/flokardinal.org\\\/wp-content\\\/uploads\\\/2020\\\/12\\\/outils-somatiques.jpg\",\"width\":960,\"height\":720},{\"@type\":\"BreadcrumbList\",\"@id\":\"https:\\\/\\\/flokardinal.org\\\/?page_id=7579#breadcrumb\",\"itemListElement\":[{\"@type\":\"ListItem\",\"position\":1,\"name\":\"Accueil\",\"item\":\"https:\\\/\\\/flokardinal.org\\\/\"},{\"@type\":\"ListItem\",\"position\":2,\"name\":\"Le cursus d&rsquo;enseignement Les Danses de La Chamane\u00ae\u2122 : un rituel de Transe-formation et d&rsquo;\u00e9mancipation\",\"item\":\"https:\\\/\\\/flokardinal.org\\\/?page_id=8378\"},{\"@type\":\"ListItem\",\"position\":3,\"name\":\"LSL Transmission ET OUTILS SOMATIQUES\"}]},{\"@type\":\"WebSite\",\"@id\":\"https:\\\/\\\/flokardinal.org\\\/#website\",\"url\":\"https:\\\/\\\/flokardinal.org\\\/\",\"name\":\"Les danses de la chamane\",\"description\":\"Le corps cr\u00e9ateur gu\u00e9risseur salvateur\",\"potentialAction\":[{\"@type\":\"SearchAction\",\"target\":{\"@type\":\"EntryPoint\",\"urlTemplate\":\"https:\\\/\\\/flokardinal.org\\\/?s={search_term_string}\"},\"query-input\":{\"@type\":\"PropertyValueSpecification\",\"valueRequired\":true,\"valueName\":\"search_term_string\"}}],\"inLanguage\":\"fr-FR\"}]}<\/script>\n<!-- \/ Yoast SEO plugin. -->","yoast_head_json":{"title":"LSL Transmission ET OUTILS SOMATIQUES - Les danses de la chamane","robots":{"index":"index","follow":"follow","max-snippet":"max-snippet:-1","max-image-preview":"max-image-preview:large","max-video-preview":"max-video-preview:-1"},"canonical":"https:\/\/flokardinal.org\/?page_id=7579","og_locale":"fr_FR","og_type":"article","og_title":"LSL Transmission ET OUTILS SOMATIQUES - Les danses de la chamane","og_description":"S\u00e9minaire : Utilisation des Outils Somatiques et de la Roue M\u00e9decine pour animer des ateliers public selon la m\u00e9thode LSL Flo Kardinal enseigne la technique qu&rsquo;elle a cr\u00e9\u00e9 LA Secousse Libre\u00ae\u2122 dont les supports sont la Roue M\u00e9decine et la Transe .Elle ouvre \u00e0 pr\u00e9sent aux professionnels qui transmettent aupr\u00e8s du public et ont une &hellip; Continuer la lecture de LSL Transmission ET OUTILS SOMATIQUES &rarr;","og_url":"https:\/\/flokardinal.org\/?page_id=7579","og_site_name":"Les danses de la chamane","article_modified_time":"2025-06-14T08:28:59+00:00","og_image":[{"width":960,"height":720,"url":"https:\/\/flokardinal.org\/wp-content\/uploads\/2020\/12\/outils-somatiques.jpg","type":"image\/jpeg"}],"twitter_card":"summary_large_image","twitter_site":"@kardinal93","twitter_misc":{"Dur\u00e9e de lecture estim\u00e9e":"6 minutes"},"schema":{"@context":"https:\/\/schema.org","@graph":[{"@type":"WebPage","@id":"https:\/\/flokardinal.org\/?page_id=7579","url":"https:\/\/flokardinal.org\/?page_id=7579","name":"LSL Transmission ET OUTILS SOMATIQUES - Les danses de la chamane","isPartOf":{"@id":"https:\/\/flokardinal.org\/#website"},"primaryImageOfPage":{"@id":"https:\/\/flokardinal.org\/?page_id=7579#primaryimage"},"image":{"@id":"https:\/\/flokardinal.org\/?page_id=7579#primaryimage"},"thumbnailUrl":"https:\/\/flokardinal.org\/wp-content\/uploads\/2020\/12\/outils-somatiques.jpg","datePublished":"2020-12-23T18:25:39+00:00","dateModified":"2025-06-14T08:28:59+00:00","breadcrumb":{"@id":"https:\/\/flokardinal.org\/?page_id=7579#breadcrumb"},"inLanguage":"fr-FR","potentialAction":[{"@type":"ReadAction","target":["https:\/\/flokardinal.org\/?page_id=7579"]}]},{"@type":"ImageObject","inLanguage":"fr-FR","@id":"https:\/\/flokardinal.org\/?page_id=7579#primaryimage","url":"https:\/\/flokardinal.org\/wp-content\/uploads\/2020\/12\/outils-somatiques.jpg","contentUrl":"https:\/\/flokardinal.org\/wp-content\/uploads\/2020\/12\/outils-somatiques.jpg","width":960,"height":720},{"@type":"BreadcrumbList","@id":"https:\/\/flokardinal.org\/?page_id=7579#breadcrumb","itemListElement":[{"@type":"ListItem","position":1,"name":"Accueil","item":"https:\/\/flokardinal.org\/"},{"@type":"ListItem","position":2,"name":"Le cursus d&rsquo;enseignement Les Danses de La Chamane\u00ae\u2122 : un rituel de Transe-formation et d&rsquo;\u00e9mancipation","item":"https:\/\/flokardinal.org\/?page_id=8378"},{"@type":"ListItem","position":3,"name":"LSL Transmission ET OUTILS SOMATIQUES"}]},{"@type":"WebSite","@id":"https:\/\/flokardinal.org\/#website","url":"https:\/\/flokardinal.org\/","name":"Les danses de la chamane","description":"Le corps cr\u00e9ateur gu\u00e9risseur salvateur","potentialAction":[{"@type":"SearchAction","target":{"@type":"EntryPoint","urlTemplate":"https:\/\/flokardinal.org\/?s={search_term_string}"},"query-input":{"@type":"PropertyValueSpecification","valueRequired":true,"valueName":"search_term_string"}}],"inLanguage":"fr-FR"}]}},"_links":{"self":[{"href":"https:\/\/flokardinal.org\/index.php?rest_route=\/wp\/v2\/pages\/7579","targetHints":{"allow":["GET"]}}],"collection":[{"href":"https:\/\/flokardinal.org\/index.php?rest_route=\/wp\/v2\/pages"}],"about":[{"href":"https:\/\/flokardinal.org\/index.php?rest_route=\/wp\/v2\/types\/page"}],"author":[{"embeddable":true,"href":"https:\/\/flokardinal.org\/index.php?rest_route=\/wp\/v2\/users\/1"}],"replies":[{"embeddable":true,"href":"https:\/\/flokardinal.org\/index.php?rest_route=%2Fwp%2Fv2%2Fcomments&post=7579"}],"version-history":[{"count":32,"href":"https:\/\/flokardinal.org\/index.php?rest_route=\/wp\/v2\/pages\/7579\/revisions"}],"predecessor-version":[{"id":9999,"href":"https:\/\/flokardinal.org\/index.php?rest_route=\/wp\/v2\/pages\/7579\/revisions\/9999"}],"up":[{"embeddable":true,"href":"https:\/\/flokardinal.org\/index.php?rest_route=\/wp\/v2\/pages\/8378"}],"wp:featuredmedia":[{"embeddable":true,"href":"https:\/\/flokardinal.org\/index.php?rest_route=\/wp\/v2\/media\/7605"}],"wp:attachment":[{"href":"https:\/\/flokardinal.org\/index.php?rest_route=%2Fwp%2Fv2%2Fmedia&parent=7579"}],"curies":[{"name":"wp","href":"https:\/\/api.w.org\/{rel}","templated":true}]}}