{"id":7518,"date":"2020-09-17T07:08:58","date_gmt":"2020-09-17T06:08:58","guid":{"rendered":"http:\/\/flokardinal.org\/wordpress\/?page_id=7518"},"modified":"2025-06-13T17:26:36","modified_gmt":"2025-06-13T16:26:36","slug":"le-compagnonnage-creatif","status":"publish","type":"page","link":"https:\/\/flokardinal.org\/?page_id=7518","title":{"rendered":"Le Compagnonnage Artistique et cr\u00e9atif"},"content":{"rendered":"\n<p><strong><em>Le compagnonnage artistique et cr\u00e9atif \u00a9<\/em><\/strong> <\/p>\n\n\n\n<p>Le compagnonnage artistique  est un protocole faisant parti du Th\u00e9\u00e2tre de La gu\u00e9rison, processus de mise en situation rituelle s&rsquo;appuyant sous des formes variables de mise en lumi\u00e8re de la situation. Il est issu des fondations cr\u00e9atives de l&rsquo;artiste Flo kardinal  et de sa technique LA SECOUSSE LIBRE  ,d\u00e9di\u00e9es \u00e0 la r\u00e9alisation des visions. Les situations s&rsquo;inspirent des performances ritualis\u00e9es de l&rsquo;artiste<\/p>\n\n\n\n<figure class=\"wp-block-image\"><img loading=\"lazy\" decoding=\"async\" width=\"768\" height=\"1024\" src=\"http:\/\/flokardinal.org\/wordpress\/wp-content\/uploads\/2020\/09\/20200916_092504-2-768x1024.jpg\" alt=\"\" class=\"wp-image-7529\" srcset=\"https:\/\/flokardinal.org\/wp-content\/uploads\/2020\/09\/20200916_092504-2-768x1024.jpg 768w, https:\/\/flokardinal.org\/wp-content\/uploads\/2020\/09\/20200916_092504-2-225x300.jpg 225w\" sizes=\"auto, (max-width: 768px) 100vw, 768px\" \/><\/figure>\n\n\n\n<p>D\u00e9di\u00e9 aux artistes ou \u00e0 chacun d&rsquo;entre vous porteurs et cr\u00e9ateurs d&rsquo;un projet Il s&rsquo;organise autour d&rsquo;un th\u00e9me , d&rsquo;un projet pr\u00e9cis, d&rsquo;un m\u00e9dium particulier La mise en sc\u00e8ne ritualis\u00e9e guid\u00e9e a pour but de vous faire jouer l&rsquo;acte  et favorise ainsi sa r\u00e9solution, ce processus s&rsquo;appuie sur l&rsquo;exp\u00e9rience de Flo Kardinal chor\u00e9graphe, performeuse et praticienne en chamanisme : travail dans la fr\u00e9quence de la conscience modifi\u00e9e autour de l&rsquo;exploration et des nouvelles ouvertures&nbsp; sur le th\u00e8me choisi par l&rsquo;artiste, par le porteur de projet . Il peut \u00eatre am\u00e9nag\u00e9 \u00e0 distance en ligne , en pr\u00e9sentiel :cabinet , ext\u00e9rieur ,hors les murs selon la demande .Il s&rsquo;oriente toujours vers la mise en sc\u00e8ne situationnelle du jeu.<\/p>\n\n\n\n<figure class=\"wp-block-image\"><img loading=\"lazy\" decoding=\"async\" width=\"768\" height=\"1024\" src=\"http:\/\/flokardinal.org\/wordpress\/wp-content\/uploads\/2020\/09\/20200916_091326-2-768x1024.jpg\" alt=\"\" class=\"wp-image-7528\" srcset=\"https:\/\/flokardinal.org\/wp-content\/uploads\/2020\/09\/20200916_091326-2-768x1024.jpg 768w, https:\/\/flokardinal.org\/wp-content\/uploads\/2020\/09\/20200916_091326-2-225x300.jpg 225w\" sizes=\"auto, (max-width: 768px) 100vw, 768px\" \/><\/figure>\n\n\n\n<p>Flo Kardinal  intervient dans le cadre de la Compagnie Tir Group\u00e9  aupr\u00e8s des compagnies, groupes , et institutions ou individus. La Cie Tir Group\u00e9 structure artistique pourra soutenir la mise en oeuvre de l&rsquo;accompagnement : A n\u00e9gocier selon la demande<\/p>\n\n\n\n<p>La formulation d\u00e9pendra de votre demande .<\/p>\n\n\n\n<p>Elle fait partie du Th\u00e9\u00e2tre de la Gu\u00e9rison <\/p>\n\n\n\n<p>Le budget du compagnonnage s&rsquo;\u00e9tablit en rapport au projet et \u00e0 la dur\u00e9e .<\/p>\n\n\n\n<p><strong>CONTACT<\/strong> <a href=\"theatredelaguerison@gmail.com\">theatredelaguerison@gmail.com <\/a><\/p>\n\n\n\n<p><em>Le compagnonnage artistique @ est une cr\u00e9ation de l&rsquo;artiste Flo kardinal , il intervient dans le cadre de la Cie Tir Group\u00e9, il est \u00e0 ce titre prot\u00e9g\u00e9 dans son concept, sa formulation, ses images, ses th\u00e8mes selon les lois en vigueur du droit d&rsquo;auteur et de la propri\u00e9t\u00e9 intellectuelle litt\u00e9raire et artistique\/2018<\/em><\/p>\n","protected":false},"excerpt":{"rendered":"<p>Le compagnonnage artistique et cr\u00e9atif \u00a9 Le compagnonnage artistique est un protocole faisant parti du Th\u00e9\u00e2tre de La gu\u00e9rison, processus de mise en situation rituelle s&rsquo;appuyant sous des formes variables de mise en lumi\u00e8re de la situation. Il est issu des fondations cr\u00e9atives de l&rsquo;artiste Flo kardinal et de sa technique LA SECOUSSE LIBRE ,d\u00e9di\u00e9es &hellip; <a href=\"https:\/\/flokardinal.org\/?page_id=7518\" class=\"more-link\">Continuer la lecture de <span class=\"screen-reader-text\">Le Compagnonnage Artistique et cr\u00e9atif<\/span>  <span class=\"meta-nav\">&rarr;<\/span><\/a><\/p>\n","protected":false},"author":1,"featured_media":7531,"parent":1943,"menu_order":2,"comment_status":"closed","ping_status":"closed","template":"","meta":{"footnotes":""},"class_list":["post-7518","page","type-page","status-publish","has-post-thumbnail","hentry"],"yoast_head":"<!-- This site is optimized with the Yoast SEO plugin v27.4 - https:\/\/yoast.com\/product\/yoast-seo-wordpress\/ -->\n<title>Le Compagnonnage Artistique et cr\u00e9atif - Les danses de la chamane<\/title>\n<meta name=\"robots\" content=\"index, follow, max-snippet:-1, max-image-preview:large, max-video-preview:-1\" \/>\n<link rel=\"canonical\" href=\"https:\/\/flokardinal.org\/?page_id=7518\" \/>\n<meta property=\"og:locale\" content=\"fr_FR\" \/>\n<meta property=\"og:type\" content=\"article\" \/>\n<meta property=\"og:title\" content=\"Le Compagnonnage Artistique et cr\u00e9atif - Les danses de la chamane\" \/>\n<meta property=\"og:description\" content=\"Le compagnonnage artistique et cr\u00e9atif \u00a9 Le compagnonnage artistique est un protocole faisant parti du Th\u00e9\u00e2tre de La gu\u00e9rison, processus de mise en situation rituelle s&rsquo;appuyant sous des formes variables de mise en lumi\u00e8re de la situation. Il est issu des fondations cr\u00e9atives de l&rsquo;artiste Flo kardinal et de sa technique LA SECOUSSE LIBRE ,d\u00e9di\u00e9es &hellip; Continuer la lecture de Le Compagnonnage Artistique et cr\u00e9atif &rarr;\" \/>\n<meta property=\"og:url\" content=\"https:\/\/flokardinal.org\/?page_id=7518\" \/>\n<meta property=\"og:site_name\" content=\"Les danses de la chamane\" \/>\n<meta property=\"article:modified_time\" content=\"2025-06-13T16:26:36+00:00\" \/>\n<meta property=\"og:image\" content=\"https:\/\/flokardinal.org\/wp-content\/uploads\/2020\/09\/Deterrer-mes-secrets-2-768x1024.jpg\" \/>\n\t<meta property=\"og:image:width\" content=\"768\" \/>\n\t<meta property=\"og:image:height\" content=\"1024\" \/>\n\t<meta property=\"og:image:type\" content=\"image\/jpeg\" \/>\n<meta name=\"twitter:card\" content=\"summary_large_image\" \/>\n<meta name=\"twitter:site\" content=\"@kardinal93\" \/>\n<meta name=\"twitter:label1\" content=\"Dur\u00e9e de lecture estim\u00e9e\" \/>\n\t<meta name=\"twitter:data1\" content=\"3 minutes\" \/>\n<script type=\"application\/ld+json\" class=\"yoast-schema-graph\">{\"@context\":\"https:\\\/\\\/schema.org\",\"@graph\":[{\"@type\":\"WebPage\",\"@id\":\"https:\\\/\\\/flokardinal.org\\\/?page_id=7518\",\"url\":\"https:\\\/\\\/flokardinal.org\\\/?page_id=7518\",\"name\":\"Le Compagnonnage Artistique et cr\u00e9atif - Les danses de la chamane\",\"isPartOf\":{\"@id\":\"https:\\\/\\\/flokardinal.org\\\/#website\"},\"primaryImageOfPage\":{\"@id\":\"https:\\\/\\\/flokardinal.org\\\/?page_id=7518#primaryimage\"},\"image\":{\"@id\":\"https:\\\/\\\/flokardinal.org\\\/?page_id=7518#primaryimage\"},\"thumbnailUrl\":\"https:\\\/\\\/flokardinal.org\\\/wp-content\\\/uploads\\\/2020\\\/09\\\/Deterrer-mes-secrets-2.jpg\",\"datePublished\":\"2020-09-17T06:08:58+00:00\",\"dateModified\":\"2025-06-13T16:26:36+00:00\",\"breadcrumb\":{\"@id\":\"https:\\\/\\\/flokardinal.org\\\/?page_id=7518#breadcrumb\"},\"inLanguage\":\"fr-FR\",\"potentialAction\":[{\"@type\":\"ReadAction\",\"target\":[\"https:\\\/\\\/flokardinal.org\\\/?page_id=7518\"]}]},{\"@type\":\"ImageObject\",\"inLanguage\":\"fr-FR\",\"@id\":\"https:\\\/\\\/flokardinal.org\\\/?page_id=7518#primaryimage\",\"url\":\"https:\\\/\\\/flokardinal.org\\\/wp-content\\\/uploads\\\/2020\\\/09\\\/Deterrer-mes-secrets-2.jpg\",\"contentUrl\":\"https:\\\/\\\/flokardinal.org\\\/wp-content\\\/uploads\\\/2020\\\/09\\\/Deterrer-mes-secrets-2.jpg\",\"width\":2736,\"height\":3648},{\"@type\":\"BreadcrumbList\",\"@id\":\"https:\\\/\\\/flokardinal.org\\\/?page_id=7518#breadcrumb\",\"itemListElement\":[{\"@type\":\"ListItem\",\"position\":1,\"name\":\"Accueil\",\"item\":\"https:\\\/\\\/flokardinal.org\\\/\"},{\"@type\":\"ListItem\",\"position\":2,\"name\":\"ART et GUERISON:les S\u00e9ances d&rsquo;Accompagnement de l&rsquo;\u00eatre\",\"item\":\"https:\\\/\\\/flokardinal.org\\\/?page_id=1412\"},{\"@type\":\"ListItem\",\"position\":3,\"name\":\"Le Ressourcement Cr\u00e9atif \u00a9\",\"item\":\"https:\\\/\\\/flokardinal.org\\\/?page_id=1943\"},{\"@type\":\"ListItem\",\"position\":4,\"name\":\"Le Compagnonnage Artistique et cr\u00e9atif\"}]},{\"@type\":\"WebSite\",\"@id\":\"https:\\\/\\\/flokardinal.org\\\/#website\",\"url\":\"https:\\\/\\\/flokardinal.org\\\/\",\"name\":\"Les danses de la chamane\",\"description\":\"Le corps cr\u00e9ateur gu\u00e9risseur salvateur\",\"potentialAction\":[{\"@type\":\"SearchAction\",\"target\":{\"@type\":\"EntryPoint\",\"urlTemplate\":\"https:\\\/\\\/flokardinal.org\\\/?s={search_term_string}\"},\"query-input\":{\"@type\":\"PropertyValueSpecification\",\"valueRequired\":true,\"valueName\":\"search_term_string\"}}],\"inLanguage\":\"fr-FR\"}]}<\/script>\n<!-- \/ Yoast SEO plugin. -->","yoast_head_json":{"title":"Le Compagnonnage Artistique et cr\u00e9atif - Les danses de la chamane","robots":{"index":"index","follow":"follow","max-snippet":"max-snippet:-1","max-image-preview":"max-image-preview:large","max-video-preview":"max-video-preview:-1"},"canonical":"https:\/\/flokardinal.org\/?page_id=7518","og_locale":"fr_FR","og_type":"article","og_title":"Le Compagnonnage Artistique et cr\u00e9atif - Les danses de la chamane","og_description":"Le compagnonnage artistique et cr\u00e9atif \u00a9 Le compagnonnage artistique est un protocole faisant parti du Th\u00e9\u00e2tre de La gu\u00e9rison, processus de mise en situation rituelle s&rsquo;appuyant sous des formes variables de mise en lumi\u00e8re de la situation. Il est issu des fondations cr\u00e9atives de l&rsquo;artiste Flo kardinal et de sa technique LA SECOUSSE LIBRE ,d\u00e9di\u00e9es &hellip; Continuer la lecture de Le Compagnonnage Artistique et cr\u00e9atif &rarr;","og_url":"https:\/\/flokardinal.org\/?page_id=7518","og_site_name":"Les danses de la chamane","article_modified_time":"2025-06-13T16:26:36+00:00","og_image":[{"width":768,"height":1024,"url":"https:\/\/flokardinal.org\/wp-content\/uploads\/2020\/09\/Deterrer-mes-secrets-2-768x1024.jpg","type":"image\/jpeg"}],"twitter_card":"summary_large_image","twitter_site":"@kardinal93","twitter_misc":{"Dur\u00e9e de lecture estim\u00e9e":"3 minutes"},"schema":{"@context":"https:\/\/schema.org","@graph":[{"@type":"WebPage","@id":"https:\/\/flokardinal.org\/?page_id=7518","url":"https:\/\/flokardinal.org\/?page_id=7518","name":"Le Compagnonnage Artistique et cr\u00e9atif - Les danses de la chamane","isPartOf":{"@id":"https:\/\/flokardinal.org\/#website"},"primaryImageOfPage":{"@id":"https:\/\/flokardinal.org\/?page_id=7518#primaryimage"},"image":{"@id":"https:\/\/flokardinal.org\/?page_id=7518#primaryimage"},"thumbnailUrl":"https:\/\/flokardinal.org\/wp-content\/uploads\/2020\/09\/Deterrer-mes-secrets-2.jpg","datePublished":"2020-09-17T06:08:58+00:00","dateModified":"2025-06-13T16:26:36+00:00","breadcrumb":{"@id":"https:\/\/flokardinal.org\/?page_id=7518#breadcrumb"},"inLanguage":"fr-FR","potentialAction":[{"@type":"ReadAction","target":["https:\/\/flokardinal.org\/?page_id=7518"]}]},{"@type":"ImageObject","inLanguage":"fr-FR","@id":"https:\/\/flokardinal.org\/?page_id=7518#primaryimage","url":"https:\/\/flokardinal.org\/wp-content\/uploads\/2020\/09\/Deterrer-mes-secrets-2.jpg","contentUrl":"https:\/\/flokardinal.org\/wp-content\/uploads\/2020\/09\/Deterrer-mes-secrets-2.jpg","width":2736,"height":3648},{"@type":"BreadcrumbList","@id":"https:\/\/flokardinal.org\/?page_id=7518#breadcrumb","itemListElement":[{"@type":"ListItem","position":1,"name":"Accueil","item":"https:\/\/flokardinal.org\/"},{"@type":"ListItem","position":2,"name":"ART et GUERISON:les S\u00e9ances d&rsquo;Accompagnement de l&rsquo;\u00eatre","item":"https:\/\/flokardinal.org\/?page_id=1412"},{"@type":"ListItem","position":3,"name":"Le Ressourcement Cr\u00e9atif \u00a9","item":"https:\/\/flokardinal.org\/?page_id=1943"},{"@type":"ListItem","position":4,"name":"Le Compagnonnage Artistique et cr\u00e9atif"}]},{"@type":"WebSite","@id":"https:\/\/flokardinal.org\/#website","url":"https:\/\/flokardinal.org\/","name":"Les danses de la chamane","description":"Le corps cr\u00e9ateur gu\u00e9risseur salvateur","potentialAction":[{"@type":"SearchAction","target":{"@type":"EntryPoint","urlTemplate":"https:\/\/flokardinal.org\/?s={search_term_string}"},"query-input":{"@type":"PropertyValueSpecification","valueRequired":true,"valueName":"search_term_string"}}],"inLanguage":"fr-FR"}]}},"_links":{"self":[{"href":"https:\/\/flokardinal.org\/index.php?rest_route=\/wp\/v2\/pages\/7518","targetHints":{"allow":["GET"]}}],"collection":[{"href":"https:\/\/flokardinal.org\/index.php?rest_route=\/wp\/v2\/pages"}],"about":[{"href":"https:\/\/flokardinal.org\/index.php?rest_route=\/wp\/v2\/types\/page"}],"author":[{"embeddable":true,"href":"https:\/\/flokardinal.org\/index.php?rest_route=\/wp\/v2\/users\/1"}],"replies":[{"embeddable":true,"href":"https:\/\/flokardinal.org\/index.php?rest_route=%2Fwp%2Fv2%2Fcomments&post=7518"}],"version-history":[{"count":11,"href":"https:\/\/flokardinal.org\/index.php?rest_route=\/wp\/v2\/pages\/7518\/revisions"}],"predecessor-version":[{"id":8201,"href":"https:\/\/flokardinal.org\/index.php?rest_route=\/wp\/v2\/pages\/7518\/revisions\/8201"}],"up":[{"embeddable":true,"href":"https:\/\/flokardinal.org\/index.php?rest_route=\/wp\/v2\/pages\/1943"}],"wp:featuredmedia":[{"embeddable":true,"href":"https:\/\/flokardinal.org\/index.php?rest_route=\/wp\/v2\/media\/7531"}],"wp:attachment":[{"href":"https:\/\/flokardinal.org\/index.php?rest_route=%2Fwp%2Fv2%2Fmedia&parent=7518"}],"curies":[{"name":"wp","href":"https:\/\/api.w.org\/{rel}","templated":true}]}}