{"id":6923,"date":"2020-08-05T19:31:15","date_gmt":"2020-08-05T18:31:15","guid":{"rendered":"http:\/\/flokardinal.org\/wordpress\/?page_id=6923"},"modified":"2025-06-13T16:34:45","modified_gmt":"2025-06-13T15:34:45","slug":"souvenirs-en-image-danse-rituelle-avec-le-cheval","status":"publish","type":"page","link":"https:\/\/flokardinal.org\/?page_id=6923","title":{"rendered":"Souvenirs  en image Danse Rituelle Avec Le Cheval"},"content":{"rendered":"\n<figure class=\"wp-block-image\"><img loading=\"lazy\" decoding=\"async\" width=\"1024\" height=\"768\" src=\"http:\/\/flokardinal.org\/wordpress\/wp-content\/uploads\/2020\/08\/41-1024x768.jpg\" alt=\"\" class=\"wp-image-6971\" srcset=\"https:\/\/flokardinal.org\/wp-content\/uploads\/2020\/08\/41-1024x768.jpg 1024w, https:\/\/flokardinal.org\/wp-content\/uploads\/2020\/08\/41-300x225.jpg 300w, https:\/\/flokardinal.org\/wp-content\/uploads\/2020\/08\/41-768x576.jpg 768w\" sizes=\"auto, (max-width: 1024px) 100vw, 1024px\" \/><\/figure>\n\n\n\n<p>Quelques images t\u00e9moins de la travers\u00e9e de 3 jours entre un groupe de femmes et un troupeau de chevaux au Domaine de Kanthaka avec Flo kardinal Chor\u00e9graphe,praticienne en chamanisme et Claire Morin \u00e9quicoach et accompagnante par la voie du cheval.<\/p>\n\n\n\n<p>Un parcours entre danse,corps,voyages chamaniques,roue de m\u00e9decine,approche du cheval,relation d&rsquo;\u00eatres \u00e0 \u00eatres, et danse m\u00e9decine entre les chevaux et les hommes.<\/p>\n\n\n\n<p>de Merci \u00e0 toutes les participantes, \u00e0 Claire Morin ma partenaire de coeur, \u00e0 Laurent le chef cuisine m\u00e9decine,au troupeau des chevaux magnifiques  de Kanthaka gard\u00e9s par Claire et \u00e0 l&rsquo;Esprit qui nous a guid\u00e9.<\/p>\n\n\n\n<p>Le protocole est reconduit sur 4 jours en Mai 2021 ouvert \u00e0 tous et sous forme de Master Class en Juillet 2021 recommand\u00e9 \u00e0 ceux qui ont d\u00e9j\u00e0 travers\u00e9 le processus , aux sp\u00e9cialistes du langage \u00e9quin et de la communication animale ouverts \u00e0 la performance artistique, aux artistes et circassiens qui d\u00e9sirent ouvrir des espaces de corps contacts et communication dans le cadre d&rsquo;un ballet ritualis\u00e9.<\/p>\n\n\n\n<p>Contact lasecousselibre@gmail.com <\/p>\n\n\n\n<figure class=\"wp-block-embed-vimeo wp-block-embed is-type-video is-provider-vimeo wp-embed-aspect-16-9 wp-has-aspect-ratio\"><div class=\"wp-block-embed__wrapper\">\n<iframe loading=\"lazy\" title=\"Danse Rituelle Avec le Cheval Flo Kardinal Cie Tir Group\u00e9\" src=\"https:\/\/player.vimeo.com\/video\/445036322?dnt=1&amp;app_id=122963\" width=\"474\" height=\"267\" frameborder=\"0\" allow=\"autoplay; fullscreen; picture-in-picture; clipboard-write\"><\/iframe>\n<\/div><\/figure>\n\n\n\n<p>Danse Rituelle Avec le Cheval@ 2020 Tous droits r\u00e9serv\u00e9s Cie Tir Group\u00e9 <\/p>\n","protected":false},"excerpt":{"rendered":"<p>Quelques images t\u00e9moins de la travers\u00e9e de 3 jours entre un groupe de femmes et un troupeau de chevaux au Domaine de Kanthaka avec Flo kardinal Chor\u00e9graphe,praticienne en chamanisme et Claire Morin \u00e9quicoach et accompagnante par la voie du cheval. Un parcours entre danse,corps,voyages chamaniques,roue de m\u00e9decine,approche du cheval,relation d&rsquo;\u00eatres \u00e0 \u00eatres, et danse m\u00e9decine &hellip; <a href=\"https:\/\/flokardinal.org\/?page_id=6923\" class=\"more-link\">Continuer la lecture de <span class=\"screen-reader-text\">Souvenirs  en image Danse Rituelle Avec Le Cheval<\/span>  <span class=\"meta-nav\">&rarr;<\/span><\/a><\/p>\n","protected":false},"author":1,"featured_media":6924,"parent":6335,"menu_order":2,"comment_status":"closed","ping_status":"closed","template":"","meta":{"footnotes":""},"class_list":["post-6923","page","type-page","status-publish","has-post-thumbnail","hentry"],"yoast_head":"<!-- This site is optimized with the Yoast SEO plugin v27.4 - https:\/\/yoast.com\/product\/yoast-seo-wordpress\/ -->\n<title>Souvenirs en image Danse Rituelle Avec Le Cheval - Les danses de la chamane<\/title>\n<meta name=\"robots\" content=\"index, follow, max-snippet:-1, max-image-preview:large, max-video-preview:-1\" \/>\n<link rel=\"canonical\" href=\"https:\/\/flokardinal.org\/?page_id=6923\" \/>\n<meta property=\"og:locale\" content=\"fr_FR\" \/>\n<meta property=\"og:type\" content=\"article\" \/>\n<meta property=\"og:title\" content=\"Souvenirs en image Danse Rituelle Avec Le Cheval - Les danses de la chamane\" \/>\n<meta property=\"og:description\" content=\"Quelques images t\u00e9moins de la travers\u00e9e de 3 jours entre un groupe de femmes et un troupeau de chevaux au Domaine de Kanthaka avec Flo kardinal Chor\u00e9graphe,praticienne en chamanisme et Claire Morin \u00e9quicoach et accompagnante par la voie du cheval. Un parcours entre danse,corps,voyages chamaniques,roue de m\u00e9decine,approche du cheval,relation d&rsquo;\u00eatres \u00e0 \u00eatres, et danse m\u00e9decine &hellip; Continuer la lecture de Souvenirs en image Danse Rituelle Avec Le Cheval &rarr;\" \/>\n<meta property=\"og:url\" content=\"https:\/\/flokardinal.org\/?page_id=6923\" \/>\n<meta property=\"og:site_name\" content=\"Les danses de la chamane\" \/>\n<meta property=\"article:modified_time\" content=\"2025-06-13T15:34:45+00:00\" \/>\n<meta property=\"og:image\" content=\"https:\/\/flokardinal.org\/wp-content\/uploads\/2020\/08\/1-768x1024.jpg\" \/>\n\t<meta property=\"og:image:width\" content=\"768\" \/>\n\t<meta property=\"og:image:height\" content=\"1024\" \/>\n\t<meta property=\"og:image:type\" content=\"image\/jpeg\" \/>\n<meta name=\"twitter:card\" content=\"summary_large_image\" \/>\n<meta name=\"twitter:site\" content=\"@kardinal93\" \/>\n<meta name=\"twitter:label1\" content=\"Dur\u00e9e de lecture estim\u00e9e\" \/>\n\t<meta name=\"twitter:data1\" content=\"2 minutes\" \/>\n<script type=\"application\/ld+json\" class=\"yoast-schema-graph\">{\"@context\":\"https:\\\/\\\/schema.org\",\"@graph\":[{\"@type\":\"WebPage\",\"@id\":\"https:\\\/\\\/flokardinal.org\\\/?page_id=6923\",\"url\":\"https:\\\/\\\/flokardinal.org\\\/?page_id=6923\",\"name\":\"Souvenirs en image Danse Rituelle Avec Le Cheval - Les danses de la chamane\",\"isPartOf\":{\"@id\":\"http:\\\/\\\/flokardinal.org\\\/#website\"},\"primaryImageOfPage\":{\"@id\":\"https:\\\/\\\/flokardinal.org\\\/?page_id=6923#primaryimage\"},\"image\":{\"@id\":\"https:\\\/\\\/flokardinal.org\\\/?page_id=6923#primaryimage\"},\"thumbnailUrl\":\"https:\\\/\\\/flokardinal.org\\\/wp-content\\\/uploads\\\/2020\\\/08\\\/1.jpg\",\"datePublished\":\"2020-08-05T18:31:15+00:00\",\"dateModified\":\"2025-06-13T15:34:45+00:00\",\"breadcrumb\":{\"@id\":\"https:\\\/\\\/flokardinal.org\\\/?page_id=6923#breadcrumb\"},\"inLanguage\":\"fr-FR\",\"potentialAction\":[{\"@type\":\"ReadAction\",\"target\":[\"https:\\\/\\\/flokardinal.org\\\/?page_id=6923\"]}]},{\"@type\":\"ImageObject\",\"inLanguage\":\"fr-FR\",\"@id\":\"https:\\\/\\\/flokardinal.org\\\/?page_id=6923#primaryimage\",\"url\":\"https:\\\/\\\/flokardinal.org\\\/wp-content\\\/uploads\\\/2020\\\/08\\\/1.jpg\",\"contentUrl\":\"https:\\\/\\\/flokardinal.org\\\/wp-content\\\/uploads\\\/2020\\\/08\\\/1.jpg\",\"width\":3000,\"height\":4000},{\"@type\":\"BreadcrumbList\",\"@id\":\"https:\\\/\\\/flokardinal.org\\\/?page_id=6923#breadcrumb\",\"itemListElement\":[{\"@type\":\"ListItem\",\"position\":1,\"name\":\"Accueil\",\"item\":\"http:\\\/\\\/flokardinal.org\\\/\"},{\"@type\":\"ListItem\",\"position\":2,\"name\":\"LA PRATIQUE CORPORELLE :La Secousse Libre\",\"item\":\"https:\\\/\\\/flokardinal.org\\\/?page_id=7001\"},{\"@type\":\"ListItem\",\"position\":3,\"name\":\"Chevaucher La Roue M\u00e9decine \u00a9 Une Danse Rituelle avec le cheval libre\",\"item\":\"https:\\\/\\\/flokardinal.org\\\/?page_id=8421\"},{\"@type\":\"ListItem\",\"position\":4,\"name\":\"DANSE RITUELLE AVEC LE CHEVAL\",\"item\":\"http:\\\/\\\/flokardinal.org\\\/?page_id=6335\"},{\"@type\":\"ListItem\",\"position\":5,\"name\":\"Souvenirs en image Danse Rituelle Avec Le Cheval\"}]},{\"@type\":\"WebSite\",\"@id\":\"http:\\\/\\\/flokardinal.org\\\/#website\",\"url\":\"http:\\\/\\\/flokardinal.org\\\/\",\"name\":\"Les danses de la chamane\",\"description\":\"Le corps cr\u00e9ateur gu\u00e9risseur salvateur\",\"potentialAction\":[{\"@type\":\"SearchAction\",\"target\":{\"@type\":\"EntryPoint\",\"urlTemplate\":\"http:\\\/\\\/flokardinal.org\\\/?s={search_term_string}\"},\"query-input\":{\"@type\":\"PropertyValueSpecification\",\"valueRequired\":true,\"valueName\":\"search_term_string\"}}],\"inLanguage\":\"fr-FR\"}]}<\/script>\n<!-- \/ Yoast SEO plugin. -->","yoast_head_json":{"title":"Souvenirs en image Danse Rituelle Avec Le Cheval - Les danses de la chamane","robots":{"index":"index","follow":"follow","max-snippet":"max-snippet:-1","max-image-preview":"max-image-preview:large","max-video-preview":"max-video-preview:-1"},"canonical":"https:\/\/flokardinal.org\/?page_id=6923","og_locale":"fr_FR","og_type":"article","og_title":"Souvenirs en image Danse Rituelle Avec Le Cheval - Les danses de la chamane","og_description":"Quelques images t\u00e9moins de la travers\u00e9e de 3 jours entre un groupe de femmes et un troupeau de chevaux au Domaine de Kanthaka avec Flo kardinal Chor\u00e9graphe,praticienne en chamanisme et Claire Morin \u00e9quicoach et accompagnante par la voie du cheval. Un parcours entre danse,corps,voyages chamaniques,roue de m\u00e9decine,approche du cheval,relation d&rsquo;\u00eatres \u00e0 \u00eatres, et danse m\u00e9decine &hellip; Continuer la lecture de Souvenirs en image Danse Rituelle Avec Le Cheval &rarr;","og_url":"https:\/\/flokardinal.org\/?page_id=6923","og_site_name":"Les danses de la chamane","article_modified_time":"2025-06-13T15:34:45+00:00","og_image":[{"width":768,"height":1024,"url":"https:\/\/flokardinal.org\/wp-content\/uploads\/2020\/08\/1-768x1024.jpg","type":"image\/jpeg"}],"twitter_card":"summary_large_image","twitter_site":"@kardinal93","twitter_misc":{"Dur\u00e9e de lecture estim\u00e9e":"2 minutes"},"schema":{"@context":"https:\/\/schema.org","@graph":[{"@type":"WebPage","@id":"https:\/\/flokardinal.org\/?page_id=6923","url":"https:\/\/flokardinal.org\/?page_id=6923","name":"Souvenirs en image Danse Rituelle Avec Le Cheval - Les danses de la chamane","isPartOf":{"@id":"http:\/\/flokardinal.org\/#website"},"primaryImageOfPage":{"@id":"https:\/\/flokardinal.org\/?page_id=6923#primaryimage"},"image":{"@id":"https:\/\/flokardinal.org\/?page_id=6923#primaryimage"},"thumbnailUrl":"https:\/\/flokardinal.org\/wp-content\/uploads\/2020\/08\/1.jpg","datePublished":"2020-08-05T18:31:15+00:00","dateModified":"2025-06-13T15:34:45+00:00","breadcrumb":{"@id":"https:\/\/flokardinal.org\/?page_id=6923#breadcrumb"},"inLanguage":"fr-FR","potentialAction":[{"@type":"ReadAction","target":["https:\/\/flokardinal.org\/?page_id=6923"]}]},{"@type":"ImageObject","inLanguage":"fr-FR","@id":"https:\/\/flokardinal.org\/?page_id=6923#primaryimage","url":"https:\/\/flokardinal.org\/wp-content\/uploads\/2020\/08\/1.jpg","contentUrl":"https:\/\/flokardinal.org\/wp-content\/uploads\/2020\/08\/1.jpg","width":3000,"height":4000},{"@type":"BreadcrumbList","@id":"https:\/\/flokardinal.org\/?page_id=6923#breadcrumb","itemListElement":[{"@type":"ListItem","position":1,"name":"Accueil","item":"http:\/\/flokardinal.org\/"},{"@type":"ListItem","position":2,"name":"LA PRATIQUE CORPORELLE :La Secousse Libre","item":"https:\/\/flokardinal.org\/?page_id=7001"},{"@type":"ListItem","position":3,"name":"Chevaucher La Roue M\u00e9decine \u00a9 Une Danse Rituelle avec le cheval libre","item":"https:\/\/flokardinal.org\/?page_id=8421"},{"@type":"ListItem","position":4,"name":"DANSE RITUELLE AVEC LE CHEVAL","item":"http:\/\/flokardinal.org\/?page_id=6335"},{"@type":"ListItem","position":5,"name":"Souvenirs en image Danse Rituelle Avec Le Cheval"}]},{"@type":"WebSite","@id":"http:\/\/flokardinal.org\/#website","url":"http:\/\/flokardinal.org\/","name":"Les danses de la chamane","description":"Le corps cr\u00e9ateur gu\u00e9risseur salvateur","potentialAction":[{"@type":"SearchAction","target":{"@type":"EntryPoint","urlTemplate":"http:\/\/flokardinal.org\/?s={search_term_string}"},"query-input":{"@type":"PropertyValueSpecification","valueRequired":true,"valueName":"search_term_string"}}],"inLanguage":"fr-FR"}]}},"_links":{"self":[{"href":"https:\/\/flokardinal.org\/index.php?rest_route=\/wp\/v2\/pages\/6923","targetHints":{"allow":["GET"]}}],"collection":[{"href":"https:\/\/flokardinal.org\/index.php?rest_route=\/wp\/v2\/pages"}],"about":[{"href":"https:\/\/flokardinal.org\/index.php?rest_route=\/wp\/v2\/types\/page"}],"author":[{"embeddable":true,"href":"https:\/\/flokardinal.org\/index.php?rest_route=\/wp\/v2\/users\/1"}],"replies":[{"embeddable":true,"href":"https:\/\/flokardinal.org\/index.php?rest_route=%2Fwp%2Fv2%2Fcomments&post=6923"}],"version-history":[{"count":5,"href":"https:\/\/flokardinal.org\/index.php?rest_route=\/wp\/v2\/pages\/6923\/revisions"}],"predecessor-version":[{"id":6999,"href":"https:\/\/flokardinal.org\/index.php?rest_route=\/wp\/v2\/pages\/6923\/revisions\/6999"}],"up":[{"embeddable":true,"href":"https:\/\/flokardinal.org\/index.php?rest_route=\/wp\/v2\/pages\/6335"}],"wp:featuredmedia":[{"embeddable":true,"href":"https:\/\/flokardinal.org\/index.php?rest_route=\/wp\/v2\/media\/6924"}],"wp:attachment":[{"href":"https:\/\/flokardinal.org\/index.php?rest_route=%2Fwp%2Fv2%2Fmedia&parent=6923"}],"curies":[{"name":"wp","href":"https:\/\/api.w.org\/{rel}","templated":true}]}}