{"id":6335,"date":"2020-01-26T18:13:11","date_gmt":"2020-01-26T17:13:11","guid":{"rendered":"http:\/\/flokardinal.org\/wordpress\/?page_id=6335"},"modified":"2025-06-13T16:34:03","modified_gmt":"2025-06-13T15:34:03","slug":"danse-rituelle-avec-le-cheval","status":"publish","type":"page","link":"https:\/\/flokardinal.org\/?page_id=6335","title":{"rendered":"DANSE RITUELLE AVEC LE CHEVAL"},"content":{"rendered":"\n<figure class=\"wp-block-image\"><img loading=\"lazy\" decoding=\"async\" src=\"http:\/\/flokardinal.org\/wordpress\/wp-content\/uploads\/2020\/09\/La-danse-rituelle-2-734x1024.jpg\" alt=\"\" class=\"wp-image-7453\" width=\"0\" height=\"0\" srcset=\"https:\/\/flokardinal.org\/wp-content\/uploads\/2020\/09\/La-danse-rituelle-2-734x1024.jpg 734w, https:\/\/flokardinal.org\/wp-content\/uploads\/2020\/09\/La-danse-rituelle-2-215x300.jpg 215w, https:\/\/flokardinal.org\/wp-content\/uploads\/2020\/09\/La-danse-rituelle-2-768x1071.jpg 768w, https:\/\/flokardinal.org\/wp-content\/uploads\/2020\/09\/La-danse-rituelle-2.jpg 1287w\" sizes=\"auto, (max-width: 734px) 100vw, 734px\" \/><\/figure>\n\n\n\n<p>Flo Kardinal et La Cie Tir Group\u00e9 vous proposent un cheminement artistique sur la voie de l&rsquo;\u00eatre .Des Chants natives et une  Danse Rituelle cr\u00e9\u00e9e exclusivement par la chor\u00e9graphe Flo kardinal .Vous rencontrerez votre espace chamanique c&rsquo;est \u00e0 dire une cartographie de l&rsquo;\u00eatre  en relation avec la nature afin d&rsquo;y communiquer en profondeur et subtilit\u00e9 avec l&rsquo;\u00eatre cheval et danser avec lui dans le jeu des dimensions amen\u00e9(e)s en cela et en collaboration avec des gardien(ne)s de troupeaux .<\/p>\n\n\n\n<p>\u00ab\u00a0La Cie Tir Group\u00e9 m\u00e8ne des recherches autour des danses collectives que ce soit dans l&rsquo;espace traditionnel des c\u00e9r\u00e9monies, des performances ,des am\u00e9nagements de lieux, des rituels et traditions ou dans celui  plus m\u00e9connu de la relation directe avec d&rsquo;autres \u00eatres vivants, d&rsquo;autres esp\u00e8ces animales , v\u00e9g\u00e9tales ou min\u00e9rales\u00a0\u00bb &#8230;.Flo kardinal<\/p>\n\n\n\n<figure class=\"wp-block-embed-vimeo wp-block-embed is-type-video is-provider-vimeo wp-embed-aspect-16-9 wp-has-aspect-ratio\"><div class=\"wp-block-embed__wrapper\">\n<iframe loading=\"lazy\" title=\"Danse Rituelle Avec le Cheval Flo Kardinal Cie Tir Group\u00e9\" src=\"https:\/\/player.vimeo.com\/video\/445036322?dnt=1&amp;app_id=122963\" width=\"474\" height=\"267\" frameborder=\"0\" allow=\"autoplay; fullscreen; picture-in-picture; clipboard-write\"><\/iframe>\n<\/div><figcaption>Souvenir de la session de juillet 2020 Diaporama @ <\/figcaption><\/figure>\n\n\n\n<p>Claire Morin nous accueillera dans son domaine avec son beau troupeau de chevaux exp\u00e9riment\u00e9s dans la rencontre et son regard sp\u00e9cifique sur l&rsquo;accompagnement. <strong>&nbsp;<\/strong> <\/p>\n\n\n\n<p>Nous vous pr\u00e9ciserons bient\u00f4t le lieu d&rsquo;h\u00e9bergement et de travail dans\u00e9 et chant\u00e9  autour de la roue de m\u00e9decine.<\/p>\n\n\n\n<p>La rencontre avec les chevaux se fait sur le site de Kanthaka dans le Gard c\u00e9venol.<\/p>\n\n\n\n<p><strong>FLO KARDINAL \/ Flo\nWhite Wolf &nbsp;<\/strong><\/p>\n\n\n\n<p>\u00ab&nbsp;<em>La&nbsp;danse est le cahier d\u2019histoire de ma vie ,elle m\u2019a apport\u00e9e la connaissance de moi-m\u00eame et de mes limites, l\u2019\u00e9ternelle volont\u00e9 de conna\u00eetre l\u2019autre au travers de ses cultures et pratiques artistiques. C\u2019est un langage universel qui me ram\u00e8ne toujours \u00e0 l\u2019essentiel qu\u2019est le partage .Je suis &nbsp;moi parce que je danse<\/em>\u00bb \u00ab&nbsp;<em>Depuis 20 ans j\u2019ai trouv\u00e9 dans la pratique rituelle de la transe la danse organique libre et intuitive qui a transcend\u00e9 mon instinct cr\u00e9ateur et dans ma connexion \u00e0 la Nature j\u2019ai d\u00e9crypt\u00e9 le lien archaique et ancestral qui me reliait aux cycles de l\u2019univers .Depuis que je suis enfant je m&rsquo;inspire de l&rsquo;Esprit des Animaux, de la Symbolique de la Nature et d&rsquo;une&nbsp;\u00ab&nbsp;Roue de M\u00e9decine personnelle et singuli\u00e8re<\/em>&nbsp;\u00bb<em>.Petite fille d&rsquo;une \u00ab\u00a0coupeuse de feu\u00a0\u00bb , j\u2019ai \u00e9t\u00e9 initi\u00e9e tr\u00e8s jeune aux espaces subtils et lorsque j\u2019ai voyag\u00e9 au gr\u00e9e de mes chantiers artistiques je me suis reconnect\u00e9e au Jeu des Dimensions sans savoir que j\u2019allais rencontr\u00e9 mon \u00eatre gu\u00e9risseur\/\u00eatre m\u00e9decine&nbsp;\u00bb. <\/em><\/p>\n\n\n\n<p>Flo kardinal est initi\u00e9e \u00e0 la m\u00e9decine des Native Am\u00e9rindiens .En Afrique\nelle est baptis\u00e9e par les gu\u00e9risseurs maliens&nbsp;.En Mongolie , elle rencontre\nEnkhetuya et traverse une initiation forte en for\u00eat avec ses guides et anc\u00eatres\nCette qu\u00eate de vision impromptue la fera s\u2019engager encore plus profond\u00e9ment\ndans la voie qui est aussi la sienne celle des gu\u00e9risseuses . <\/p>\n\n\n\n<p>L\u2019artiste fonde le cursus d\u2019enseignement de pratique chamanique &nbsp;LES DANSES DE LA CHAMANE \u00ae\u2122( Un concept Art et\nChamanisme\u00a9) , elle y enseigne une m\u00e9thode singuli\u00e8re et sp\u00e9cifique de\n\u00ab&nbsp;cr\u00e9ation de gu\u00e9rison&nbsp;\u00bb .<\/p>\n\n\n\n<p><strong>Chor\u00e9graphies et Performances<\/strong>&nbsp;: Ocre Rouge ,Voodoo Child 2010,Sous Le Masque,V\u00e9g\u00e9tal, Rituel Performance, Tisser Ma Toile, Outremondes.<\/p>\n\n\n\n<figure class=\"wp-block-image\"><img loading=\"lazy\" decoding=\"async\" width=\"1024\" height=\"683\" src=\"http:\/\/flokardinal.org\/wordpress\/wp-content\/uploads\/2020\/01\/13522984_795723850529442_2007706772893885823_o-1024x683.jpg\" alt=\"\" class=\"wp-image-6359\" srcset=\"https:\/\/flokardinal.org\/wp-content\/uploads\/2020\/01\/13522984_795723850529442_2007706772893885823_o-1024x683.jpg 1024w, https:\/\/flokardinal.org\/wp-content\/uploads\/2020\/01\/13522984_795723850529442_2007706772893885823_o-300x200.jpg 300w, https:\/\/flokardinal.org\/wp-content\/uploads\/2020\/01\/13522984_795723850529442_2007706772893885823_o-768x512.jpg 768w, https:\/\/flokardinal.org\/wp-content\/uploads\/2020\/01\/13522984_795723850529442_2007706772893885823_o.jpg 1500w\" sizes=\"auto, (max-width: 1024px) 100vw, 1024px\" \/><\/figure>\n\n\n\n<p class=\"has-small-font-size\">Toutes les cr\u00e9ations de la Cie Tir Group\u00e9 sont d\u00e9pos\u00e9es et prot\u00e9g\u00e9es par les lois en vigueur \/Tous droits r\u00e9serv\u00e9s 2020<\/p>\n\n\n\n<p><em>Danse Rituelle Avec Le Cheval est un processus cr\u00e9\u00e9 par Flo Kardinal \/2019 \/tous droits r\u00e9serv\u00e9s <\/em><\/p>\n\n\n\n<p>Anciennement :<\/p>\n\n\n\n<figure class=\"wp-block-image\"><img loading=\"lazy\" decoding=\"async\" width=\"730\" height=\"1024\" src=\"http:\/\/flokardinal.org\/wordpress\/wp-content\/uploads\/2021\/12\/Danse-sensorielle-mai-2019-copie-730x1024.jpg\" alt=\"\" class=\"wp-image-8243\" srcset=\"https:\/\/flokardinal.org\/wp-content\/uploads\/2021\/12\/Danse-sensorielle-mai-2019-copie-730x1024.jpg 730w, https:\/\/flokardinal.org\/wp-content\/uploads\/2021\/12\/Danse-sensorielle-mai-2019-copie-214x300.jpg 214w, https:\/\/flokardinal.org\/wp-content\/uploads\/2021\/12\/Danse-sensorielle-mai-2019-copie-768x1077.jpg 768w, https:\/\/flokardinal.org\/wp-content\/uploads\/2021\/12\/Danse-sensorielle-mai-2019-copie.jpg 1212w\" sizes=\"auto, (max-width: 730px) 100vw, 730px\" \/><\/figure>\n\n\n\n<p>@Tous les processus de la Cie Tir Group\u00e9 et de Flo Kardinal sont d\u00e9pos\u00e9s et prot\u00e9g\u00e9s par les lois en vigueur \/2020<\/p>\n\n\n","protected":false},"excerpt":{"rendered":"<p>Flo Kardinal et La Cie Tir Group\u00e9 vous proposent un cheminement artistique sur la voie de l&rsquo;\u00eatre .Des Chants natives et une Danse Rituelle cr\u00e9\u00e9e exclusivement par la chor\u00e9graphe Flo kardinal .Vous rencontrerez votre espace chamanique c&rsquo;est \u00e0 dire une cartographie de l&rsquo;\u00eatre en relation avec la nature afin d&rsquo;y communiquer en profondeur et subtilit\u00e9 &hellip; <a href=\"https:\/\/flokardinal.org\/?page_id=6335\" class=\"more-link\">Continuer la lecture de <span class=\"screen-reader-text\">DANSE RITUELLE AVEC LE CHEVAL<\/span>  <span class=\"meta-nav\">&rarr;<\/span><\/a><\/p>\n","protected":false},"author":1,"featured_media":6355,"parent":8421,"menu_order":1,"comment_status":"closed","ping_status":"closed","template":"","meta":{"footnotes":""},"class_list":["post-6335","page","type-page","status-publish","has-post-thumbnail","hentry"],"yoast_head":"<!-- This site is optimized with the Yoast SEO plugin v27.5 - https:\/\/yoast.com\/product\/yoast-seo-wordpress\/ -->\n<title>DANSE RITUELLE AVEC LE CHEVAL - Les danses de la chamane<\/title>\n<meta name=\"robots\" content=\"index, follow, max-snippet:-1, max-image-preview:large, max-video-preview:-1\" \/>\n<link rel=\"canonical\" href=\"http:\/\/flokardinal.org\/?page_id=6335\" \/>\n<meta property=\"og:locale\" content=\"fr_FR\" \/>\n<meta property=\"og:type\" content=\"article\" \/>\n<meta property=\"og:title\" content=\"DANSE RITUELLE AVEC LE CHEVAL - Les danses de la chamane\" \/>\n<meta property=\"og:description\" content=\"Flo Kardinal et La Cie Tir Group\u00e9 vous proposent un cheminement artistique sur la voie de l&rsquo;\u00eatre .Des Chants natives et une Danse Rituelle cr\u00e9\u00e9e exclusivement par la chor\u00e9graphe Flo kardinal .Vous rencontrerez votre espace chamanique c&rsquo;est \u00e0 dire une cartographie de l&rsquo;\u00eatre en relation avec la nature afin d&rsquo;y communiquer en profondeur et subtilit\u00e9 &hellip; Continuer la lecture de DANSE RITUELLE AVEC LE CHEVAL &rarr;\" \/>\n<meta property=\"og:url\" content=\"http:\/\/flokardinal.org\/?page_id=6335\" \/>\n<meta property=\"og:site_name\" content=\"Les danses de la chamane\" \/>\n<meta property=\"article:modified_time\" content=\"2025-06-13T15:34:03+00:00\" \/>\n<meta property=\"og:image\" content=\"http:\/\/flokardinal.org\/wp-content\/uploads\/2020\/01\/2bd9d014ae1e951f6b91552f8098fd48.jpg\" \/>\n\t<meta property=\"og:image:width\" content=\"550\" \/>\n\t<meta property=\"og:image:height\" content=\"435\" \/>\n\t<meta property=\"og:image:type\" content=\"image\/jpeg\" \/>\n<meta name=\"twitter:card\" content=\"summary_large_image\" \/>\n<meta name=\"twitter:site\" content=\"@kardinal93\" \/>\n<meta name=\"twitter:label1\" content=\"Dur\u00e9e de lecture estim\u00e9e\" \/>\n\t<meta name=\"twitter:data1\" content=\"4 minutes\" \/>\n<script type=\"application\/ld+json\" class=\"yoast-schema-graph\">{\"@context\":\"https:\\\/\\\/schema.org\",\"@graph\":[{\"@type\":\"WebPage\",\"@id\":\"http:\\\/\\\/flokardinal.org\\\/?page_id=6335\",\"url\":\"http:\\\/\\\/flokardinal.org\\\/?page_id=6335\",\"name\":\"DANSE RITUELLE AVEC LE CHEVAL - Les danses de la chamane\",\"isPartOf\":{\"@id\":\"http:\\\/\\\/flokardinal.org\\\/#website\"},\"primaryImageOfPage\":{\"@id\":\"http:\\\/\\\/flokardinal.org\\\/?page_id=6335#primaryimage\"},\"image\":{\"@id\":\"http:\\\/\\\/flokardinal.org\\\/?page_id=6335#primaryimage\"},\"thumbnailUrl\":\"https:\\\/\\\/flokardinal.org\\\/wp-content\\\/uploads\\\/2020\\\/01\\\/2bd9d014ae1e951f6b91552f8098fd48.jpg\",\"datePublished\":\"2020-01-26T17:13:11+00:00\",\"dateModified\":\"2025-06-13T15:34:03+00:00\",\"breadcrumb\":{\"@id\":\"http:\\\/\\\/flokardinal.org\\\/?page_id=6335#breadcrumb\"},\"inLanguage\":\"fr-FR\",\"potentialAction\":[{\"@type\":\"ReadAction\",\"target\":[\"http:\\\/\\\/flokardinal.org\\\/?page_id=6335\"]}]},{\"@type\":\"ImageObject\",\"inLanguage\":\"fr-FR\",\"@id\":\"http:\\\/\\\/flokardinal.org\\\/?page_id=6335#primaryimage\",\"url\":\"https:\\\/\\\/flokardinal.org\\\/wp-content\\\/uploads\\\/2020\\\/01\\\/2bd9d014ae1e951f6b91552f8098fd48.jpg\",\"contentUrl\":\"https:\\\/\\\/flokardinal.org\\\/wp-content\\\/uploads\\\/2020\\\/01\\\/2bd9d014ae1e951f6b91552f8098fd48.jpg\",\"width\":550,\"height\":435},{\"@type\":\"BreadcrumbList\",\"@id\":\"http:\\\/\\\/flokardinal.org\\\/?page_id=6335#breadcrumb\",\"itemListElement\":[{\"@type\":\"ListItem\",\"position\":1,\"name\":\"Accueil\",\"item\":\"http:\\\/\\\/flokardinal.org\\\/\"},{\"@type\":\"ListItem\",\"position\":2,\"name\":\"LA PRATIQUE CORPORELLE :La Secousse Libre\",\"item\":\"http:\\\/\\\/flokardinal.org\\\/?page_id=7001\"},{\"@type\":\"ListItem\",\"position\":3,\"name\":\"Chevaucher La Roue M\u00e9decine \u00a9 Une Danse Rituelle avec le cheval libre\",\"item\":\"https:\\\/\\\/flokardinal.org\\\/?page_id=8421\"},{\"@type\":\"ListItem\",\"position\":4,\"name\":\"DANSE RITUELLE AVEC LE CHEVAL\"}]},{\"@type\":\"WebSite\",\"@id\":\"http:\\\/\\\/flokardinal.org\\\/#website\",\"url\":\"http:\\\/\\\/flokardinal.org\\\/\",\"name\":\"Les danses de la chamane\",\"description\":\"Le corps cr\u00e9ateur gu\u00e9risseur salvateur\",\"potentialAction\":[{\"@type\":\"SearchAction\",\"target\":{\"@type\":\"EntryPoint\",\"urlTemplate\":\"http:\\\/\\\/flokardinal.org\\\/?s={search_term_string}\"},\"query-input\":{\"@type\":\"PropertyValueSpecification\",\"valueRequired\":true,\"valueName\":\"search_term_string\"}}],\"inLanguage\":\"fr-FR\"}]}<\/script>\n<!-- \/ Yoast SEO plugin. -->","yoast_head_json":{"title":"DANSE RITUELLE AVEC LE CHEVAL - Les danses de la chamane","robots":{"index":"index","follow":"follow","max-snippet":"max-snippet:-1","max-image-preview":"max-image-preview:large","max-video-preview":"max-video-preview:-1"},"canonical":"http:\/\/flokardinal.org\/?page_id=6335","og_locale":"fr_FR","og_type":"article","og_title":"DANSE RITUELLE AVEC LE CHEVAL - Les danses de la chamane","og_description":"Flo Kardinal et La Cie Tir Group\u00e9 vous proposent un cheminement artistique sur la voie de l&rsquo;\u00eatre .Des Chants natives et une Danse Rituelle cr\u00e9\u00e9e exclusivement par la chor\u00e9graphe Flo kardinal .Vous rencontrerez votre espace chamanique c&rsquo;est \u00e0 dire une cartographie de l&rsquo;\u00eatre en relation avec la nature afin d&rsquo;y communiquer en profondeur et subtilit\u00e9 &hellip; Continuer la lecture de DANSE RITUELLE AVEC LE CHEVAL &rarr;","og_url":"http:\/\/flokardinal.org\/?page_id=6335","og_site_name":"Les danses de la chamane","article_modified_time":"2025-06-13T15:34:03+00:00","og_image":[{"width":550,"height":435,"url":"http:\/\/flokardinal.org\/wp-content\/uploads\/2020\/01\/2bd9d014ae1e951f6b91552f8098fd48.jpg","type":"image\/jpeg"}],"twitter_card":"summary_large_image","twitter_site":"@kardinal93","twitter_misc":{"Dur\u00e9e de lecture estim\u00e9e":"4 minutes"},"schema":{"@context":"https:\/\/schema.org","@graph":[{"@type":"WebPage","@id":"http:\/\/flokardinal.org\/?page_id=6335","url":"http:\/\/flokardinal.org\/?page_id=6335","name":"DANSE RITUELLE AVEC LE CHEVAL - Les danses de la chamane","isPartOf":{"@id":"http:\/\/flokardinal.org\/#website"},"primaryImageOfPage":{"@id":"http:\/\/flokardinal.org\/?page_id=6335#primaryimage"},"image":{"@id":"http:\/\/flokardinal.org\/?page_id=6335#primaryimage"},"thumbnailUrl":"https:\/\/flokardinal.org\/wp-content\/uploads\/2020\/01\/2bd9d014ae1e951f6b91552f8098fd48.jpg","datePublished":"2020-01-26T17:13:11+00:00","dateModified":"2025-06-13T15:34:03+00:00","breadcrumb":{"@id":"http:\/\/flokardinal.org\/?page_id=6335#breadcrumb"},"inLanguage":"fr-FR","potentialAction":[{"@type":"ReadAction","target":["http:\/\/flokardinal.org\/?page_id=6335"]}]},{"@type":"ImageObject","inLanguage":"fr-FR","@id":"http:\/\/flokardinal.org\/?page_id=6335#primaryimage","url":"https:\/\/flokardinal.org\/wp-content\/uploads\/2020\/01\/2bd9d014ae1e951f6b91552f8098fd48.jpg","contentUrl":"https:\/\/flokardinal.org\/wp-content\/uploads\/2020\/01\/2bd9d014ae1e951f6b91552f8098fd48.jpg","width":550,"height":435},{"@type":"BreadcrumbList","@id":"http:\/\/flokardinal.org\/?page_id=6335#breadcrumb","itemListElement":[{"@type":"ListItem","position":1,"name":"Accueil","item":"http:\/\/flokardinal.org\/"},{"@type":"ListItem","position":2,"name":"LA PRATIQUE CORPORELLE :La Secousse Libre","item":"http:\/\/flokardinal.org\/?page_id=7001"},{"@type":"ListItem","position":3,"name":"Chevaucher La Roue M\u00e9decine \u00a9 Une Danse Rituelle avec le cheval libre","item":"https:\/\/flokardinal.org\/?page_id=8421"},{"@type":"ListItem","position":4,"name":"DANSE RITUELLE AVEC LE CHEVAL"}]},{"@type":"WebSite","@id":"http:\/\/flokardinal.org\/#website","url":"http:\/\/flokardinal.org\/","name":"Les danses de la chamane","description":"Le corps cr\u00e9ateur gu\u00e9risseur salvateur","potentialAction":[{"@type":"SearchAction","target":{"@type":"EntryPoint","urlTemplate":"http:\/\/flokardinal.org\/?s={search_term_string}"},"query-input":{"@type":"PropertyValueSpecification","valueRequired":true,"valueName":"search_term_string"}}],"inLanguage":"fr-FR"}]}},"_links":{"self":[{"href":"https:\/\/flokardinal.org\/index.php?rest_route=\/wp\/v2\/pages\/6335","targetHints":{"allow":["GET"]}}],"collection":[{"href":"https:\/\/flokardinal.org\/index.php?rest_route=\/wp\/v2\/pages"}],"about":[{"href":"https:\/\/flokardinal.org\/index.php?rest_route=\/wp\/v2\/types\/page"}],"author":[{"embeddable":true,"href":"https:\/\/flokardinal.org\/index.php?rest_route=\/wp\/v2\/users\/1"}],"replies":[{"embeddable":true,"href":"https:\/\/flokardinal.org\/index.php?rest_route=%2Fwp%2Fv2%2Fcomments&post=6335"}],"version-history":[{"count":38,"href":"https:\/\/flokardinal.org\/index.php?rest_route=\/wp\/v2\/pages\/6335\/revisions"}],"predecessor-version":[{"id":8267,"href":"https:\/\/flokardinal.org\/index.php?rest_route=\/wp\/v2\/pages\/6335\/revisions\/8267"}],"up":[{"embeddable":true,"href":"https:\/\/flokardinal.org\/index.php?rest_route=\/wp\/v2\/pages\/8421"}],"wp:featuredmedia":[{"embeddable":true,"href":"https:\/\/flokardinal.org\/index.php?rest_route=\/wp\/v2\/media\/6355"}],"wp:attachment":[{"href":"https:\/\/flokardinal.org\/index.php?rest_route=%2Fwp%2Fv2%2Fmedia&parent=6335"}],"curies":[{"name":"wp","href":"https:\/\/api.w.org\/{rel}","templated":true}]}}