{"id":5416,"date":"2019-09-23T21:59:30","date_gmt":"2019-09-23T20:59:30","guid":{"rendered":"http:\/\/flokardinal.org\/wordpress\/?page_id=5416"},"modified":"2024-04-30T12:29:27","modified_gmt":"2024-04-30T11:29:27","slug":"lexperience-mongoledu-26-juin-au-15-juillet-2020","status":"publish","type":"page","link":"https:\/\/flokardinal.org\/?page_id=5416","title":{"rendered":"L&rsquo;EXPERIENCE MONGOLE@"},"content":{"rendered":"\n<p><strong>L<\/strong>&lsquo;<strong>EXPERIENCE MONGOLE \u00a9  \/Un Parcours au coeur de la TERRE des CHAMANES CELESTES  <\/strong><\/p>\n\n\n\n<p><strong>Un &nbsp;parcours initiatique et&nbsp; chamanique autour de la roue des anc\u00eatres<\/strong> <strong>men\u00e9 par Flo White Wolf avec les partages des chamanes celestes  du peuple des tsataans nomades \u00e9leveurs de rennes.<\/strong><\/p>\n\n\n\n<figure class=\"wp-block-image size-large\"><a href=\"http:\/\/flokardinal.org\/wp-content\/uploads\/2023\/02\/Flyer-L-EXPERIENCE-MONGOLE-2023-recto-copie-1.jpg\"><img loading=\"lazy\" decoding=\"async\" width=\"1024\" height=\"734\" src=\"http:\/\/flokardinal.org\/wp-content\/uploads\/2023\/02\/Flyer-L-EXPERIENCE-MONGOLE-2023-recto-copie-1-1024x734.jpg\" alt=\"\" class=\"wp-image-9049\" srcset=\"https:\/\/flokardinal.org\/wp-content\/uploads\/2023\/02\/Flyer-L-EXPERIENCE-MONGOLE-2023-recto-copie-1-1024x734.jpg 1024w, https:\/\/flokardinal.org\/wp-content\/uploads\/2023\/02\/Flyer-L-EXPERIENCE-MONGOLE-2023-recto-copie-1-300x215.jpg 300w, https:\/\/flokardinal.org\/wp-content\/uploads\/2023\/02\/Flyer-L-EXPERIENCE-MONGOLE-2023-recto-copie-1-768x551.jpg 768w, https:\/\/flokardinal.org\/wp-content\/uploads\/2023\/02\/Flyer-L-EXPERIENCE-MONGOLE-2023-recto-copie-1-1536x1101.jpg 1536w, https:\/\/flokardinal.org\/wp-content\/uploads\/2023\/02\/Flyer-L-EXPERIENCE-MONGOLE-2023-recto-copie-1.jpg 1795w\" sizes=\"auto, (max-width: 1024px) 100vw, 1024px\" \/><\/a><\/figure>\n\n\n\n<figure class=\"wp-block-image\"><img loading=\"lazy\" decoding=\"async\" width=\"1024\" height=\"734\" src=\"http:\/\/flokardinal.org\/wordpress\/wp-content\/uploads\/2022\/12\/Flyer-L-EXPERIENCE-MONGOLE-2023-verso-copie-1024x734.jpg\" alt=\"\" class=\"wp-image-8922\" srcset=\"https:\/\/flokardinal.org\/wp-content\/uploads\/2022\/12\/Flyer-L-EXPERIENCE-MONGOLE-2023-verso-copie-1024x734.jpg 1024w, https:\/\/flokardinal.org\/wp-content\/uploads\/2022\/12\/Flyer-L-EXPERIENCE-MONGOLE-2023-verso-copie-300x215.jpg 300w, https:\/\/flokardinal.org\/wp-content\/uploads\/2022\/12\/Flyer-L-EXPERIENCE-MONGOLE-2023-verso-copie-768x551.jpg 768w, https:\/\/flokardinal.org\/wp-content\/uploads\/2022\/12\/Flyer-L-EXPERIENCE-MONGOLE-2023-verso-copie.jpg 1795w\" sizes=\"auto, (max-width: 1024px) 100vw, 1024px\" \/><\/figure>\n\n\n\n<figure class=\"wp-block-image\"><a href=\"http:\/\/flokardinal.org\/wordpress\/wp-content\/uploads\/2019\/09\/Mongolia_087.jpg\"><img loading=\"lazy\" decoding=\"async\" width=\"700\" height=\"467\" src=\"http:\/\/flokardinal.org\/wordpress\/wp-content\/uploads\/2019\/09\/Mongolia_087.jpg\" alt=\"\" class=\"wp-image-5293\" srcset=\"https:\/\/flokardinal.org\/wp-content\/uploads\/2019\/09\/Mongolia_087.jpg 700w, https:\/\/flokardinal.org\/wp-content\/uploads\/2019\/09\/Mongolia_087-300x200.jpg 300w\" sizes=\"auto, (max-width: 700px) 100vw, 700px\" \/><\/a><\/figure>\n\n\n\n<figure class=\"wp-block-image\"><img loading=\"lazy\" decoding=\"async\" width=\"827\" height=\"1024\" src=\"http:\/\/flokardinal.org\/wordpress\/wp-content\/uploads\/2022\/12\/Enkhtuya-flyer-1-827x1024.jpg\" alt=\"\" class=\"wp-image-8942\" srcset=\"https:\/\/flokardinal.org\/wp-content\/uploads\/2022\/12\/Enkhtuya-flyer-1-827x1024.jpg 827w, https:\/\/flokardinal.org\/wp-content\/uploads\/2022\/12\/Enkhtuya-flyer-1-242x300.jpg 242w, https:\/\/flokardinal.org\/wp-content\/uploads\/2022\/12\/Enkhtuya-flyer-1-768x951.jpg 768w, https:\/\/flokardinal.org\/wp-content\/uploads\/2022\/12\/Enkhtuya-flyer-1.jpg 1817w\" sizes=\"auto, (max-width: 827px) 100vw, 827px\" \/><figcaption class=\"wp-element-caption\">Shamane Enkhtuya et son tuchee Uumii <\/figcaption><\/figure>\n\n\n\n<p>Ce processus est un parcours con\u00e7u par la Cie Tir Group\u00e9 il s&rsquo;adresse \u00e0 des personnes dont l&rsquo;intention est de le traverser  pour s&rsquo;initier, tout autre objet hormis celui ci  de la part des  participants  ne saurait y  correspondre .<\/p>\n\n\n\n<p><strong>Flo Kardinal alias Flo White Wolf<\/strong> est chor\u00e9graphe et chamane , elle \u0153uvre depuis 20 ans dans le domaine de l\u2019Art&nbsp;et des ressources humaines, elle axe ses recherches autour de la transe et de la Roue de M\u00e9decine. L&rsquo;artiste cr\u00e9e au sein de la Cie Tir Group\u00e9. Elle  fonde  le cursus Art et Chamanisme \u00a9 :  LES DANSES DE LA CHAMANE \u00ae\u2122 Flo Kardinal est autodidacte, elle se relie au langage du corps dans le sens de ses connexions Elle m\u00e8ne des actions artistiques et p\u00e9dagogiques avec diverses institutions , et cr\u00e9e le protocole autour des outils de la cr\u00e9ation  LA SECOUSSE LIBRE\u00ae\u2122 Au cours de ses tourn\u00e9es elle se rend souvent en Afrique o\u00f9 elle se relie \u00e0 la magie.Elle est initi\u00e9e \u00e0 la m\u00e9decine des Native Am\u00e9rindiens en particulier des Apaches  .En Mongolie , elle rencontre Enkhtuya qui lui propose de venir s\u2019initier aux rituels des chamanes mongols A cette occasion elle traverse une initiation forte en for\u00eat avec ses guides et anc\u00eatres o\u00f9 elle erre seule .Cette qu\u00eate de vision impromptue la fera s\u2019engager encore plus profond\u00e9ment dans la voie qui est aussi la sienne celle des gu\u00e9risseuses . <\/p>\n\n\n\n<p class=\"has-background\" style=\"background-color:#eaf33c\"><strong>Mon parcours en vid\u00e9o<\/strong> <a href=\"http:\/\/www.flokardinal.org\/wordpress\/?page_id=8296\">http:\/\/www.flokardinal.org\/wordpress\/?page_id=8296<\/a><\/p>\n\n\n\n<p>\u00a9opyrights Cie Tir Group\u00e9\/Flo KardinalTous droits r\u00e9serv\u00e9s \/Tous les modules et concepts artistiques de la Cie Tir Group\u00e9 sont d\u00e9pos\u00e9s et prot\u00e9g\u00e9s par les lois en vigueur <\/p>\n\n\n\n<p><\/p>\n","protected":false},"excerpt":{"rendered":"<p>L&lsquo;EXPERIENCE MONGOLE \u00a9 \/Un Parcours au coeur de la TERRE des CHAMANES CELESTES Un &nbsp;parcours initiatique et&nbsp; chamanique autour de la roue des anc\u00eatres men\u00e9 par Flo White Wolf avec les partages des chamanes celestes du peuple des tsataans nomades \u00e9leveurs de rennes. Ce processus est un parcours con\u00e7u par la Cie Tir Group\u00e9 il &hellip; <a href=\"https:\/\/flokardinal.org\/?page_id=5416\" class=\"more-link\">Continuer la lecture de <span class=\"screen-reader-text\">L&rsquo;EXPERIENCE MONGOLE@<\/span>  <span class=\"meta-nav\">&rarr;<\/span><\/a><\/p>\n","protected":false},"author":1,"featured_media":8922,"parent":8032,"menu_order":3,"comment_status":"closed","ping_status":"closed","template":"","meta":{"footnotes":""},"class_list":["post-5416","page","type-page","status-publish","has-post-thumbnail","hentry"],"yoast_head":"<!-- This site is optimized with the Yoast SEO plugin v27.3 - https:\/\/yoast.com\/product\/yoast-seo-wordpress\/ -->\n<title>L&#039;EXPERIENCE MONGOLE@ - Les danses de la chamane<\/title>\n<meta name=\"robots\" content=\"index, follow, max-snippet:-1, max-image-preview:large, max-video-preview:-1\" \/>\n<link rel=\"canonical\" href=\"https:\/\/flokardinal.org\/?page_id=5416\" \/>\n<meta property=\"og:locale\" content=\"fr_FR\" \/>\n<meta property=\"og:type\" content=\"article\" \/>\n<meta property=\"og:title\" content=\"L&#039;EXPERIENCE MONGOLE@ - Les danses de la chamane\" \/>\n<meta property=\"og:description\" content=\"L&lsquo;EXPERIENCE MONGOLE \u00a9 \/Un Parcours au coeur de la TERRE des CHAMANES CELESTES Un &nbsp;parcours initiatique et&nbsp; chamanique autour de la roue des anc\u00eatres men\u00e9 par Flo White Wolf avec les partages des chamanes celestes du peuple des tsataans nomades \u00e9leveurs de rennes. Ce processus est un parcours con\u00e7u par la Cie Tir Group\u00e9 il &hellip; Continuer la lecture de L&rsquo;EXPERIENCE MONGOLE@ &rarr;\" \/>\n<meta property=\"og:url\" content=\"https:\/\/flokardinal.org\/?page_id=5416\" \/>\n<meta property=\"og:site_name\" content=\"Les danses de la chamane\" \/>\n<meta property=\"article:modified_time\" content=\"2024-04-30T11:29:27+00:00\" \/>\n<meta property=\"og:image\" content=\"https:\/\/flokardinal.org\/wp-content\/uploads\/2022\/12\/Flyer-L-EXPERIENCE-MONGOLE-2023-verso-copie.jpg\" \/>\n\t<meta property=\"og:image:width\" content=\"1795\" \/>\n\t<meta property=\"og:image:height\" content=\"1287\" \/>\n\t<meta property=\"og:image:type\" content=\"image\/jpeg\" \/>\n<meta name=\"twitter:card\" content=\"summary_large_image\" \/>\n<meta name=\"twitter:site\" content=\"@kardinal93\" \/>\n<meta name=\"twitter:label1\" content=\"Dur\u00e9e de lecture estim\u00e9e\" \/>\n\t<meta name=\"twitter:data1\" content=\"3 minutes\" \/>\n<script type=\"application\/ld+json\" class=\"yoast-schema-graph\">{\"@context\":\"https:\\\/\\\/schema.org\",\"@graph\":[{\"@type\":\"WebPage\",\"@id\":\"https:\\\/\\\/flokardinal.org\\\/?page_id=5416\",\"url\":\"https:\\\/\\\/flokardinal.org\\\/?page_id=5416\",\"name\":\"L'EXPERIENCE MONGOLE@ - Les danses de la chamane\",\"isPartOf\":{\"@id\":\"http:\\\/\\\/flokardinal.org\\\/#website\"},\"primaryImageOfPage\":{\"@id\":\"https:\\\/\\\/flokardinal.org\\\/?page_id=5416#primaryimage\"},\"image\":{\"@id\":\"https:\\\/\\\/flokardinal.org\\\/?page_id=5416#primaryimage\"},\"thumbnailUrl\":\"https:\\\/\\\/flokardinal.org\\\/wp-content\\\/uploads\\\/2022\\\/12\\\/Flyer-L-EXPERIENCE-MONGOLE-2023-verso-copie.jpg\",\"datePublished\":\"2019-09-23T20:59:30+00:00\",\"dateModified\":\"2024-04-30T11:29:27+00:00\",\"breadcrumb\":{\"@id\":\"https:\\\/\\\/flokardinal.org\\\/?page_id=5416#breadcrumb\"},\"inLanguage\":\"fr-FR\",\"potentialAction\":[{\"@type\":\"ReadAction\",\"target\":[\"https:\\\/\\\/flokardinal.org\\\/?page_id=5416\"]}]},{\"@type\":\"ImageObject\",\"inLanguage\":\"fr-FR\",\"@id\":\"https:\\\/\\\/flokardinal.org\\\/?page_id=5416#primaryimage\",\"url\":\"https:\\\/\\\/flokardinal.org\\\/wp-content\\\/uploads\\\/2022\\\/12\\\/Flyer-L-EXPERIENCE-MONGOLE-2023-verso-copie.jpg\",\"contentUrl\":\"https:\\\/\\\/flokardinal.org\\\/wp-content\\\/uploads\\\/2022\\\/12\\\/Flyer-L-EXPERIENCE-MONGOLE-2023-verso-copie.jpg\",\"width\":1795,\"height\":1287},{\"@type\":\"BreadcrumbList\",\"@id\":\"https:\\\/\\\/flokardinal.org\\\/?page_id=5416#breadcrumb\",\"itemListElement\":[{\"@type\":\"ListItem\",\"position\":1,\"name\":\"Accueil\",\"item\":\"http:\\\/\\\/flokardinal.org\\\/\"},{\"@type\":\"ListItem\",\"position\":2,\"name\":\"Les Grandes Travers\u00e9es\",\"item\":\"https:\\\/\\\/flokardinal.org\\\/?page_id=8032\"},{\"@type\":\"ListItem\",\"position\":3,\"name\":\"L&rsquo;EXPERIENCE MONGOLE@\"}]},{\"@type\":\"WebSite\",\"@id\":\"http:\\\/\\\/flokardinal.org\\\/#website\",\"url\":\"http:\\\/\\\/flokardinal.org\\\/\",\"name\":\"Les danses de la chamane\",\"description\":\"Le corps cr\u00e9ateur gu\u00e9risseur salvateur\",\"potentialAction\":[{\"@type\":\"SearchAction\",\"target\":{\"@type\":\"EntryPoint\",\"urlTemplate\":\"http:\\\/\\\/flokardinal.org\\\/?s={search_term_string}\"},\"query-input\":{\"@type\":\"PropertyValueSpecification\",\"valueRequired\":true,\"valueName\":\"search_term_string\"}}],\"inLanguage\":\"fr-FR\"}]}<\/script>\n<!-- \/ Yoast SEO plugin. -->","yoast_head_json":{"title":"L'EXPERIENCE MONGOLE@ - Les danses de la chamane","robots":{"index":"index","follow":"follow","max-snippet":"max-snippet:-1","max-image-preview":"max-image-preview:large","max-video-preview":"max-video-preview:-1"},"canonical":"https:\/\/flokardinal.org\/?page_id=5416","og_locale":"fr_FR","og_type":"article","og_title":"L'EXPERIENCE MONGOLE@ - Les danses de la chamane","og_description":"L&lsquo;EXPERIENCE MONGOLE \u00a9 \/Un Parcours au coeur de la TERRE des CHAMANES CELESTES Un &nbsp;parcours initiatique et&nbsp; chamanique autour de la roue des anc\u00eatres men\u00e9 par Flo White Wolf avec les partages des chamanes celestes du peuple des tsataans nomades \u00e9leveurs de rennes. Ce processus est un parcours con\u00e7u par la Cie Tir Group\u00e9 il &hellip; Continuer la lecture de L&rsquo;EXPERIENCE MONGOLE@ &rarr;","og_url":"https:\/\/flokardinal.org\/?page_id=5416","og_site_name":"Les danses de la chamane","article_modified_time":"2024-04-30T11:29:27+00:00","og_image":[{"width":1795,"height":1287,"url":"https:\/\/flokardinal.org\/wp-content\/uploads\/2022\/12\/Flyer-L-EXPERIENCE-MONGOLE-2023-verso-copie.jpg","type":"image\/jpeg"}],"twitter_card":"summary_large_image","twitter_site":"@kardinal93","twitter_misc":{"Dur\u00e9e de lecture estim\u00e9e":"3 minutes"},"schema":{"@context":"https:\/\/schema.org","@graph":[{"@type":"WebPage","@id":"https:\/\/flokardinal.org\/?page_id=5416","url":"https:\/\/flokardinal.org\/?page_id=5416","name":"L'EXPERIENCE MONGOLE@ - Les danses de la chamane","isPartOf":{"@id":"http:\/\/flokardinal.org\/#website"},"primaryImageOfPage":{"@id":"https:\/\/flokardinal.org\/?page_id=5416#primaryimage"},"image":{"@id":"https:\/\/flokardinal.org\/?page_id=5416#primaryimage"},"thumbnailUrl":"https:\/\/flokardinal.org\/wp-content\/uploads\/2022\/12\/Flyer-L-EXPERIENCE-MONGOLE-2023-verso-copie.jpg","datePublished":"2019-09-23T20:59:30+00:00","dateModified":"2024-04-30T11:29:27+00:00","breadcrumb":{"@id":"https:\/\/flokardinal.org\/?page_id=5416#breadcrumb"},"inLanguage":"fr-FR","potentialAction":[{"@type":"ReadAction","target":["https:\/\/flokardinal.org\/?page_id=5416"]}]},{"@type":"ImageObject","inLanguage":"fr-FR","@id":"https:\/\/flokardinal.org\/?page_id=5416#primaryimage","url":"https:\/\/flokardinal.org\/wp-content\/uploads\/2022\/12\/Flyer-L-EXPERIENCE-MONGOLE-2023-verso-copie.jpg","contentUrl":"https:\/\/flokardinal.org\/wp-content\/uploads\/2022\/12\/Flyer-L-EXPERIENCE-MONGOLE-2023-verso-copie.jpg","width":1795,"height":1287},{"@type":"BreadcrumbList","@id":"https:\/\/flokardinal.org\/?page_id=5416#breadcrumb","itemListElement":[{"@type":"ListItem","position":1,"name":"Accueil","item":"http:\/\/flokardinal.org\/"},{"@type":"ListItem","position":2,"name":"Les Grandes Travers\u00e9es","item":"https:\/\/flokardinal.org\/?page_id=8032"},{"@type":"ListItem","position":3,"name":"L&rsquo;EXPERIENCE MONGOLE@"}]},{"@type":"WebSite","@id":"http:\/\/flokardinal.org\/#website","url":"http:\/\/flokardinal.org\/","name":"Les danses de la chamane","description":"Le corps cr\u00e9ateur gu\u00e9risseur salvateur","potentialAction":[{"@type":"SearchAction","target":{"@type":"EntryPoint","urlTemplate":"http:\/\/flokardinal.org\/?s={search_term_string}"},"query-input":{"@type":"PropertyValueSpecification","valueRequired":true,"valueName":"search_term_string"}}],"inLanguage":"fr-FR"}]}},"_links":{"self":[{"href":"https:\/\/flokardinal.org\/index.php?rest_route=\/wp\/v2\/pages\/5416","targetHints":{"allow":["GET"]}}],"collection":[{"href":"https:\/\/flokardinal.org\/index.php?rest_route=\/wp\/v2\/pages"}],"about":[{"href":"https:\/\/flokardinal.org\/index.php?rest_route=\/wp\/v2\/types\/page"}],"author":[{"embeddable":true,"href":"https:\/\/flokardinal.org\/index.php?rest_route=\/wp\/v2\/users\/1"}],"replies":[{"embeddable":true,"href":"https:\/\/flokardinal.org\/index.php?rest_route=%2Fwp%2Fv2%2Fcomments&post=5416"}],"version-history":[{"count":75,"href":"https:\/\/flokardinal.org\/index.php?rest_route=\/wp\/v2\/pages\/5416\/revisions"}],"predecessor-version":[{"id":9703,"href":"https:\/\/flokardinal.org\/index.php?rest_route=\/wp\/v2\/pages\/5416\/revisions\/9703"}],"up":[{"embeddable":true,"href":"https:\/\/flokardinal.org\/index.php?rest_route=\/wp\/v2\/pages\/8032"}],"wp:featuredmedia":[{"embeddable":true,"href":"https:\/\/flokardinal.org\/index.php?rest_route=\/wp\/v2\/media\/8922"}],"wp:attachment":[{"href":"https:\/\/flokardinal.org\/index.php?rest_route=%2Fwp%2Fv2%2Fmedia&parent=5416"}],"curies":[{"name":"wp","href":"https:\/\/api.w.org\/{rel}","templated":true}]}}