{"id":451,"date":"2015-06-26T00:35:45","date_gmt":"2015-06-25T23:35:45","guid":{"rendered":"http:\/\/flokardinal.org\/wordpress\/?page_id=451"},"modified":"2020-08-19T14:22:45","modified_gmt":"2020-08-19T13:22:45","slug":"rituels","status":"publish","type":"page","link":"https:\/\/flokardinal.org\/?page_id=451","title":{"rendered":"Rituel Performance"},"content":{"rendered":"<p><a href=\"http:\/\/flokardinal.org\/wordpress\/wp-content\/uploads\/2015\/06\/Rituel-Performance-09-Nathalie-Mondot.jpg\"><img loading=\"lazy\" decoding=\"async\" class=\"size-full wp-image-1671\" src=\"http:\/\/flokardinal.org\/wordpress\/wp-content\/uploads\/2015\/06\/Rituel-Performance-09-Nathalie-Mondot.jpg\" alt=\"\" width=\"1000\" height=\"750\" srcset=\"https:\/\/flokardinal.org\/wp-content\/uploads\/2015\/06\/Rituel-Performance-09-Nathalie-Mondot.jpg 1000w, https:\/\/flokardinal.org\/wp-content\/uploads\/2015\/06\/Rituel-Performance-09-Nathalie-Mondot-300x225.jpg 300w, https:\/\/flokardinal.org\/wp-content\/uploads\/2015\/06\/Rituel-Performance-09-Nathalie-Mondot-768x576.jpg 768w\" sizes=\"auto, (max-width: 1000px) 100vw, 1000px\" \/><\/a> RITUEL PERFORMANCE<br \/>\nCie Tir Group\u00e9[\/caption]<\/p>\n<p><iframe loading=\"lazy\" title=\"RITUEL PERFORMANCE TEASER\" src=\"https:\/\/player.vimeo.com\/video\/225693430?dnt=1&amp;app_id=122963\" width=\"474\" height=\"267\" frameborder=\"0\" allow=\"autoplay; fullscreen; picture-in-picture; clipboard-write\"><\/iframe><\/p>\n<div class=\"text_exposed_show\">\n<pre>LE CONCEPT RITUEL\u00a9 est d\u00e9pos\u00e9 et prot\u00e9g\u00e9 dans son contenu, sa formulation,son concept , selon les lois en vigueur.<\/pre>\n<p>RITUEL\u00a9<br \/>\nL&rsquo;espace de la performance RITUEL se pr\u00eate aux r\u00e9sidences, il est con\u00e7u pour des lieux d&rsquo;accueil vari\u00e9s et s&rsquo;adapte aux sites.<\/p>\n<p>Pour tout renseignement <a href=\"mailto:tirgroupe@hotmail.fr\">tirgroupe@hotmail.fr&nbsp;<\/a><\/p>\n<p><iframe loading=\"lazy\" title=\"TEASER RITUEL\" src=\"https:\/\/player.vimeo.com\/video\/156097459?dnt=1&amp;app_id=122963\" width=\"474\" height=\"267\" frameborder=\"0\" allow=\"autoplay; fullscreen; picture-in-picture; clipboard-write\"><\/iframe><\/p>\n<\/div>\n<p><a href=\"http:\/\/flokardinal.org\/wordpress\/wp-content\/uploads\/2015\/06\/Rituel-Performance-08-Nathalie-Mondot.jpg\"><img loading=\"lazy\" decoding=\"async\" class=\"alignnone size-medium wp-image-1672\" src=\"http:\/\/flokardinal.org\/wordpress\/wp-content\/uploads\/2015\/06\/Rituel-Performance-08-Nathalie-Mondot-300x225.jpg\" alt=\"\" width=\"300\" height=\"225\" srcset=\"https:\/\/flokardinal.org\/wp-content\/uploads\/2015\/06\/Rituel-Performance-08-Nathalie-Mondot-300x225.jpg 300w, https:\/\/flokardinal.org\/wp-content\/uploads\/2015\/06\/Rituel-Performance-08-Nathalie-Mondot-768x576.jpg 768w, https:\/\/flokardinal.org\/wp-content\/uploads\/2015\/06\/Rituel-Performance-08-Nathalie-Mondot.jpg 1000w\" sizes=\"auto, (max-width: 300px) 100vw, 300px\" \/><\/a> <a href=\"http:\/\/flokardinal.org\/wordpress\/wp-content\/uploads\/2015\/06\/Rituel-Performance-06-Nathalie-Mondot.jpg\"><img loading=\"lazy\" decoding=\"async\" class=\"alignnone size-medium wp-image-1673\" src=\"http:\/\/flokardinal.org\/wordpress\/wp-content\/uploads\/2015\/06\/Rituel-Performance-06-Nathalie-Mondot-300x251.jpg\" alt=\"\" width=\"300\" height=\"251\" srcset=\"https:\/\/flokardinal.org\/wp-content\/uploads\/2015\/06\/Rituel-Performance-06-Nathalie-Mondot-300x251.jpg 300w, https:\/\/flokardinal.org\/wp-content\/uploads\/2015\/06\/Rituel-Performance-06-Nathalie-Mondot-768x644.jpg 768w, https:\/\/flokardinal.org\/wp-content\/uploads\/2015\/06\/Rituel-Performance-06-Nathalie-Mondot.jpg 1000w\" sizes=\"auto, (max-width: 300px) 100vw, 300px\" \/><\/a> <a href=\"http:\/\/flokardinal.org\/wordpress\/wp-content\/uploads\/2015\/06\/Rituel-Performance-05-Nathalie-Mondot.jpg\"><img loading=\"lazy\" decoding=\"async\" class=\"alignnone size-medium wp-image-1674\" src=\"http:\/\/flokardinal.org\/wordpress\/wp-content\/uploads\/2015\/06\/Rituel-Performance-05-Nathalie-Mondot-300x180.jpg\" alt=\"\" width=\"300\" height=\"180\" srcset=\"https:\/\/flokardinal.org\/wp-content\/uploads\/2015\/06\/Rituel-Performance-05-Nathalie-Mondot-300x180.jpg 300w, https:\/\/flokardinal.org\/wp-content\/uploads\/2015\/06\/Rituel-Performance-05-Nathalie-Mondot-768x461.jpg 768w, https:\/\/flokardinal.org\/wp-content\/uploads\/2015\/06\/Rituel-Performance-05-Nathalie-Mondot.jpg 1000w\" sizes=\"auto, (max-width: 300px) 100vw, 300px\" \/><\/a> <a href=\"http:\/\/flokardinal.org\/wordpress\/wp-content\/uploads\/2015\/06\/Rituel-Performance-03-Nathalie-Mondot.jpg\"><img loading=\"lazy\" decoding=\"async\" class=\"alignnone size-medium wp-image-1676\" src=\"http:\/\/flokardinal.org\/wordpress\/wp-content\/uploads\/2015\/06\/Rituel-Performance-03-Nathalie-Mondot-300x225.jpg\" alt=\"\" width=\"300\" height=\"225\" srcset=\"https:\/\/flokardinal.org\/wp-content\/uploads\/2015\/06\/Rituel-Performance-03-Nathalie-Mondot-300x225.jpg 300w, https:\/\/flokardinal.org\/wp-content\/uploads\/2015\/06\/Rituel-Performance-03-Nathalie-Mondot-768x576.jpg 768w, https:\/\/flokardinal.org\/wp-content\/uploads\/2015\/06\/Rituel-Performance-03-Nathalie-Mondot.jpg 1000w\" sizes=\"auto, (max-width: 300px) 100vw, 300px\" \/><\/a><\/p>\n<pre>Le Projet RITUEL est d\u00e9pos\u00e9 et prot\u00e9g\u00e9 dans son concept,sa formulation,son contenu selon les lois en vigueur.<\/pre>\n<pre>Tous les projets concepts et cr\u00e9ations de Flo Kardinal ainsi que ses &nbsp;interventions dans les collaborations sont &nbsp;d\u00e9pos\u00e9s en tant que tels et prot\u00e9g\u00e9s dans leur contenus, formulations et concepts selon les lois en vigueur.<\/pre>\n<p>COPYRIGHT\u00a92015 CIE TIR GROUP\u00e9 All Rights Reserved<\/p>\n","protected":false},"excerpt":{"rendered":"<p>RITUEL PERFORMANCE Cie Tir Group\u00e9[\/caption] LE CONCEPT RITUEL\u00a9 est d\u00e9pos\u00e9 et prot\u00e9g\u00e9 dans son contenu, sa formulation,son concept , selon les lois en vigueur. RITUEL\u00a9 L&rsquo;espace de la performance RITUEL se pr\u00eate aux r\u00e9sidences, il est con\u00e7u pour des lieux d&rsquo;accueil vari\u00e9s et s&rsquo;adapte aux sites. Pour tout renseignement tirgroupe@hotmail.fr&nbsp; Le Projet RITUEL est d\u00e9pos\u00e9 &hellip; <a href=\"https:\/\/flokardinal.org\/?page_id=451\" class=\"more-link\">Continuer la lecture de <span class=\"screen-reader-text\">Rituel Performance<\/span>  <span class=\"meta-nav\">&rarr;<\/span><\/a><\/p>\n","protected":false},"author":1,"featured_media":1676,"parent":1423,"menu_order":5,"comment_status":"open","ping_status":"open","template":"","meta":{"footnotes":""},"class_list":["post-451","page","type-page","status-publish","has-post-thumbnail","hentry"],"yoast_head":"<!-- This site is optimized with the Yoast SEO plugin v27.5 - https:\/\/yoast.com\/product\/yoast-seo-wordpress\/ -->\n<title>Rituel Performance - Les danses de la chamane<\/title>\n<meta name=\"description\" content=\"Rituel\" \/>\n<meta name=\"robots\" content=\"index, follow, max-snippet:-1, max-image-preview:large, max-video-preview:-1\" \/>\n<link rel=\"canonical\" href=\"http:\/\/flokardinal.org\/?page_id=451\" \/>\n<meta property=\"og:locale\" content=\"fr_FR\" \/>\n<meta property=\"og:type\" content=\"article\" \/>\n<meta property=\"og:title\" content=\"Rituel Performance - Les danses de la chamane\" \/>\n<meta property=\"og:description\" content=\"Rituel\" \/>\n<meta property=\"og:url\" content=\"http:\/\/flokardinal.org\/?page_id=451\" \/>\n<meta property=\"og:site_name\" content=\"Les danses de la chamane\" \/>\n<meta property=\"article:modified_time\" content=\"2020-08-19T13:22:45+00:00\" \/>\n<meta property=\"og:image\" content=\"http:\/\/flokardinal.org\/wp-content\/uploads\/2015\/06\/Rituel-Performance-03-Nathalie-Mondot.jpg\" \/>\n\t<meta property=\"og:image:width\" content=\"1000\" \/>\n\t<meta property=\"og:image:height\" content=\"750\" \/>\n\t<meta property=\"og:image:type\" content=\"image\/jpeg\" \/>\n<meta name=\"twitter:card\" content=\"summary_large_image\" \/>\n<meta name=\"twitter:site\" content=\"@kardinal93\" \/>\n<meta name=\"twitter:label1\" content=\"Dur\u00e9e de lecture estim\u00e9e\" \/>\n\t<meta name=\"twitter:data1\" content=\"1 minute\" \/>\n<script type=\"application\/ld+json\" class=\"yoast-schema-graph\">{\"@context\":\"https:\\\/\\\/schema.org\",\"@graph\":[{\"@type\":\"WebPage\",\"@id\":\"http:\\\/\\\/flokardinal.org\\\/?page_id=451\",\"url\":\"http:\\\/\\\/flokardinal.org\\\/?page_id=451\",\"name\":\"Rituel Performance - Les danses de la chamane\",\"isPartOf\":{\"@id\":\"https:\\\/\\\/flokardinal.org\\\/#website\"},\"primaryImageOfPage\":{\"@id\":\"http:\\\/\\\/flokardinal.org\\\/?page_id=451#primaryimage\"},\"image\":{\"@id\":\"http:\\\/\\\/flokardinal.org\\\/?page_id=451#primaryimage\"},\"thumbnailUrl\":\"https:\\\/\\\/flokardinal.org\\\/wp-content\\\/uploads\\\/2015\\\/06\\\/Rituel-Performance-03-Nathalie-Mondot.jpg\",\"datePublished\":\"2015-06-25T23:35:45+00:00\",\"dateModified\":\"2020-08-19T13:22:45+00:00\",\"description\":\"Rituel\",\"breadcrumb\":{\"@id\":\"http:\\\/\\\/flokardinal.org\\\/?page_id=451#breadcrumb\"},\"inLanguage\":\"fr-FR\",\"potentialAction\":[{\"@type\":\"ReadAction\",\"target\":[\"http:\\\/\\\/flokardinal.org\\\/?page_id=451\"]}]},{\"@type\":\"ImageObject\",\"inLanguage\":\"fr-FR\",\"@id\":\"http:\\\/\\\/flokardinal.org\\\/?page_id=451#primaryimage\",\"url\":\"https:\\\/\\\/flokardinal.org\\\/wp-content\\\/uploads\\\/2015\\\/06\\\/Rituel-Performance-03-Nathalie-Mondot.jpg\",\"contentUrl\":\"https:\\\/\\\/flokardinal.org\\\/wp-content\\\/uploads\\\/2015\\\/06\\\/Rituel-Performance-03-Nathalie-Mondot.jpg\",\"width\":1000,\"height\":750,\"caption\":\"Rtuel Performance@Cie Tir Group\u00e9\"},{\"@type\":\"BreadcrumbList\",\"@id\":\"http:\\\/\\\/flokardinal.org\\\/?page_id=451#breadcrumb\",\"itemListElement\":[{\"@type\":\"ListItem\",\"position\":1,\"name\":\"Accueil\",\"item\":\"https:\\\/\\\/flokardinal.org\\\/\"},{\"@type\":\"ListItem\",\"position\":2,\"name\":\"L&rsquo;ACTUALIT\u00e9 CREATIVE DE LA Cie Tir Group\u00e9\",\"item\":\"https:\\\/\\\/flokardinal.org\\\/?page_id=1423\"},{\"@type\":\"ListItem\",\"position\":3,\"name\":\"Rituel Performance\"}]},{\"@type\":\"WebSite\",\"@id\":\"https:\\\/\\\/flokardinal.org\\\/#website\",\"url\":\"https:\\\/\\\/flokardinal.org\\\/\",\"name\":\"Les danses de la chamane\",\"description\":\"Le corps cr\u00e9ateur gu\u00e9risseur salvateur\",\"potentialAction\":[{\"@type\":\"SearchAction\",\"target\":{\"@type\":\"EntryPoint\",\"urlTemplate\":\"https:\\\/\\\/flokardinal.org\\\/?s={search_term_string}\"},\"query-input\":{\"@type\":\"PropertyValueSpecification\",\"valueRequired\":true,\"valueName\":\"search_term_string\"}}],\"inLanguage\":\"fr-FR\"}]}<\/script>\n<!-- \/ Yoast SEO plugin. -->","yoast_head_json":{"title":"Rituel Performance - Les danses de la chamane","description":"Rituel","robots":{"index":"index","follow":"follow","max-snippet":"max-snippet:-1","max-image-preview":"max-image-preview:large","max-video-preview":"max-video-preview:-1"},"canonical":"http:\/\/flokardinal.org\/?page_id=451","og_locale":"fr_FR","og_type":"article","og_title":"Rituel Performance - Les danses de la chamane","og_description":"Rituel","og_url":"http:\/\/flokardinal.org\/?page_id=451","og_site_name":"Les danses de la chamane","article_modified_time":"2020-08-19T13:22:45+00:00","og_image":[{"width":1000,"height":750,"url":"http:\/\/flokardinal.org\/wp-content\/uploads\/2015\/06\/Rituel-Performance-03-Nathalie-Mondot.jpg","type":"image\/jpeg"}],"twitter_card":"summary_large_image","twitter_site":"@kardinal93","twitter_misc":{"Dur\u00e9e de lecture estim\u00e9e":"1 minute"},"schema":{"@context":"https:\/\/schema.org","@graph":[{"@type":"WebPage","@id":"http:\/\/flokardinal.org\/?page_id=451","url":"http:\/\/flokardinal.org\/?page_id=451","name":"Rituel Performance - Les danses de la chamane","isPartOf":{"@id":"https:\/\/flokardinal.org\/#website"},"primaryImageOfPage":{"@id":"http:\/\/flokardinal.org\/?page_id=451#primaryimage"},"image":{"@id":"http:\/\/flokardinal.org\/?page_id=451#primaryimage"},"thumbnailUrl":"https:\/\/flokardinal.org\/wp-content\/uploads\/2015\/06\/Rituel-Performance-03-Nathalie-Mondot.jpg","datePublished":"2015-06-25T23:35:45+00:00","dateModified":"2020-08-19T13:22:45+00:00","description":"Rituel","breadcrumb":{"@id":"http:\/\/flokardinal.org\/?page_id=451#breadcrumb"},"inLanguage":"fr-FR","potentialAction":[{"@type":"ReadAction","target":["http:\/\/flokardinal.org\/?page_id=451"]}]},{"@type":"ImageObject","inLanguage":"fr-FR","@id":"http:\/\/flokardinal.org\/?page_id=451#primaryimage","url":"https:\/\/flokardinal.org\/wp-content\/uploads\/2015\/06\/Rituel-Performance-03-Nathalie-Mondot.jpg","contentUrl":"https:\/\/flokardinal.org\/wp-content\/uploads\/2015\/06\/Rituel-Performance-03-Nathalie-Mondot.jpg","width":1000,"height":750,"caption":"Rtuel Performance@Cie Tir Group\u00e9"},{"@type":"BreadcrumbList","@id":"http:\/\/flokardinal.org\/?page_id=451#breadcrumb","itemListElement":[{"@type":"ListItem","position":1,"name":"Accueil","item":"https:\/\/flokardinal.org\/"},{"@type":"ListItem","position":2,"name":"L&rsquo;ACTUALIT\u00e9 CREATIVE DE LA Cie Tir Group\u00e9","item":"https:\/\/flokardinal.org\/?page_id=1423"},{"@type":"ListItem","position":3,"name":"Rituel Performance"}]},{"@type":"WebSite","@id":"https:\/\/flokardinal.org\/#website","url":"https:\/\/flokardinal.org\/","name":"Les danses de la chamane","description":"Le corps cr\u00e9ateur gu\u00e9risseur salvateur","potentialAction":[{"@type":"SearchAction","target":{"@type":"EntryPoint","urlTemplate":"https:\/\/flokardinal.org\/?s={search_term_string}"},"query-input":{"@type":"PropertyValueSpecification","valueRequired":true,"valueName":"search_term_string"}}],"inLanguage":"fr-FR"}]}},"_links":{"self":[{"href":"https:\/\/flokardinal.org\/index.php?rest_route=\/wp\/v2\/pages\/451","targetHints":{"allow":["GET"]}}],"collection":[{"href":"https:\/\/flokardinal.org\/index.php?rest_route=\/wp\/v2\/pages"}],"about":[{"href":"https:\/\/flokardinal.org\/index.php?rest_route=\/wp\/v2\/types\/page"}],"author":[{"embeddable":true,"href":"https:\/\/flokardinal.org\/index.php?rest_route=\/wp\/v2\/users\/1"}],"replies":[{"embeddable":true,"href":"https:\/\/flokardinal.org\/index.php?rest_route=%2Fwp%2Fv2%2Fcomments&post=451"}],"version-history":[{"count":36,"href":"https:\/\/flokardinal.org\/index.php?rest_route=\/wp\/v2\/pages\/451\/revisions"}],"predecessor-version":[{"id":7420,"href":"https:\/\/flokardinal.org\/index.php?rest_route=\/wp\/v2\/pages\/451\/revisions\/7420"}],"up":[{"embeddable":true,"href":"https:\/\/flokardinal.org\/index.php?rest_route=\/wp\/v2\/pages\/1423"}],"wp:featuredmedia":[{"embeddable":true,"href":"https:\/\/flokardinal.org\/index.php?rest_route=\/wp\/v2\/media\/1676"}],"wp:attachment":[{"href":"https:\/\/flokardinal.org\/index.php?rest_route=%2Fwp%2Fv2%2Fmedia&parent=451"}],"curies":[{"name":"wp","href":"https:\/\/api.w.org\/{rel}","templated":true}]}}