{"id":3340,"date":"2018-07-22T09:58:04","date_gmt":"2018-07-22T08:58:04","guid":{"rendered":"http:\/\/flokardinal.org\/wordpress\/?page_id=3340"},"modified":"2025-06-12T16:33:14","modified_gmt":"2025-06-12T15:33:14","slug":"manifester-son-pouvoir-createur-et-guerir","status":"publish","type":"page","link":"https:\/\/flokardinal.org\/?page_id=3340","title":{"rendered":"Manifester son pouvoir cr\u00e9ateur et gu\u00e9rir"},"content":{"rendered":"\n<figure class=\"wp-block-image alignnone\"><a href=\"http:\/\/flokardinal.org\/wordpress\/wp-content\/uploads\/2018\/06\/IMG_6758s.jpg\"><img loading=\"lazy\" decoding=\"async\" width=\"200\" height=\"300\" src=\"http:\/\/flokardinal.org\/wordpress\/wp-content\/uploads\/2018\/06\/IMG_6758s-200x300.jpg\" alt=\"\" class=\"wp-image-3210\" srcset=\"https:\/\/flokardinal.org\/wp-content\/uploads\/2018\/06\/IMG_6758s-200x300.jpg 200w, https:\/\/flokardinal.org\/wp-content\/uploads\/2018\/06\/IMG_6758s-768x1152.jpg 768w, https:\/\/flokardinal.org\/wp-content\/uploads\/2018\/06\/IMG_6758s-683x1024.jpg 683w\" sizes=\"auto, (max-width: 200px) 100vw, 200px\" \/><\/a><figcaption class=\"wp-element-caption\">De La Transe A La Performance \/Cie Tir Group\u00e9\/Flo Kardinal \/2018<\/figcaption><\/figure>\n\n\n\n<p>Manifester son pouvoir cr\u00e9ateur et gu\u00e9rir : Le cursus d&rsquo;enseignement LES DANSES DE LA CHAMANE&nbsp;\u00ae\u2122 un concept ART ET CHAMANISME\u00a9<\/p>\n\n\n\n<p>Artiste autodidacte , chor\u00e9graphe,j&rsquo;arpente la TRANSE depuis 25 ans au sein de la Cie Tir Group\u00e9 .J&rsquo;ai trouv\u00e9 au gr\u00e9 de mes cr\u00e9ations une voie singuli\u00e8re pour r\u00e9aliser mes r\u00eaves.Le cadeau de la vie ce sont mes rencontres avec des \u00eatres qui m&rsquo;ont appris sur moi m\u00eame , J&rsquo;ai c\u00f4toy\u00e9 sans en avoir l&rsquo;intention, \u00e0 l&rsquo;occasion de mes sc\u00e8nes et r\u00e9sidences&nbsp; \u00e0 l&rsquo;\u00e9tranger et en France des gu\u00e9risseurs, toujours sur mon chemin ils \u00e9taient&#8230;! . Il y a une quinzaine d&rsquo;ann\u00e9es j&rsquo;ai commenc\u00e9 \u00e0 r\u00e9unir mes deux voies en une et \u00e0 pratiquer mon essence d&rsquo;\u00eatre&nbsp; : artiste et gu\u00e9risseuse Les personnes qui ont crois\u00e9 ma route en parlent mieux que moi<\/p>\n\n\n\n<p><a href=\"http:\/\/www.flokardinal.org\/wordpress\/?page_id=1822\">http:\/\/www.flokardinal.org\/wordpress\/?page_id=1822<\/a><\/p>\n\n\n\n<p><strong>Qu&rsquo;est ce vous trouverez dans le cursus d&rsquo;enseignement LES DANSES DE LA CHAMANE \u00ae\u2122<\/strong>?<\/p>\n\n\n\n<p>Une m\u00e9thode claire et des outils inspir\u00e9s des traditions ancestrales et chamaniques \u00e9clair\u00e9e \u00e0 la lumi\u00e8re de mon exp\u00e9rience et de mes recherches autour de la transe&nbsp; .<\/p>\n\n\n\n<p>Descriptif <a href=\"http:\/\/www.flokardinal.org\/wordpress?page_id=8378\">http:\/\/www.flokardinal.org\/wordpress?page_id=8378<\/a><\/p>\n\n\n\n<p><strong>Pourquoi? me direz vous<\/strong> :<\/p>\n\n\n\n<p>J&rsquo;ai rencontr\u00e9 d&rsquo;abord dans mon d\u00e9sir de cr\u00e9er&nbsp; la n\u00e9cessit\u00e9 de r\u00e9aliser mes r\u00eaves en coh\u00e9rence avec, et en connaissance de ,la r\u00e9alit\u00e9: j&rsquo;ai toujours d\u00e9fendu l&rsquo;id\u00e9e que seuls les actes comptaient. Chor\u00e9graphe , reli\u00e9e au CORPS , le CORPS de l&rsquo;\u00eatre, le langage corporel , l&rsquo;ENERGIE , le MOUVEMENT<\/p>\n\n\n\n<p>J&rsquo;ai donc \u00e9tudi\u00e9 hors l&rsquo;espace des mots , de la zone mentale , de l&rsquo;\u00e9tat ordinaire de conscience .J&rsquo;ai conjugu\u00e9 l&rsquo;espace multi dimensionnel , les portes de l&rsquo;invisible o\u00f9 nous transporte l&rsquo;\u00e9tat que j&rsquo;appelle \u00ab\u00a0EXTRA-ordinaire\u00a0\u00bb , celui que l&rsquo;artiste en transe et en cr\u00e9ation connait : La transcendance . Il s&rsquo;agissait alors de l&rsquo;expliquer car mon parcours p\u00e9dagogique aupr\u00e8s des professionnels autant que&nbsp; des pratiquants amateurs de disciplines artistiques requ\u00e9rait cette analyse pour leur permettre d&rsquo;entrer dans ma dimension.<\/p>\n\n\n\n<p>Ainsi est n\u00e9e la formulation de la pratique&nbsp; LA SECOUSSE LIBRE\u00ae\u2122 il y a 20&nbsp; ans&nbsp; et plus tard l&rsquo;organisation du cursus LES DANSES DE LA CHAMANE\u00ae\u2122.<\/p>\n\n\n\n<p>LES DANSES DE LA CHAMANE\u00ae\u2122c&rsquo;est l&rsquo;instinct cr\u00e9ateur au service de la r\u00e9alisation des gu\u00e9risons ( au sens large&#8230;de soi, de l&rsquo;environnement , des autres)&nbsp; par la manifestation&nbsp; de l&rsquo;invisible dans la dimension r\u00e9elle.<\/p>\n\n\n\n<p>Alors si vous vous sentez \u00e9triqu\u00e9s dans votre vie, non \u00ab\u00a0aboutis\u00a0\u00bb, si vous \u00eates artistes et que vous \u00eates curieux d&rsquo;une m\u00e9thode \u00e0 la source de l&rsquo;instinct de cr\u00e9ation , si vous \u00eates th\u00e9rapeutes ou soignants et que vous d\u00e9siriez diversifier vos outils de gu\u00e9rison hors les mots Venez rencontrer cet espace .Je vous y accueille.<\/p>\n\n\n\n<p>La route n&rsquo;est pas facile , je vous promets de traverser des rivi\u00e8res et des vents forts mais derri\u00e8re il y a l&rsquo;\u00e9claircie de nos vies pacifi\u00e9es , il y a la paix int\u00e9rieure celle qui fait que vous serez en parfaite conscience de vous&nbsp; m\u00eames et seulement cela. Je ne vous promets pas de briller , je vous promets d&rsquo;exister , un peu plus , un peu plus sur le chemin de votre \u00e2me .Pas de r\u00e9f\u00e9rent, pas de mod\u00e8le , juste la libert\u00e9 d&rsquo;\u00eatre soi dans la simplicit\u00e9 et en coh\u00e9rence&nbsp; : c&rsquo;est de l\u00e0 que par la cr\u00e9ativit\u00e9 , hors du tumulte de la volont\u00e9 .<\/p>\n\n\n\n<p>LES DANSES DE LA&nbsp; CHAMANE&nbsp;\u00ae\u2122 c&rsquo;est la recherche int\u00e9rieure qui vous permettra d&rsquo;avancer .C&rsquo;est l&rsquo;instinct cr\u00e9ateur au service de la r\u00e9alisation de nos gu\u00e9risons , c&rsquo;est la cl\u00e9 pour&nbsp; manifester l&rsquo;invisible.<\/p>\n\n\n\n<p>Merci de votre attention<\/p>\n\n\n\n<p>Flo Kardinal&nbsp; \/Flo WHite Wolf \/<\/p>\n\n\n\n<p>\u00a9Copyrights Texte Flo Kardinal \/2014<\/p>\n\n\n\n<figure class=\"wp-block-image alignnone\"><a href=\"http:\/\/flokardinal.org\/wordpress\/wp-content\/uploads\/2018\/07\/FLO-WALL.jpg\"><img loading=\"lazy\" decoding=\"async\" width=\"300\" height=\"225\" src=\"http:\/\/flokardinal.org\/wordpress\/wp-content\/uploads\/2018\/07\/FLO-WALL-300x225.jpg\" alt=\"\" class=\"wp-image-3350\" srcset=\"https:\/\/flokardinal.org\/wp-content\/uploads\/2018\/07\/FLO-WALL-300x225.jpg 300w, https:\/\/flokardinal.org\/wp-content\/uploads\/2018\/07\/FLO-WALL-768x576.jpg 768w, https:\/\/flokardinal.org\/wp-content\/uploads\/2018\/07\/FLO-WALL.jpg 960w\" sizes=\"auto, (max-width: 300px) 100vw, 300px\" \/><\/a><figcaption class=\"wp-element-caption\">Flo Kardinal street artist<\/figcaption><\/figure>\n\n\n\n<p><\/p>\n","protected":false},"excerpt":{"rendered":"<p>Manifester son pouvoir cr\u00e9ateur et gu\u00e9rir : Le cursus d&rsquo;enseignement LES DANSES DE LA CHAMANE&nbsp;\u00ae\u2122 un concept ART ET CHAMANISME\u00a9 Artiste autodidacte , chor\u00e9graphe,j&rsquo;arpente la TRANSE depuis 25 ans au sein de la Cie Tir Group\u00e9 .J&rsquo;ai trouv\u00e9 au gr\u00e9 de mes cr\u00e9ations une voie singuli\u00e8re pour r\u00e9aliser mes r\u00eaves.Le cadeau de la vie ce &hellip; <a href=\"https:\/\/flokardinal.org\/?page_id=3340\" class=\"more-link\">Continuer la lecture de <span class=\"screen-reader-text\">Manifester son pouvoir cr\u00e9ateur et gu\u00e9rir<\/span>  <span class=\"meta-nav\">&rarr;<\/span><\/a><\/p>\n","protected":false},"author":1,"featured_media":6722,"parent":7475,"menu_order":1,"comment_status":"closed","ping_status":"closed","template":"","meta":{"footnotes":""},"class_list":["post-3340","page","type-page","status-publish","has-post-thumbnail","hentry"],"yoast_head":"<!-- This site is optimized with the Yoast SEO plugin v27.4 - https:\/\/yoast.com\/product\/yoast-seo-wordpress\/ -->\n<title>Manifester son pouvoir cr\u00e9ateur et gu\u00e9rir - Les danses de la chamane<\/title>\n<meta name=\"robots\" content=\"index, follow, max-snippet:-1, max-image-preview:large, max-video-preview:-1\" \/>\n<link rel=\"canonical\" href=\"http:\/\/flokardinal.org\/?page_id=3340\" \/>\n<meta property=\"og:locale\" content=\"fr_FR\" \/>\n<meta property=\"og:type\" content=\"article\" \/>\n<meta property=\"og:title\" content=\"Manifester son pouvoir cr\u00e9ateur et gu\u00e9rir - Les danses de la chamane\" \/>\n<meta property=\"og:description\" content=\"Manifester son pouvoir cr\u00e9ateur et gu\u00e9rir : Le cursus d&rsquo;enseignement LES DANSES DE LA CHAMANE&nbsp;\u00ae\u2122 un concept ART ET CHAMANISME\u00a9 Artiste autodidacte , chor\u00e9graphe,j&rsquo;arpente la TRANSE depuis 25 ans au sein de la Cie Tir Group\u00e9 .J&rsquo;ai trouv\u00e9 au gr\u00e9 de mes cr\u00e9ations une voie singuli\u00e8re pour r\u00e9aliser mes r\u00eaves.Le cadeau de la vie ce &hellip; Continuer la lecture de Manifester son pouvoir cr\u00e9ateur et gu\u00e9rir &rarr;\" \/>\n<meta property=\"og:url\" content=\"http:\/\/flokardinal.org\/?page_id=3340\" \/>\n<meta property=\"og:site_name\" content=\"Les danses de la chamane\" \/>\n<meta property=\"article:modified_time\" content=\"2025-06-12T15:33:14+00:00\" \/>\n<meta property=\"og:image\" content=\"http:\/\/flokardinal.org\/wp-content\/uploads\/2020\/06\/IMG_2237FLO-FORET-bd_1.jpg\" \/>\n\t<meta property=\"og:image:width\" content=\"1536\" \/>\n\t<meta property=\"og:image:height\" content=\"1024\" \/>\n\t<meta property=\"og:image:type\" content=\"image\/jpeg\" \/>\n<meta name=\"twitter:card\" content=\"summary_large_image\" \/>\n<meta name=\"twitter:site\" content=\"@kardinal93\" \/>\n<meta name=\"twitter:label1\" content=\"Dur\u00e9e de lecture estim\u00e9e\" \/>\n\t<meta name=\"twitter:data1\" content=\"4 minutes\" \/>\n<script type=\"application\/ld+json\" class=\"yoast-schema-graph\">{\"@context\":\"https:\\\/\\\/schema.org\",\"@graph\":[{\"@type\":\"WebPage\",\"@id\":\"http:\\\/\\\/flokardinal.org\\\/?page_id=3340\",\"url\":\"http:\\\/\\\/flokardinal.org\\\/?page_id=3340\",\"name\":\"Manifester son pouvoir cr\u00e9ateur et gu\u00e9rir - Les danses de la chamane\",\"isPartOf\":{\"@id\":\"https:\\\/\\\/flokardinal.org\\\/#website\"},\"primaryImageOfPage\":{\"@id\":\"http:\\\/\\\/flokardinal.org\\\/?page_id=3340#primaryimage\"},\"image\":{\"@id\":\"http:\\\/\\\/flokardinal.org\\\/?page_id=3340#primaryimage\"},\"thumbnailUrl\":\"https:\\\/\\\/flokardinal.org\\\/wp-content\\\/uploads\\\/2020\\\/06\\\/IMG_2237FLO-FORET-bd_1.jpg\",\"datePublished\":\"2018-07-22T08:58:04+00:00\",\"dateModified\":\"2025-06-12T15:33:14+00:00\",\"breadcrumb\":{\"@id\":\"http:\\\/\\\/flokardinal.org\\\/?page_id=3340#breadcrumb\"},\"inLanguage\":\"fr-FR\",\"potentialAction\":[{\"@type\":\"ReadAction\",\"target\":[\"http:\\\/\\\/flokardinal.org\\\/?page_id=3340\"]}]},{\"@type\":\"ImageObject\",\"inLanguage\":\"fr-FR\",\"@id\":\"http:\\\/\\\/flokardinal.org\\\/?page_id=3340#primaryimage\",\"url\":\"https:\\\/\\\/flokardinal.org\\\/wp-content\\\/uploads\\\/2020\\\/06\\\/IMG_2237FLO-FORET-bd_1.jpg\",\"contentUrl\":\"https:\\\/\\\/flokardinal.org\\\/wp-content\\\/uploads\\\/2020\\\/06\\\/IMG_2237FLO-FORET-bd_1.jpg\",\"width\":1536,\"height\":1024},{\"@type\":\"BreadcrumbList\",\"@id\":\"http:\\\/\\\/flokardinal.org\\\/?page_id=3340#breadcrumb\",\"itemListElement\":[{\"@type\":\"ListItem\",\"position\":1,\"name\":\"Accueil\",\"item\":\"https:\\\/\\\/flokardinal.org\\\/\"},{\"@type\":\"ListItem\",\"position\":2,\"name\":\"Les Danses de La Chamane\",\"item\":\"http:\\\/\\\/flokardinal.org\\\/?page_id=7475\"},{\"@type\":\"ListItem\",\"position\":3,\"name\":\"Manifester son pouvoir cr\u00e9ateur et gu\u00e9rir\"}]},{\"@type\":\"WebSite\",\"@id\":\"https:\\\/\\\/flokardinal.org\\\/#website\",\"url\":\"https:\\\/\\\/flokardinal.org\\\/\",\"name\":\"Les danses de la chamane\",\"description\":\"Le corps cr\u00e9ateur gu\u00e9risseur salvateur\",\"potentialAction\":[{\"@type\":\"SearchAction\",\"target\":{\"@type\":\"EntryPoint\",\"urlTemplate\":\"https:\\\/\\\/flokardinal.org\\\/?s={search_term_string}\"},\"query-input\":{\"@type\":\"PropertyValueSpecification\",\"valueRequired\":true,\"valueName\":\"search_term_string\"}}],\"inLanguage\":\"fr-FR\"}]}<\/script>\n<!-- \/ Yoast SEO plugin. -->","yoast_head_json":{"title":"Manifester son pouvoir cr\u00e9ateur et gu\u00e9rir - Les danses de la chamane","robots":{"index":"index","follow":"follow","max-snippet":"max-snippet:-1","max-image-preview":"max-image-preview:large","max-video-preview":"max-video-preview:-1"},"canonical":"http:\/\/flokardinal.org\/?page_id=3340","og_locale":"fr_FR","og_type":"article","og_title":"Manifester son pouvoir cr\u00e9ateur et gu\u00e9rir - Les danses de la chamane","og_description":"Manifester son pouvoir cr\u00e9ateur et gu\u00e9rir : Le cursus d&rsquo;enseignement LES DANSES DE LA CHAMANE&nbsp;\u00ae\u2122 un concept ART ET CHAMANISME\u00a9 Artiste autodidacte , chor\u00e9graphe,j&rsquo;arpente la TRANSE depuis 25 ans au sein de la Cie Tir Group\u00e9 .J&rsquo;ai trouv\u00e9 au gr\u00e9 de mes cr\u00e9ations une voie singuli\u00e8re pour r\u00e9aliser mes r\u00eaves.Le cadeau de la vie ce &hellip; Continuer la lecture de Manifester son pouvoir cr\u00e9ateur et gu\u00e9rir &rarr;","og_url":"http:\/\/flokardinal.org\/?page_id=3340","og_site_name":"Les danses de la chamane","article_modified_time":"2025-06-12T15:33:14+00:00","og_image":[{"width":1536,"height":1024,"url":"http:\/\/flokardinal.org\/wp-content\/uploads\/2020\/06\/IMG_2237FLO-FORET-bd_1.jpg","type":"image\/jpeg"}],"twitter_card":"summary_large_image","twitter_site":"@kardinal93","twitter_misc":{"Dur\u00e9e de lecture estim\u00e9e":"4 minutes"},"schema":{"@context":"https:\/\/schema.org","@graph":[{"@type":"WebPage","@id":"http:\/\/flokardinal.org\/?page_id=3340","url":"http:\/\/flokardinal.org\/?page_id=3340","name":"Manifester son pouvoir cr\u00e9ateur et gu\u00e9rir - Les danses de la chamane","isPartOf":{"@id":"https:\/\/flokardinal.org\/#website"},"primaryImageOfPage":{"@id":"http:\/\/flokardinal.org\/?page_id=3340#primaryimage"},"image":{"@id":"http:\/\/flokardinal.org\/?page_id=3340#primaryimage"},"thumbnailUrl":"https:\/\/flokardinal.org\/wp-content\/uploads\/2020\/06\/IMG_2237FLO-FORET-bd_1.jpg","datePublished":"2018-07-22T08:58:04+00:00","dateModified":"2025-06-12T15:33:14+00:00","breadcrumb":{"@id":"http:\/\/flokardinal.org\/?page_id=3340#breadcrumb"},"inLanguage":"fr-FR","potentialAction":[{"@type":"ReadAction","target":["http:\/\/flokardinal.org\/?page_id=3340"]}]},{"@type":"ImageObject","inLanguage":"fr-FR","@id":"http:\/\/flokardinal.org\/?page_id=3340#primaryimage","url":"https:\/\/flokardinal.org\/wp-content\/uploads\/2020\/06\/IMG_2237FLO-FORET-bd_1.jpg","contentUrl":"https:\/\/flokardinal.org\/wp-content\/uploads\/2020\/06\/IMG_2237FLO-FORET-bd_1.jpg","width":1536,"height":1024},{"@type":"BreadcrumbList","@id":"http:\/\/flokardinal.org\/?page_id=3340#breadcrumb","itemListElement":[{"@type":"ListItem","position":1,"name":"Accueil","item":"https:\/\/flokardinal.org\/"},{"@type":"ListItem","position":2,"name":"Les Danses de La Chamane","item":"http:\/\/flokardinal.org\/?page_id=7475"},{"@type":"ListItem","position":3,"name":"Manifester son pouvoir cr\u00e9ateur et gu\u00e9rir"}]},{"@type":"WebSite","@id":"https:\/\/flokardinal.org\/#website","url":"https:\/\/flokardinal.org\/","name":"Les danses de la chamane","description":"Le corps cr\u00e9ateur gu\u00e9risseur salvateur","potentialAction":[{"@type":"SearchAction","target":{"@type":"EntryPoint","urlTemplate":"https:\/\/flokardinal.org\/?s={search_term_string}"},"query-input":{"@type":"PropertyValueSpecification","valueRequired":true,"valueName":"search_term_string"}}],"inLanguage":"fr-FR"}]}},"_links":{"self":[{"href":"https:\/\/flokardinal.org\/index.php?rest_route=\/wp\/v2\/pages\/3340","targetHints":{"allow":["GET"]}}],"collection":[{"href":"https:\/\/flokardinal.org\/index.php?rest_route=\/wp\/v2\/pages"}],"about":[{"href":"https:\/\/flokardinal.org\/index.php?rest_route=\/wp\/v2\/types\/page"}],"author":[{"embeddable":true,"href":"https:\/\/flokardinal.org\/index.php?rest_route=\/wp\/v2\/users\/1"}],"replies":[{"embeddable":true,"href":"https:\/\/flokardinal.org\/index.php?rest_route=%2Fwp%2Fv2%2Fcomments&post=3340"}],"version-history":[{"count":17,"href":"https:\/\/flokardinal.org\/index.php?rest_route=\/wp\/v2\/pages\/3340\/revisions"}],"predecessor-version":[{"id":9940,"href":"https:\/\/flokardinal.org\/index.php?rest_route=\/wp\/v2\/pages\/3340\/revisions\/9940"}],"up":[{"embeddable":true,"href":"https:\/\/flokardinal.org\/index.php?rest_route=\/wp\/v2\/pages\/7475"}],"wp:featuredmedia":[{"embeddable":true,"href":"https:\/\/flokardinal.org\/index.php?rest_route=\/wp\/v2\/media\/6722"}],"wp:attachment":[{"href":"https:\/\/flokardinal.org\/index.php?rest_route=%2Fwp%2Fv2%2Fmedia&parent=3340"}],"curies":[{"name":"wp","href":"https:\/\/api.w.org\/{rel}","templated":true}]}}