{"id":3330,"date":"2018-07-21T22:21:00","date_gmt":"2018-07-21T21:21:00","guid":{"rendered":"http:\/\/flokardinal.org\/wordpress\/?page_id=3330"},"modified":"2021-12-01T13:13:20","modified_gmt":"2021-12-01T12:13:20","slug":"outre-monde-rituels-performatifs","status":"publish","type":"page","link":"https:\/\/flokardinal.org\/?page_id=3330","title":{"rendered":"OUTRE MONDE : S\u00e9rie RITUELS PERFORMATIFS"},"content":{"rendered":"<p><a href=\"https:\/\/vimeo.com\/281122993\">https:\/\/vimeo.com\/281122993<\/a><\/p>\n<p>OUTRE MONDE\u00a9 :\u00a0Tryptique installation\/Rituels performatifs\/Images\u00a0\u00a9 Flo Kardinal \/Tous droits r\u00e9serv\u00e9s 2018<\/p>\n<p>S\u00e9rie N\u00b043 :Rituel performatif tourn\u00e9 en l&rsquo;\u00e9tat, en direct ,en canalisation ONE SHOT sans retouche dans le sens d\u00e9sir\u00e9 par l&rsquo;artiste en prise avec le r\u00e9\u00e9l.<\/p>\n<p>La cr\u00e9ation Outremondes est n\u00e9e d&rsquo;une exploration en nature en 2018 , elle s&rsquo;adapte \u00e0 tous types de lieux et s&rsquo;enrichit de l&rsquo;esprit du lieu . Les modules ind\u00e9pendants textes \u00e9crits et musiques cr\u00e9\u00e9es sont autant de prismes r\u00e9adaptables \u00e0 l&rsquo;infini selon la configuration choisie .Le public pourra traverser un parcours , selon la demande, issu des mises en sc\u00e8nes respectives ( int\u00e9rieurs ou ext\u00e9rieurs )<\/p>\n<p>Le parcours artistique et cr\u00e9atif ouvert au public est aussi propos\u00e9 de fa\u00e7on autonome .<\/p>\n<p>Ces structures l\u00e9g\u00e8res et mobiles permettent de cr\u00e9er des roues de cr\u00e9ation .\u00a0<\/p>\n<p><a href=\"http:\/\/flokardinal.org\/wordpress\/wp-content\/uploads\/2021\/11\/Flyer-OUTREMONDES-decembre-2019.jpg\"><img loading=\"lazy\" decoding=\"async\" class=\"alignnone size-full wp-image-8234\" src=\"http:\/\/flokardinal.org\/wordpress\/wp-content\/uploads\/2021\/11\/Flyer-OUTREMONDES-decembre-2019.jpg\" alt=\"\" width=\"909\" height=\"1268\" srcset=\"https:\/\/flokardinal.org\/wp-content\/uploads\/2021\/11\/Flyer-OUTREMONDES-decembre-2019.jpg 909w, https:\/\/flokardinal.org\/wp-content\/uploads\/2021\/11\/Flyer-OUTREMONDES-decembre-2019-215x300.jpg 215w, https:\/\/flokardinal.org\/wp-content\/uploads\/2021\/11\/Flyer-OUTREMONDES-decembre-2019-768x1071.jpg 768w, https:\/\/flokardinal.org\/wp-content\/uploads\/2021\/11\/Flyer-OUTREMONDES-decembre-2019-734x1024.jpg 734w\" sizes=\"auto, (max-width: 909px) 100vw, 909px\" \/><\/a><\/p>\n<p><a href=\"http:\/\/flokardinal.org\/wordpress\/wp-content\/uploads\/2021\/11\/Flyer-OUTREMONDES-performance-fevrier-2020.jpg\"><img loading=\"lazy\" decoding=\"async\" class=\"alignnone size-full wp-image-8235\" src=\"http:\/\/flokardinal.org\/wordpress\/wp-content\/uploads\/2021\/11\/Flyer-OUTREMONDES-performance-fevrier-2020.jpg\" alt=\"\" width=\"909\" height=\"1268\" srcset=\"https:\/\/flokardinal.org\/wp-content\/uploads\/2021\/11\/Flyer-OUTREMONDES-performance-fevrier-2020.jpg 909w, https:\/\/flokardinal.org\/wp-content\/uploads\/2021\/11\/Flyer-OUTREMONDES-performance-fevrier-2020-215x300.jpg 215w, https:\/\/flokardinal.org\/wp-content\/uploads\/2021\/11\/Flyer-OUTREMONDES-performance-fevrier-2020-768x1071.jpg 768w, https:\/\/flokardinal.org\/wp-content\/uploads\/2021\/11\/Flyer-OUTREMONDES-performance-fevrier-2020-734x1024.jpg 734w\" sizes=\"auto, (max-width: 909px) 100vw, 909px\" \/><\/a><\/p>\n<p><a href=\"http:\/\/flokardinal.org\/wordpress\/wp-content\/uploads\/2021\/11\/Flyer-OTREMONDES-RITUELS-PERFORMATIFS-decembre-2019.jpg\"><img loading=\"lazy\" decoding=\"async\" class=\"alignnone size-full wp-image-8236\" src=\"http:\/\/flokardinal.org\/wordpress\/wp-content\/uploads\/2021\/11\/Flyer-OTREMONDES-RITUELS-PERFORMATIFS-decembre-2019.jpg\" alt=\"\" width=\"909\" height=\"1268\" srcset=\"https:\/\/flokardinal.org\/wp-content\/uploads\/2021\/11\/Flyer-OTREMONDES-RITUELS-PERFORMATIFS-decembre-2019.jpg 909w, https:\/\/flokardinal.org\/wp-content\/uploads\/2021\/11\/Flyer-OTREMONDES-RITUELS-PERFORMATIFS-decembre-2019-215x300.jpg 215w, https:\/\/flokardinal.org\/wp-content\/uploads\/2021\/11\/Flyer-OTREMONDES-RITUELS-PERFORMATIFS-decembre-2019-768x1071.jpg 768w, https:\/\/flokardinal.org\/wp-content\/uploads\/2021\/11\/Flyer-OTREMONDES-RITUELS-PERFORMATIFS-decembre-2019-734x1024.jpg 734w\" sizes=\"auto, (max-width: 909px) 100vw, 909px\" \/><\/a><\/p>\n\n\n<figure class=\"wp-block-image\"><img loading=\"lazy\" decoding=\"async\" width=\"1024\" height=\"768\" src=\"http:\/\/flokardinal.org\/wordpress\/wp-content\/uploads\/2021\/12\/20191220_140716-1024x768.jpg\" alt=\"\" class=\"wp-image-8251\" srcset=\"https:\/\/flokardinal.org\/wp-content\/uploads\/2021\/12\/20191220_140716-1024x768.jpg 1024w, https:\/\/flokardinal.org\/wp-content\/uploads\/2021\/12\/20191220_140716-300x225.jpg 300w, https:\/\/flokardinal.org\/wp-content\/uploads\/2021\/12\/20191220_140716-768x576.jpg 768w\" sizes=\"auto, (max-width: 1024px) 100vw, 1024px\" \/><figcaption>Galerie La Papesse Installation<\/figcaption><\/figure>\n\n\n\n<figure class=\"wp-block-image\"><img loading=\"lazy\" decoding=\"async\" width=\"768\" height=\"1024\" src=\"http:\/\/flokardinal.org\/wordpress\/wp-content\/uploads\/2021\/12\/img_3020-768x1024.jpg\" alt=\"\" class=\"wp-image-8256\" srcset=\"https:\/\/flokardinal.org\/wp-content\/uploads\/2021\/12\/img_3020.jpg 768w, https:\/\/flokardinal.org\/wp-content\/uploads\/2021\/12\/img_3020-225x300.jpg 225w\" sizes=\"auto, (max-width: 768px) 100vw, 768px\" \/><\/figure>\n\n\n\n<figure class=\"wp-block-image\"><img loading=\"lazy\" decoding=\"async\" width=\"1024\" height=\"768\" src=\"http:\/\/flokardinal.org\/wordpress\/wp-content\/uploads\/2021\/12\/img_3081-1-1024x768.jpg\" alt=\"\" class=\"wp-image-8257\" srcset=\"https:\/\/flokardinal.org\/wp-content\/uploads\/2021\/12\/img_3081-1.jpg 1024w, https:\/\/flokardinal.org\/wp-content\/uploads\/2021\/12\/img_3081-1-300x225.jpg 300w, https:\/\/flokardinal.org\/wp-content\/uploads\/2021\/12\/img_3081-1-768x576.jpg 768w\" sizes=\"auto, (max-width: 1024px) 100vw, 1024px\" \/><\/figure>\n","protected":false},"excerpt":{"rendered":"<p>OUTRE MONDE\u00a9 :\u00a0Tryptique installation\/Rituels performatifs\/Images\u00a0\u00a9 Flo Kardinal \/Tous droits r\u00e9serv\u00e9s 2018 S\u00e9rie N\u00b043 :Rituel performatif tourn\u00e9 en l&rsquo;\u00e9tat, en direct ,en canalisation ONE SHOT sans retouche dans le sens d\u00e9sir\u00e9 par l&rsquo;artiste en prise avec le r\u00e9\u00e9l. La cr\u00e9ation Outremondes est n\u00e9e d&rsquo;une exploration en nature en 2018 , elle s&rsquo;adapte \u00e0 tous types de &hellip; <a href=\"https:\/\/flokardinal.org\/?page_id=3330\" class=\"more-link\">Continuer la lecture de <span class=\"screen-reader-text\">OUTRE MONDE : S\u00e9rie RITUELS PERFORMATIFS<\/span>  <span class=\"meta-nav\">&rarr;<\/span><\/a><\/p>\n","protected":false},"author":1,"featured_media":3325,"parent":3300,"menu_order":4,"comment_status":"closed","ping_status":"closed","template":"","meta":{"footnotes":""},"class_list":["post-3330","page","type-page","status-publish","has-post-thumbnail","hentry"],"yoast_head":"<!-- This site is optimized with the Yoast SEO plugin v27.5 - https:\/\/yoast.com\/product\/yoast-seo-wordpress\/ -->\n<title>OUTRE MONDE : S\u00e9rie RITUELS PERFORMATIFS - Les danses de la chamane<\/title>\n<meta name=\"robots\" content=\"index, follow, max-snippet:-1, max-image-preview:large, max-video-preview:-1\" \/>\n<link rel=\"canonical\" href=\"http:\/\/flokardinal.org\/?page_id=3330\" \/>\n<meta property=\"og:locale\" content=\"fr_FR\" \/>\n<meta property=\"og:type\" content=\"article\" \/>\n<meta property=\"og:title\" content=\"OUTRE MONDE : S\u00e9rie RITUELS PERFORMATIFS - Les danses de la chamane\" \/>\n<meta property=\"og:description\" content=\"OUTRE MONDE\u00a9 :\u00a0Tryptique installation\/Rituels performatifs\/Images\u00a0\u00a9 Flo Kardinal \/Tous droits r\u00e9serv\u00e9s 2018 S\u00e9rie N\u00b043 :Rituel performatif tourn\u00e9 en l&rsquo;\u00e9tat, en direct ,en canalisation ONE SHOT sans retouche dans le sens d\u00e9sir\u00e9 par l&rsquo;artiste en prise avec le r\u00e9\u00e9l. La cr\u00e9ation Outremondes est n\u00e9e d&rsquo;une exploration en nature en 2018 , elle s&rsquo;adapte \u00e0 tous types de &hellip; Continuer la lecture de OUTRE MONDE : S\u00e9rie RITUELS PERFORMATIFS &rarr;\" \/>\n<meta property=\"og:url\" content=\"http:\/\/flokardinal.org\/?page_id=3330\" \/>\n<meta property=\"og:site_name\" content=\"Les danses de la chamane\" \/>\n<meta property=\"article:modified_time\" content=\"2021-12-01T12:13:20+00:00\" \/>\n<meta property=\"og:image\" content=\"http:\/\/flokardinal.org\/wp-content\/uploads\/2018\/07\/20180720_125051-768x1024.jpg\" \/>\n\t<meta property=\"og:image:width\" content=\"768\" \/>\n\t<meta property=\"og:image:height\" content=\"1024\" \/>\n\t<meta property=\"og:image:type\" content=\"image\/jpeg\" \/>\n<meta name=\"twitter:card\" content=\"summary_large_image\" \/>\n<meta name=\"twitter:site\" content=\"@kardinal93\" \/>\n<meta name=\"twitter:label1\" content=\"Dur\u00e9e de lecture estim\u00e9e\" \/>\n\t<meta name=\"twitter:data1\" content=\"1 minute\" \/>\n<script type=\"application\/ld+json\" class=\"yoast-schema-graph\">{\"@context\":\"https:\\\/\\\/schema.org\",\"@graph\":[{\"@type\":\"WebPage\",\"@id\":\"http:\\\/\\\/flokardinal.org\\\/?page_id=3330\",\"url\":\"http:\\\/\\\/flokardinal.org\\\/?page_id=3330\",\"name\":\"OUTRE MONDE : S\u00e9rie RITUELS PERFORMATIFS - Les danses de la chamane\",\"isPartOf\":{\"@id\":\"http:\\\/\\\/flokardinal.org\\\/#website\"},\"primaryImageOfPage\":{\"@id\":\"http:\\\/\\\/flokardinal.org\\\/?page_id=3330#primaryimage\"},\"image\":{\"@id\":\"http:\\\/\\\/flokardinal.org\\\/?page_id=3330#primaryimage\"},\"thumbnailUrl\":\"https:\\\/\\\/flokardinal.org\\\/wp-content\\\/uploads\\\/2018\\\/07\\\/20180720_125051.jpg\",\"datePublished\":\"2018-07-21T21:21:00+00:00\",\"dateModified\":\"2021-12-01T12:13:20+00:00\",\"breadcrumb\":{\"@id\":\"http:\\\/\\\/flokardinal.org\\\/?page_id=3330#breadcrumb\"},\"inLanguage\":\"fr-FR\",\"potentialAction\":[{\"@type\":\"ReadAction\",\"target\":[\"http:\\\/\\\/flokardinal.org\\\/?page_id=3330\"]}]},{\"@type\":\"ImageObject\",\"inLanguage\":\"fr-FR\",\"@id\":\"http:\\\/\\\/flokardinal.org\\\/?page_id=3330#primaryimage\",\"url\":\"https:\\\/\\\/flokardinal.org\\\/wp-content\\\/uploads\\\/2018\\\/07\\\/20180720_125051.jpg\",\"contentUrl\":\"https:\\\/\\\/flokardinal.org\\\/wp-content\\\/uploads\\\/2018\\\/07\\\/20180720_125051.jpg\",\"width\":3456,\"height\":4608},{\"@type\":\"BreadcrumbList\",\"@id\":\"http:\\\/\\\/flokardinal.org\\\/?page_id=3330#breadcrumb\",\"itemListElement\":[{\"@type\":\"ListItem\",\"position\":1,\"name\":\"Accueil\",\"item\":\"http:\\\/\\\/flokardinal.org\\\/\"},{\"@type\":\"ListItem\",\"position\":2,\"name\":\"L&rsquo;ACTUALIT\u00e9 CREATIVE DE LA Cie Tir Group\u00e9\",\"item\":\"https:\\\/\\\/flokardinal.org\\\/?page_id=1423\"},{\"@type\":\"ListItem\",\"position\":3,\"name\":\"OUTRE MONDE @ Cie Tir Group\u00e9\",\"item\":\"http:\\\/\\\/flokardinal.org\\\/?page_id=3300\"},{\"@type\":\"ListItem\",\"position\":4,\"name\":\"OUTRE MONDE : S\u00e9rie RITUELS PERFORMATIFS\"}]},{\"@type\":\"WebSite\",\"@id\":\"http:\\\/\\\/flokardinal.org\\\/#website\",\"url\":\"http:\\\/\\\/flokardinal.org\\\/\",\"name\":\"Les danses de la chamane\",\"description\":\"Le corps cr\u00e9ateur gu\u00e9risseur salvateur\",\"potentialAction\":[{\"@type\":\"SearchAction\",\"target\":{\"@type\":\"EntryPoint\",\"urlTemplate\":\"http:\\\/\\\/flokardinal.org\\\/?s={search_term_string}\"},\"query-input\":{\"@type\":\"PropertyValueSpecification\",\"valueRequired\":true,\"valueName\":\"search_term_string\"}}],\"inLanguage\":\"fr-FR\"}]}<\/script>\n<!-- \/ Yoast SEO plugin. -->","yoast_head_json":{"title":"OUTRE MONDE : S\u00e9rie RITUELS PERFORMATIFS - Les danses de la chamane","robots":{"index":"index","follow":"follow","max-snippet":"max-snippet:-1","max-image-preview":"max-image-preview:large","max-video-preview":"max-video-preview:-1"},"canonical":"http:\/\/flokardinal.org\/?page_id=3330","og_locale":"fr_FR","og_type":"article","og_title":"OUTRE MONDE : S\u00e9rie RITUELS PERFORMATIFS - Les danses de la chamane","og_description":"OUTRE MONDE\u00a9 :\u00a0Tryptique installation\/Rituels performatifs\/Images\u00a0\u00a9 Flo Kardinal \/Tous droits r\u00e9serv\u00e9s 2018 S\u00e9rie N\u00b043 :Rituel performatif tourn\u00e9 en l&rsquo;\u00e9tat, en direct ,en canalisation ONE SHOT sans retouche dans le sens d\u00e9sir\u00e9 par l&rsquo;artiste en prise avec le r\u00e9\u00e9l. La cr\u00e9ation Outremondes est n\u00e9e d&rsquo;une exploration en nature en 2018 , elle s&rsquo;adapte \u00e0 tous types de &hellip; Continuer la lecture de OUTRE MONDE : S\u00e9rie RITUELS PERFORMATIFS &rarr;","og_url":"http:\/\/flokardinal.org\/?page_id=3330","og_site_name":"Les danses de la chamane","article_modified_time":"2021-12-01T12:13:20+00:00","og_image":[{"width":768,"height":1024,"url":"http:\/\/flokardinal.org\/wp-content\/uploads\/2018\/07\/20180720_125051-768x1024.jpg","type":"image\/jpeg"}],"twitter_card":"summary_large_image","twitter_site":"@kardinal93","twitter_misc":{"Dur\u00e9e de lecture estim\u00e9e":"1 minute"},"schema":{"@context":"https:\/\/schema.org","@graph":[{"@type":"WebPage","@id":"http:\/\/flokardinal.org\/?page_id=3330","url":"http:\/\/flokardinal.org\/?page_id=3330","name":"OUTRE MONDE : S\u00e9rie RITUELS PERFORMATIFS - Les danses de la chamane","isPartOf":{"@id":"http:\/\/flokardinal.org\/#website"},"primaryImageOfPage":{"@id":"http:\/\/flokardinal.org\/?page_id=3330#primaryimage"},"image":{"@id":"http:\/\/flokardinal.org\/?page_id=3330#primaryimage"},"thumbnailUrl":"https:\/\/flokardinal.org\/wp-content\/uploads\/2018\/07\/20180720_125051.jpg","datePublished":"2018-07-21T21:21:00+00:00","dateModified":"2021-12-01T12:13:20+00:00","breadcrumb":{"@id":"http:\/\/flokardinal.org\/?page_id=3330#breadcrumb"},"inLanguage":"fr-FR","potentialAction":[{"@type":"ReadAction","target":["http:\/\/flokardinal.org\/?page_id=3330"]}]},{"@type":"ImageObject","inLanguage":"fr-FR","@id":"http:\/\/flokardinal.org\/?page_id=3330#primaryimage","url":"https:\/\/flokardinal.org\/wp-content\/uploads\/2018\/07\/20180720_125051.jpg","contentUrl":"https:\/\/flokardinal.org\/wp-content\/uploads\/2018\/07\/20180720_125051.jpg","width":3456,"height":4608},{"@type":"BreadcrumbList","@id":"http:\/\/flokardinal.org\/?page_id=3330#breadcrumb","itemListElement":[{"@type":"ListItem","position":1,"name":"Accueil","item":"http:\/\/flokardinal.org\/"},{"@type":"ListItem","position":2,"name":"L&rsquo;ACTUALIT\u00e9 CREATIVE DE LA Cie Tir Group\u00e9","item":"https:\/\/flokardinal.org\/?page_id=1423"},{"@type":"ListItem","position":3,"name":"OUTRE MONDE @ Cie Tir Group\u00e9","item":"http:\/\/flokardinal.org\/?page_id=3300"},{"@type":"ListItem","position":4,"name":"OUTRE MONDE : S\u00e9rie RITUELS PERFORMATIFS"}]},{"@type":"WebSite","@id":"http:\/\/flokardinal.org\/#website","url":"http:\/\/flokardinal.org\/","name":"Les danses de la chamane","description":"Le corps cr\u00e9ateur gu\u00e9risseur salvateur","potentialAction":[{"@type":"SearchAction","target":{"@type":"EntryPoint","urlTemplate":"http:\/\/flokardinal.org\/?s={search_term_string}"},"query-input":{"@type":"PropertyValueSpecification","valueRequired":true,"valueName":"search_term_string"}}],"inLanguage":"fr-FR"}]}},"_links":{"self":[{"href":"https:\/\/flokardinal.org\/index.php?rest_route=\/wp\/v2\/pages\/3330","targetHints":{"allow":["GET"]}}],"collection":[{"href":"https:\/\/flokardinal.org\/index.php?rest_route=\/wp\/v2\/pages"}],"about":[{"href":"https:\/\/flokardinal.org\/index.php?rest_route=\/wp\/v2\/types\/page"}],"author":[{"embeddable":true,"href":"https:\/\/flokardinal.org\/index.php?rest_route=\/wp\/v2\/users\/1"}],"replies":[{"embeddable":true,"href":"https:\/\/flokardinal.org\/index.php?rest_route=%2Fwp%2Fv2%2Fcomments&post=3330"}],"version-history":[{"count":9,"href":"https:\/\/flokardinal.org\/index.php?rest_route=\/wp\/v2\/pages\/3330\/revisions"}],"predecessor-version":[{"id":8258,"href":"https:\/\/flokardinal.org\/index.php?rest_route=\/wp\/v2\/pages\/3330\/revisions\/8258"}],"up":[{"embeddable":true,"href":"https:\/\/flokardinal.org\/index.php?rest_route=\/wp\/v2\/pages\/3300"}],"wp:featuredmedia":[{"embeddable":true,"href":"https:\/\/flokardinal.org\/index.php?rest_route=\/wp\/v2\/media\/3325"}],"wp:attachment":[{"href":"https:\/\/flokardinal.org\/index.php?rest_route=%2Fwp%2Fv2%2Fmedia&parent=3330"}],"curies":[{"name":"wp","href":"https:\/\/api.w.org\/{rel}","templated":true}]}}