{"id":3246,"date":"2018-06-28T12:05:01","date_gmt":"2018-06-28T11:05:01","guid":{"rendered":"http:\/\/flokardinal.org\/wordpress\/?page_id=3246"},"modified":"2025-06-14T10:06:33","modified_gmt":"2025-06-14T09:06:33","slug":"devenez-maraine-ou-parrain-pour-une-inscription","status":"publish","type":"page","link":"https:\/\/flokardinal.org\/?page_id=3246","title":{"rendered":"Devenez Marraine ou Parrain  d&rsquo;un \u00e9tudiant(e)"},"content":{"rendered":"<figure id=\"attachment_2881\" aria-describedby=\"caption-attachment-2881\" style=\"width: 150px\" class=\"wp-caption alignnone\"><a href=\"http:\/\/flokardinal.org\/wordpress\/wp-content\/uploads\/2018\/02\/Enfant_ronde-02.png\"><img loading=\"lazy\" decoding=\"async\" class=\"size-thumbnail wp-image-2881\" src=\"http:\/\/flokardinal.org\/wordpress\/wp-content\/uploads\/2018\/02\/Enfant_ronde-02-150x150.png\" alt=\"\" width=\"150\" height=\"150\" srcset=\"https:\/\/flokardinal.org\/wp-content\/uploads\/2018\/02\/Enfant_ronde-02-150x150.png 150w, https:\/\/flokardinal.org\/wp-content\/uploads\/2018\/02\/Enfant_ronde-02-300x300.png 300w, https:\/\/flokardinal.org\/wp-content\/uploads\/2018\/02\/Enfant_ronde-02.png 312w\" sizes=\"auto, (max-width: 150px) 100vw, 150px\" \/><\/a><figcaption id=\"caption-attachment-2881\" class=\"wp-caption-text\">Devenez Marraine ou Parrain<\/figcaption><\/figure>\n<p>Devenez Marraine ou Parrain d&rsquo;un \u00e9tudiant(e)\u00a0 et permettez \u00e0 quelqu&rsquo;un de b\u00e9n\u00e9ficiez de l&rsquo;enseignement que vous avez travers\u00e9 ou que vous d\u00e9sirez rencontrer . Dans les traditions de transmission le parrainage constitue l&rsquo;adn d&rsquo;un groupe et honore l&rsquo;enseignement re\u00e7u .<\/p>\n<p>Cet avantage exceptionnel vous offre\u00a0 la possibilit\u00e9 de recevoir 1 s\u00e9ance\u00a0 \u00e0 distance de votre choix\u00a0 . La personne parrain\u00e9e doit avoir r\u00e9serv\u00e9 son inscription par la paiement des arrhes<\/p>\n<p><a href=\"https:\/\/my.weezevent.com\/les-danses-de-la-chamane-formation\">https:\/\/my.weezevent.com\/les-danses-de-la-chamane-formation<\/a><\/p>\n<p>Contactez lasecousselibre@gmail.com pour d\u00e9signer votre ni\u00e8ce ou gendre .<\/p>\n<p><b>FORMATION 2025\/2026 :<\/b><\/p>\n<p><a href=\"http:\/\/www.flokardinal.org\/wordpress\/?page_id=4468\">http:\/\/www.flokardinal.org\/wordpress\/?page_id=4468\u00a0<\/a><\/p>\n","protected":false},"excerpt":{"rendered":"<p>Devenez Marraine ou Parrain d&rsquo;un \u00e9tudiant(e)\u00a0 et permettez \u00e0 quelqu&rsquo;un de b\u00e9n\u00e9ficiez de l&rsquo;enseignement que vous avez travers\u00e9 ou que vous d\u00e9sirez rencontrer . Dans les traditions de transmission le parrainage constitue l&rsquo;adn d&rsquo;un groupe et honore l&rsquo;enseignement re\u00e7u . Cet avantage exceptionnel vous offre\u00a0 la possibilit\u00e9 de recevoir 1 s\u00e9ance\u00a0 \u00e0 distance de votre &hellip; <a href=\"https:\/\/flokardinal.org\/?page_id=3246\" class=\"more-link\">Continuer la lecture de <span class=\"screen-reader-text\">Devenez Marraine ou Parrain  d&rsquo;un \u00e9tudiant(e)<\/span>  <span class=\"meta-nav\">&rarr;<\/span><\/a><\/p>\n","protected":false},"author":1,"featured_media":7113,"parent":8378,"menu_order":9,"comment_status":"closed","ping_status":"closed","template":"","meta":{"footnotes":""},"class_list":["post-3246","page","type-page","status-publish","has-post-thumbnail","hentry"],"yoast_head":"<!-- This site is optimized with the Yoast SEO plugin v27.4 - https:\/\/yoast.com\/product\/yoast-seo-wordpress\/ -->\n<title>Devenez Marraine ou Parrain d&#039;un \u00e9tudiant(e) - Les danses de la chamane<\/title>\n<meta name=\"robots\" content=\"index, follow, max-snippet:-1, max-image-preview:large, max-video-preview:-1\" \/>\n<link rel=\"canonical\" href=\"https:\/\/flokardinal.org\/?page_id=3246\" \/>\n<meta property=\"og:locale\" content=\"fr_FR\" \/>\n<meta property=\"og:type\" content=\"article\" \/>\n<meta property=\"og:title\" content=\"Devenez Marraine ou Parrain d&#039;un \u00e9tudiant(e) - Les danses de la chamane\" \/>\n<meta property=\"og:description\" content=\"Devenez Marraine ou Parrain d&rsquo;un \u00e9tudiant(e)\u00a0 et permettez \u00e0 quelqu&rsquo;un de b\u00e9n\u00e9ficiez de l&rsquo;enseignement que vous avez travers\u00e9 ou que vous d\u00e9sirez rencontrer . Dans les traditions de transmission le parrainage constitue l&rsquo;adn d&rsquo;un groupe et honore l&rsquo;enseignement re\u00e7u . Cet avantage exceptionnel vous offre\u00a0 la possibilit\u00e9 de recevoir 1 s\u00e9ance\u00a0 \u00e0 distance de votre &hellip; Continuer la lecture de Devenez Marraine ou Parrain d&rsquo;un \u00e9tudiant(e) &rarr;\" \/>\n<meta property=\"og:url\" content=\"https:\/\/flokardinal.org\/?page_id=3246\" \/>\n<meta property=\"og:site_name\" content=\"Les danses de la chamane\" \/>\n<meta property=\"article:modified_time\" content=\"2025-06-14T09:06:33+00:00\" \/>\n<meta property=\"og:image\" content=\"https:\/\/flokardinal.org\/wp-content\/uploads\/2020\/08\/amis-se-tenant-les-mains-1.jpg\" \/>\n\t<meta property=\"og:image:width\" content=\"617\" \/>\n\t<meta property=\"og:image:height\" content=\"350\" \/>\n\t<meta property=\"og:image:type\" content=\"image\/jpeg\" \/>\n<meta name=\"twitter:card\" content=\"summary_large_image\" \/>\n<meta name=\"twitter:site\" content=\"@kardinal93\" \/>\n<meta name=\"twitter:label1\" content=\"Dur\u00e9e de lecture estim\u00e9e\" \/>\n\t<meta name=\"twitter:data1\" content=\"1 minute\" \/>\n<script type=\"application\/ld+json\" class=\"yoast-schema-graph\">{\"@context\":\"https:\\\/\\\/schema.org\",\"@graph\":[{\"@type\":\"WebPage\",\"@id\":\"https:\\\/\\\/flokardinal.org\\\/?page_id=3246\",\"url\":\"https:\\\/\\\/flokardinal.org\\\/?page_id=3246\",\"name\":\"Devenez Marraine ou Parrain d'un \u00e9tudiant(e) - Les danses de la chamane\",\"isPartOf\":{\"@id\":\"https:\\\/\\\/flokardinal.org\\\/#website\"},\"primaryImageOfPage\":{\"@id\":\"https:\\\/\\\/flokardinal.org\\\/?page_id=3246#primaryimage\"},\"image\":{\"@id\":\"https:\\\/\\\/flokardinal.org\\\/?page_id=3246#primaryimage\"},\"thumbnailUrl\":\"https:\\\/\\\/flokardinal.org\\\/wp-content\\\/uploads\\\/2020\\\/08\\\/amis-se-tenant-les-mains-1.jpg\",\"datePublished\":\"2018-06-28T11:05:01+00:00\",\"dateModified\":\"2025-06-14T09:06:33+00:00\",\"breadcrumb\":{\"@id\":\"https:\\\/\\\/flokardinal.org\\\/?page_id=3246#breadcrumb\"},\"inLanguage\":\"fr-FR\",\"potentialAction\":[{\"@type\":\"ReadAction\",\"target\":[\"https:\\\/\\\/flokardinal.org\\\/?page_id=3246\"]}]},{\"@type\":\"ImageObject\",\"inLanguage\":\"fr-FR\",\"@id\":\"https:\\\/\\\/flokardinal.org\\\/?page_id=3246#primaryimage\",\"url\":\"https:\\\/\\\/flokardinal.org\\\/wp-content\\\/uploads\\\/2020\\\/08\\\/amis-se-tenant-les-mains-1.jpg\",\"contentUrl\":\"https:\\\/\\\/flokardinal.org\\\/wp-content\\\/uploads\\\/2020\\\/08\\\/amis-se-tenant-les-mains-1.jpg\",\"width\":617,\"height\":350},{\"@type\":\"BreadcrumbList\",\"@id\":\"https:\\\/\\\/flokardinal.org\\\/?page_id=3246#breadcrumb\",\"itemListElement\":[{\"@type\":\"ListItem\",\"position\":1,\"name\":\"Accueil\",\"item\":\"https:\\\/\\\/flokardinal.org\\\/\"},{\"@type\":\"ListItem\",\"position\":2,\"name\":\"Le cursus d&rsquo;enseignement Les Danses de La Chamane\u00ae\u2122 : un rituel de Transe-formation et d&rsquo;\u00e9mancipation\",\"item\":\"https:\\\/\\\/flokardinal.org\\\/?page_id=8378\"},{\"@type\":\"ListItem\",\"position\":3,\"name\":\"Devenez Marraine ou Parrain d&rsquo;un \u00e9tudiant(e)\"}]},{\"@type\":\"WebSite\",\"@id\":\"https:\\\/\\\/flokardinal.org\\\/#website\",\"url\":\"https:\\\/\\\/flokardinal.org\\\/\",\"name\":\"Les danses de la chamane\",\"description\":\"Le corps cr\u00e9ateur gu\u00e9risseur salvateur\",\"potentialAction\":[{\"@type\":\"SearchAction\",\"target\":{\"@type\":\"EntryPoint\",\"urlTemplate\":\"https:\\\/\\\/flokardinal.org\\\/?s={search_term_string}\"},\"query-input\":{\"@type\":\"PropertyValueSpecification\",\"valueRequired\":true,\"valueName\":\"search_term_string\"}}],\"inLanguage\":\"fr-FR\"}]}<\/script>\n<!-- \/ Yoast SEO plugin. -->","yoast_head_json":{"title":"Devenez Marraine ou Parrain d'un \u00e9tudiant(e) - Les danses de la chamane","robots":{"index":"index","follow":"follow","max-snippet":"max-snippet:-1","max-image-preview":"max-image-preview:large","max-video-preview":"max-video-preview:-1"},"canonical":"https:\/\/flokardinal.org\/?page_id=3246","og_locale":"fr_FR","og_type":"article","og_title":"Devenez Marraine ou Parrain d'un \u00e9tudiant(e) - Les danses de la chamane","og_description":"Devenez Marraine ou Parrain d&rsquo;un \u00e9tudiant(e)\u00a0 et permettez \u00e0 quelqu&rsquo;un de b\u00e9n\u00e9ficiez de l&rsquo;enseignement que vous avez travers\u00e9 ou que vous d\u00e9sirez rencontrer . Dans les traditions de transmission le parrainage constitue l&rsquo;adn d&rsquo;un groupe et honore l&rsquo;enseignement re\u00e7u . Cet avantage exceptionnel vous offre\u00a0 la possibilit\u00e9 de recevoir 1 s\u00e9ance\u00a0 \u00e0 distance de votre &hellip; Continuer la lecture de Devenez Marraine ou Parrain d&rsquo;un \u00e9tudiant(e) &rarr;","og_url":"https:\/\/flokardinal.org\/?page_id=3246","og_site_name":"Les danses de la chamane","article_modified_time":"2025-06-14T09:06:33+00:00","og_image":[{"width":617,"height":350,"url":"https:\/\/flokardinal.org\/wp-content\/uploads\/2020\/08\/amis-se-tenant-les-mains-1.jpg","type":"image\/jpeg"}],"twitter_card":"summary_large_image","twitter_site":"@kardinal93","twitter_misc":{"Dur\u00e9e de lecture estim\u00e9e":"1 minute"},"schema":{"@context":"https:\/\/schema.org","@graph":[{"@type":"WebPage","@id":"https:\/\/flokardinal.org\/?page_id=3246","url":"https:\/\/flokardinal.org\/?page_id=3246","name":"Devenez Marraine ou Parrain d'un \u00e9tudiant(e) - Les danses de la chamane","isPartOf":{"@id":"https:\/\/flokardinal.org\/#website"},"primaryImageOfPage":{"@id":"https:\/\/flokardinal.org\/?page_id=3246#primaryimage"},"image":{"@id":"https:\/\/flokardinal.org\/?page_id=3246#primaryimage"},"thumbnailUrl":"https:\/\/flokardinal.org\/wp-content\/uploads\/2020\/08\/amis-se-tenant-les-mains-1.jpg","datePublished":"2018-06-28T11:05:01+00:00","dateModified":"2025-06-14T09:06:33+00:00","breadcrumb":{"@id":"https:\/\/flokardinal.org\/?page_id=3246#breadcrumb"},"inLanguage":"fr-FR","potentialAction":[{"@type":"ReadAction","target":["https:\/\/flokardinal.org\/?page_id=3246"]}]},{"@type":"ImageObject","inLanguage":"fr-FR","@id":"https:\/\/flokardinal.org\/?page_id=3246#primaryimage","url":"https:\/\/flokardinal.org\/wp-content\/uploads\/2020\/08\/amis-se-tenant-les-mains-1.jpg","contentUrl":"https:\/\/flokardinal.org\/wp-content\/uploads\/2020\/08\/amis-se-tenant-les-mains-1.jpg","width":617,"height":350},{"@type":"BreadcrumbList","@id":"https:\/\/flokardinal.org\/?page_id=3246#breadcrumb","itemListElement":[{"@type":"ListItem","position":1,"name":"Accueil","item":"https:\/\/flokardinal.org\/"},{"@type":"ListItem","position":2,"name":"Le cursus d&rsquo;enseignement Les Danses de La Chamane\u00ae\u2122 : un rituel de Transe-formation et d&rsquo;\u00e9mancipation","item":"https:\/\/flokardinal.org\/?page_id=8378"},{"@type":"ListItem","position":3,"name":"Devenez Marraine ou Parrain d&rsquo;un \u00e9tudiant(e)"}]},{"@type":"WebSite","@id":"https:\/\/flokardinal.org\/#website","url":"https:\/\/flokardinal.org\/","name":"Les danses de la chamane","description":"Le corps cr\u00e9ateur gu\u00e9risseur salvateur","potentialAction":[{"@type":"SearchAction","target":{"@type":"EntryPoint","urlTemplate":"https:\/\/flokardinal.org\/?s={search_term_string}"},"query-input":{"@type":"PropertyValueSpecification","valueRequired":true,"valueName":"search_term_string"}}],"inLanguage":"fr-FR"}]}},"_links":{"self":[{"href":"https:\/\/flokardinal.org\/index.php?rest_route=\/wp\/v2\/pages\/3246","targetHints":{"allow":["GET"]}}],"collection":[{"href":"https:\/\/flokardinal.org\/index.php?rest_route=\/wp\/v2\/pages"}],"about":[{"href":"https:\/\/flokardinal.org\/index.php?rest_route=\/wp\/v2\/types\/page"}],"author":[{"embeddable":true,"href":"https:\/\/flokardinal.org\/index.php?rest_route=\/wp\/v2\/users\/1"}],"replies":[{"embeddable":true,"href":"https:\/\/flokardinal.org\/index.php?rest_route=%2Fwp%2Fv2%2Fcomments&post=3246"}],"version-history":[{"count":18,"href":"https:\/\/flokardinal.org\/index.php?rest_route=\/wp\/v2\/pages\/3246\/revisions"}],"predecessor-version":[{"id":10001,"href":"https:\/\/flokardinal.org\/index.php?rest_route=\/wp\/v2\/pages\/3246\/revisions\/10001"}],"up":[{"embeddable":true,"href":"https:\/\/flokardinal.org\/index.php?rest_route=\/wp\/v2\/pages\/8378"}],"wp:featuredmedia":[{"embeddable":true,"href":"https:\/\/flokardinal.org\/index.php?rest_route=\/wp\/v2\/media\/7113"}],"wp:attachment":[{"href":"https:\/\/flokardinal.org\/index.php?rest_route=%2Fwp%2Fv2%2Fmedia&parent=3246"}],"curies":[{"name":"wp","href":"https:\/\/api.w.org\/{rel}","templated":true}]}}