{"id":147,"date":"2015-04-20T20:44:48","date_gmt":"2015-04-20T19:44:48","guid":{"rendered":"http:\/\/flokardinal.org\/wordpress\/?page_id=147"},"modified":"2025-06-12T17:56:17","modified_gmt":"2025-06-12T16:56:17","slug":"flo-white-wolf","status":"publish","type":"page","link":"https:\/\/flokardinal.org\/?page_id=147","title":{"rendered":"Flo White WOLF"},"content":{"rendered":"<figure id=\"attachment_2152\" aria-describedby=\"caption-attachment-2152\" style=\"width: 474px\" class=\"wp-caption alignnone\"><a href=\"http:\/\/flokardinal.org\/wordpress\/wp-content\/uploads\/2015\/04\/20170924_182401.jpg\"><img loading=\"lazy\" decoding=\"async\" class=\"wp-image-2152 size-large\" src=\"http:\/\/flokardinal.org\/wp-content\/uploads\/2015\/04\/20170924_182401-768x1024.jpg\" alt=\"\" width=\"474\" height=\"632\" srcset=\"https:\/\/flokardinal.org\/wp-content\/uploads\/2015\/04\/20170924_182401-768x1024.jpg 768w, https:\/\/flokardinal.org\/wp-content\/uploads\/2015\/04\/20170924_182401-225x300.jpg 225w\" sizes=\"auto, (max-width: 474px) 100vw, 474px\" \/><\/a><figcaption id=\"caption-attachment-2152\" class=\"wp-caption-text\">auto portrait Flo Kardinal \/Rituel AJ Dirtystein<\/figcaption><\/figure>\n<p>Flo White Wolf : un parcours de transformation o\u00f9 cr\u00e9ation et transe se conjuguent .<\/p>\n<p>Par sa nature d&rsquo;artiste autodidacte et son exp\u00e9rience en tant que chor\u00e9graphe de la Cie Tir Group\u00e9, Flo Kardinal est amen\u00e9e \u00e0 \u00e9tudier les fondations de l&rsquo;\u00e2me humaine ses fonctionnements et sa propension \u00e0 tisser de la mati\u00e8re cr\u00e9ative. Le champs de ses actions englobe les versants artistiques et p\u00e9dagogiques, elle intervient au coeur de nombreuses exp\u00e9rimentations et chantiers. Elle s&rsquo;aventure alors au del\u00e0 de ses exp\u00e9riences, \u00e0 travers les terres et cultures et en revient avec un protocole et des outils de d\u00e9veloppement du potentiel cr\u00e9atif qu&rsquo;elle nomme LA SECOUSSE LIBRE\u00ae\u2122.<\/p>\n<p>Dans sa qu\u00eate de transfiguration de l&rsquo;\u00e2me sur le terrain du Jeu des personnages qu&rsquo;elle cr\u00e9e, elle rencontre le jeu des dimensions se rapprochant sans le savoir des principes archaiques et ancestraux du chamanisme. La vie lui ouvre le champs des rencontres.<\/p>\n<p>Dans sa qu\u00eate de transformation, elle \u00e9tudie en plus de ses formations artistiques en danse et jeu de l&rsquo;acteur , d&rsquo;autres domaines r\u00e9v\u00e9l\u00e9s par ses qu\u00eates:<\/p>\n<p><em>Les lignes directrices :<\/em><\/p>\n<p>Technique du \u00a0masque<\/p>\n<p>l&rsquo;actor&rsquo;studio avec Jack Waltzer<\/p>\n<p>la polyrythmie du \u00a0Ketjak avec Tapa Sudana<\/p>\n<p>Multiples \u00e9changes p\u00e9dagogiques et artistiques crois\u00e9s avec des chor\u00e9graphes autour du mouvement en danse suivant la courbe de son parcours<\/p>\n<p>Dispense du dipl\u00f4me d&rsquo;enseignement de la danse .<\/p>\n<p>Directrice artistique des \u00a0Compagnies Contrepoint, Racine 2H et\u00a0 \u00a0Tir Group\u00e9<\/p>\n<p><em>Les formations \u00a0satellites<\/em> :<\/p>\n<p>elle est form\u00e9e aux principes des accords tolt\u00e8ques selon Don Miguel Ruiz par Maud S\u00e9journant<\/p>\n<p>elle suit l&rsquo;enseignement de R\u00e9gina Martino en bio\u00e9nergie et \u00e9tude des chakras .<\/p>\n<p>Elle est transmetteuse en France de la Planetary Dance selon Anna Halprin, formation dispens\u00e9e par Jamie Mac Hugh assistant de Anna Halprin et le r\u00e9seau des conservatoires nationaux de danse .<\/p>\n<p>Elle a suivi le cursus de Oc\u00e9ane Ravasini chamane R\u00e9unionnaise<\/p>\n<p>Elle suit la formation \u00ab\u00a0Walking the Shaman&rsquo;s Path\u00a0\u00bb voie de gu\u00e9rison et de connaissance de Patricia White Buffalo,c\u00e9l\u00e8bre chamane Apache am\u00e9rindienne. Elle y r\u00e9colte son nom de gu\u00e9risseuse \u00ab\u00a0Flo White WOLF\u00a0\u00bb en r\u00e9f\u00e9rence \u00e0 son animal de pouvoir. Elle fait partie de la Rainbow Tribe.<\/p>\n<p>Elle rencontre\u00a0 tout d&rsquo;abord l&rsquo;Afrique et ses traditions lors d&rsquo;\u00e9changes culturels et de contrats avec les artistes ; elle est tr\u00e8s li\u00e9e \u00e0 cette culture: Maroc ( OCRE ROUGE: cr\u00e9ation conjointe avec les musiciens gnaouas et les jeunes danseurs de hip hop fran\u00e7ais et marocains ), Tunisie, Mali\u00a0 ( culture des Dogons), C\u00f4te d&rsquo;Ivoire et R\u00e9publique Centre Africaine (transe ,danse et musique).<\/p>\n<p>Dans son p\u00e9riple et son d\u00e9sir de se rapprocher de l&rsquo;essence des gu\u00e9risseurs, elle rencontre en Mongolie Enkhetuya Ragchaa qui lui propose de l&rsquo;initier aux rituels des chamanes mongols et Enkheshargal avec l&rsquo;\u00e2me de laquelle elle \u00a0communique par les visions et voyages int\u00e9rieurs \u00a0et qui r\u00e9v\u00e8le en elle les voies pour se reconnecter \u00a0en profondeur \u00e0 ses esprits naturels et \u00e0 ses anc\u00eatres .A cette occasion elle traverse une initiation forte en for\u00eat avec ses guides et anc\u00eatres o\u00f9 elle erre seule .Cette qu\u00eate de vision impromptue la fera s&rsquo;engager encore plus profond\u00e9ment dans la voie qui est aussi la sienne celle des gu\u00e9risseuses .<\/p>\n<p>\u00ab\u00a0Dans mon parcours de cr\u00e9atrice, je m&rsquo;aper\u00e7ois que sur le terrain des univers que je recr\u00e9e les interpr\u00e8tes et participants \u00e9voluent, changent, progressent et font des choix d\u00e9cisifs. Au fur et \u00e0 mesure une \u00e9vidence appara\u00eet, les outils de LA SECOUSSE LIBRE\u00ae\u2122 lib\u00e8rent et agissent comme un processus profond de transformation.\u00a0\u00bb<\/p>\n<p>\u00ab\u00a0Mon chemin de gu\u00e9risseuse ne vient pas d&rsquo;une recherche volontaire mais s&rsquo;est r\u00e9v\u00e9l\u00e9 en moi petit \u00e0 petit m\u00eame si au d\u00e9part je l&rsquo;ai refus\u00e9 car j&rsquo;en connaissais au fond les engagements forts au monde de l&rsquo;invisible et \u00e0 la r\u00e9alit\u00e9 chamanique .Ma grand m\u00e8re maternelle \u00ab\u00a0coupait le feu\u00a0\u00bb , dans le village des Pyr\u00e9n\u00e9es \u00a0(Aspin-en lavedan) Elle \u00e9tait l&rsquo;institutrice d&rsquo;un village dans le Gard (Estarac) C&rsquo;est ma premi\u00e8re initiatrice<\/p>\n<p>Grand m\u00e8re C\u00e9line a guid\u00e9 tant d&rsquo;\u00eatres vers l&rsquo;autonomie \u00a0qu&rsquo; en 2000 les habitants d&rsquo;Estarac donneront son nom C\u00e9line Pinaud \u00e0 la nouvelle \u00e9cole du village.<\/p>\n<p>Mais Grand m\u00e8re qui connaissait les \u00eatres , me m&rsquo;\u00e9tait en garde \u00ab\u00a0les sorci\u00e8res on les br\u00fble\u00a0\u00bb comme pour m&rsquo;avertir que ma voie serait difficile.<\/p>\n<p>Ce sont par la suite divers \u00eatres \u00e9veill\u00e9s comme Tapa Sudana (Indon\u00e9sie), Roy Little Sun(Indon\u00e9sie), Enkhetuya (Mongolie) , Enkheshargal (Mongolie) Oc\u00e9ane Ravasini (La R\u00e9union) et enfin Patricia White Buffalo (Etats Unis d&rsquo;Am\u00e9rique Apache ) qui m&rsquo;ont nomm\u00e9e \u00ab\u00a0Shaman\u00a0\u00bb .Je les remercie d&rsquo;avoir \u00e9t\u00e9 le miroir de mon \u00e2me et de m&rsquo;avoir accueillie en tant qu&rsquo;\u00eatre de gu\u00e9rison par ma voie de cr\u00e9atrice\u00a0\u00bb\u00a9Flo White Wolf<\/p>\n<p>\u00ab\u00a0<em>Pour atteindre le bien \u00eatre et la paix int\u00e9rieure nous devons nous relier \u00e0 nos ressources originelles et d\u00e9velopper ainsi notre \u00e9tat de conscience et notre intuition afin de lib\u00e9rer et g\u00e9rer \u00a0notre potentiel cr\u00e9atif en harmonie avec notre environnement naturel: c&rsquo;est la source de la vie car nous cicatrisons \u00a0ainsi nos blessures ouvertes.<\/em>..\u00a0\u00bb\u00a9Flo 2W<\/p>\n<p>Je remercie tous mes guides humains\u00a0 et spirituels qui me soutiennent et font de moi ce que je suis , je les porte dans mon coeur . Ils m&rsquo;ont enseign\u00e9e ce que je suis devenue au del\u00e0 de ma pr\u00e9destination.je les invoque dans ma roue de m\u00e9decine Gratitude infinie envers eux et envers vous que je croise sur mon chemin.<\/p>\n<p>Flo White Wolf\u00a0 est la fondatrice du cursus d&rsquo;enseignement\u00a0\u00a0<a href=\"http:\/\/www.flokardinal.org\/wordpress\/?page_id=511\">LES DANSES \u00a0DE LA CHAMANE\u00ae\u2122<\/a>\u00a0 Un projet ART ET CHAMANISME\u00a9 \u00a0Un rituel initiatique de transe-formation et d&rsquo;\u00e9mancipation de l&rsquo;\u00eatre\u00a9<\/p>\n<p>L\u2019artiste ancre autour de la TRANSE et du principe de\u00a0 LA ROUE DE MEDECINE des protocoles comme CORPS EN TRANSE\u00a9, LES VOIX DE LA TRANSE\u00a9,des conf\u00e9rences \u00abDe la transe \u00e0 la Performance \u00bb\u00a9 et d\u00e9veloppe l\u2019axe entre cr\u00e9ativit\u00e9 et \u00e9tat modifi\u00e9 de conscience depuis une quinzaine d&rsquo;ann\u00e9es.<\/p>\n<div class=\"\" data-block=\"true\" data-editor=\"1topt\" data-offset-key=\"55g39-0-0\">\n<div class=\"_1mf _1mj\" data-offset-key=\"55g39-0-0\"><span data-offset-key=\"55g39-0-0\">Flo kardinal travaille depuis plus de 20 ans autour du potentiel cr\u00e9ateur et des outils d&rsquo;\u00e9mancipation de l&rsquo;\u00eatre.<\/span><\/div>\n<\/div>\n<div class=\"\" data-block=\"true\" data-editor=\"1topt\" data-offset-key=\"2qku8-0-0\">\n<div class=\"_1mf _1mj\" data-offset-key=\"2qku8-0-0\"><span data-offset-key=\"2qku8-0-0\">Elle vous transmet les outils pour cr\u00e9er votre Roue\u00a0 M\u00e9decine.\u00a0<\/span><\/div>\n<div data-offset-key=\"2qku8-0-0\">\u00a0<\/div>\n<\/div>\n<figure id=\"attachment_828\" aria-describedby=\"caption-attachment-828\" style=\"width: 640px\" class=\"wp-caption alignnone\"><a href=\"http:\/\/flokardinal.org\/wordpress\/wp-content\/uploads\/2015\/04\/12370717_1077427048964119_91989539693448631_o.jpg\" rel=\"attachment wp-att-828\"><img loading=\"lazy\" decoding=\"async\" class=\"size-full wp-image-828\" src=\"http:\/\/flokardinal.org\/wordpress\/wp-content\/uploads\/2015\/04\/12370717_1077427048964119_91989539693448631_o.jpg\" alt=\"Mongolie avec Enkhetuya\" width=\"640\" height=\"960\" srcset=\"https:\/\/flokardinal.org\/wp-content\/uploads\/2015\/04\/12370717_1077427048964119_91989539693448631_o.jpg 640w, https:\/\/flokardinal.org\/wp-content\/uploads\/2015\/04\/12370717_1077427048964119_91989539693448631_o-200x300.jpg 200w\" sizes=\"auto, (max-width: 640px) 100vw, 640px\" \/><\/a><figcaption id=\"caption-attachment-828\" class=\"wp-caption-text\">Mongolie avec Enkhetuya<\/figcaption><\/figure>\n<figure id=\"attachment_832\" aria-describedby=\"caption-attachment-832\" style=\"width: 800px\" class=\"wp-caption alignnone\"><a href=\"http:\/\/flokardinal.org\/wordpress\/wp-content\/uploads\/2015\/04\/11224422_1031514053555419_2655510041556618816_n.jpg\" rel=\"attachment wp-att-832\"><img loading=\"lazy\" decoding=\"async\" class=\"size-full wp-image-832\" src=\"http:\/\/flokardinal.org\/wordpress\/wp-content\/uploads\/2015\/04\/11224422_1031514053555419_2655510041556618816_n.jpg\" alt=\"FLO WHITE WOLF\" width=\"800\" height=\"533\" srcset=\"https:\/\/flokardinal.org\/wp-content\/uploads\/2015\/04\/11224422_1031514053555419_2655510041556618816_n.jpg 800w, https:\/\/flokardinal.org\/wp-content\/uploads\/2015\/04\/11224422_1031514053555419_2655510041556618816_n-300x200.jpg 300w, https:\/\/flokardinal.org\/wp-content\/uploads\/2015\/04\/11224422_1031514053555419_2655510041556618816_n-768x512.jpg 768w\" sizes=\"auto, (max-width: 800px) 100vw, 800px\" \/><\/a><figcaption id=\"caption-attachment-832\" class=\"wp-caption-text\">FLO WHITE WOLF<\/figcaption><\/figure>\n<p><iframe loading=\"lazy\" title=\"L&#039;OUEST L&#039;EAU R\u00eaves 2\" src=\"https:\/\/player.vimeo.com\/video\/150070334?dnt=1&amp;app_id=122963\" width=\"474\" height=\"267\" frameborder=\"0\" allow=\"autoplay; fullscreen; picture-in-picture; clipboard-write; encrypted-media; web-share\"><\/iframe><\/p>\n\n\n<p><\/p>\n","protected":false},"excerpt":{"rendered":"<p>Flo White Wolf : un parcours de transformation o\u00f9 cr\u00e9ation et transe se conjuguent . Par sa nature d&rsquo;artiste autodidacte et son exp\u00e9rience en tant que chor\u00e9graphe de la Cie Tir Group\u00e9, Flo Kardinal est amen\u00e9e \u00e0 \u00e9tudier les fondations de l&rsquo;\u00e2me humaine ses fonctionnements et sa propension \u00e0 tisser de la mati\u00e8re cr\u00e9ative. Le &hellip; <a href=\"https:\/\/flokardinal.org\/?page_id=147\" class=\"more-link\">Continuer la lecture de <span class=\"screen-reader-text\">Flo White WOLF<\/span>  <span class=\"meta-nav\">&rarr;<\/span><\/a><\/p>\n","protected":false},"author":1,"featured_media":4754,"parent":88,"menu_order":6,"comment_status":"open","ping_status":"open","template":"","meta":{"footnotes":""},"class_list":["post-147","page","type-page","status-publish","has-post-thumbnail","hentry"],"yoast_head":"<!-- This site is optimized with the Yoast SEO plugin v27.3 - https:\/\/yoast.com\/product\/yoast-seo-wordpress\/ -->\n<title>Flo White WOLF - Les danses de la chamane<\/title>\n<meta name=\"description\" content=\"Flo White WOLF les danses de la chamane\" \/>\n<meta name=\"robots\" content=\"index, follow, max-snippet:-1, max-image-preview:large, max-video-preview:-1\" \/>\n<link rel=\"canonical\" href=\"https:\/\/flokardinal.org\/?page_id=147\" \/>\n<meta property=\"og:locale\" content=\"fr_FR\" \/>\n<meta property=\"og:type\" content=\"article\" \/>\n<meta property=\"og:title\" content=\"Flo White WOLF - Les danses de la chamane\" \/>\n<meta property=\"og:description\" content=\"Flo White WOLF les danses de la chamane\" \/>\n<meta property=\"og:url\" content=\"https:\/\/flokardinal.org\/?page_id=147\" \/>\n<meta property=\"og:site_name\" content=\"Les danses de la chamane\" \/>\n<meta property=\"article:modified_time\" content=\"2025-06-12T16:56:17+00:00\" \/>\n<meta property=\"og:image\" content=\"https:\/\/flokardinal.org\/wp-content\/uploads\/2019\/05\/MG_8499choix.jpg\" \/>\n\t<meta property=\"og:image:width\" content=\"555\" \/>\n\t<meta property=\"og:image:height\" content=\"694\" \/>\n\t<meta property=\"og:image:type\" content=\"image\/jpeg\" \/>\n<meta name=\"twitter:card\" content=\"summary_large_image\" \/>\n<meta name=\"twitter:site\" content=\"@kardinal93\" \/>\n<meta name=\"twitter:label1\" content=\"Dur\u00e9e de lecture estim\u00e9e\" \/>\n\t<meta name=\"twitter:data1\" content=\"6 minutes\" \/>\n<script type=\"application\/ld+json\" class=\"yoast-schema-graph\">{\"@context\":\"https:\\\/\\\/schema.org\",\"@graph\":[{\"@type\":\"WebPage\",\"@id\":\"https:\\\/\\\/flokardinal.org\\\/?page_id=147\",\"url\":\"https:\\\/\\\/flokardinal.org\\\/?page_id=147\",\"name\":\"Flo White WOLF - Les danses de la chamane\",\"isPartOf\":{\"@id\":\"https:\\\/\\\/flokardinal.org\\\/#website\"},\"primaryImageOfPage\":{\"@id\":\"https:\\\/\\\/flokardinal.org\\\/?page_id=147#primaryimage\"},\"image\":{\"@id\":\"https:\\\/\\\/flokardinal.org\\\/?page_id=147#primaryimage\"},\"thumbnailUrl\":\"https:\\\/\\\/flokardinal.org\\\/wp-content\\\/uploads\\\/2019\\\/05\\\/MG_8499choix.jpg\",\"datePublished\":\"2015-04-20T19:44:48+00:00\",\"dateModified\":\"2025-06-12T16:56:17+00:00\",\"description\":\"Flo White WOLF les danses de la chamane\",\"breadcrumb\":{\"@id\":\"https:\\\/\\\/flokardinal.org\\\/?page_id=147#breadcrumb\"},\"inLanguage\":\"fr-FR\",\"potentialAction\":[{\"@type\":\"ReadAction\",\"target\":[\"https:\\\/\\\/flokardinal.org\\\/?page_id=147\"]}]},{\"@type\":\"ImageObject\",\"inLanguage\":\"fr-FR\",\"@id\":\"https:\\\/\\\/flokardinal.org\\\/?page_id=147#primaryimage\",\"url\":\"https:\\\/\\\/flokardinal.org\\\/wp-content\\\/uploads\\\/2019\\\/05\\\/MG_8499choix.jpg\",\"contentUrl\":\"https:\\\/\\\/flokardinal.org\\\/wp-content\\\/uploads\\\/2019\\\/05\\\/MG_8499choix.jpg\",\"width\":555,\"height\":694},{\"@type\":\"BreadcrumbList\",\"@id\":\"https:\\\/\\\/flokardinal.org\\\/?page_id=147#breadcrumb\",\"itemListElement\":[{\"@type\":\"ListItem\",\"position\":1,\"name\":\"Accueil\",\"item\":\"https:\\\/\\\/flokardinal.org\\\/\"},{\"@type\":\"ListItem\",\"position\":2,\"name\":\"Flo Kardinal\",\"item\":\"https:\\\/\\\/flokardinal.org\\\/?page_id=88\"},{\"@type\":\"ListItem\",\"position\":3,\"name\":\"Flo White WOLF\"}]},{\"@type\":\"WebSite\",\"@id\":\"https:\\\/\\\/flokardinal.org\\\/#website\",\"url\":\"https:\\\/\\\/flokardinal.org\\\/\",\"name\":\"Les danses de la chamane\",\"description\":\"Le corps cr\u00e9ateur gu\u00e9risseur salvateur\",\"potentialAction\":[{\"@type\":\"SearchAction\",\"target\":{\"@type\":\"EntryPoint\",\"urlTemplate\":\"https:\\\/\\\/flokardinal.org\\\/?s={search_term_string}\"},\"query-input\":{\"@type\":\"PropertyValueSpecification\",\"valueRequired\":true,\"valueName\":\"search_term_string\"}}],\"inLanguage\":\"fr-FR\"}]}<\/script>\n<!-- \/ Yoast SEO plugin. -->","yoast_head_json":{"title":"Flo White WOLF - Les danses de la chamane","description":"Flo White WOLF les danses de la chamane","robots":{"index":"index","follow":"follow","max-snippet":"max-snippet:-1","max-image-preview":"max-image-preview:large","max-video-preview":"max-video-preview:-1"},"canonical":"https:\/\/flokardinal.org\/?page_id=147","og_locale":"fr_FR","og_type":"article","og_title":"Flo White WOLF - Les danses de la chamane","og_description":"Flo White WOLF les danses de la chamane","og_url":"https:\/\/flokardinal.org\/?page_id=147","og_site_name":"Les danses de la chamane","article_modified_time":"2025-06-12T16:56:17+00:00","og_image":[{"width":555,"height":694,"url":"https:\/\/flokardinal.org\/wp-content\/uploads\/2019\/05\/MG_8499choix.jpg","type":"image\/jpeg"}],"twitter_card":"summary_large_image","twitter_site":"@kardinal93","twitter_misc":{"Dur\u00e9e de lecture estim\u00e9e":"6 minutes"},"schema":{"@context":"https:\/\/schema.org","@graph":[{"@type":"WebPage","@id":"https:\/\/flokardinal.org\/?page_id=147","url":"https:\/\/flokardinal.org\/?page_id=147","name":"Flo White WOLF - Les danses de la chamane","isPartOf":{"@id":"https:\/\/flokardinal.org\/#website"},"primaryImageOfPage":{"@id":"https:\/\/flokardinal.org\/?page_id=147#primaryimage"},"image":{"@id":"https:\/\/flokardinal.org\/?page_id=147#primaryimage"},"thumbnailUrl":"https:\/\/flokardinal.org\/wp-content\/uploads\/2019\/05\/MG_8499choix.jpg","datePublished":"2015-04-20T19:44:48+00:00","dateModified":"2025-06-12T16:56:17+00:00","description":"Flo White WOLF les danses de la chamane","breadcrumb":{"@id":"https:\/\/flokardinal.org\/?page_id=147#breadcrumb"},"inLanguage":"fr-FR","potentialAction":[{"@type":"ReadAction","target":["https:\/\/flokardinal.org\/?page_id=147"]}]},{"@type":"ImageObject","inLanguage":"fr-FR","@id":"https:\/\/flokardinal.org\/?page_id=147#primaryimage","url":"https:\/\/flokardinal.org\/wp-content\/uploads\/2019\/05\/MG_8499choix.jpg","contentUrl":"https:\/\/flokardinal.org\/wp-content\/uploads\/2019\/05\/MG_8499choix.jpg","width":555,"height":694},{"@type":"BreadcrumbList","@id":"https:\/\/flokardinal.org\/?page_id=147#breadcrumb","itemListElement":[{"@type":"ListItem","position":1,"name":"Accueil","item":"https:\/\/flokardinal.org\/"},{"@type":"ListItem","position":2,"name":"Flo Kardinal","item":"https:\/\/flokardinal.org\/?page_id=88"},{"@type":"ListItem","position":3,"name":"Flo White WOLF"}]},{"@type":"WebSite","@id":"https:\/\/flokardinal.org\/#website","url":"https:\/\/flokardinal.org\/","name":"Les danses de la chamane","description":"Le corps cr\u00e9ateur gu\u00e9risseur salvateur","potentialAction":[{"@type":"SearchAction","target":{"@type":"EntryPoint","urlTemplate":"https:\/\/flokardinal.org\/?s={search_term_string}"},"query-input":{"@type":"PropertyValueSpecification","valueRequired":true,"valueName":"search_term_string"}}],"inLanguage":"fr-FR"}]}},"_links":{"self":[{"href":"https:\/\/flokardinal.org\/index.php?rest_route=\/wp\/v2\/pages\/147","targetHints":{"allow":["GET"]}}],"collection":[{"href":"https:\/\/flokardinal.org\/index.php?rest_route=\/wp\/v2\/pages"}],"about":[{"href":"https:\/\/flokardinal.org\/index.php?rest_route=\/wp\/v2\/types\/page"}],"author":[{"embeddable":true,"href":"https:\/\/flokardinal.org\/index.php?rest_route=\/wp\/v2\/users\/1"}],"replies":[{"embeddable":true,"href":"https:\/\/flokardinal.org\/index.php?rest_route=%2Fwp%2Fv2%2Fcomments&post=147"}],"version-history":[{"count":53,"href":"https:\/\/flokardinal.org\/index.php?rest_route=\/wp\/v2\/pages\/147\/revisions"}],"predecessor-version":[{"id":9960,"href":"https:\/\/flokardinal.org\/index.php?rest_route=\/wp\/v2\/pages\/147\/revisions\/9960"}],"up":[{"embeddable":true,"href":"https:\/\/flokardinal.org\/index.php?rest_route=\/wp\/v2\/pages\/88"}],"wp:featuredmedia":[{"embeddable":true,"href":"https:\/\/flokardinal.org\/index.php?rest_route=\/wp\/v2\/media\/4754"}],"wp:attachment":[{"href":"https:\/\/flokardinal.org\/index.php?rest_route=%2Fwp%2Fv2%2Fmedia&parent=147"}],"curies":[{"name":"wp","href":"https:\/\/api.w.org\/{rel}","templated":true}]}}