{"id":9364,"date":"2023-09-03T12:51:28","date_gmt":"2023-09-03T11:51:28","guid":{"rendered":"http:\/\/flokardinal.org\/?page_id=9364"},"modified":"2024-04-30T12:43:07","modified_gmt":"2024-04-30T11:43:07","slug":"rencontres-avec-myagaa","status":"publish","type":"page","link":"http:\/\/flokardinal.org\/?page_id=9364","title":{"rendered":"RENCONTRES avec MYAGAA \u00e0 PARIS"},"content":{"rendered":"\n<figure class=\"wp-block-image size-large\"><a href=\"http:\/\/flokardinal.org\/wp-content\/uploads\/2023\/09\/lInitiation-Mongole-2023-11-109-scaled.jpg\"><img loading=\"lazy\" decoding=\"async\" width=\"1024\" height=\"768\" src=\"http:\/\/flokardinal.org\/wp-content\/uploads\/2023\/09\/lInitiation-Mongole-2023-11-109-1024x768.jpg\" alt=\"\" class=\"wp-image-9368\" srcset=\"http:\/\/flokardinal.org\/wp-content\/uploads\/2023\/09\/lInitiation-Mongole-2023-11-109-1024x768.jpg 1024w, http:\/\/flokardinal.org\/wp-content\/uploads\/2023\/09\/lInitiation-Mongole-2023-11-109-300x225.jpg 300w, http:\/\/flokardinal.org\/wp-content\/uploads\/2023\/09\/lInitiation-Mongole-2023-11-109-768x576.jpg 768w, http:\/\/flokardinal.org\/wp-content\/uploads\/2023\/09\/lInitiation-Mongole-2023-11-109-1536x1152.jpg 1536w, http:\/\/flokardinal.org\/wp-content\/uploads\/2023\/09\/lInitiation-Mongole-2023-11-109-2048x1536.jpg 2048w\" sizes=\"auto, (max-width: 1024px) 100vw, 1024px\" \/><\/a><\/figure>\n\n\n\n<p class=\"has-medium-font-size\">Bonjour \u00e0 tou-tes, une petite pr\u00e9sentation pour vous situer le projet :<\/p>\n\n\n\n<p class=\"has-medium-font-size\">Je pratique l&rsquo;accompagnement par la voie chamanique depuis plus de 15 ans et mes recherches autour des transes par mon m\u00e9tier de danseuse et de chor\u00e9graphe datent d\u00e9j\u00e0 depuis une trentaine d&rsquo;ann\u00e9es .<\/p>\n\n\n\n<p class=\"has-medium-font-size\">A l&rsquo;occasion de mes voyages et accompagnements d&rsquo;artistes j&rsquo;ai voyag\u00e9 en Afrique , ma premi\u00e8re terre de connexion aux Esprits et \u00e0 la relation Homme-Nature ,cela a nourri le socle de mes recherches ,  j&rsquo;ai d\u00e9velopp\u00e9 une m\u00e9thode , \u00e9tant artiste, LA SECOUSSE LIBRE reliant  nos visions et leurs r\u00e9alisations que je transmets depuis 20 ans <\/p>\n\n\n\n<p class=\"has-medium-font-size\">Puis vint la rencontre avec la sagesse des peuples premiers et ma nomination \u00ab\u00a0femme m\u00e9decine-chamane \u00a0\u00bb par une femme m\u00e9decine  cheyenne et enfin mon voyage en terres mongoles : tout ceci semblant \u00eatre le fruit du hasard .<\/p>\n\n\n\n<p class=\"has-medium-font-size\"> A chaque passage dans les communaut\u00e9s , la rencontre s&rsquo;est faite par le corps et les danses , et ces danses , ces transes nous relient dans le point des visions et des gu\u00e9risons.<\/p>\n\n\n\n<p class=\"has-medium-font-size\">Je rencontre Enkhtuya Ragchaa , chamane mongole de la tribu des tsataans en 2015 en terres mongoles o\u00f9 d&rsquo;ailleurs je me lie d&rsquo;amiti\u00e9 avec Bujin , qui m&rsquo;accompagne encore aujourd&rsquo;hui dans les ponts entre cultures pour traduire nos \u00e9changes . C&rsquo;est de suite un lien puissant et fort et Enkhtuya me demande de revenir pour \u00eatre initi\u00e9e aux rituels des chamanes c\u00e9lestes .Je fais tout pour la rejoindre et cr\u00e9e le projet L&rsquo;Exp\u00e9rience Mongole en 2018  <\/p>\n\n\n\n<p class=\"has-medium-font-size\">Apr\u00e8s avoir mis en place une premi\u00e8re rencontre en  France en 2022 \u00e0 Paris gr\u00e2ce au programme \u00ab\u00a0Mongolie Mon Amour\u00a0\u00bb, ce sera cette ann\u00e9e au tour de Myagaa , le plus ancien \u00e9l\u00e9ve d&rsquo;Enkhtuya et grand zairan rencontr\u00e9 il y a 2 ans en Mongolie , de venir partager sa culture et sa m\u00e9decine \u00e0 Paris . <\/p>\n\n\n\n<p class=\"has-medium-font-size\"><em>Ce programme n&rsquo;est pas une initiation<\/em>.<\/p>\n\n\n\n<figure class=\"wp-block-image size-full\"><a href=\"http:\/\/flokardinal.org\/wp-content\/uploads\/2023\/08\/P7030047-1024x768-1-rotated.jpg\"><img loading=\"lazy\" decoding=\"async\" width=\"768\" height=\"1024\" src=\"http:\/\/flokardinal.org\/wp-content\/uploads\/2023\/08\/P7030047-1024x768-1-rotated.jpg\" alt=\"\" class=\"wp-image-9233\" srcset=\"http:\/\/flokardinal.org\/wp-content\/uploads\/2023\/08\/P7030047-1024x768-1-rotated.jpg 768w, http:\/\/flokardinal.org\/wp-content\/uploads\/2023\/08\/P7030047-1024x768-1-225x300.jpg 225w\" sizes=\"auto, (max-width: 768px) 100vw, 768px\" \/><\/a><\/figure>\n\n\n\n<p class=\"has-pale-ocean-gradient-background has-background has-medium-font-size\">       <strong>LE  PROGRAMME <\/strong> <strong>Mongolie Mon Amour \u00ae\u2122<\/strong><\/p>\n\n\n\n<p class=\"has-black-color has-luminous-dusk-gradient-background has-text-color has-background has-medium-font-size\">               <strong>        UNE RENCONTRE AVEC MYAGAA <\/strong><\/p>\n\n\n\n<figure class=\"wp-block-image size-large\"><a href=\"http:\/\/flokardinal.org\/wp-content\/uploads\/2023\/08\/IMG_20230619_110604-scaled.jpg\"><img loading=\"lazy\" decoding=\"async\" width=\"771\" height=\"1024\" src=\"http:\/\/flokardinal.org\/wp-content\/uploads\/2023\/08\/IMG_20230619_110604-771x1024.jpg\" alt=\"Zairan Myagaa\" class=\"wp-image-9232\" srcset=\"http:\/\/flokardinal.org\/wp-content\/uploads\/2023\/08\/IMG_20230619_110604-771x1024.jpg 771w, http:\/\/flokardinal.org\/wp-content\/uploads\/2023\/08\/IMG_20230619_110604-226x300.jpg 226w, http:\/\/flokardinal.org\/wp-content\/uploads\/2023\/08\/IMG_20230619_110604-768x1020.jpg 768w, http:\/\/flokardinal.org\/wp-content\/uploads\/2023\/08\/IMG_20230619_110604-1157x1536.jpg 1157w, http:\/\/flokardinal.org\/wp-content\/uploads\/2023\/08\/IMG_20230619_110604-1542x2048.jpg 1542w, http:\/\/flokardinal.org\/wp-content\/uploads\/2023\/08\/IMG_20230619_110604-scaled.jpg 1928w\" sizes=\"auto, (max-width: 771px) 100vw, 771px\" \/><\/a><\/figure>\n\n\n\n<p class=\"has-medium-font-size\"><\/p>\n\n\n\n<figure class=\"wp-block-image size-full\"><a href=\"http:\/\/flokardinal.org\/wp-content\/uploads\/2023\/08\/294763307_611546283724744_6571029817656001993_n-1024x576-1.jpg\"><img loading=\"lazy\" decoding=\"async\" width=\"1024\" height=\"576\" src=\"http:\/\/flokardinal.org\/wp-content\/uploads\/2023\/08\/294763307_611546283724744_6571029817656001993_n-1024x576-1.jpg\" alt=\"\" class=\"wp-image-9235\" srcset=\"http:\/\/flokardinal.org\/wp-content\/uploads\/2023\/08\/294763307_611546283724744_6571029817656001993_n-1024x576-1.jpg 1024w, http:\/\/flokardinal.org\/wp-content\/uploads\/2023\/08\/294763307_611546283724744_6571029817656001993_n-1024x576-1-300x169.jpg 300w, http:\/\/flokardinal.org\/wp-content\/uploads\/2023\/08\/294763307_611546283724744_6571029817656001993_n-1024x576-1-768x432.jpg 768w\" sizes=\"auto, (max-width: 1024px) 100vw, 1024px\" \/><\/a><\/figure>\n\n\n\n<p class=\"has-medium-font-size\"><\/p>\n\n\n\n<figure class=\"wp-block-image size-large\"><a href=\"http:\/\/flokardinal.org\/wp-content\/uploads\/2023\/08\/lInitiation-Mongole-2023-11-32-scaled.jpg\"><img loading=\"lazy\" decoding=\"async\" width=\"1024\" height=\"768\" src=\"http:\/\/flokardinal.org\/wp-content\/uploads\/2023\/08\/lInitiation-Mongole-2023-11-32-1024x768.jpg\" alt=\"\" class=\"wp-image-9240\" srcset=\"http:\/\/flokardinal.org\/wp-content\/uploads\/2023\/08\/lInitiation-Mongole-2023-11-32-1024x768.jpg 1024w, http:\/\/flokardinal.org\/wp-content\/uploads\/2023\/08\/lInitiation-Mongole-2023-11-32-300x225.jpg 300w, http:\/\/flokardinal.org\/wp-content\/uploads\/2023\/08\/lInitiation-Mongole-2023-11-32-768x576.jpg 768w, http:\/\/flokardinal.org\/wp-content\/uploads\/2023\/08\/lInitiation-Mongole-2023-11-32-1536x1152.jpg 1536w, http:\/\/flokardinal.org\/wp-content\/uploads\/2023\/08\/lInitiation-Mongole-2023-11-32-2048x1536.jpg 2048w\" sizes=\"auto, (max-width: 1024px) 100vw, 1024px\" \/><\/a><\/figure>\n\n\n\n<p class=\"has-medium-font-size\"><\/p>\n\n\n\n<p class=\"has-cool-to-warm-spectrum-gradient-background has-background has-medium-font-size\">  <strong>CONTACT lexperiencemongole@gmail.com <\/strong><\/p>\n\n\n\n<p class=\"has-very-light-gray-to-cyan-bluish-gray-gradient-background has-background has-medium-font-size\">                     <strong>Qui est Flo Kardinal <\/strong>? &#8211;  <strong>Cie Tir Group\u00e9 <\/strong><\/p>\n\n\n\n<pre id=\"block-7c06ace2-c8df-47ea-9915-f03e8f7ed4c1\" class=\"wp-block-preformatted has-very-light-gray-to-cyan-bluish-gray-gradient-background has-background\">Flo kardinal est chor\u00e9graphe femme m\u00e9decine et enseignante, elle travaille depuis 30 ans autour de la transe, du corps, du potentiel cr\u00e9ateur et des outils d'\u00e9mancipation de l'\u00eatre. Elle vous transmet les outils pour cr\u00e9er votre Roue  M\u00e9decine et votre cartographie afin de voyager dans les mondes pluriels .\n\nDes terres d'Afrique, en passant par l'enseignement des Native am\u00e9rindiens pour rejoindre l'esprit des Chamanes mongoles, Flo Kardinal de son nom de femme m\u00e9decine Flo White Wolf&nbsp;a travers\u00e9 l'initiation. Elle vous guidera sur le chemin de la voie des gu\u00e9risseurs et de la m\u00e9decine de l'\u00e2me avec l'esprit ouvert d'\u00eatre fid\u00e8le \u00e0 votre r\u00e9alit\u00e9.\n\n\u00ab&nbsp;<em>Je m'appelle Flo Kardinal. Je suis chor\u00e9graphe. Ma particularit\u00e9 est d'\u00eatre une artiste autodidacte, j'ai cherch\u00e9 les outils qui me permettraient de cr\u00e9er au niveau de mon imaginaire. Je les ai trouv\u00e9s sur mon chemin d'exploration, ils m'ont permis de cr\u00e9er au plus proche de ma Nature et donc librement. Ce sont Les outils de ma transformation en tant qu'artiste et en tant qu'\u00eatre humain. Aujourd'hui j'ai trouv\u00e9 et pens\u00e9 l'espace pour vous les r\u00e9v\u00e9ler<\/em>\u00bb\u00a9Flo Kardinal\n<\/pre>\n\n\n\n<figure class=\"wp-block-image size-full\"><a href=\"http:\/\/flokardinal.org\/wp-content\/uploads\/2023\/09\/IMG-20230706-WA0018.jpg\"><img loading=\"lazy\" decoding=\"async\" width=\"1200\" height=\"1600\" src=\"http:\/\/flokardinal.org\/wp-content\/uploads\/2023\/09\/IMG-20230706-WA0018.jpg\" alt=\"\" class=\"wp-image-9430\" srcset=\"http:\/\/flokardinal.org\/wp-content\/uploads\/2023\/09\/IMG-20230706-WA0018.jpg 1200w, http:\/\/flokardinal.org\/wp-content\/uploads\/2023\/09\/IMG-20230706-WA0018-225x300.jpg 225w, http:\/\/flokardinal.org\/wp-content\/uploads\/2023\/09\/IMG-20230706-WA0018-768x1024.jpg 768w, http:\/\/flokardinal.org\/wp-content\/uploads\/2023\/09\/IMG-20230706-WA0018-1152x1536.jpg 1152w\" sizes=\"auto, (max-width: 1200px) 100vw, 1200px\" \/><\/a><\/figure>\n\n\n\n<p class=\"has-small-font-size\">Photo  C\u00e9lia de Sousa dans le cadre de L\u2019initiation mongole\u00ae\u2122\/Cie Tir Group\u00e9 2023 \/ <\/p>\n\n\n\n<figure class=\"wp-block-image size-full\"><a href=\"http:\/\/flokardinal.org\/wp-content\/uploads\/2023\/09\/OIP.jpeg\"><img loading=\"lazy\" decoding=\"async\" width=\"392\" height=\"234\" src=\"http:\/\/flokardinal.org\/wp-content\/uploads\/2023\/09\/OIP.jpeg\" alt=\"\" class=\"wp-image-9532\" srcset=\"http:\/\/flokardinal.org\/wp-content\/uploads\/2023\/09\/OIP.jpeg 392w, http:\/\/flokardinal.org\/wp-content\/uploads\/2023\/09\/OIP-300x179.jpeg 300w\" sizes=\"auto, (max-width: 392px) 100vw, 392px\" \/><\/a><\/figure>\n\n\n\n<p class=\"has-light-gray-background-color has-background has-small-font-size\">Les Danses de la Chamane\u00ae\u2122 et L&rsquo;Exp\u00e9rience Mongole\u00ae\u2122 et L&rsquo;Initiation Mongole\u00ae\u2122 sont d\u00e9pos\u00e9es dans leur concept, leur contenu et leur titres et prot\u00e9g\u00e9es selon les lois en vigueur Ils sont l&rsquo;oeuvres de Flo Kardinal @Copyrights Cie Tir group\u00e9 \/tous droits r\u00e9serv\u00e9s \/2015-2018-2022<\/p>\n\n\n\n<figure class=\"wp-block-image size-large is-resized\"><a href=\"http:\/\/flokardinal.org\/wp-content\/uploads\/2023\/09\/Photo03_3-Mong-Flo-2-@-scaled.jpg\"><img loading=\"lazy\" decoding=\"async\" width=\"1024\" height=\"1020\" src=\"http:\/\/flokardinal.org\/wp-content\/uploads\/2023\/09\/Photo03_3-Mong-Flo-2-@-1024x1020.jpg\" alt=\"\" class=\"wp-image-9423\" style=\"width:800px;height:796px\" srcset=\"http:\/\/flokardinal.org\/wp-content\/uploads\/2023\/09\/Photo03_3-Mong-Flo-2-@-1024x1020.jpg 1024w, http:\/\/flokardinal.org\/wp-content\/uploads\/2023\/09\/Photo03_3-Mong-Flo-2-@-300x300.jpg 300w, http:\/\/flokardinal.org\/wp-content\/uploads\/2023\/09\/Photo03_3-Mong-Flo-2-@-150x150.jpg 150w, http:\/\/flokardinal.org\/wp-content\/uploads\/2023\/09\/Photo03_3-Mong-Flo-2-@-768x765.jpg 768w, http:\/\/flokardinal.org\/wp-content\/uploads\/2023\/09\/Photo03_3-Mong-Flo-2-@-1536x1530.jpg 1536w, http:\/\/flokardinal.org\/wp-content\/uploads\/2023\/09\/Photo03_3-Mong-Flo-2-@-2048x2040.jpg 2048w\" sizes=\"auto, (max-width: 1024px) 100vw, 1024px\" \/><\/a><\/figure>\n\n\n\n<figure class=\"wp-block-image size-large\"><a href=\"http:\/\/flokardinal.org\/wp-content\/uploads\/2023\/09\/IMG_20220706_113114-scaled.jpg\"><img loading=\"lazy\" decoding=\"async\" width=\"768\" height=\"1024\" src=\"http:\/\/flokardinal.org\/wp-content\/uploads\/2023\/09\/IMG_20220706_113114-768x1024.jpg\" alt=\"\" class=\"wp-image-9425\" srcset=\"http:\/\/flokardinal.org\/wp-content\/uploads\/2023\/09\/IMG_20220706_113114-768x1024.jpg 768w, http:\/\/flokardinal.org\/wp-content\/uploads\/2023\/09\/IMG_20220706_113114-225x300.jpg 225w, http:\/\/flokardinal.org\/wp-content\/uploads\/2023\/09\/IMG_20220706_113114-1152x1536.jpg 1152w, http:\/\/flokardinal.org\/wp-content\/uploads\/2023\/09\/IMG_20220706_113114-1536x2048.jpg 1536w, http:\/\/flokardinal.org\/wp-content\/uploads\/2023\/09\/IMG_20220706_113114-scaled.jpg 1920w\" sizes=\"auto, (max-width: 768px) 100vw, 768px\" \/><\/a><\/figure>\n\n\n\n<p class=\"has-cool-to-warm-spectrum-gradient-background has-background has-medium-font-size\"><strong>D\u00e9dicace \u00e0 mon enseignante en chamanisme mongol  Enkhtuya Ragchaa <\/strong><\/p>\n\n\n\n<figure class=\"wp-block-image size-large\"><a href=\"http:\/\/flokardinal.org\/wp-content\/uploads\/2023\/09\/IMG-20230706-WA0032.jpg\"><img loading=\"lazy\" decoding=\"async\" width=\"768\" height=\"1024\" src=\"http:\/\/flokardinal.org\/wp-content\/uploads\/2023\/09\/IMG-20230706-WA0032-768x1024.jpg\" alt=\"\" class=\"wp-image-9427\" srcset=\"http:\/\/flokardinal.org\/wp-content\/uploads\/2023\/09\/IMG-20230706-WA0032-768x1024.jpg 768w, http:\/\/flokardinal.org\/wp-content\/uploads\/2023\/09\/IMG-20230706-WA0032-225x300.jpg 225w, http:\/\/flokardinal.org\/wp-content\/uploads\/2023\/09\/IMG-20230706-WA0032-1152x1536.jpg 1152w, http:\/\/flokardinal.org\/wp-content\/uploads\/2023\/09\/IMG-20230706-WA0032.jpg 1200w\" sizes=\"auto, (max-width: 768px) 100vw, 768px\" \/><\/a><\/figure>\n\n\n\n<p class=\"has-small-font-size\">Photo C\u00e9lia de Sousa dans le cadre de L\u2019initiation mongole\u00ae\u2122\/Cie Tir Group\u00e9 \/2023 <\/p>\n\n\n\n<p>Gratitude \u00e0 mon enseignante Enkhtuya Ragchaa : photo Mongolie 2023 <\/p>\n","protected":false},"excerpt":{"rendered":"<p>Bonjour \u00e0 tou-tes, une petite pr\u00e9sentation pour vous situer le projet : Je pratique l&rsquo;accompagnement par la voie chamanique depuis plus de 15 ans et mes recherches autour des transes par mon m\u00e9tier de danseuse et de chor\u00e9graphe datent d\u00e9j\u00e0 depuis une trentaine d&rsquo;ann\u00e9es . A l&rsquo;occasion de mes voyages et accompagnements d&rsquo;artistes j&rsquo;ai voyag\u00e9 &hellip; <a href=\"http:\/\/flokardinal.org\/?page_id=9364\" class=\"more-link\">Continuer la lecture de <span class=\"screen-reader-text\">RENCONTRES avec MYAGAA \u00e0 PARIS<\/span>  <span class=\"meta-nav\">&rarr;<\/span><\/a><\/p>\n","protected":false},"author":1,"featured_media":9366,"parent":8032,"menu_order":5,"comment_status":"closed","ping_status":"closed","template":"","meta":{"footnotes":""},"class_list":["post-9364","page","type-page","status-publish","has-post-thumbnail","hentry"],"yoast_head":"<!-- This site is optimized with the Yoast SEO plugin v27.3 - https:\/\/yoast.com\/product\/yoast-seo-wordpress\/ -->\n<title>RENCONTRES avec MYAGAA \u00e0 PARIS - Les danses de la chamane<\/title>\n<meta name=\"robots\" content=\"index, follow, max-snippet:-1, max-image-preview:large, max-video-preview:-1\" \/>\n<link rel=\"canonical\" href=\"https:\/\/flokardinal.org\/?page_id=9364\" \/>\n<meta property=\"og:locale\" content=\"fr_FR\" \/>\n<meta property=\"og:type\" content=\"article\" \/>\n<meta property=\"og:title\" content=\"RENCONTRES avec MYAGAA \u00e0 PARIS - Les danses de la chamane\" \/>\n<meta property=\"og:description\" content=\"Bonjour \u00e0 tou-tes, une petite pr\u00e9sentation pour vous situer le projet : Je pratique l&rsquo;accompagnement par la voie chamanique depuis plus de 15 ans et mes recherches autour des transes par mon m\u00e9tier de danseuse et de chor\u00e9graphe datent d\u00e9j\u00e0 depuis une trentaine d&rsquo;ann\u00e9es . A l&rsquo;occasion de mes voyages et accompagnements d&rsquo;artistes j&rsquo;ai voyag\u00e9 &hellip; Continuer la lecture de RENCONTRES avec MYAGAA \u00e0 PARIS &rarr;\" \/>\n<meta property=\"og:url\" content=\"https:\/\/flokardinal.org\/?page_id=9364\" \/>\n<meta property=\"og:site_name\" content=\"Les danses de la chamane\" \/>\n<meta property=\"article:modified_time\" content=\"2024-04-30T11:43:07+00:00\" \/>\n<meta property=\"og:image\" content=\"https:\/\/flokardinal.org\/wp-content\/uploads\/2023\/09\/P7030061-1024x768-1.jpg\" \/>\n\t<meta property=\"og:image:width\" content=\"1024\" \/>\n\t<meta property=\"og:image:height\" content=\"768\" \/>\n\t<meta property=\"og:image:type\" content=\"image\/jpeg\" \/>\n<meta name=\"twitter:card\" content=\"summary_large_image\" \/>\n<meta name=\"twitter:site\" content=\"@kardinal93\" \/>\n<meta name=\"twitter:label1\" content=\"Dur\u00e9e de lecture estim\u00e9e\" \/>\n\t<meta name=\"twitter:data1\" content=\"5 minutes\" \/>\n<script type=\"application\/ld+json\" class=\"yoast-schema-graph\">{\"@context\":\"https:\\\/\\\/schema.org\",\"@graph\":[{\"@type\":\"WebPage\",\"@id\":\"https:\\\/\\\/flokardinal.org\\\/?page_id=9364\",\"url\":\"https:\\\/\\\/flokardinal.org\\\/?page_id=9364\",\"name\":\"RENCONTRES avec MYAGAA \u00e0 PARIS - Les danses de la chamane\",\"isPartOf\":{\"@id\":\"http:\\\/\\\/flokardinal.org\\\/#website\"},\"primaryImageOfPage\":{\"@id\":\"https:\\\/\\\/flokardinal.org\\\/?page_id=9364#primaryimage\"},\"image\":{\"@id\":\"https:\\\/\\\/flokardinal.org\\\/?page_id=9364#primaryimage\"},\"thumbnailUrl\":\"http:\\\/\\\/flokardinal.org\\\/wp-content\\\/uploads\\\/2023\\\/09\\\/P7030061-1024x768-1.jpg\",\"datePublished\":\"2023-09-03T11:51:28+00:00\",\"dateModified\":\"2024-04-30T11:43:07+00:00\",\"breadcrumb\":{\"@id\":\"https:\\\/\\\/flokardinal.org\\\/?page_id=9364#breadcrumb\"},\"inLanguage\":\"fr-FR\",\"potentialAction\":[{\"@type\":\"ReadAction\",\"target\":[\"https:\\\/\\\/flokardinal.org\\\/?page_id=9364\"]}]},{\"@type\":\"ImageObject\",\"inLanguage\":\"fr-FR\",\"@id\":\"https:\\\/\\\/flokardinal.org\\\/?page_id=9364#primaryimage\",\"url\":\"http:\\\/\\\/flokardinal.org\\\/wp-content\\\/uploads\\\/2023\\\/09\\\/P7030061-1024x768-1.jpg\",\"contentUrl\":\"http:\\\/\\\/flokardinal.org\\\/wp-content\\\/uploads\\\/2023\\\/09\\\/P7030061-1024x768-1.jpg\",\"width\":1024,\"height\":768,\"caption\":\"OLYMPUS DIGITAL CAMERA\"},{\"@type\":\"BreadcrumbList\",\"@id\":\"https:\\\/\\\/flokardinal.org\\\/?page_id=9364#breadcrumb\",\"itemListElement\":[{\"@type\":\"ListItem\",\"position\":1,\"name\":\"Accueil\",\"item\":\"http:\\\/\\\/flokardinal.org\\\/\"},{\"@type\":\"ListItem\",\"position\":2,\"name\":\"Les Grandes Travers\u00e9es\",\"item\":\"https:\\\/\\\/flokardinal.org\\\/?page_id=8032\"},{\"@type\":\"ListItem\",\"position\":3,\"name\":\"RENCONTRES avec MYAGAA \u00e0 PARIS\"}]},{\"@type\":\"WebSite\",\"@id\":\"http:\\\/\\\/flokardinal.org\\\/#website\",\"url\":\"http:\\\/\\\/flokardinal.org\\\/\",\"name\":\"Les danses de la chamane\",\"description\":\"Le corps cr\u00e9ateur gu\u00e9risseur salvateur\",\"potentialAction\":[{\"@type\":\"SearchAction\",\"target\":{\"@type\":\"EntryPoint\",\"urlTemplate\":\"http:\\\/\\\/flokardinal.org\\\/?s={search_term_string}\"},\"query-input\":{\"@type\":\"PropertyValueSpecification\",\"valueRequired\":true,\"valueName\":\"search_term_string\"}}],\"inLanguage\":\"fr-FR\"}]}<\/script>\n<!-- \/ Yoast SEO plugin. -->","yoast_head_json":{"title":"RENCONTRES avec MYAGAA \u00e0 PARIS - Les danses de la chamane","robots":{"index":"index","follow":"follow","max-snippet":"max-snippet:-1","max-image-preview":"max-image-preview:large","max-video-preview":"max-video-preview:-1"},"canonical":"https:\/\/flokardinal.org\/?page_id=9364","og_locale":"fr_FR","og_type":"article","og_title":"RENCONTRES avec MYAGAA \u00e0 PARIS - Les danses de la chamane","og_description":"Bonjour \u00e0 tou-tes, une petite pr\u00e9sentation pour vous situer le projet : Je pratique l&rsquo;accompagnement par la voie chamanique depuis plus de 15 ans et mes recherches autour des transes par mon m\u00e9tier de danseuse et de chor\u00e9graphe datent d\u00e9j\u00e0 depuis une trentaine d&rsquo;ann\u00e9es . A l&rsquo;occasion de mes voyages et accompagnements d&rsquo;artistes j&rsquo;ai voyag\u00e9 &hellip; Continuer la lecture de RENCONTRES avec MYAGAA \u00e0 PARIS &rarr;","og_url":"https:\/\/flokardinal.org\/?page_id=9364","og_site_name":"Les danses de la chamane","article_modified_time":"2024-04-30T11:43:07+00:00","og_image":[{"width":1024,"height":768,"url":"https:\/\/flokardinal.org\/wp-content\/uploads\/2023\/09\/P7030061-1024x768-1.jpg","type":"image\/jpeg"}],"twitter_card":"summary_large_image","twitter_site":"@kardinal93","twitter_misc":{"Dur\u00e9e de lecture estim\u00e9e":"5 minutes"},"schema":{"@context":"https:\/\/schema.org","@graph":[{"@type":"WebPage","@id":"https:\/\/flokardinal.org\/?page_id=9364","url":"https:\/\/flokardinal.org\/?page_id=9364","name":"RENCONTRES avec MYAGAA \u00e0 PARIS - Les danses de la chamane","isPartOf":{"@id":"http:\/\/flokardinal.org\/#website"},"primaryImageOfPage":{"@id":"https:\/\/flokardinal.org\/?page_id=9364#primaryimage"},"image":{"@id":"https:\/\/flokardinal.org\/?page_id=9364#primaryimage"},"thumbnailUrl":"http:\/\/flokardinal.org\/wp-content\/uploads\/2023\/09\/P7030061-1024x768-1.jpg","datePublished":"2023-09-03T11:51:28+00:00","dateModified":"2024-04-30T11:43:07+00:00","breadcrumb":{"@id":"https:\/\/flokardinal.org\/?page_id=9364#breadcrumb"},"inLanguage":"fr-FR","potentialAction":[{"@type":"ReadAction","target":["https:\/\/flokardinal.org\/?page_id=9364"]}]},{"@type":"ImageObject","inLanguage":"fr-FR","@id":"https:\/\/flokardinal.org\/?page_id=9364#primaryimage","url":"http:\/\/flokardinal.org\/wp-content\/uploads\/2023\/09\/P7030061-1024x768-1.jpg","contentUrl":"http:\/\/flokardinal.org\/wp-content\/uploads\/2023\/09\/P7030061-1024x768-1.jpg","width":1024,"height":768,"caption":"OLYMPUS DIGITAL CAMERA"},{"@type":"BreadcrumbList","@id":"https:\/\/flokardinal.org\/?page_id=9364#breadcrumb","itemListElement":[{"@type":"ListItem","position":1,"name":"Accueil","item":"http:\/\/flokardinal.org\/"},{"@type":"ListItem","position":2,"name":"Les Grandes Travers\u00e9es","item":"https:\/\/flokardinal.org\/?page_id=8032"},{"@type":"ListItem","position":3,"name":"RENCONTRES avec MYAGAA \u00e0 PARIS"}]},{"@type":"WebSite","@id":"http:\/\/flokardinal.org\/#website","url":"http:\/\/flokardinal.org\/","name":"Les danses de la chamane","description":"Le corps cr\u00e9ateur gu\u00e9risseur salvateur","potentialAction":[{"@type":"SearchAction","target":{"@type":"EntryPoint","urlTemplate":"http:\/\/flokardinal.org\/?s={search_term_string}"},"query-input":{"@type":"PropertyValueSpecification","valueRequired":true,"valueName":"search_term_string"}}],"inLanguage":"fr-FR"}]}},"_links":{"self":[{"href":"http:\/\/flokardinal.org\/index.php?rest_route=\/wp\/v2\/pages\/9364","targetHints":{"allow":["GET"]}}],"collection":[{"href":"http:\/\/flokardinal.org\/index.php?rest_route=\/wp\/v2\/pages"}],"about":[{"href":"http:\/\/flokardinal.org\/index.php?rest_route=\/wp\/v2\/types\/page"}],"author":[{"embeddable":true,"href":"http:\/\/flokardinal.org\/index.php?rest_route=\/wp\/v2\/users\/1"}],"replies":[{"embeddable":true,"href":"http:\/\/flokardinal.org\/index.php?rest_route=%2Fwp%2Fv2%2Fcomments&post=9364"}],"version-history":[{"count":44,"href":"http:\/\/flokardinal.org\/index.php?rest_route=\/wp\/v2\/pages\/9364\/revisions"}],"predecessor-version":[{"id":9709,"href":"http:\/\/flokardinal.org\/index.php?rest_route=\/wp\/v2\/pages\/9364\/revisions\/9709"}],"up":[{"embeddable":true,"href":"http:\/\/flokardinal.org\/index.php?rest_route=\/wp\/v2\/pages\/8032"}],"wp:featuredmedia":[{"embeddable":true,"href":"http:\/\/flokardinal.org\/index.php?rest_route=\/wp\/v2\/media\/9366"}],"wp:attachment":[{"href":"http:\/\/flokardinal.org\/index.php?rest_route=%2Fwp%2Fv2%2Fmedia&parent=9364"}],"curies":[{"name":"wp","href":"https:\/\/api.w.org\/{rel}","templated":true}]}}