{"id":7791,"date":"2021-03-15T18:02:06","date_gmt":"2021-03-15T17:02:06","guid":{"rendered":"http:\/\/flokardinal.org\/wordpress\/?page_id=7791"},"modified":"2021-03-15T18:20:50","modified_gmt":"2021-03-15T17:20:50","slug":"sous-le-masque","status":"publish","type":"page","link":"http:\/\/flokardinal.org\/?page_id=7791","title":{"rendered":"SOUS LE MASQUE"},"content":{"rendered":"\n<figure class=\"wp-block-image\"><img loading=\"lazy\" decoding=\"async\" width=\"999\" height=\"666\" src=\"http:\/\/flokardinal.org\/wordpress\/wp-content\/uploads\/2021\/03\/965571_361619587273206_503761099_o.jpg\" alt=\"\" class=\"wp-image-7792\" srcset=\"http:\/\/flokardinal.org\/wp-content\/uploads\/2021\/03\/965571_361619587273206_503761099_o.jpg 999w, http:\/\/flokardinal.org\/wp-content\/uploads\/2021\/03\/965571_361619587273206_503761099_o-300x200.jpg 300w, http:\/\/flokardinal.org\/wp-content\/uploads\/2021\/03\/965571_361619587273206_503761099_o-768x512.jpg 768w\" sizes=\"auto, (max-width: 999px) 100vw, 999px\" \/><\/figure>\n\n\n\n<p class=\"has-medium-font-size\"><strong>Cr\u00e9ation de la Cie Tir Group\u00e9 2013\/2014 <\/strong><\/p>\n\n\n\n<p>@tous droits r\u00e9serv\u00e9s \/2013<\/p>\n\n\n\n<p class=\"has-medium-font-size\"><strong>Ressentis Artistes pris sur le vif<\/strong> <\/p>\n\n\n\n<figure class=\"wp-block-embed-vimeo wp-block-embed is-type-video is-provider-vimeo wp-embed-aspect-16-9 wp-has-aspect-ratio\"><div class=\"wp-block-embed__wrapper\">\n<iframe loading=\"lazy\" title=\"Sous le masque ITW-02 NEW\" src=\"https:\/\/player.vimeo.com\/video\/70180163?dnt=1&amp;app_id=122963\" width=\"474\" height=\"267\" frameborder=\"0\" allow=\"autoplay; fullscreen; picture-in-picture; clipboard-write\"><\/iframe>\n<\/div><\/figure>\n\n\n\n<p class=\"has-medium-font-size\"><strong>Teaser jean Marc Vicquery lors d&rsquo;une ouverture au public Centre National de la Danse Pantin 2014<\/strong><\/p>\n\n\n\n<figure class=\"wp-block-embed-vimeo wp-block-embed is-type-video is-provider-vimeo wp-embed-aspect-16-9 wp-has-aspect-ratio\"><div class=\"wp-block-embed__wrapper\">\n<iframe loading=\"lazy\" title=\"Teaser SOUS LE MASQUE 2014  CIE TIR GROUP\u00e9\" src=\"https:\/\/player.vimeo.com\/video\/94754824?dnt=1&amp;app_id=122963\" width=\"474\" height=\"267\" frameborder=\"0\" allow=\"autoplay; fullscreen; picture-in-picture; clipboard-write\"><\/iframe>\n<\/div><\/figure>\n\n\n\n<p class=\"has-medium-font-size\"><strong>Interview Flo kardinal pris sur le vif <\/strong><\/p>\n\n\n\n<figure class=\"wp-block-embed-vimeo wp-block-embed is-type-video is-provider-vimeo wp-embed-aspect-16-9 wp-has-aspect-ratio\"><div class=\"wp-block-embed__wrapper\">\n<iframe loading=\"lazy\" title=\"Sous le Masque ITW 1\" src=\"https:\/\/player.vimeo.com\/video\/69642101?dnt=1&amp;app_id=122963\" width=\"474\" height=\"267\" frameborder=\"0\" allow=\"autoplay; fullscreen; picture-in-picture; clipboard-write\"><\/iframe>\n<\/div><\/figure>\n\n\n\n<p class=\"has-medium-font-size\"><strong>Teaser Mehdi Bara Ziane Centre National de La danse Pantin  2013<\/strong><\/p>\n\n\n\n<figure class=\"wp-block-embed-vimeo wp-block-embed is-type-video is-provider-vimeo wp-embed-aspect-16-9 wp-has-aspect-ratio\"><div class=\"wp-block-embed__wrapper\">\n<iframe loading=\"lazy\" title=\"Sous le masque Trailer A\" src=\"https:\/\/player.vimeo.com\/video\/76829281?dnt=1&amp;app_id=122963\" width=\"474\" height=\"267\" frameborder=\"0\" allow=\"autoplay; fullscreen; picture-in-picture; clipboard-write\"><\/iframe>\n<\/div><\/figure>\n\n\n\n<p>@ Tous droits r\u00e9serv\u00e9s Cie Tir Group\u00e9 \/Flo Kardinal SOUS LE MASQUE\/ <\/p>\n\n\n\n<p><\/p>\n","protected":false},"excerpt":{"rendered":"<p>Cr\u00e9ation de la Cie Tir Group\u00e9 2013\/2014 @tous droits r\u00e9serv\u00e9s \/2013 Ressentis Artistes pris sur le vif Teaser jean Marc Vicquery lors d&rsquo;une ouverture au public Centre National de la Danse Pantin 2014 Interview Flo kardinal pris sur le vif Teaser Mehdi Bara Ziane Centre National de La danse Pantin 2013 @ Tous droits r\u00e9serv\u00e9s &hellip; <a href=\"http:\/\/flokardinal.org\/?page_id=7791\" class=\"more-link\">Continuer la lecture de <span class=\"screen-reader-text\">SOUS LE MASQUE<\/span>  <span class=\"meta-nav\">&rarr;<\/span><\/a><\/p>\n","protected":false},"author":1,"featured_media":7793,"parent":1423,"menu_order":9,"comment_status":"closed","ping_status":"closed","template":"","meta":{"footnotes":""},"class_list":["post-7791","page","type-page","status-publish","has-post-thumbnail","hentry"],"yoast_head":"<!-- This site is optimized with the Yoast SEO plugin v27.4 - https:\/\/yoast.com\/product\/yoast-seo-wordpress\/ -->\n<title>SOUS LE MASQUE - Les danses de la chamane<\/title>\n<meta name=\"robots\" content=\"index, follow, max-snippet:-1, max-image-preview:large, max-video-preview:-1\" \/>\n<link rel=\"canonical\" href=\"https:\/\/flokardinal.org\/?page_id=7791\" \/>\n<meta property=\"og:locale\" content=\"fr_FR\" \/>\n<meta property=\"og:type\" content=\"article\" \/>\n<meta property=\"og:title\" content=\"SOUS LE MASQUE - Les danses de la chamane\" \/>\n<meta property=\"og:description\" content=\"Cr\u00e9ation de la Cie Tir Group\u00e9 2013\/2014 @tous droits r\u00e9serv\u00e9s \/2013 Ressentis Artistes pris sur le vif Teaser jean Marc Vicquery lors d&rsquo;une ouverture au public Centre National de la Danse Pantin 2014 Interview Flo kardinal pris sur le vif Teaser Mehdi Bara Ziane Centre National de La danse Pantin 2013 @ Tous droits r\u00e9serv\u00e9s &hellip; Continuer la lecture de SOUS LE MASQUE &rarr;\" \/>\n<meta property=\"og:url\" content=\"https:\/\/flokardinal.org\/?page_id=7791\" \/>\n<meta property=\"og:site_name\" content=\"Les danses de la chamane\" \/>\n<meta property=\"article:modified_time\" content=\"2021-03-15T17:20:50+00:00\" \/>\n<meta property=\"og:image\" content=\"https:\/\/flokardinal.org\/wp-content\/uploads\/2021\/03\/DSC_9434-web.jpg\" \/>\n\t<meta property=\"og:image:width\" content=\"999\" \/>\n\t<meta property=\"og:image:height\" content=\"665\" \/>\n\t<meta property=\"og:image:type\" content=\"image\/jpeg\" \/>\n<meta name=\"twitter:card\" content=\"summary_large_image\" \/>\n<meta name=\"twitter:site\" content=\"@kardinal93\" \/>\n<script type=\"application\/ld+json\" class=\"yoast-schema-graph\">{\"@context\":\"https:\\\/\\\/schema.org\",\"@graph\":[{\"@type\":\"WebPage\",\"@id\":\"https:\\\/\\\/flokardinal.org\\\/?page_id=7791\",\"url\":\"https:\\\/\\\/flokardinal.org\\\/?page_id=7791\",\"name\":\"SOUS LE MASQUE - Les danses de la chamane\",\"isPartOf\":{\"@id\":\"https:\\\/\\\/flokardinal.org\\\/#website\"},\"primaryImageOfPage\":{\"@id\":\"https:\\\/\\\/flokardinal.org\\\/?page_id=7791#primaryimage\"},\"image\":{\"@id\":\"https:\\\/\\\/flokardinal.org\\\/?page_id=7791#primaryimage\"},\"thumbnailUrl\":\"http:\\\/\\\/flokardinal.org\\\/wp-content\\\/uploads\\\/2021\\\/03\\\/DSC_9434-web.jpg\",\"datePublished\":\"2021-03-15T17:02:06+00:00\",\"dateModified\":\"2021-03-15T17:20:50+00:00\",\"breadcrumb\":{\"@id\":\"https:\\\/\\\/flokardinal.org\\\/?page_id=7791#breadcrumb\"},\"inLanguage\":\"fr-FR\",\"potentialAction\":[{\"@type\":\"ReadAction\",\"target\":[\"https:\\\/\\\/flokardinal.org\\\/?page_id=7791\"]}]},{\"@type\":\"ImageObject\",\"inLanguage\":\"fr-FR\",\"@id\":\"https:\\\/\\\/flokardinal.org\\\/?page_id=7791#primaryimage\",\"url\":\"http:\\\/\\\/flokardinal.org\\\/wp-content\\\/uploads\\\/2021\\\/03\\\/DSC_9434-web.jpg\",\"contentUrl\":\"http:\\\/\\\/flokardinal.org\\\/wp-content\\\/uploads\\\/2021\\\/03\\\/DSC_9434-web.jpg\",\"width\":999,\"height\":665},{\"@type\":\"BreadcrumbList\",\"@id\":\"https:\\\/\\\/flokardinal.org\\\/?page_id=7791#breadcrumb\",\"itemListElement\":[{\"@type\":\"ListItem\",\"position\":1,\"name\":\"Accueil\",\"item\":\"https:\\\/\\\/flokardinal.org\\\/\"},{\"@type\":\"ListItem\",\"position\":2,\"name\":\"L&rsquo;ACTUALIT\u00e9 CREATIVE DE LA Cie Tir Group\u00e9\",\"item\":\"http:\\\/\\\/flokardinal.org\\\/?page_id=1423\"},{\"@type\":\"ListItem\",\"position\":3,\"name\":\"SOUS LE MASQUE\"}]},{\"@type\":\"WebSite\",\"@id\":\"https:\\\/\\\/flokardinal.org\\\/#website\",\"url\":\"https:\\\/\\\/flokardinal.org\\\/\",\"name\":\"Les danses de la chamane\",\"description\":\"Le corps cr\u00e9ateur gu\u00e9risseur salvateur\",\"potentialAction\":[{\"@type\":\"SearchAction\",\"target\":{\"@type\":\"EntryPoint\",\"urlTemplate\":\"https:\\\/\\\/flokardinal.org\\\/?s={search_term_string}\"},\"query-input\":{\"@type\":\"PropertyValueSpecification\",\"valueRequired\":true,\"valueName\":\"search_term_string\"}}],\"inLanguage\":\"fr-FR\"}]}<\/script>\n<!-- \/ Yoast SEO plugin. -->","yoast_head_json":{"title":"SOUS LE MASQUE - Les danses de la chamane","robots":{"index":"index","follow":"follow","max-snippet":"max-snippet:-1","max-image-preview":"max-image-preview:large","max-video-preview":"max-video-preview:-1"},"canonical":"https:\/\/flokardinal.org\/?page_id=7791","og_locale":"fr_FR","og_type":"article","og_title":"SOUS LE MASQUE - Les danses de la chamane","og_description":"Cr\u00e9ation de la Cie Tir Group\u00e9 2013\/2014 @tous droits r\u00e9serv\u00e9s \/2013 Ressentis Artistes pris sur le vif Teaser jean Marc Vicquery lors d&rsquo;une ouverture au public Centre National de la Danse Pantin 2014 Interview Flo kardinal pris sur le vif Teaser Mehdi Bara Ziane Centre National de La danse Pantin 2013 @ Tous droits r\u00e9serv\u00e9s &hellip; Continuer la lecture de SOUS LE MASQUE &rarr;","og_url":"https:\/\/flokardinal.org\/?page_id=7791","og_site_name":"Les danses de la chamane","article_modified_time":"2021-03-15T17:20:50+00:00","og_image":[{"width":999,"height":665,"url":"https:\/\/flokardinal.org\/wp-content\/uploads\/2021\/03\/DSC_9434-web.jpg","type":"image\/jpeg"}],"twitter_card":"summary_large_image","twitter_site":"@kardinal93","schema":{"@context":"https:\/\/schema.org","@graph":[{"@type":"WebPage","@id":"https:\/\/flokardinal.org\/?page_id=7791","url":"https:\/\/flokardinal.org\/?page_id=7791","name":"SOUS LE MASQUE - Les danses de la chamane","isPartOf":{"@id":"https:\/\/flokardinal.org\/#website"},"primaryImageOfPage":{"@id":"https:\/\/flokardinal.org\/?page_id=7791#primaryimage"},"image":{"@id":"https:\/\/flokardinal.org\/?page_id=7791#primaryimage"},"thumbnailUrl":"http:\/\/flokardinal.org\/wp-content\/uploads\/2021\/03\/DSC_9434-web.jpg","datePublished":"2021-03-15T17:02:06+00:00","dateModified":"2021-03-15T17:20:50+00:00","breadcrumb":{"@id":"https:\/\/flokardinal.org\/?page_id=7791#breadcrumb"},"inLanguage":"fr-FR","potentialAction":[{"@type":"ReadAction","target":["https:\/\/flokardinal.org\/?page_id=7791"]}]},{"@type":"ImageObject","inLanguage":"fr-FR","@id":"https:\/\/flokardinal.org\/?page_id=7791#primaryimage","url":"http:\/\/flokardinal.org\/wp-content\/uploads\/2021\/03\/DSC_9434-web.jpg","contentUrl":"http:\/\/flokardinal.org\/wp-content\/uploads\/2021\/03\/DSC_9434-web.jpg","width":999,"height":665},{"@type":"BreadcrumbList","@id":"https:\/\/flokardinal.org\/?page_id=7791#breadcrumb","itemListElement":[{"@type":"ListItem","position":1,"name":"Accueil","item":"https:\/\/flokardinal.org\/"},{"@type":"ListItem","position":2,"name":"L&rsquo;ACTUALIT\u00e9 CREATIVE DE LA Cie Tir Group\u00e9","item":"http:\/\/flokardinal.org\/?page_id=1423"},{"@type":"ListItem","position":3,"name":"SOUS LE MASQUE"}]},{"@type":"WebSite","@id":"https:\/\/flokardinal.org\/#website","url":"https:\/\/flokardinal.org\/","name":"Les danses de la chamane","description":"Le corps cr\u00e9ateur gu\u00e9risseur salvateur","potentialAction":[{"@type":"SearchAction","target":{"@type":"EntryPoint","urlTemplate":"https:\/\/flokardinal.org\/?s={search_term_string}"},"query-input":{"@type":"PropertyValueSpecification","valueRequired":true,"valueName":"search_term_string"}}],"inLanguage":"fr-FR"}]}},"_links":{"self":[{"href":"http:\/\/flokardinal.org\/index.php?rest_route=\/wp\/v2\/pages\/7791","targetHints":{"allow":["GET"]}}],"collection":[{"href":"http:\/\/flokardinal.org\/index.php?rest_route=\/wp\/v2\/pages"}],"about":[{"href":"http:\/\/flokardinal.org\/index.php?rest_route=\/wp\/v2\/types\/page"}],"author":[{"embeddable":true,"href":"http:\/\/flokardinal.org\/index.php?rest_route=\/wp\/v2\/users\/1"}],"replies":[{"embeddable":true,"href":"http:\/\/flokardinal.org\/index.php?rest_route=%2Fwp%2Fv2%2Fcomments&post=7791"}],"version-history":[{"count":2,"href":"http:\/\/flokardinal.org\/index.php?rest_route=\/wp\/v2\/pages\/7791\/revisions"}],"predecessor-version":[{"id":7797,"href":"http:\/\/flokardinal.org\/index.php?rest_route=\/wp\/v2\/pages\/7791\/revisions\/7797"}],"up":[{"embeddable":true,"href":"http:\/\/flokardinal.org\/index.php?rest_route=\/wp\/v2\/pages\/1423"}],"wp:featuredmedia":[{"embeddable":true,"href":"http:\/\/flokardinal.org\/index.php?rest_route=\/wp\/v2\/media\/7793"}],"wp:attachment":[{"href":"http:\/\/flokardinal.org\/index.php?rest_route=%2Fwp%2Fv2%2Fmedia&parent=7791"}],"curies":[{"name":"wp","href":"https:\/\/api.w.org\/{rel}","templated":true}]}}