{"id":7323,"date":"2020-08-16T19:15:46","date_gmt":"2020-08-16T18:15:46","guid":{"rendered":"http:\/\/flokardinal.org\/wordpress\/?page_id=7323"},"modified":"2021-12-01T13:01:40","modified_gmt":"2021-12-01T12:01:40","slug":"esprits","status":"publish","type":"page","link":"http:\/\/flokardinal.org\/?page_id=7323","title":{"rendered":"ESPRITS"},"content":{"rendered":"\n<p>ESPRITS Nouvelle cr\u00e9ation 2021 de la Cie Tir Group\u00e9 revisitant  celle de 2015 LES ESPRITS DE LA FORET @<\/p>\n\n\n\n<figure class=\"wp-block-image\"><img loading=\"lazy\" decoding=\"async\" width=\"296\" height=\"394\" src=\"http:\/\/flokardinal.org\/wordpress\/wp-content\/uploads\/2020\/08\/12322516_1071748652865292_3417019683799777480_o.jpg\" alt=\"\" class=\"wp-image-7324\" srcset=\"http:\/\/flokardinal.org\/wp-content\/uploads\/2020\/08\/12322516_1071748652865292_3417019683799777480_o.jpg 296w, http:\/\/flokardinal.org\/wp-content\/uploads\/2020\/08\/12322516_1071748652865292_3417019683799777480_o-225x300.jpg 225w\" sizes=\"auto, (max-width: 296px) 100vw, 296px\" \/><figcaption>Flo Kardinal  ESPRITS <\/figcaption><\/figure>\n\n\n\n<p>Regarder chaque d\u00e9tail et en tirer le fil pour tisser encore la toile des ESPRITS: programmation bient\u00f4t disponible <\/p>\n\n\n\n<p>Extrait N\u00b01 <strong>LE CORBEAU <\/strong><\/p>\n\n\n\n<figure class=\"wp-block-embed-vimeo wp-block-embed is-type-video is-provider-vimeo wp-embed-aspect-16-9 wp-has-aspect-ratio\"><div class=\"wp-block-embed__wrapper\">\n<iframe loading=\"lazy\" title=\"LE CORBEAU EXTRAIT N1 2020 serie ESPRITS\" src=\"https:\/\/player.vimeo.com\/video\/448318339?dnt=1&amp;app_id=122963\" width=\"474\" height=\"267\" frameborder=\"0\" allow=\"autoplay; fullscreen; picture-in-picture; clipboard-write\"><\/iframe>\n<\/div><\/figure>\n\n\n\n<figure class=\"wp-block-image\"><img loading=\"lazy\" decoding=\"async\" width=\"734\" height=\"1024\" src=\"http:\/\/flokardinal.org\/wordpress\/wp-content\/uploads\/2021\/12\/Esprits-mai-2021-copie-734x1024.jpg\" alt=\"\" class=\"wp-image-8246\" srcset=\"http:\/\/flokardinal.org\/wp-content\/uploads\/2021\/12\/Esprits-mai-2021-copie-734x1024.jpg 734w, http:\/\/flokardinal.org\/wp-content\/uploads\/2021\/12\/Esprits-mai-2021-copie-215x300.jpg 215w, http:\/\/flokardinal.org\/wp-content\/uploads\/2021\/12\/Esprits-mai-2021-copie-768x1071.jpg 768w, http:\/\/flokardinal.org\/wp-content\/uploads\/2021\/12\/Esprits-mai-2021-copie.jpg 909w\" sizes=\"auto, (max-width: 734px) 100vw, 734px\" \/><\/figure>\n\n\n\n<figure class=\"wp-block-image\"><img loading=\"lazy\" decoding=\"async\" width=\"768\" height=\"1024\" src=\"http:\/\/flokardinal.org\/wordpress\/wp-content\/uploads\/2021\/12\/IMG-20190814-WA0028-768x1024.jpg\" alt=\"\" class=\"wp-image-8247\" srcset=\"http:\/\/flokardinal.org\/wp-content\/uploads\/2021\/12\/IMG-20190814-WA0028-768x1024.jpg 768w, http:\/\/flokardinal.org\/wp-content\/uploads\/2021\/12\/IMG-20190814-WA0028-225x300.jpg 225w, http:\/\/flokardinal.org\/wp-content\/uploads\/2021\/12\/IMG-20190814-WA0028.jpg 1200w\" sizes=\"auto, (max-width: 768px) 100vw, 768px\" \/><\/figure>\n\n\n\n<figure class=\"wp-block-image\"><img loading=\"lazy\" decoding=\"async\" width=\"768\" height=\"1024\" src=\"http:\/\/flokardinal.org\/wordpress\/wp-content\/uploads\/2021\/12\/IMG-20190814-WA0004-1-768x1024.jpg\" alt=\"\" class=\"wp-image-8248\" srcset=\"http:\/\/flokardinal.org\/wp-content\/uploads\/2021\/12\/IMG-20190814-WA0004-1-768x1024.jpg 768w, http:\/\/flokardinal.org\/wp-content\/uploads\/2021\/12\/IMG-20190814-WA0004-1-225x300.jpg 225w, http:\/\/flokardinal.org\/wp-content\/uploads\/2021\/12\/IMG-20190814-WA0004-1.jpg 1200w\" sizes=\"auto, (max-width: 768px) 100vw, 768px\" \/><\/figure>\n","protected":false},"excerpt":{"rendered":"<p>ESPRITS Nouvelle cr\u00e9ation 2021 de la Cie Tir Group\u00e9 revisitant celle de 2015 LES ESPRITS DE LA FORET @ Regarder chaque d\u00e9tail et en tirer le fil pour tisser encore la toile des ESPRITS: programmation bient\u00f4t disponible Extrait N\u00b01 LE CORBEAU<\/p>\n","protected":false},"author":1,"featured_media":1030,"parent":1423,"menu_order":2,"comment_status":"closed","ping_status":"closed","template":"","meta":{"footnotes":""},"class_list":["post-7323","page","type-page","status-publish","has-post-thumbnail","hentry"],"yoast_head":"<!-- This site is optimized with the Yoast SEO plugin v27.4 - https:\/\/yoast.com\/product\/yoast-seo-wordpress\/ -->\n<title>ESPRITS - Les danses de la chamane<\/title>\n<meta name=\"robots\" content=\"index, follow, max-snippet:-1, max-image-preview:large, max-video-preview:-1\" \/>\n<link rel=\"canonical\" href=\"https:\/\/flokardinal.org\/?page_id=7323\" \/>\n<meta property=\"og:locale\" content=\"fr_FR\" \/>\n<meta property=\"og:type\" content=\"article\" \/>\n<meta property=\"og:title\" content=\"ESPRITS - Les danses de la chamane\" \/>\n<meta property=\"og:description\" content=\"ESPRITS Nouvelle cr\u00e9ation 2021 de la Cie Tir Group\u00e9 revisitant celle de 2015 LES ESPRITS DE LA FORET @ Regarder chaque d\u00e9tail et en tirer le fil pour tisser encore la toile des ESPRITS: programmation bient\u00f4t disponible Extrait N\u00b01 LE CORBEAU\" \/>\n<meta property=\"og:url\" content=\"https:\/\/flokardinal.org\/?page_id=7323\" \/>\n<meta property=\"og:site_name\" content=\"Les danses de la chamane\" \/>\n<meta property=\"article:modified_time\" content=\"2021-12-01T12:01:40+00:00\" \/>\n<meta property=\"og:image\" content=\"https:\/\/flokardinal.org\/wp-content\/uploads\/2015\/06\/9982.gif-WEB.gif\" \/>\n\t<meta property=\"og:image:width\" content=\"779\" \/>\n\t<meta property=\"og:image:height\" content=\"520\" \/>\n\t<meta property=\"og:image:type\" content=\"image\/gif\" \/>\n<meta name=\"twitter:card\" content=\"summary_large_image\" \/>\n<meta name=\"twitter:site\" content=\"@kardinal93\" \/>\n<script type=\"application\/ld+json\" class=\"yoast-schema-graph\">{\"@context\":\"https:\\\/\\\/schema.org\",\"@graph\":[{\"@type\":\"WebPage\",\"@id\":\"https:\\\/\\\/flokardinal.org\\\/?page_id=7323\",\"url\":\"https:\\\/\\\/flokardinal.org\\\/?page_id=7323\",\"name\":\"ESPRITS - Les danses de la chamane\",\"isPartOf\":{\"@id\":\"https:\\\/\\\/flokardinal.org\\\/#website\"},\"primaryImageOfPage\":{\"@id\":\"https:\\\/\\\/flokardinal.org\\\/?page_id=7323#primaryimage\"},\"image\":{\"@id\":\"https:\\\/\\\/flokardinal.org\\\/?page_id=7323#primaryimage\"},\"thumbnailUrl\":\"http:\\\/\\\/flokardinal.org\\\/wp-content\\\/uploads\\\/2015\\\/06\\\/9982.gif-WEB.gif\",\"datePublished\":\"2020-08-16T18:15:46+00:00\",\"dateModified\":\"2021-12-01T12:01:40+00:00\",\"breadcrumb\":{\"@id\":\"https:\\\/\\\/flokardinal.org\\\/?page_id=7323#breadcrumb\"},\"inLanguage\":\"fr-FR\",\"potentialAction\":[{\"@type\":\"ReadAction\",\"target\":[\"https:\\\/\\\/flokardinal.org\\\/?page_id=7323\"]}]},{\"@type\":\"ImageObject\",\"inLanguage\":\"fr-FR\",\"@id\":\"https:\\\/\\\/flokardinal.org\\\/?page_id=7323#primaryimage\",\"url\":\"http:\\\/\\\/flokardinal.org\\\/wp-content\\\/uploads\\\/2015\\\/06\\\/9982.gif-WEB.gif\",\"contentUrl\":\"http:\\\/\\\/flokardinal.org\\\/wp-content\\\/uploads\\\/2015\\\/06\\\/9982.gif-WEB.gif\",\"width\":779,\"height\":520,\"caption\":\"LES ESPRITS DE LA FORET\"},{\"@type\":\"BreadcrumbList\",\"@id\":\"https:\\\/\\\/flokardinal.org\\\/?page_id=7323#breadcrumb\",\"itemListElement\":[{\"@type\":\"ListItem\",\"position\":1,\"name\":\"Accueil\",\"item\":\"https:\\\/\\\/flokardinal.org\\\/\"},{\"@type\":\"ListItem\",\"position\":2,\"name\":\"L&rsquo;ACTUALIT\u00e9 CREATIVE DE LA Cie Tir Group\u00e9\",\"item\":\"https:\\\/\\\/flokardinal.org\\\/?page_id=1423\"},{\"@type\":\"ListItem\",\"position\":3,\"name\":\"ESPRITS\"}]},{\"@type\":\"WebSite\",\"@id\":\"https:\\\/\\\/flokardinal.org\\\/#website\",\"url\":\"https:\\\/\\\/flokardinal.org\\\/\",\"name\":\"Les danses de la chamane\",\"description\":\"Le corps cr\u00e9ateur gu\u00e9risseur salvateur\",\"potentialAction\":[{\"@type\":\"SearchAction\",\"target\":{\"@type\":\"EntryPoint\",\"urlTemplate\":\"https:\\\/\\\/flokardinal.org\\\/?s={search_term_string}\"},\"query-input\":{\"@type\":\"PropertyValueSpecification\",\"valueRequired\":true,\"valueName\":\"search_term_string\"}}],\"inLanguage\":\"fr-FR\"}]}<\/script>\n<!-- \/ Yoast SEO plugin. -->","yoast_head_json":{"title":"ESPRITS - Les danses de la chamane","robots":{"index":"index","follow":"follow","max-snippet":"max-snippet:-1","max-image-preview":"max-image-preview:large","max-video-preview":"max-video-preview:-1"},"canonical":"https:\/\/flokardinal.org\/?page_id=7323","og_locale":"fr_FR","og_type":"article","og_title":"ESPRITS - Les danses de la chamane","og_description":"ESPRITS Nouvelle cr\u00e9ation 2021 de la Cie Tir Group\u00e9 revisitant celle de 2015 LES ESPRITS DE LA FORET @ Regarder chaque d\u00e9tail et en tirer le fil pour tisser encore la toile des ESPRITS: programmation bient\u00f4t disponible Extrait N\u00b01 LE CORBEAU","og_url":"https:\/\/flokardinal.org\/?page_id=7323","og_site_name":"Les danses de la chamane","article_modified_time":"2021-12-01T12:01:40+00:00","og_image":[{"width":779,"height":520,"url":"https:\/\/flokardinal.org\/wp-content\/uploads\/2015\/06\/9982.gif-WEB.gif","type":"image\/gif"}],"twitter_card":"summary_large_image","twitter_site":"@kardinal93","schema":{"@context":"https:\/\/schema.org","@graph":[{"@type":"WebPage","@id":"https:\/\/flokardinal.org\/?page_id=7323","url":"https:\/\/flokardinal.org\/?page_id=7323","name":"ESPRITS - Les danses de la chamane","isPartOf":{"@id":"https:\/\/flokardinal.org\/#website"},"primaryImageOfPage":{"@id":"https:\/\/flokardinal.org\/?page_id=7323#primaryimage"},"image":{"@id":"https:\/\/flokardinal.org\/?page_id=7323#primaryimage"},"thumbnailUrl":"http:\/\/flokardinal.org\/wp-content\/uploads\/2015\/06\/9982.gif-WEB.gif","datePublished":"2020-08-16T18:15:46+00:00","dateModified":"2021-12-01T12:01:40+00:00","breadcrumb":{"@id":"https:\/\/flokardinal.org\/?page_id=7323#breadcrumb"},"inLanguage":"fr-FR","potentialAction":[{"@type":"ReadAction","target":["https:\/\/flokardinal.org\/?page_id=7323"]}]},{"@type":"ImageObject","inLanguage":"fr-FR","@id":"https:\/\/flokardinal.org\/?page_id=7323#primaryimage","url":"http:\/\/flokardinal.org\/wp-content\/uploads\/2015\/06\/9982.gif-WEB.gif","contentUrl":"http:\/\/flokardinal.org\/wp-content\/uploads\/2015\/06\/9982.gif-WEB.gif","width":779,"height":520,"caption":"LES ESPRITS DE LA FORET"},{"@type":"BreadcrumbList","@id":"https:\/\/flokardinal.org\/?page_id=7323#breadcrumb","itemListElement":[{"@type":"ListItem","position":1,"name":"Accueil","item":"https:\/\/flokardinal.org\/"},{"@type":"ListItem","position":2,"name":"L&rsquo;ACTUALIT\u00e9 CREATIVE DE LA Cie Tir Group\u00e9","item":"https:\/\/flokardinal.org\/?page_id=1423"},{"@type":"ListItem","position":3,"name":"ESPRITS"}]},{"@type":"WebSite","@id":"https:\/\/flokardinal.org\/#website","url":"https:\/\/flokardinal.org\/","name":"Les danses de la chamane","description":"Le corps cr\u00e9ateur gu\u00e9risseur salvateur","potentialAction":[{"@type":"SearchAction","target":{"@type":"EntryPoint","urlTemplate":"https:\/\/flokardinal.org\/?s={search_term_string}"},"query-input":{"@type":"PropertyValueSpecification","valueRequired":true,"valueName":"search_term_string"}}],"inLanguage":"fr-FR"}]}},"_links":{"self":[{"href":"http:\/\/flokardinal.org\/index.php?rest_route=\/wp\/v2\/pages\/7323","targetHints":{"allow":["GET"]}}],"collection":[{"href":"http:\/\/flokardinal.org\/index.php?rest_route=\/wp\/v2\/pages"}],"about":[{"href":"http:\/\/flokardinal.org\/index.php?rest_route=\/wp\/v2\/types\/page"}],"author":[{"embeddable":true,"href":"http:\/\/flokardinal.org\/index.php?rest_route=\/wp\/v2\/users\/1"}],"replies":[{"embeddable":true,"href":"http:\/\/flokardinal.org\/index.php?rest_route=%2Fwp%2Fv2%2Fcomments&post=7323"}],"version-history":[{"count":5,"href":"http:\/\/flokardinal.org\/index.php?rest_route=\/wp\/v2\/pages\/7323\/revisions"}],"predecessor-version":[{"id":8249,"href":"http:\/\/flokardinal.org\/index.php?rest_route=\/wp\/v2\/pages\/7323\/revisions\/8249"}],"up":[{"embeddable":true,"href":"http:\/\/flokardinal.org\/index.php?rest_route=\/wp\/v2\/pages\/1423"}],"wp:featuredmedia":[{"embeddable":true,"href":"http:\/\/flokardinal.org\/index.php?rest_route=\/wp\/v2\/media\/1030"}],"wp:attachment":[{"href":"http:\/\/flokardinal.org\/index.php?rest_route=%2Fwp%2Fv2%2Fmedia&parent=7323"}],"curies":[{"name":"wp","href":"https:\/\/api.w.org\/{rel}","templated":true}]}}