{"id":7032,"date":"2020-08-08T09:45:18","date_gmt":"2020-08-08T08:45:18","guid":{"rendered":"http:\/\/flokardinal.org\/wordpress\/?page_id=7032"},"modified":"2025-06-14T07:59:55","modified_gmt":"2025-06-14T06:59:55","slug":"les-seances-daccompagnement","status":"publish","type":"page","link":"http:\/\/flokardinal.org\/?page_id=7032","title":{"rendered":"Les S\u00e9ances d&rsquo;accompagnement"},"content":{"rendered":"\n<figure class=\"wp-block-image\"><img loading=\"lazy\" decoding=\"async\" width=\"1024\" height=\"640\" src=\"http:\/\/flokardinal.org\/wordpress\/wp-content\/uploads\/2020\/08\/72731_more_lodka_pejzazh_1920x1200_www.Gde-Fon.com_-1024x640.jpg\" alt=\"\" class=\"wp-image-7034\" srcset=\"http:\/\/flokardinal.org\/wp-content\/uploads\/2020\/08\/72731_more_lodka_pejzazh_1920x1200_www.Gde-Fon.com_-1024x640.jpg 1024w, http:\/\/flokardinal.org\/wp-content\/uploads\/2020\/08\/72731_more_lodka_pejzazh_1920x1200_www.Gde-Fon.com_-300x188.jpg 300w, http:\/\/flokardinal.org\/wp-content\/uploads\/2020\/08\/72731_more_lodka_pejzazh_1920x1200_www.Gde-Fon.com_-768x480.jpg 768w, http:\/\/flokardinal.org\/wp-content\/uploads\/2020\/08\/72731_more_lodka_pejzazh_1920x1200_www.Gde-Fon.com_.jpg 1600w\" sizes=\"auto, (max-width: 1024px) 100vw, 1024px\" \/><\/figure>\n\n\n\n<p>Les s\u00e9ances d&rsquo;accompagnement individuel et en duo se conjuguent en toute saison  ainsi que les accompagnements artistiques autour de l&rsquo;\u00eatre ou de son projet Elles se re\u00e7oivent \u00e0 distance , elles ont lieu par interfaces et supports virtuels ou pr\u00e9sentiel (lors des stages , r\u00e9sidences ou en cabinet \u00e0 Paris ou dans le lieu o\u00f9 je r\u00e9side).<\/p>\n\n\n\n<p>Me contacter <a href=\"lasecousselibre@gmail.com\">lasecousselibre@gmail.com<\/a> , nous pourrons convenir d&rsquo;un rv .<\/p>\n\n\n\n<figure class=\"wp-block-image\"><img loading=\"lazy\" decoding=\"async\" width=\"900\" height=\"598\" src=\"http:\/\/flokardinal.org\/wordpress\/wp-content\/uploads\/2017\/08\/yellow-rose.jpg\" alt=\"\" class=\"wp-image-2085\" srcset=\"http:\/\/flokardinal.org\/wp-content\/uploads\/2017\/08\/yellow-rose.jpg 900w, http:\/\/flokardinal.org\/wp-content\/uploads\/2017\/08\/yellow-rose-300x199.jpg 300w, http:\/\/flokardinal.org\/wp-content\/uploads\/2017\/08\/yellow-rose-768x510.jpg 768w\" sizes=\"auto, (max-width: 900px) 100vw, 900px\" \/><figcaption class=\"wp-element-caption\">yellow rose<\/figcaption><\/figure>\n\n\n\n<p>Je propose dans la gamme des soins : <\/p>\n\n\n\n<p>Les suivis et accompagnements personnels ou duos de 1h ou 1h30 selon le th\u00e8me d&rsquo;exploration ou votre besoin.<\/p>\n\n\n\n<p>Les s\u00e9ances divinatoires avec supports symboliques de 1h 30 .<\/p>\n\n\n\n<p>Le soin FLEURS unique et sp\u00e9cifique en pr\u00e9sentiel 1h30 .<\/p>\n\n\n\n<p>Les accompagnements artistiques autour de l&rsquo;\u00eatre ou de son projet .<\/p>\n\n\n\n<p>Les rituels divinatoires selon les traditions ancestrales.<\/p>\n\n\n\n<p>Les cures sont adapt\u00e9es pour des explorations profondes , il est conseill\u00e9 d&rsquo; investir pour 4 s\u00e9ances , \u00e0 d\u00e9cider ensemble.<\/p>\n\n\n\n<p>Je vous laisse le lien d&rsquo;inscription \u00e0 la s\u00e9ance par paiement s\u00e9curis\u00e9 , apr\u00e8s d\u00e9cision partag\u00e9e du cr\u00e9neau retenu , vous pourrez r\u00e9gler votre s\u00e9ance, toutes les s\u00e9ances sont payables en ligne ou par virement \u00e0 l&rsquo;association ( me contacter) <\/p>\n\n\n\n<p>Lien de r\u00e9servation :  <br><a href=\"https:\/\/www.weezevent.com\/ressourcement-creatif\">https:\/\/www.weezevent.com\/ressourcement-creatif<\/a> <\/p>\n\n\n\n<p>Les s\u00e9ances font appel au principe de la transe via la voyage chamanique que je guide au tambour et \u00e0 la voix .Je vous envoie les d\u00e9tails de la s\u00e9ance par mail avant votre rv .<\/p>\n\n\n\n<p>Merci pour votre confiance .Flo Kardinal \/Flo White Wolf<\/p>\n\n\n\n<figure class=\"wp-block-image\"><img loading=\"lazy\" decoding=\"async\" width=\"1024\" height=\"768\" src=\"http:\/\/flokardinal.org\/wordpress\/wp-content\/uploads\/2019\/01\/20181226_155733-1024x768.jpg\" alt=\"\" class=\"wp-image-3869\" srcset=\"http:\/\/flokardinal.org\/wp-content\/uploads\/2019\/01\/20181226_155733-1024x768.jpg 1024w, http:\/\/flokardinal.org\/wp-content\/uploads\/2019\/01\/20181226_155733-300x225.jpg 300w, http:\/\/flokardinal.org\/wp-content\/uploads\/2019\/01\/20181226_155733-768x576.jpg 768w\" sizes=\"auto, (max-width: 1024px) 100vw, 1024px\" \/><\/figure>\n\n\n\n<p>Pr\u00e9sentation  de Flo Kardinal:<\/p>\n\n\n\n<p><strong>Flo Kardinal alias Flo White Wolf<\/strong> est artiste chor\u00e9graphique et praticienne en chamanisme  , elle \u0153uvre depuis 30 ans dans le domaine de l\u2019Art&nbsp;et des ressources humaines, elle axe ses recherches autour de la transe et de la Roue de M\u00e9decine. L&rsquo;artiste cr\u00e9e au sein de la Cie Tir Group\u00e9. Flo Kardinal est autodidacte, elle se relie au langage du corps dans le sens de ses connexions Elle m\u00e8ne des actions artistiques et p\u00e9dagogiques avec diverses institutions , et cr\u00e9e le protocole autour des outils de la cr\u00e9ation  LA SECOUSSE LIBRE\u00ae\u2122 Au cours de ses tourn\u00e9es elle se rend souvent en Afrique o\u00f9 elle se relie \u00e0 la magie.Elle est initi\u00e9e \u00e0 la m\u00e9decine des Native Am\u00e9rindiens en particulier des Apaches .En Mongolie , elle rencontre Enkhetuya qui lui propose de venir s\u2019initier aux rituels des shamans mongols A cette occasion elle traverse une initiation forte en for\u00eat avec ses guides et anc\u00eatres o\u00f9 elle erre seule .Cette qu\u00eate de vision impromptue la fera s\u2019engager encore plus profond\u00e9ment dans la voie qui est aussi la sienne celle des gu\u00e9risseuses .  L\u2019artiste fonde le cursus d\u2019enseignement de pratique chamanique &nbsp;LES DANSES DE LA CHAMANE \u00ae\u2122( Un concept Art et Chamanisme\u00a9) , elle y enseigne une m\u00e9thode singuli\u00e8re et sp\u00e9cifique de \u00ab&nbsp;cr\u00e9ation de gu\u00e9rison&nbsp;\u00bb .<\/p>\n\n\n\n<p><strong>Chor\u00e9graphies et Performances<\/strong>&nbsp;: Ocre Rouge ,Voodoo Child 2010,Sous Le Masque,V\u00e9g\u00e9tal, Rituel Performance, Tisser Ma Toile, Outremondes.<\/p>\n\n\n\n<p class=\"has-text-color has-background\" style=\"color:#db311a;background-color:#48de3b\"><strong>lien Bio <\/strong><a href=\"http:\/\/www.flokardinal.org\/wordpress\/?page_id=90\"><strong>http:\/\/www.flokardinal.org\/wordpress\/?page_id=90<\/strong><\/a><\/p>\n\n\n\n<figure class=\"wp-block-image\"><img loading=\"lazy\" decoding=\"async\" width=\"1024\" height=\"683\" src=\"http:\/\/flokardinal.org\/wordpress\/wp-content\/uploads\/2020\/01\/13522984_795723850529442_2007706772893885823_o-1024x683.jpg\" alt=\"\" class=\"wp-image-6359\" srcset=\"http:\/\/flokardinal.org\/wp-content\/uploads\/2020\/01\/13522984_795723850529442_2007706772893885823_o-1024x683.jpg 1024w, http:\/\/flokardinal.org\/wp-content\/uploads\/2020\/01\/13522984_795723850529442_2007706772893885823_o-300x200.jpg 300w, http:\/\/flokardinal.org\/wp-content\/uploads\/2020\/01\/13522984_795723850529442_2007706772893885823_o-768x512.jpg 768w, http:\/\/flokardinal.org\/wp-content\/uploads\/2020\/01\/13522984_795723850529442_2007706772893885823_o.jpg 1500w\" sizes=\"auto, (max-width: 1024px) 100vw, 1024px\" \/><\/figure>\n\n\n\n<p>\u00ab&nbsp;<em>La&nbsp;danse est le cahier d\u2019histoire de ma vie ,elle m\u2019a apport\u00e9e la connaissance de moi-m\u00eame et de mes limites, l\u2019\u00e9ternelle volont\u00e9 de conna\u00eetre l\u2019autre au travers de ses cultures et pratiques artistiques. C\u2019est un langage universel qui me ram\u00e8ne toujours \u00e0 l\u2019essentiel qu\u2019est le partage .Je suis &nbsp;moi parce que je danse<\/em>\u00bb \u00ab&nbsp;<em>Depuis 25 ans j\u2019ai trouv\u00e9 dans la pratique rituelle de la transe la danse organique libre et intuitive qui a transcend\u00e9 mon instinct cr\u00e9ateur et dans ma connexion \u00e0 la Nature j\u2019ai d\u00e9crypt\u00e9 le lien archaique et ancestral qui me reliait aux cycles de l\u2019univers .Depuis que je suis enfant je m&rsquo;inspire de l&rsquo;Esprit des Animaux, de la Symbolique de la Nature et d&rsquo;une&nbsp;\u00ab&nbsp;Roue de M\u00e9decine personnelle et singuli\u00e8re<\/em>&nbsp;\u00bb<em>.Petite fille d&rsquo;une \u00ab\u00a0coupeuse de feu\u00a0\u00bb , j\u2019ai \u00e9t\u00e9 initi\u00e9e tr\u00e8s jeune aux espaces subtils et lorsque j\u2019ai voyag\u00e9 au gr\u00e9e de mes chantiers artistiques je me suis reconnect\u00e9e au Jeu des Dimensions sans savoir que j\u2019allais rencontr\u00e9 mon \u00eatre gu\u00e9risseur\/\u00eatre m\u00e9decine&nbsp;\u00bb. <\/em><strong>F<\/strong><\/p>\n\n\n<pre><!--EndFragment-->Tous les concepts de l'artiste oeuvrant au coeur de la Cie Tir Group\u00e9 sont d\u00e9pos\u00e9s et prot\u00e9g\u00e9s par les lois en vigueur\/Copyright 2010<br><br><\/pre>\n\n\n<p><\/p>\n\n\n\n<p><\/p>\n","protected":false},"excerpt":{"rendered":"<p>Les s\u00e9ances d&rsquo;accompagnement individuel et en duo se conjuguent en toute saison ainsi que les accompagnements artistiques autour de l&rsquo;\u00eatre ou de son projet Elles se re\u00e7oivent \u00e0 distance , elles ont lieu par interfaces et supports virtuels ou pr\u00e9sentiel (lors des stages , r\u00e9sidences ou en cabinet \u00e0 Paris ou dans le lieu o\u00f9 &hellip; <a href=\"http:\/\/flokardinal.org\/?page_id=7032\" class=\"more-link\">Continuer la lecture de <span class=\"screen-reader-text\">Les S\u00e9ances d&rsquo;accompagnement<\/span>  <span class=\"meta-nav\">&rarr;<\/span><\/a><\/p>\n","protected":false},"author":1,"featured_media":7033,"parent":1943,"menu_order":2,"comment_status":"closed","ping_status":"closed","template":"","meta":{"footnotes":""},"class_list":["post-7032","page","type-page","status-publish","has-post-thumbnail","hentry"],"yoast_head":"<!-- This site is optimized with the Yoast SEO plugin v27.4 - https:\/\/yoast.com\/product\/yoast-seo-wordpress\/ -->\n<title>Les S\u00e9ances d&#039;accompagnement - Les danses de la chamane<\/title>\n<meta name=\"robots\" content=\"index, follow, max-snippet:-1, max-image-preview:large, max-video-preview:-1\" \/>\n<link rel=\"canonical\" href=\"http:\/\/flokardinal.org\/?page_id=7032\" \/>\n<meta property=\"og:locale\" content=\"fr_FR\" \/>\n<meta property=\"og:type\" content=\"article\" \/>\n<meta property=\"og:title\" content=\"Les S\u00e9ances d&#039;accompagnement - Les danses de la chamane\" \/>\n<meta property=\"og:description\" content=\"Les s\u00e9ances d&rsquo;accompagnement individuel et en duo se conjuguent en toute saison ainsi que les accompagnements artistiques autour de l&rsquo;\u00eatre ou de son projet Elles se re\u00e7oivent \u00e0 distance , elles ont lieu par interfaces et supports virtuels ou pr\u00e9sentiel (lors des stages , r\u00e9sidences ou en cabinet \u00e0 Paris ou dans le lieu o\u00f9 &hellip; Continuer la lecture de Les S\u00e9ances d&rsquo;accompagnement &rarr;\" \/>\n<meta property=\"og:url\" content=\"http:\/\/flokardinal.org\/?page_id=7032\" \/>\n<meta property=\"og:site_name\" content=\"Les danses de la chamane\" \/>\n<meta property=\"article:modified_time\" content=\"2025-06-14T06:59:55+00:00\" \/>\n<meta property=\"og:image\" content=\"http:\/\/flokardinal.org\/wp-content\/uploads\/2020\/08\/9205_739086522859842_3161995161194623370_n.jpg\" \/>\n\t<meta property=\"og:image:width\" content=\"924\" \/>\n\t<meta property=\"og:image:height\" content=\"537\" \/>\n\t<meta property=\"og:image:type\" content=\"image\/jpeg\" \/>\n<meta name=\"twitter:card\" content=\"summary_large_image\" \/>\n<meta name=\"twitter:site\" content=\"@kardinal93\" \/>\n<meta name=\"twitter:label1\" content=\"Dur\u00e9e de lecture estim\u00e9e\" \/>\n\t<meta name=\"twitter:data1\" content=\"5 minutes\" \/>\n<script type=\"application\/ld+json\" class=\"yoast-schema-graph\">{\"@context\":\"https:\\\/\\\/schema.org\",\"@graph\":[{\"@type\":\"WebPage\",\"@id\":\"http:\\\/\\\/flokardinal.org\\\/?page_id=7032\",\"url\":\"http:\\\/\\\/flokardinal.org\\\/?page_id=7032\",\"name\":\"Les S\u00e9ances d'accompagnement - Les danses de la chamane\",\"isPartOf\":{\"@id\":\"http:\\\/\\\/flokardinal.org\\\/#website\"},\"primaryImageOfPage\":{\"@id\":\"http:\\\/\\\/flokardinal.org\\\/?page_id=7032#primaryimage\"},\"image\":{\"@id\":\"http:\\\/\\\/flokardinal.org\\\/?page_id=7032#primaryimage\"},\"thumbnailUrl\":\"http:\\\/\\\/flokardinal.org\\\/wp-content\\\/uploads\\\/2020\\\/08\\\/9205_739086522859842_3161995161194623370_n.jpg\",\"datePublished\":\"2020-08-08T08:45:18+00:00\",\"dateModified\":\"2025-06-14T06:59:55+00:00\",\"breadcrumb\":{\"@id\":\"http:\\\/\\\/flokardinal.org\\\/?page_id=7032#breadcrumb\"},\"inLanguage\":\"fr-FR\",\"potentialAction\":[{\"@type\":\"ReadAction\",\"target\":[\"http:\\\/\\\/flokardinal.org\\\/?page_id=7032\"]}]},{\"@type\":\"ImageObject\",\"inLanguage\":\"fr-FR\",\"@id\":\"http:\\\/\\\/flokardinal.org\\\/?page_id=7032#primaryimage\",\"url\":\"http:\\\/\\\/flokardinal.org\\\/wp-content\\\/uploads\\\/2020\\\/08\\\/9205_739086522859842_3161995161194623370_n.jpg\",\"contentUrl\":\"http:\\\/\\\/flokardinal.org\\\/wp-content\\\/uploads\\\/2020\\\/08\\\/9205_739086522859842_3161995161194623370_n.jpg\",\"width\":924,\"height\":537},{\"@type\":\"BreadcrumbList\",\"@id\":\"http:\\\/\\\/flokardinal.org\\\/?page_id=7032#breadcrumb\",\"itemListElement\":[{\"@type\":\"ListItem\",\"position\":1,\"name\":\"Accueil\",\"item\":\"http:\\\/\\\/flokardinal.org\\\/\"},{\"@type\":\"ListItem\",\"position\":2,\"name\":\"ART et GUERISON:les S\u00e9ances d&rsquo;Accompagnement de l&rsquo;\u00eatre\",\"item\":\"https:\\\/\\\/flokardinal.org\\\/?page_id=1412\"},{\"@type\":\"ListItem\",\"position\":3,\"name\":\"Le Ressourcement Cr\u00e9atif \u00a9\",\"item\":\"https:\\\/\\\/flokardinal.org\\\/?page_id=1943\"},{\"@type\":\"ListItem\",\"position\":4,\"name\":\"Les S\u00e9ances d&rsquo;accompagnement\"}]},{\"@type\":\"WebSite\",\"@id\":\"http:\\\/\\\/flokardinal.org\\\/#website\",\"url\":\"http:\\\/\\\/flokardinal.org\\\/\",\"name\":\"Les danses de la chamane\",\"description\":\"Le corps cr\u00e9ateur gu\u00e9risseur salvateur\",\"potentialAction\":[{\"@type\":\"SearchAction\",\"target\":{\"@type\":\"EntryPoint\",\"urlTemplate\":\"http:\\\/\\\/flokardinal.org\\\/?s={search_term_string}\"},\"query-input\":{\"@type\":\"PropertyValueSpecification\",\"valueRequired\":true,\"valueName\":\"search_term_string\"}}],\"inLanguage\":\"fr-FR\"}]}<\/script>\n<!-- \/ Yoast SEO plugin. -->","yoast_head_json":{"title":"Les S\u00e9ances d'accompagnement - Les danses de la chamane","robots":{"index":"index","follow":"follow","max-snippet":"max-snippet:-1","max-image-preview":"max-image-preview:large","max-video-preview":"max-video-preview:-1"},"canonical":"http:\/\/flokardinal.org\/?page_id=7032","og_locale":"fr_FR","og_type":"article","og_title":"Les S\u00e9ances d'accompagnement - Les danses de la chamane","og_description":"Les s\u00e9ances d&rsquo;accompagnement individuel et en duo se conjuguent en toute saison ainsi que les accompagnements artistiques autour de l&rsquo;\u00eatre ou de son projet Elles se re\u00e7oivent \u00e0 distance , elles ont lieu par interfaces et supports virtuels ou pr\u00e9sentiel (lors des stages , r\u00e9sidences ou en cabinet \u00e0 Paris ou dans le lieu o\u00f9 &hellip; Continuer la lecture de Les S\u00e9ances d&rsquo;accompagnement &rarr;","og_url":"http:\/\/flokardinal.org\/?page_id=7032","og_site_name":"Les danses de la chamane","article_modified_time":"2025-06-14T06:59:55+00:00","og_image":[{"width":924,"height":537,"url":"http:\/\/flokardinal.org\/wp-content\/uploads\/2020\/08\/9205_739086522859842_3161995161194623370_n.jpg","type":"image\/jpeg"}],"twitter_card":"summary_large_image","twitter_site":"@kardinal93","twitter_misc":{"Dur\u00e9e de lecture estim\u00e9e":"5 minutes"},"schema":{"@context":"https:\/\/schema.org","@graph":[{"@type":"WebPage","@id":"http:\/\/flokardinal.org\/?page_id=7032","url":"http:\/\/flokardinal.org\/?page_id=7032","name":"Les S\u00e9ances d'accompagnement - Les danses de la chamane","isPartOf":{"@id":"http:\/\/flokardinal.org\/#website"},"primaryImageOfPage":{"@id":"http:\/\/flokardinal.org\/?page_id=7032#primaryimage"},"image":{"@id":"http:\/\/flokardinal.org\/?page_id=7032#primaryimage"},"thumbnailUrl":"http:\/\/flokardinal.org\/wp-content\/uploads\/2020\/08\/9205_739086522859842_3161995161194623370_n.jpg","datePublished":"2020-08-08T08:45:18+00:00","dateModified":"2025-06-14T06:59:55+00:00","breadcrumb":{"@id":"http:\/\/flokardinal.org\/?page_id=7032#breadcrumb"},"inLanguage":"fr-FR","potentialAction":[{"@type":"ReadAction","target":["http:\/\/flokardinal.org\/?page_id=7032"]}]},{"@type":"ImageObject","inLanguage":"fr-FR","@id":"http:\/\/flokardinal.org\/?page_id=7032#primaryimage","url":"http:\/\/flokardinal.org\/wp-content\/uploads\/2020\/08\/9205_739086522859842_3161995161194623370_n.jpg","contentUrl":"http:\/\/flokardinal.org\/wp-content\/uploads\/2020\/08\/9205_739086522859842_3161995161194623370_n.jpg","width":924,"height":537},{"@type":"BreadcrumbList","@id":"http:\/\/flokardinal.org\/?page_id=7032#breadcrumb","itemListElement":[{"@type":"ListItem","position":1,"name":"Accueil","item":"http:\/\/flokardinal.org\/"},{"@type":"ListItem","position":2,"name":"ART et GUERISON:les S\u00e9ances d&rsquo;Accompagnement de l&rsquo;\u00eatre","item":"https:\/\/flokardinal.org\/?page_id=1412"},{"@type":"ListItem","position":3,"name":"Le Ressourcement Cr\u00e9atif \u00a9","item":"https:\/\/flokardinal.org\/?page_id=1943"},{"@type":"ListItem","position":4,"name":"Les S\u00e9ances d&rsquo;accompagnement"}]},{"@type":"WebSite","@id":"http:\/\/flokardinal.org\/#website","url":"http:\/\/flokardinal.org\/","name":"Les danses de la chamane","description":"Le corps cr\u00e9ateur gu\u00e9risseur salvateur","potentialAction":[{"@type":"SearchAction","target":{"@type":"EntryPoint","urlTemplate":"http:\/\/flokardinal.org\/?s={search_term_string}"},"query-input":{"@type":"PropertyValueSpecification","valueRequired":true,"valueName":"search_term_string"}}],"inLanguage":"fr-FR"}]}},"_links":{"self":[{"href":"http:\/\/flokardinal.org\/index.php?rest_route=\/wp\/v2\/pages\/7032","targetHints":{"allow":["GET"]}}],"collection":[{"href":"http:\/\/flokardinal.org\/index.php?rest_route=\/wp\/v2\/pages"}],"about":[{"href":"http:\/\/flokardinal.org\/index.php?rest_route=\/wp\/v2\/types\/page"}],"author":[{"embeddable":true,"href":"http:\/\/flokardinal.org\/index.php?rest_route=\/wp\/v2\/users\/1"}],"replies":[{"embeddable":true,"href":"http:\/\/flokardinal.org\/index.php?rest_route=%2Fwp%2Fv2%2Fcomments&post=7032"}],"version-history":[{"count":16,"href":"http:\/\/flokardinal.org\/index.php?rest_route=\/wp\/v2\/pages\/7032\/revisions"}],"predecessor-version":[{"id":9982,"href":"http:\/\/flokardinal.org\/index.php?rest_route=\/wp\/v2\/pages\/7032\/revisions\/9982"}],"up":[{"embeddable":true,"href":"http:\/\/flokardinal.org\/index.php?rest_route=\/wp\/v2\/pages\/1943"}],"wp:featuredmedia":[{"embeddable":true,"href":"http:\/\/flokardinal.org\/index.php?rest_route=\/wp\/v2\/media\/7033"}],"wp:attachment":[{"href":"http:\/\/flokardinal.org\/index.php?rest_route=%2Fwp%2Fv2%2Fmedia&parent=7032"}],"curies":[{"name":"wp","href":"https:\/\/api.w.org\/{rel}","templated":true}]}}