{"id":7001,"date":"2020-08-06T17:41:02","date_gmt":"2020-08-06T16:41:02","guid":{"rendered":"http:\/\/flokardinal.org\/wordpress\/?page_id=7001"},"modified":"2022-04-10T20:35:34","modified_gmt":"2022-04-10T19:35:34","slug":"programme-frequences-plurielles-2020-2021","status":"publish","type":"page","link":"http:\/\/flokardinal.org\/?page_id=7001","title":{"rendered":"LA PRATIQUE CORPORELLE :La Secousse Libre"},"content":{"rendered":"\n<p><strong>LA&nbsp;MEDECINE&nbsp;DE&nbsp;L&rsquo;ETRE&nbsp;une Pratique corporelle&nbsp;<\/strong><\/p>\n\n\n\n<p><strong>De La transe \u00e0 La Performance<\/strong>@&nbsp; Un&nbsp;processus&nbsp;de&nbsp;cr\u00e9ation&nbsp;pour&nbsp;entrer&nbsp;dans&nbsp;la&nbsp;r\u00e9alisation&nbsp;du&nbsp;moment&nbsp;qui&nbsp;nous&nbsp;habite&nbsp;et devenir un vecteur vivant ,un potentiel corps esprit pour se r\u00e9inventer<\/p>\n\n\n\n<figure class=\"wp-block-image\"><img loading=\"lazy\" decoding=\"async\" width=\"768\" height=\"1024\" src=\"http:\/\/flokardinal.org\/wordpress\/wp-content\/uploads\/2020\/08\/20180516_163759-768x1024.jpg\" alt=\"\" class=\"wp-image-7002\" srcset=\"http:\/\/flokardinal.org\/wp-content\/uploads\/2020\/08\/20180516_163759-768x1024.jpg 768w, http:\/\/flokardinal.org\/wp-content\/uploads\/2020\/08\/20180516_163759-225x300.jpg 225w\" sizes=\"auto, (max-width: 768px) 100vw, 768px\" \/><\/figure>\n\n\n\n<p>Revenir au CORPS<\/p>\n\n\n\n<p> Explorez les dimensions et les fr\u00e9quences du corps pour se connecter \u00e0 la visualisation cr\u00e9atrice <\/p>\n\n\n\n<p>RE-ENTERING THE DREAM<\/p>\n\n\n\n<p style=\"background-color:#68f156\" class=\"has-background\"><strong>LA SECOUSSE LIBRE <\/strong>\u00ae\u2122<\/p>\n\n\n\n<p>Partir de&nbsp;l&rsquo;exploration&nbsp;profonde&nbsp;du&nbsp;corps&nbsp;pour&nbsp;recr\u00e9er&nbsp; sa&nbsp;structure&nbsp;d&rsquo;\u00eatre et acc\u00e9der \u00e0 ses visions intimes&nbsp;<\/p>\n\n\n\n<p>je vous invite \u00e0 tramer le mouvement dans les structures profondes du corps,pour se reconnecter \u00e0 votre tissus sensoriel et comme les danseurs le font travailler et sculpter la mati\u00e8re subtile des tissus afin de trouver en vous l&rsquo;espace de la visualisation cr\u00e9atrice .Partir du corps comme un s\u00e9same. Revenir aux bases de la Danse intime pour acc\u00e9der \u00e0 ses r\u00eaves profonds.<\/p>\n\n\n\n<p style=\"background-color:#66eb5f\" class=\"has-background\"><strong>LES DATES <\/strong>: <strong>STAGE A LA MAISON de chez vous en ligne <\/strong><\/p>\n\n\n\n<p style=\"background-color:#c275d9\" class=\"has-background\"><strong>SERIE CORPS MATIERE <\/strong> .<\/p>\n\n\n\n<figure class=\"wp-block-image\"><img loading=\"lazy\" decoding=\"async\" width=\"1024\" height=\"576\" src=\"http:\/\/flokardinal.org\/wordpress\/wp-content\/uploads\/2020\/11\/Lascaux-2-element-terre-sejour-prehistoire-1024x576.jpg\" alt=\"\" class=\"wp-image-7547\" srcset=\"http:\/\/flokardinal.org\/wp-content\/uploads\/2020\/11\/Lascaux-2-element-terre-sejour-prehistoire-1024x576.jpg 1024w, http:\/\/flokardinal.org\/wp-content\/uploads\/2020\/11\/Lascaux-2-element-terre-sejour-prehistoire-300x169.jpg 300w, http:\/\/flokardinal.org\/wp-content\/uploads\/2020\/11\/Lascaux-2-element-terre-sejour-prehistoire-768x432.jpg 768w, http:\/\/flokardinal.org\/wp-content\/uploads\/2020\/11\/Lascaux-2-element-terre-sejour-prehistoire.jpg 1600w\" sizes=\"auto, (max-width: 1024px) 100vw, 1024px\" \/><\/figure>\n\n\n\n<p><strong>Vendredi 18 , Samedi 19 et Dimanche 20 D\u00e9cembre de 10h \u00e0 12h00<\/strong><\/p>\n\n\n\n<p><strong>18 \/12\/TERRE OS Solidifier Les Temps primordiaux<\/strong><\/p>\n\n\n\n<p><strong>19\/12 EAU  ORGANES  Nettoyer  La source<\/strong><\/p>\n\n\n\n<p><strong>20\/12 AIR  Membranes tissus fascia Clarifier Le ciel<\/strong><\/p>\n\n\n\n<p><strong>21\/12 FEU Organes sexuels Muscles  Nourrir L&rsquo;alchimie<\/strong><\/p>\n\n\n\n<p style=\"background-color:#c774d7\" class=\"has-background\"><strong>S\u00e9rie PERFORMER LA SORCIERE <\/strong><\/p>\n\n\n\n<p><strong>22\/12\/2020 de 10h \u00e0 13h00  Une recherche autour des sens et des lign\u00e9es . La porte de la Magie<\/strong><\/p>\n\n\n\n<figure class=\"wp-block-image\"><img loading=\"lazy\" decoding=\"async\" width=\"452\" height=\"700\" src=\"http:\/\/flokardinal.org\/wordpress\/wp-content\/uploads\/2020\/11\/Samhain-by-wyldraven-on-DeviantArt.jpg\" alt=\"\" class=\"wp-image-7549\" srcset=\"http:\/\/flokardinal.org\/wp-content\/uploads\/2020\/11\/Samhain-by-wyldraven-on-DeviantArt.jpg 452w, http:\/\/flokardinal.org\/wp-content\/uploads\/2020\/11\/Samhain-by-wyldraven-on-DeviantArt-194x300.jpg 194w\" sizes=\"auto, (max-width: 452px) 100vw, 452px\" \/><\/figure>\n\n\n\n<figure class=\"wp-block-image\"><img loading=\"lazy\" decoding=\"async\" width=\"683\" height=\"1024\" src=\"http:\/\/flokardinal.org\/wordpress\/wp-content\/uploads\/2018\/06\/IMG_6612s-1-683x1024.jpg\" alt=\"\" class=\"wp-image-3219\" srcset=\"http:\/\/flokardinal.org\/wp-content\/uploads\/2018\/06\/IMG_6612s-1-683x1024.jpg 683w, http:\/\/flokardinal.org\/wp-content\/uploads\/2018\/06\/IMG_6612s-1-200x300.jpg 200w, http:\/\/flokardinal.org\/wp-content\/uploads\/2018\/06\/IMG_6612s-1-768x1152.jpg 768w\" sizes=\"auto, (max-width: 683px) 100vw, 683px\" \/><\/figure>\n\n\n\n<p><strong>LES TARIFS<\/strong> <\/p>\n\n\n\n<p><strong>CORPS MATIERE<\/strong> :15 euros  la session en ligne de 2 heures  tarif unique \/ 40 euros les 3 jours de stage , 55 euros la s\u00e9rie des 4 jours <\/p>\n\n\n\n<p><strong>PERFORMER LA SORCIERE<\/strong> 30 euros les 3 heures .<\/p>\n\n\n\n<p>En pr\u00e9sentiel :25 euros la session L&rsquo;acc\u00e8s au cours est ouvert avec votre titre. La notification sur votre portable tient lieu aussi de billet.<\/p>\n\n\n\n<p style=\"color:#cc2cd5\" class=\"has-text-color\"><strong>R\u00e9servation en ligne uniquement <\/strong>  <br><a href=\"https:\/\/www.weezevent.com\/la-secousse-libre-en-ligne\">https:\/\/www.weezevent.com\/la-secousse-libre-en-ligne<\/a> <\/p>\n\n\n\n<p>**en ligne assurez d&rsquo;avoir une connexion fiable et un espace qui vous parait suffisant pour danser , un espace pour vous allonger pour le voyage chamanique de fin de session Une fois inscrit vous recevrez un mail avec les liens de connexion pour votre session.<\/p>\n\n\n\n<p>Une liste vous sera envoy\u00e9e apr\u00e8s inscription pour vous munir des effets n\u00e9cessaires .<\/p>\n\n\n\n<p>Les sessions sont ind\u00e9pendantes et travaillent sur les axes du corps et du r\u00eave. C&rsquo;est un training , une s\u00e9rie d&rsquo;outils, une roue de pratiques m\u00e9decines et cr\u00e9atives.<\/p>\n\n\n\n<p>** \u00e0 pr\u00e9voir en pr\u00e9sentiel  une  tenue confortable pour les transes et danses , de quoi vous hydrater,deschaussettes ou chaussons de danse,vous pourrez danser pieds nus si le coeur vous en dit, pr\u00e9voyez n\u00e9ammoins une paire de chaussettes pour vous \u00e9chauffer le corps,, un plaid pour se r\u00e9chauffer ,un tissus pour s&rsquo;allonger , un bandeau pour les yeux, un carnet et de quoi \u00e9crire .<\/p>\n\n\n\n<p>Il s&rsquo;agit d&rsquo;un parcours corporel et sonore.<\/p>\n\n\n\n<p>Flo kardinal <em>est danseuse chor\u00e9graphe enseignante dans le domaine du corps , elle en a explor\u00e9 les fondations et axe notamment sa recherche sur le fondement du mouvement et la transe .Elle cr\u00e9e un enseignement et une  m\u00e9thode sp\u00e9cifiques autour de la Roue de M\u00e9decine et de l&rsquo;\u00e9cologie de l&rsquo;\u00eatre Les Danses de La Chamane  \u00ae\u2122 \/Art et Chamanisme\u00a9\/Elle oeuvre au sein de la Cie Tir Group\u00e9.<\/em> <\/p>\n\n\n\n<h4 class=\"wp-block-heading\"><strong>CONTACT :&nbsp;<\/strong><a href=\"http:\/\/theatredelaguerison@gmail.com \"> theatredelaguerison@gmail.com<\/a><\/h4>\n\n\n\n<figure class=\"wp-block-image\"><img loading=\"lazy\" decoding=\"async\" width=\"1024\" height=\"683\" src=\"http:\/\/flokardinal.org\/wordpress\/wp-content\/uploads\/2018\/06\/IMG_6591s-1024x683.jpg\" alt=\"\" class=\"wp-image-3223\" srcset=\"http:\/\/flokardinal.org\/wp-content\/uploads\/2018\/06\/IMG_6591s-1024x683.jpg 1024w, http:\/\/flokardinal.org\/wp-content\/uploads\/2018\/06\/IMG_6591s-300x200.jpg 300w, http:\/\/flokardinal.org\/wp-content\/uploads\/2018\/06\/IMG_6591s-768x512.jpg 768w\" sizes=\"auto, (max-width: 1024px) 100vw, 1024px\" \/><\/figure>\n\n\n\n<figure class=\"wp-block-image\"><img loading=\"lazy\" decoding=\"async\" width=\"1024\" height=\"683\" src=\"http:\/\/flokardinal.org\/wordpress\/wp-content\/uploads\/2018\/06\/IMG_6585s-1024x683.jpg\" alt=\"\" class=\"wp-image-3225\" srcset=\"http:\/\/flokardinal.org\/wp-content\/uploads\/2018\/06\/IMG_6585s-1024x683.jpg 1024w, http:\/\/flokardinal.org\/wp-content\/uploads\/2018\/06\/IMG_6585s-300x200.jpg 300w, http:\/\/flokardinal.org\/wp-content\/uploads\/2018\/06\/IMG_6585s-768x512.jpg 768w\" sizes=\"auto, (max-width: 1024px) 100vw, 1024px\" \/><\/figure>\n\n\n\n<figure class=\"wp-block-embed-youtube wp-block-embed is-type-video is-provider-youtube wp-embed-aspect-16-9 wp-has-aspect-ratio\"><div class=\"wp-block-embed__wrapper\">\n<iframe loading=\"lazy\" title=\"ART et CHAMANISME Breathing Free Inspiration\" width=\"474\" height=\"267\" src=\"https:\/\/www.youtube.com\/embed\/ZX_ZDsGok3k?feature=oembed\" frameborder=\"0\" allow=\"accelerometer; autoplay; clipboard-write; encrypted-media; gyroscope; picture-in-picture; web-share\" referrerpolicy=\"strict-origin-when-cross-origin\" allowfullscreen><\/iframe>\n<\/div><figcaption>Pratique corporelle Flo Kardinal  Flexibilit\u00e9 et disponibiit\u00e9 du corps par rapport \u00e0 la vision, \u00e0 l&rsquo;instant qui nous habite <\/figcaption><\/figure>\n\n\n\n<pre class=\"wp-block-preformatted\"><br>\u00a9opyrights Cie Tir Group\u00e9\/Flo Kardinal Tous droits r\u00e9serv\u00e9s \/Tous les modules et concepts artistiques de la Cie Tir Group\u00e9 sont des cr\u00e9ations originales et \u00e0 ce titre sont d\u00e9pos\u00e9s et prot\u00e9g\u00e9s par les lois en vigueur<\/pre>\n\n\n\n<figure class=\"wp-block-image\"><img loading=\"lazy\" decoding=\"async\" width=\"734\" height=\"1024\" src=\"http:\/\/flokardinal.org\/wordpress\/wp-content\/uploads\/2021\/12\/Flyer-projet-LSL-verso-LOW-DEFINITION-734x1024.jpg\" alt=\"\" class=\"wp-image-8271\" srcset=\"http:\/\/flokardinal.org\/wp-content\/uploads\/2021\/12\/Flyer-projet-LSL-verso-LOW-DEFINITION-734x1024.jpg 734w, http:\/\/flokardinal.org\/wp-content\/uploads\/2021\/12\/Flyer-projet-LSL-verso-LOW-DEFINITION-215x300.jpg 215w, http:\/\/flokardinal.org\/wp-content\/uploads\/2021\/12\/Flyer-projet-LSL-verso-LOW-DEFINITION-768x1071.jpg 768w, http:\/\/flokardinal.org\/wp-content\/uploads\/2021\/12\/Flyer-projet-LSL-verso-LOW-DEFINITION.jpg 909w\" sizes=\"auto, (max-width: 734px) 100vw, 734px\" \/><\/figure>\n\n\n\n<figure class=\"wp-block-embed\"><div class=\"wp-block-embed__wrapper\">\nhttps:\/\/www.weezevent.com\/la-secousse-libre-en-ligne\n<\/div><\/figure>\n\n\n\n<p><br><\/p>\n\n\n\n<p>&nbsp;<br><\/p>\n\n\n\n<p><strong>&nbsp; &nbsp; &nbsp; &nbsp; &nbsp; &nbsp;<\/strong><\/p>\n","protected":false},"excerpt":{"rendered":"<p>LA&nbsp;MEDECINE&nbsp;DE&nbsp;L&rsquo;ETRE&nbsp;une Pratique corporelle&nbsp; De La transe \u00e0 La Performance@&nbsp; Un&nbsp;processus&nbsp;de&nbsp;cr\u00e9ation&nbsp;pour&nbsp;entrer&nbsp;dans&nbsp;la&nbsp;r\u00e9alisation&nbsp;du&nbsp;moment&nbsp;qui&nbsp;nous&nbsp;habite&nbsp;et devenir un vecteur vivant ,un potentiel corps esprit pour se r\u00e9inventer Revenir au CORPS Explorez les dimensions et les fr\u00e9quences du corps pour se connecter \u00e0 la visualisation cr\u00e9atrice RE-ENTERING THE DREAM LA SECOUSSE LIBRE \u00ae\u2122 Partir de&nbsp;l&rsquo;exploration&nbsp;profonde&nbsp;du&nbsp;corps&nbsp;pour&nbsp;recr\u00e9er&nbsp; sa&nbsp;structure&nbsp;d&rsquo;\u00eatre et acc\u00e9der \u00e0 ses visions intimes&nbsp; &hellip; <a href=\"http:\/\/flokardinal.org\/?page_id=7001\" class=\"more-link\">Continuer la lecture de <span class=\"screen-reader-text\">LA PRATIQUE CORPORELLE :La Secousse Libre<\/span>  <span class=\"meta-nav\">&rarr;<\/span><\/a><\/p>\n","protected":false},"author":1,"featured_media":3226,"parent":0,"menu_order":4,"comment_status":"closed","ping_status":"closed","template":"","meta":{"footnotes":""},"class_list":["post-7001","page","type-page","status-publish","has-post-thumbnail","hentry"],"yoast_head":"<!-- This site is optimized with the Yoast SEO plugin v27.3 - https:\/\/yoast.com\/product\/yoast-seo-wordpress\/ -->\n<title>LA PRATIQUE CORPORELLE :La Secousse Libre - Les danses de la chamane<\/title>\n<meta name=\"robots\" content=\"index, follow, max-snippet:-1, max-image-preview:large, max-video-preview:-1\" \/>\n<link rel=\"canonical\" href=\"https:\/\/flokardinal.org\/?page_id=7001\" \/>\n<meta property=\"og:locale\" content=\"fr_FR\" \/>\n<meta property=\"og:type\" content=\"article\" \/>\n<meta property=\"og:title\" content=\"LA PRATIQUE CORPORELLE :La Secousse Libre - Les danses de la chamane\" \/>\n<meta property=\"og:description\" content=\"LA&nbsp;MEDECINE&nbsp;DE&nbsp;L&rsquo;ETRE&nbsp;une Pratique corporelle&nbsp; De La transe \u00e0 La Performance@&nbsp; Un&nbsp;processus&nbsp;de&nbsp;cr\u00e9ation&nbsp;pour&nbsp;entrer&nbsp;dans&nbsp;la&nbsp;r\u00e9alisation&nbsp;du&nbsp;moment&nbsp;qui&nbsp;nous&nbsp;habite&nbsp;et devenir un vecteur vivant ,un potentiel corps esprit pour se r\u00e9inventer Revenir au CORPS Explorez les dimensions et les fr\u00e9quences du corps pour se connecter \u00e0 la visualisation cr\u00e9atrice RE-ENTERING THE DREAM LA SECOUSSE LIBRE \u00ae\u2122 Partir de&nbsp;l&rsquo;exploration&nbsp;profonde&nbsp;du&nbsp;corps&nbsp;pour&nbsp;recr\u00e9er&nbsp; sa&nbsp;structure&nbsp;d&rsquo;\u00eatre et acc\u00e9der \u00e0 ses visions intimes&nbsp; &hellip; Continuer la lecture de LA PRATIQUE CORPORELLE :La Secousse Libre &rarr;\" \/>\n<meta property=\"og:url\" content=\"https:\/\/flokardinal.org\/?page_id=7001\" \/>\n<meta property=\"og:site_name\" content=\"Les danses de la chamane\" \/>\n<meta property=\"article:modified_time\" content=\"2022-04-10T19:35:34+00:00\" \/>\n<meta property=\"og:image\" content=\"https:\/\/flokardinal.org\/wp-content\/uploads\/2018\/06\/IMG_6577_1S-1024x683.jpg\" \/>\n\t<meta property=\"og:image:width\" content=\"1024\" \/>\n\t<meta property=\"og:image:height\" content=\"683\" \/>\n\t<meta property=\"og:image:type\" content=\"image\/jpeg\" \/>\n<meta name=\"twitter:card\" content=\"summary_large_image\" \/>\n<meta name=\"twitter:site\" content=\"@kardinal93\" \/>\n<meta name=\"twitter:label1\" content=\"Dur\u00e9e de lecture estim\u00e9e\" \/>\n\t<meta name=\"twitter:data1\" content=\"3 minutes\" \/>\n<script type=\"application\/ld+json\" class=\"yoast-schema-graph\">{\"@context\":\"https:\\\/\\\/schema.org\",\"@graph\":[{\"@type\":\"WebPage\",\"@id\":\"https:\\\/\\\/flokardinal.org\\\/?page_id=7001\",\"url\":\"https:\\\/\\\/flokardinal.org\\\/?page_id=7001\",\"name\":\"LA PRATIQUE CORPORELLE :La Secousse Libre - Les danses de la chamane\",\"isPartOf\":{\"@id\":\"http:\\\/\\\/flokardinal.org\\\/#website\"},\"primaryImageOfPage\":{\"@id\":\"https:\\\/\\\/flokardinal.org\\\/?page_id=7001#primaryimage\"},\"image\":{\"@id\":\"https:\\\/\\\/flokardinal.org\\\/?page_id=7001#primaryimage\"},\"thumbnailUrl\":\"http:\\\/\\\/flokardinal.org\\\/wp-content\\\/uploads\\\/2018\\\/06\\\/IMG_6577_1S.jpg\",\"datePublished\":\"2020-08-06T16:41:02+00:00\",\"dateModified\":\"2022-04-10T19:35:34+00:00\",\"breadcrumb\":{\"@id\":\"https:\\\/\\\/flokardinal.org\\\/?page_id=7001#breadcrumb\"},\"inLanguage\":\"fr-FR\",\"potentialAction\":[{\"@type\":\"ReadAction\",\"target\":[\"https:\\\/\\\/flokardinal.org\\\/?page_id=7001\"]}]},{\"@type\":\"ImageObject\",\"inLanguage\":\"fr-FR\",\"@id\":\"https:\\\/\\\/flokardinal.org\\\/?page_id=7001#primaryimage\",\"url\":\"http:\\\/\\\/flokardinal.org\\\/wp-content\\\/uploads\\\/2018\\\/06\\\/IMG_6577_1S.jpg\",\"contentUrl\":\"http:\\\/\\\/flokardinal.org\\\/wp-content\\\/uploads\\\/2018\\\/06\\\/IMG_6577_1S.jpg\",\"width\":4272,\"height\":2848},{\"@type\":\"BreadcrumbList\",\"@id\":\"https:\\\/\\\/flokardinal.org\\\/?page_id=7001#breadcrumb\",\"itemListElement\":[{\"@type\":\"ListItem\",\"position\":1,\"name\":\"Accueil\",\"item\":\"http:\\\/\\\/flokardinal.org\\\/\"},{\"@type\":\"ListItem\",\"position\":2,\"name\":\"LA PRATIQUE CORPORELLE :La Secousse Libre\"}]},{\"@type\":\"WebSite\",\"@id\":\"http:\\\/\\\/flokardinal.org\\\/#website\",\"url\":\"http:\\\/\\\/flokardinal.org\\\/\",\"name\":\"Les danses de la chamane\",\"description\":\"Le corps cr\u00e9ateur gu\u00e9risseur salvateur\",\"potentialAction\":[{\"@type\":\"SearchAction\",\"target\":{\"@type\":\"EntryPoint\",\"urlTemplate\":\"http:\\\/\\\/flokardinal.org\\\/?s={search_term_string}\"},\"query-input\":{\"@type\":\"PropertyValueSpecification\",\"valueRequired\":true,\"valueName\":\"search_term_string\"}}],\"inLanguage\":\"fr-FR\"}]}<\/script>\n<!-- \/ Yoast SEO plugin. -->","yoast_head_json":{"title":"LA PRATIQUE CORPORELLE :La Secousse Libre - Les danses de la chamane","robots":{"index":"index","follow":"follow","max-snippet":"max-snippet:-1","max-image-preview":"max-image-preview:large","max-video-preview":"max-video-preview:-1"},"canonical":"https:\/\/flokardinal.org\/?page_id=7001","og_locale":"fr_FR","og_type":"article","og_title":"LA PRATIQUE CORPORELLE :La Secousse Libre - Les danses de la chamane","og_description":"LA&nbsp;MEDECINE&nbsp;DE&nbsp;L&rsquo;ETRE&nbsp;une Pratique corporelle&nbsp; De La transe \u00e0 La Performance@&nbsp; Un&nbsp;processus&nbsp;de&nbsp;cr\u00e9ation&nbsp;pour&nbsp;entrer&nbsp;dans&nbsp;la&nbsp;r\u00e9alisation&nbsp;du&nbsp;moment&nbsp;qui&nbsp;nous&nbsp;habite&nbsp;et devenir un vecteur vivant ,un potentiel corps esprit pour se r\u00e9inventer Revenir au CORPS Explorez les dimensions et les fr\u00e9quences du corps pour se connecter \u00e0 la visualisation cr\u00e9atrice RE-ENTERING THE DREAM LA SECOUSSE LIBRE \u00ae\u2122 Partir de&nbsp;l&rsquo;exploration&nbsp;profonde&nbsp;du&nbsp;corps&nbsp;pour&nbsp;recr\u00e9er&nbsp; sa&nbsp;structure&nbsp;d&rsquo;\u00eatre et acc\u00e9der \u00e0 ses visions intimes&nbsp; &hellip; Continuer la lecture de LA PRATIQUE CORPORELLE :La Secousse Libre &rarr;","og_url":"https:\/\/flokardinal.org\/?page_id=7001","og_site_name":"Les danses de la chamane","article_modified_time":"2022-04-10T19:35:34+00:00","og_image":[{"width":1024,"height":683,"url":"https:\/\/flokardinal.org\/wp-content\/uploads\/2018\/06\/IMG_6577_1S-1024x683.jpg","type":"image\/jpeg"}],"twitter_card":"summary_large_image","twitter_site":"@kardinal93","twitter_misc":{"Dur\u00e9e de lecture estim\u00e9e":"3 minutes"},"schema":{"@context":"https:\/\/schema.org","@graph":[{"@type":"WebPage","@id":"https:\/\/flokardinal.org\/?page_id=7001","url":"https:\/\/flokardinal.org\/?page_id=7001","name":"LA PRATIQUE CORPORELLE :La Secousse Libre - Les danses de la chamane","isPartOf":{"@id":"http:\/\/flokardinal.org\/#website"},"primaryImageOfPage":{"@id":"https:\/\/flokardinal.org\/?page_id=7001#primaryimage"},"image":{"@id":"https:\/\/flokardinal.org\/?page_id=7001#primaryimage"},"thumbnailUrl":"http:\/\/flokardinal.org\/wp-content\/uploads\/2018\/06\/IMG_6577_1S.jpg","datePublished":"2020-08-06T16:41:02+00:00","dateModified":"2022-04-10T19:35:34+00:00","breadcrumb":{"@id":"https:\/\/flokardinal.org\/?page_id=7001#breadcrumb"},"inLanguage":"fr-FR","potentialAction":[{"@type":"ReadAction","target":["https:\/\/flokardinal.org\/?page_id=7001"]}]},{"@type":"ImageObject","inLanguage":"fr-FR","@id":"https:\/\/flokardinal.org\/?page_id=7001#primaryimage","url":"http:\/\/flokardinal.org\/wp-content\/uploads\/2018\/06\/IMG_6577_1S.jpg","contentUrl":"http:\/\/flokardinal.org\/wp-content\/uploads\/2018\/06\/IMG_6577_1S.jpg","width":4272,"height":2848},{"@type":"BreadcrumbList","@id":"https:\/\/flokardinal.org\/?page_id=7001#breadcrumb","itemListElement":[{"@type":"ListItem","position":1,"name":"Accueil","item":"http:\/\/flokardinal.org\/"},{"@type":"ListItem","position":2,"name":"LA PRATIQUE CORPORELLE :La Secousse Libre"}]},{"@type":"WebSite","@id":"http:\/\/flokardinal.org\/#website","url":"http:\/\/flokardinal.org\/","name":"Les danses de la chamane","description":"Le corps cr\u00e9ateur gu\u00e9risseur salvateur","potentialAction":[{"@type":"SearchAction","target":{"@type":"EntryPoint","urlTemplate":"http:\/\/flokardinal.org\/?s={search_term_string}"},"query-input":{"@type":"PropertyValueSpecification","valueRequired":true,"valueName":"search_term_string"}}],"inLanguage":"fr-FR"}]}},"_links":{"self":[{"href":"http:\/\/flokardinal.org\/index.php?rest_route=\/wp\/v2\/pages\/7001","targetHints":{"allow":["GET"]}}],"collection":[{"href":"http:\/\/flokardinal.org\/index.php?rest_route=\/wp\/v2\/pages"}],"about":[{"href":"http:\/\/flokardinal.org\/index.php?rest_route=\/wp\/v2\/types\/page"}],"author":[{"embeddable":true,"href":"http:\/\/flokardinal.org\/index.php?rest_route=\/wp\/v2\/users\/1"}],"replies":[{"embeddable":true,"href":"http:\/\/flokardinal.org\/index.php?rest_route=%2Fwp%2Fv2%2Fcomments&post=7001"}],"version-history":[{"count":29,"href":"http:\/\/flokardinal.org\/index.php?rest_route=\/wp\/v2\/pages\/7001\/revisions"}],"predecessor-version":[{"id":8272,"href":"http:\/\/flokardinal.org\/index.php?rest_route=\/wp\/v2\/pages\/7001\/revisions\/8272"}],"wp:featuredmedia":[{"embeddable":true,"href":"http:\/\/flokardinal.org\/index.php?rest_route=\/wp\/v2\/media\/3226"}],"wp:attachment":[{"href":"http:\/\/flokardinal.org\/index.php?rest_route=%2Fwp%2Fv2%2Fmedia&parent=7001"}],"curies":[{"name":"wp","href":"https:\/\/api.w.org\/{rel}","templated":true}]}}