{"id":388,"date":"2015-06-14T19:04:02","date_gmt":"2015-06-14T18:04:02","guid":{"rendered":"http:\/\/flokardinal.org\/wordpress\/?page_id=388"},"modified":"2021-02-23T22:19:08","modified_gmt":"2021-02-23T21:19:08","slug":"les-esprits-de-la-nature","status":"publish","type":"page","link":"http:\/\/flokardinal.org\/?page_id=388","title":{"rendered":"Les Esprits de La For\u00eat"},"content":{"rendered":"<figure id=\"attachment_909\" aria-describedby=\"caption-attachment-909\" style=\"width: 215px\" class=\"wp-caption alignnone\"><a href=\"http:\/\/flokardinal.org\/wordpress\/wp-content\/uploads\/2015\/06\/flyer-les-esprits-de-la-foret-copie-1.jpg\"><img loading=\"lazy\" decoding=\"async\" class=\"size-medium wp-image-909\" src=\"http:\/\/flokardinal.org\/wordpress\/wp-content\/uploads\/2015\/06\/flyer-les-esprits-de-la-foret-copie-1-215x300.jpg\" alt=\"\" width=\"215\" height=\"300\" srcset=\"http:\/\/flokardinal.org\/wp-content\/uploads\/2015\/06\/flyer-les-esprits-de-la-foret-copie-1-215x300.jpg 215w, http:\/\/flokardinal.org\/wp-content\/uploads\/2015\/06\/flyer-les-esprits-de-la-foret-copie-1-768x1071.jpg 768w, http:\/\/flokardinal.org\/wp-content\/uploads\/2015\/06\/flyer-les-esprits-de-la-foret-copie-1-734x1024.jpg 734w, http:\/\/flokardinal.org\/wp-content\/uploads\/2015\/06\/flyer-les-esprits-de-la-foret-copie-1.jpg 1287w\" sizes=\"auto, (max-width: 215px) 100vw, 215px\" \/><\/a><figcaption id=\"caption-attachment-909\" class=\"wp-caption-text\">LES ESPRITS DE LA FORET<\/figcaption><\/figure>\n<p><span style=\"color: #008000;\"><strong>LES ESPRITS DE LA FORET \u00a9<\/strong><\/span><\/p>\n<p>Projet de performances o\u00f9 les cr\u00e9ations spontan\u00e9es sont bas\u00e9es sur la canalisation reli\u00e9e \u00e0 la symbolique de la Nature et \u00e0 l\u2019environnement consid\u00e9r\u00e9. Ces mises en espace cr\u00e9atives utilisent des sons vibratoires improvis\u00e9s et des danses intuitives qui ouvrent les espaces de l\u2019imaginaire, de l\u2019apaisement et de la \u00a0gu\u00e9rison \u00a9<\/p>\n<p>Ces installations se conjuguent avec d&rsquo;autres modules cr\u00e9atifs .<\/p>\n<p>Dans cette s\u00e9rie <span style=\"color: #008000;\"><strong>LES ESPRITS DE LA FORET\u00a9<\/strong><\/span> : 4 axes\/4 \u00e9l\u00e9ments .<\/p>\n<p><strong><span style=\"color: #000000;\">EXCLUSIF Programmation<\/span> Le Vendredi 8 Avril 2016 \u00e0 <span style=\"color: #000000;\">Marseille Th\u00e9\u00e2tre Atelier des Arts Sainte Marguerite\u00a0<\/span><\/strong><\/p>\n<figure id=\"attachment_1030\" aria-describedby=\"caption-attachment-1030\" style=\"width: 300px\" class=\"wp-caption alignnone\"><a href=\"http:\/\/flokardinal.org\/wordpress\/wp-content\/uploads\/2015\/06\/9982.gif-WEB.gif\"><img loading=\"lazy\" decoding=\"async\" class=\"size-medium wp-image-1030\" src=\"http:\/\/flokardinal.org\/wordpress\/wp-content\/uploads\/2015\/06\/9982.gif-WEB-300x200.gif\" alt=\"LES ESPRITS DE LA FORET\" width=\"300\" height=\"200\" srcset=\"http:\/\/flokardinal.org\/wp-content\/uploads\/2015\/06\/9982.gif-WEB-300x200.gif 300w, http:\/\/flokardinal.org\/wp-content\/uploads\/2015\/06\/9982.gif-WEB-768x513.gif 768w\" sizes=\"auto, (max-width: 300px) 100vw, 300px\" \/><\/a><figcaption id=\"caption-attachment-1030\" class=\"wp-caption-text\">LES ESPRITS DE LA FORET<\/figcaption><\/figure>\n<figure id=\"attachment_1032\" aria-describedby=\"caption-attachment-1032\" style=\"width: 300px\" class=\"wp-caption alignnone\"><a href=\"http:\/\/flokardinal.org\/wordpress\/wp-content\/uploads\/2015\/06\/011677.gif-WEB.gif\"><img loading=\"lazy\" decoding=\"async\" class=\"size-medium wp-image-1032\" src=\"http:\/\/flokardinal.org\/wordpress\/wp-content\/uploads\/2015\/06\/011677.gif-WEB-300x200.gif\" alt=\"\" width=\"300\" height=\"200\" srcset=\"http:\/\/flokardinal.org\/wp-content\/uploads\/2015\/06\/011677.gif-WEB-300x200.gif 300w, http:\/\/flokardinal.org\/wp-content\/uploads\/2015\/06\/011677.gif-WEB-768x513.gif 768w\" sizes=\"auto, (max-width: 300px) 100vw, 300px\" \/><\/a><figcaption id=\"caption-attachment-1032\" class=\"wp-caption-text\">LES ESPRITS DE LA FORET<\/figcaption><\/figure>\n<figure id=\"attachment_1035\" aria-describedby=\"caption-attachment-1035\" style=\"width: 300px\" class=\"wp-caption alignnone\"><a href=\"http:\/\/flokardinal.org\/wordpress\/wp-content\/uploads\/2015\/06\/IMG_0021.gif-WEB.gif\"><img loading=\"lazy\" decoding=\"async\" class=\"size-medium wp-image-1035\" src=\"http:\/\/flokardinal.org\/wordpress\/wp-content\/uploads\/2015\/06\/IMG_0021.gif-WEB-300x225.gif\" alt=\"LES ESPRITS DE LA FORET\" width=\"300\" height=\"225\" \/><\/a><figcaption id=\"caption-attachment-1035\" class=\"wp-caption-text\">LES ESPRITS DE LA FORET<\/figcaption><\/figure>\n<p>Phase 2 \u00ab\u00a0CYCLES\u00a0\u00bb LE FEU<\/p>\n<figure id=\"attachment_1018\" aria-describedby=\"caption-attachment-1018\" style=\"width: 300px\" class=\"wp-caption alignnone\"><a href=\"http:\/\/flokardinal.org\/wordpress\/wp-content\/uploads\/2015\/06\/011687.gif-WEB.gif\"><img loading=\"lazy\" decoding=\"async\" class=\"size-medium wp-image-1018\" src=\"http:\/\/flokardinal.org\/wordpress\/wp-content\/uploads\/2015\/06\/011687.gif-WEB-300x200.gif\" alt=\"LES ESPRITS DE LA FORET\" width=\"300\" height=\"200\" srcset=\"http:\/\/flokardinal.org\/wp-content\/uploads\/2015\/06\/011687.gif-WEB-300x200.gif 300w, http:\/\/flokardinal.org\/wp-content\/uploads\/2015\/06\/011687.gif-WEB-768x513.gif 768w\" sizes=\"auto, (max-width: 300px) 100vw, 300px\" \/><\/a><figcaption id=\"caption-attachment-1018\" class=\"wp-caption-text\">LES ESPRITS DE LA FORET<\/figcaption><\/figure>\n<p><a href=\"http:\/\/flokardinal.org\/wordpress\/wp-content\/uploads\/2015\/06\/011689.gif-WEB.gif\"><img loading=\"lazy\" decoding=\"async\" class=\"alignnone size-medium wp-image-1021\" src=\"http:\/\/flokardinal.org\/wordpress\/wp-content\/uploads\/2015\/06\/011689.gif-WEB-300x200.gif\" alt=\"011689.gif-WEB\" width=\"300\" height=\"200\" srcset=\"http:\/\/flokardinal.org\/wp-content\/uploads\/2015\/06\/011689.gif-WEB-300x200.gif 300w, http:\/\/flokardinal.org\/wp-content\/uploads\/2015\/06\/011689.gif-WEB-768x513.gif 768w\" sizes=\"auto, (max-width: 300px) 100vw, 300px\" \/><\/a> <a href=\"http:\/\/flokardinal.org\/wordpress\/wp-content\/uploads\/2015\/06\/011693.gif-WEB.gif\"><img loading=\"lazy\" decoding=\"async\" class=\"alignnone size-medium wp-image-1024\" src=\"http:\/\/flokardinal.org\/wordpress\/wp-content\/uploads\/2015\/06\/011693.gif-WEB-300x200.gif\" alt=\"011693.gif-WEB\" width=\"300\" height=\"200\" srcset=\"http:\/\/flokardinal.org\/wp-content\/uploads\/2015\/06\/011693.gif-WEB-300x200.gif 300w, http:\/\/flokardinal.org\/wp-content\/uploads\/2015\/06\/011693.gif-WEB-768x513.gif 768w\" sizes=\"auto, (max-width: 300px) 100vw, 300px\" \/><\/a><\/p>\n<figure id=\"attachment_791\" aria-describedby=\"caption-attachment-791\" style=\"width: 225px\" class=\"wp-caption alignnone\"><a href=\"http:\/\/flokardinal.org\/wordpress\/wp-content\/uploads\/2015\/06\/CORPS-LEF-2015-copie.jpg\"><img loading=\"lazy\" decoding=\"async\" class=\"size-medium wp-image-791\" src=\"http:\/\/flokardinal.org\/wordpress\/wp-content\/uploads\/2015\/06\/CORPS-LEF-2015-copie-225x300.jpg\" alt=\"Les Esprits de la Foret\" width=\"225\" height=\"300\" srcset=\"http:\/\/flokardinal.org\/wp-content\/uploads\/2015\/06\/CORPS-LEF-2015-copie-225x300.jpg 225w, http:\/\/flokardinal.org\/wp-content\/uploads\/2015\/06\/CORPS-LEF-2015-copie-768x1024.jpg 768w\" sizes=\"auto, (max-width: 225px) 100vw, 225px\" \/><\/a><figcaption id=\"caption-attachment-791\" class=\"wp-caption-text\">Les Esprits de la Foret<\/figcaption><\/figure>\n<figure id=\"attachment_792\" aria-describedby=\"caption-attachment-792\" style=\"width: 300px\" class=\"wp-caption alignnone\"><a href=\"http:\/\/flokardinal.org\/wordpress\/wp-content\/uploads\/2015\/06\/corps-lov\u00e9-LEF.jpg\"><img loading=\"lazy\" decoding=\"async\" class=\"size-medium wp-image-792\" src=\"http:\/\/flokardinal.org\/wordpress\/wp-content\/uploads\/2015\/06\/corps-lov\u00e9-LEF-300x225.jpg\" alt=\"LES ESPRITS DE LA FORET\" width=\"300\" height=\"225\" srcset=\"http:\/\/flokardinal.org\/wp-content\/uploads\/2015\/06\/corps-lov\u00e9-LEF-300x225.jpg 300w, http:\/\/flokardinal.org\/wp-content\/uploads\/2015\/06\/corps-lov\u00e9-LEF-1024x768.jpg 1024w\" sizes=\"auto, (max-width: 300px) 100vw, 300px\" \/><\/a><figcaption id=\"caption-attachment-792\" class=\"wp-caption-text\">LES ESPRITS DE LA FORET<\/figcaption><\/figure>\n<p><a href=\"http:\/\/flokardinal.org\/wordpress\/wp-content\/uploads\/2015\/06\/PORTRAIT-LEF-2-2015-copie.jpg\"><img loading=\"lazy\" decoding=\"async\" class=\"alignnone size-medium wp-image-794\" src=\"http:\/\/flokardinal.org\/wordpress\/wp-content\/uploads\/2015\/06\/PORTRAIT-LEF-2-2015-copie-225x300.jpg\" alt=\"PORTRAIT LEF 2 2015 copie\" width=\"225\" height=\"300\" srcset=\"http:\/\/flokardinal.org\/wp-content\/uploads\/2015\/06\/PORTRAIT-LEF-2-2015-copie-225x300.jpg 225w, http:\/\/flokardinal.org\/wp-content\/uploads\/2015\/06\/PORTRAIT-LEF-2-2015-copie-768x1024.jpg 768w\" sizes=\"auto, (max-width: 225px) 100vw, 225px\" \/><\/a><\/p>\n<p>Serie<span style=\"color: #008000;\"><strong> LES ESPRITS DE LA FORET\u00a9<\/strong><\/span> , collection des formes artistiques d\u00e9velopp\u00e9es AUTOUR DE VEGETAL\u00a0Performance<\/p>\n<p>Sc\u00e8nes ONE SHOT, sans retouches<br \/>\nQuelque part en for\u00eat urbaine &#8230;..<\/p>\n<p><iframe loading=\"lazy\" title=\"LES ESPRITS DE LA FORET\/ LE FEU \/LE SUD\" src=\"https:\/\/player.vimeo.com\/video\/132836172?dnt=1&amp;app_id=122963\" width=\"474\" height=\"267\" frameborder=\"0\" allow=\"autoplay; fullscreen; picture-in-picture; clipboard-write\"><\/iframe><\/p>\n<pre>Tous les extraits sont tourn\u00e9s en temps et espace r\u00e9els,les danses sont intuitives , les chants et musique improvis\u00e9s dans l'espace du th\u00e8me, les artistes en canalisation se confrontent au moment.Les sc\u00e8nes sont ONE SHOT .\n Chaque module est unique.<\/pre>\n<p>Distribution: \u00a0 \u00a0 \u00a0 \u00a0 \u00a0 \u00a0 \u00a0 \u00a0 \u00a0 \u00a0 \u00a0 \u00a0 \u00a0 \u00a0 \u00a0 \u00a0 \u00a0 \u00a0 \u00a0 \u00a0 \u00a0 \u00a0 \u00a0 \u00a0 \u00a0 \u00a0 \u00a0 \u00a0 \u00a0 \u00a0 \u00a0 \u00a0 \u00a0 \u00a0 \u00a0 \u00a0 \u00a0 \u00a0 \u00a0 \u00a0 \u00a0 \u00a0 \u00a0 \u00a0 \u00a0 \u00a0 \u00a0 \u00a0 \u00a0 \u00a0 \u00a0 \u00a0 \u00a0 \u00a0 \u00a0 \u00a0 \u00a0 \u00a0 \u00a0 \u00a0 \u00a0 \u00a0 Danses intuitives Flo Kardinal<br \/>\nChants et Musiques improvis\u00e9s Denderah<br \/>\nImages Mehdi Bara Ziane.<\/p>\n<p>\u00ab\u00a0Chaque prestation en canalisation \u00e9met un taux vibratoire \u00e9lev\u00e9 qui favorise l&rsquo;espace de nos gu\u00e9risons. Chaque module est unique et pr\u00e9sent\u00e9 dans un \u00e9crin artistique sensible et enchanteur\u00a0\u00bbconcept exclusif d\u00e9pos\u00e9\u00a9Cie Tir Group\u00e92015.<\/p>\n<p><span style=\"color: #ff00ff;\"><strong>MEHDI BARA ZIANE prend la parole :<\/strong><\/span><\/p>\n<p>\u00ab\u00a0La vid\u00e9ographie des Esprits de la For\u00eat rend compte avec sinc\u00e9rit\u00e9 du duetto corps-voix au\u00a0sein du th\u00e8me des quatre \u00e9l\u00e9ments de la nature. Le subtil mariage des mouvements dans\u00e9s\u00a0de Flo Kardinal et de la po\u00e9sie musicale de Denderah devait \u00eatre mis en image de mani\u00e8re\u00a0organique, la vid\u00e9o faisant alors \u00e9cho \u00e0 une mise en sc\u00e8ne corporelle et sonore improvis\u00e9e\u00a0sans pervertir son message profond\u00e9ment authentique. La nature ne trichant jamais, il fallait<br \/>\ndonc regarder l&rsquo;imaginaire cr\u00e9atif de la chor\u00e9graphe en proposant un compromis artistique,\u00a0un point de vue paradoxal : l&rsquo;hypoth\u00e9tique vision de m\u00e8re Nature&#8230;\u00a0\u00bb\u00a9 Mehdi Bara Ziane<\/p>\n<p>\u00ab\u00a0Le r\u00e9alisateur a propos\u00e9 \u00e0 partir des versions ONE SHOT sans retouche des versions coloris\u00e9s ou l&rsquo;image est trait\u00e9e avec sa sensibilit\u00e9 &#8230;.On y lit autre chose, c&rsquo;est une autre dimension de la r\u00e9alit\u00e9.\u00a0\u00bb\u00a9 Flo Kardinal<\/p>\n<p><iframe loading=\"lazy\" title=\"LES ESPRITS DE LA FOR\u00cbT \/L&#039;OUEST\/L&#039;EAU \/R\u00eaves\" src=\"https:\/\/player.vimeo.com\/video\/134495121?dnt=1&amp;app_id=122963\" width=\"474\" height=\"267\" frameborder=\"0\" allow=\"autoplay; fullscreen; picture-in-picture; clipboard-write\"><\/iframe><\/p>\n<p><iframe loading=\"lazy\" title=\"LES ESPRITS DE LA FORET \/ LE NORD\/ LA TERRE\/ Le Corbeau\" src=\"https:\/\/player.vimeo.com\/video\/134448265?dnt=1&amp;app_id=122963\" width=\"474\" height=\"267\" frameborder=\"0\" allow=\"autoplay; fullscreen; picture-in-picture; clipboard-write\"><\/iframe><\/p>\n<p><iframe loading=\"lazy\" title=\"LES ESPRITS DE LA FORET \/LE SUD\/ LE FEU\/ CENDRES\" src=\"https:\/\/player.vimeo.com\/video\/134448264?dnt=1&amp;app_id=122963\" width=\"474\" height=\"267\" frameborder=\"0\" allow=\"autoplay; fullscreen; picture-in-picture; clipboard-write\"><\/iframe><\/p>\n<p><iframe loading=\"lazy\" title=\"LES ESPRITS DE LA FORET  LE NORD \/ LA TERRE\/Blanche Neige\" src=\"https:\/\/player.vimeo.com\/video\/134513967?dnt=1&amp;app_id=122963\" width=\"474\" height=\"267\" frameborder=\"0\" allow=\"autoplay; fullscreen; picture-in-picture; clipboard-write\"><\/iframe><\/p>\n<p>CONTACT:\u00a0<a href=\"mailto:lasecousselibre@gmail.com\">lasecousselibre@gmail.com<\/a><\/p>\n<p>Le projet LES ESPRITS DE LA FORET\u00a0\u00a9 se conjugue avec plusieurs m\u00e9diums.<\/p>\n<figure id=\"attachment_908\" aria-describedby=\"caption-attachment-908\" style=\"width: 215px\" class=\"wp-caption alignnone\"><a href=\"http:\/\/flokardinal.org\/wordpress\/wp-content\/uploads\/2015\/06\/flyer-les-esprits-de-la-foret-2-copie-1.jpg\"><img loading=\"lazy\" decoding=\"async\" class=\"size-medium wp-image-908\" src=\"http:\/\/flokardinal.org\/wordpress\/wp-content\/uploads\/2015\/06\/flyer-les-esprits-de-la-foret-2-copie-1-215x300.jpg\" alt=\"\" width=\"215\" height=\"300\" srcset=\"http:\/\/flokardinal.org\/wp-content\/uploads\/2015\/06\/flyer-les-esprits-de-la-foret-2-copie-1-215x300.jpg 215w, http:\/\/flokardinal.org\/wp-content\/uploads\/2015\/06\/flyer-les-esprits-de-la-foret-2-copie-1-768x1071.jpg 768w, http:\/\/flokardinal.org\/wp-content\/uploads\/2015\/06\/flyer-les-esprits-de-la-foret-2-copie-1-734x1024.jpg 734w, http:\/\/flokardinal.org\/wp-content\/uploads\/2015\/06\/flyer-les-esprits-de-la-foret-2-copie-1.jpg 1287w\" sizes=\"auto, (max-width: 215px) 100vw, 215px\" \/><\/a><figcaption id=\"caption-attachment-908\" class=\"wp-caption-text\">LES ESPRITS DE LA FORET<\/figcaption><\/figure>\n<pre>Tous les projets et cr\u00e9ations de Tir Group\u00e9 et Flo Kardinal sont prot\u00e9g\u00e9s et d\u00e9pos\u00e9s dans leur concepts, contenus, formulations, r\u00e9alisations et productions selon les lois en vigueur en ce domaine.<\/pre>\n","protected":false},"excerpt":{"rendered":"<p>LES ESPRITS DE LA FORET \u00a9 Projet de performances o\u00f9 les cr\u00e9ations spontan\u00e9es sont bas\u00e9es sur la canalisation reli\u00e9e \u00e0 la symbolique de la Nature et \u00e0 l\u2019environnement consid\u00e9r\u00e9. Ces mises en espace cr\u00e9atives utilisent des sons vibratoires improvis\u00e9s et des danses intuitives qui ouvrent les espaces de l\u2019imaginaire, de l\u2019apaisement et de la \u00a0gu\u00e9rison &hellip; <a href=\"http:\/\/flokardinal.org\/?page_id=388\" class=\"more-link\">Continuer la lecture de <span class=\"screen-reader-text\">Les Esprits de La For\u00eat<\/span>  <span class=\"meta-nav\">&rarr;<\/span><\/a><\/p>\n","protected":false},"author":1,"featured_media":7324,"parent":1423,"menu_order":2,"comment_status":"open","ping_status":"open","template":"","meta":{"footnotes":""},"class_list":["post-388","page","type-page","status-publish","has-post-thumbnail","hentry"],"yoast_head":"<!-- This site is optimized with the Yoast SEO plugin v27.4 - https:\/\/yoast.com\/product\/yoast-seo-wordpress\/ -->\n<title>Les Esprits de La For\u00eat - Les danses de la chamane<\/title>\n<meta name=\"robots\" content=\"index, follow, max-snippet:-1, max-image-preview:large, max-video-preview:-1\" \/>\n<link rel=\"canonical\" href=\"http:\/\/flokardinal.org\/?page_id=388\" \/>\n<meta property=\"og:locale\" content=\"fr_FR\" \/>\n<meta property=\"og:type\" content=\"article\" \/>\n<meta property=\"og:title\" content=\"Les Esprits de La For\u00eat - Les danses de la chamane\" \/>\n<meta property=\"og:description\" content=\"LES ESPRITS DE LA FORET \u00a9 Projet de performances o\u00f9 les cr\u00e9ations spontan\u00e9es sont bas\u00e9es sur la canalisation reli\u00e9e \u00e0 la symbolique de la Nature et \u00e0 l\u2019environnement consid\u00e9r\u00e9. Ces mises en espace cr\u00e9atives utilisent des sons vibratoires improvis\u00e9s et des danses intuitives qui ouvrent les espaces de l\u2019imaginaire, de l\u2019apaisement et de la \u00a0gu\u00e9rison &hellip; Continuer la lecture de Les Esprits de La For\u00eat &rarr;\" \/>\n<meta property=\"og:url\" content=\"http:\/\/flokardinal.org\/?page_id=388\" \/>\n<meta property=\"og:site_name\" content=\"Les danses de la chamane\" \/>\n<meta property=\"article:modified_time\" content=\"2021-02-23T21:19:08+00:00\" \/>\n<meta property=\"og:image\" content=\"http:\/\/flokardinal.org\/wp-content\/uploads\/2020\/08\/12322516_1071748652865292_3417019683799777480_o.jpg\" \/>\n\t<meta property=\"og:image:width\" content=\"296\" \/>\n\t<meta property=\"og:image:height\" content=\"394\" \/>\n\t<meta property=\"og:image:type\" content=\"image\/jpeg\" \/>\n<meta name=\"twitter:card\" content=\"summary_large_image\" \/>\n<meta name=\"twitter:site\" content=\"@kardinal93\" \/>\n<meta name=\"twitter:label1\" content=\"Dur\u00e9e de lecture estim\u00e9e\" \/>\n\t<meta name=\"twitter:data1\" content=\"3 minutes\" \/>\n<script type=\"application\/ld+json\" class=\"yoast-schema-graph\">{\"@context\":\"https:\\\/\\\/schema.org\",\"@graph\":[{\"@type\":\"WebPage\",\"@id\":\"http:\\\/\\\/flokardinal.org\\\/?page_id=388\",\"url\":\"http:\\\/\\\/flokardinal.org\\\/?page_id=388\",\"name\":\"Les Esprits de La For\u00eat - Les danses de la chamane\",\"isPartOf\":{\"@id\":\"https:\\\/\\\/flokardinal.org\\\/#website\"},\"primaryImageOfPage\":{\"@id\":\"http:\\\/\\\/flokardinal.org\\\/?page_id=388#primaryimage\"},\"image\":{\"@id\":\"http:\\\/\\\/flokardinal.org\\\/?page_id=388#primaryimage\"},\"thumbnailUrl\":\"http:\\\/\\\/flokardinal.org\\\/wp-content\\\/uploads\\\/2020\\\/08\\\/12322516_1071748652865292_3417019683799777480_o.jpg\",\"datePublished\":\"2015-06-14T18:04:02+00:00\",\"dateModified\":\"2021-02-23T21:19:08+00:00\",\"breadcrumb\":{\"@id\":\"http:\\\/\\\/flokardinal.org\\\/?page_id=388#breadcrumb\"},\"inLanguage\":\"fr-FR\",\"potentialAction\":[{\"@type\":\"ReadAction\",\"target\":[\"http:\\\/\\\/flokardinal.org\\\/?page_id=388\"]}]},{\"@type\":\"ImageObject\",\"inLanguage\":\"fr-FR\",\"@id\":\"http:\\\/\\\/flokardinal.org\\\/?page_id=388#primaryimage\",\"url\":\"http:\\\/\\\/flokardinal.org\\\/wp-content\\\/uploads\\\/2020\\\/08\\\/12322516_1071748652865292_3417019683799777480_o.jpg\",\"contentUrl\":\"http:\\\/\\\/flokardinal.org\\\/wp-content\\\/uploads\\\/2020\\\/08\\\/12322516_1071748652865292_3417019683799777480_o.jpg\",\"width\":296,\"height\":394},{\"@type\":\"BreadcrumbList\",\"@id\":\"http:\\\/\\\/flokardinal.org\\\/?page_id=388#breadcrumb\",\"itemListElement\":[{\"@type\":\"ListItem\",\"position\":1,\"name\":\"Accueil\",\"item\":\"https:\\\/\\\/flokardinal.org\\\/\"},{\"@type\":\"ListItem\",\"position\":2,\"name\":\"L&rsquo;ACTUALIT\u00e9 CREATIVE DE LA Cie Tir Group\u00e9\",\"item\":\"http:\\\/\\\/flokardinal.org\\\/?page_id=1423\"},{\"@type\":\"ListItem\",\"position\":3,\"name\":\"Les Esprits de La For\u00eat\"}]},{\"@type\":\"WebSite\",\"@id\":\"https:\\\/\\\/flokardinal.org\\\/#website\",\"url\":\"https:\\\/\\\/flokardinal.org\\\/\",\"name\":\"Les danses de la chamane\",\"description\":\"Le corps cr\u00e9ateur gu\u00e9risseur salvateur\",\"potentialAction\":[{\"@type\":\"SearchAction\",\"target\":{\"@type\":\"EntryPoint\",\"urlTemplate\":\"https:\\\/\\\/flokardinal.org\\\/?s={search_term_string}\"},\"query-input\":{\"@type\":\"PropertyValueSpecification\",\"valueRequired\":true,\"valueName\":\"search_term_string\"}}],\"inLanguage\":\"fr-FR\"}]}<\/script>\n<!-- \/ Yoast SEO plugin. -->","yoast_head_json":{"title":"Les Esprits de La For\u00eat - Les danses de la chamane","robots":{"index":"index","follow":"follow","max-snippet":"max-snippet:-1","max-image-preview":"max-image-preview:large","max-video-preview":"max-video-preview:-1"},"canonical":"http:\/\/flokardinal.org\/?page_id=388","og_locale":"fr_FR","og_type":"article","og_title":"Les Esprits de La For\u00eat - Les danses de la chamane","og_description":"LES ESPRITS DE LA FORET \u00a9 Projet de performances o\u00f9 les cr\u00e9ations spontan\u00e9es sont bas\u00e9es sur la canalisation reli\u00e9e \u00e0 la symbolique de la Nature et \u00e0 l\u2019environnement consid\u00e9r\u00e9. Ces mises en espace cr\u00e9atives utilisent des sons vibratoires improvis\u00e9s et des danses intuitives qui ouvrent les espaces de l\u2019imaginaire, de l\u2019apaisement et de la \u00a0gu\u00e9rison &hellip; Continuer la lecture de Les Esprits de La For\u00eat &rarr;","og_url":"http:\/\/flokardinal.org\/?page_id=388","og_site_name":"Les danses de la chamane","article_modified_time":"2021-02-23T21:19:08+00:00","og_image":[{"width":296,"height":394,"url":"http:\/\/flokardinal.org\/wp-content\/uploads\/2020\/08\/12322516_1071748652865292_3417019683799777480_o.jpg","type":"image\/jpeg"}],"twitter_card":"summary_large_image","twitter_site":"@kardinal93","twitter_misc":{"Dur\u00e9e de lecture estim\u00e9e":"3 minutes"},"schema":{"@context":"https:\/\/schema.org","@graph":[{"@type":"WebPage","@id":"http:\/\/flokardinal.org\/?page_id=388","url":"http:\/\/flokardinal.org\/?page_id=388","name":"Les Esprits de La For\u00eat - Les danses de la chamane","isPartOf":{"@id":"https:\/\/flokardinal.org\/#website"},"primaryImageOfPage":{"@id":"http:\/\/flokardinal.org\/?page_id=388#primaryimage"},"image":{"@id":"http:\/\/flokardinal.org\/?page_id=388#primaryimage"},"thumbnailUrl":"http:\/\/flokardinal.org\/wp-content\/uploads\/2020\/08\/12322516_1071748652865292_3417019683799777480_o.jpg","datePublished":"2015-06-14T18:04:02+00:00","dateModified":"2021-02-23T21:19:08+00:00","breadcrumb":{"@id":"http:\/\/flokardinal.org\/?page_id=388#breadcrumb"},"inLanguage":"fr-FR","potentialAction":[{"@type":"ReadAction","target":["http:\/\/flokardinal.org\/?page_id=388"]}]},{"@type":"ImageObject","inLanguage":"fr-FR","@id":"http:\/\/flokardinal.org\/?page_id=388#primaryimage","url":"http:\/\/flokardinal.org\/wp-content\/uploads\/2020\/08\/12322516_1071748652865292_3417019683799777480_o.jpg","contentUrl":"http:\/\/flokardinal.org\/wp-content\/uploads\/2020\/08\/12322516_1071748652865292_3417019683799777480_o.jpg","width":296,"height":394},{"@type":"BreadcrumbList","@id":"http:\/\/flokardinal.org\/?page_id=388#breadcrumb","itemListElement":[{"@type":"ListItem","position":1,"name":"Accueil","item":"https:\/\/flokardinal.org\/"},{"@type":"ListItem","position":2,"name":"L&rsquo;ACTUALIT\u00e9 CREATIVE DE LA Cie Tir Group\u00e9","item":"http:\/\/flokardinal.org\/?page_id=1423"},{"@type":"ListItem","position":3,"name":"Les Esprits de La For\u00eat"}]},{"@type":"WebSite","@id":"https:\/\/flokardinal.org\/#website","url":"https:\/\/flokardinal.org\/","name":"Les danses de la chamane","description":"Le corps cr\u00e9ateur gu\u00e9risseur salvateur","potentialAction":[{"@type":"SearchAction","target":{"@type":"EntryPoint","urlTemplate":"https:\/\/flokardinal.org\/?s={search_term_string}"},"query-input":{"@type":"PropertyValueSpecification","valueRequired":true,"valueName":"search_term_string"}}],"inLanguage":"fr-FR"}]}},"_links":{"self":[{"href":"http:\/\/flokardinal.org\/index.php?rest_route=\/wp\/v2\/pages\/388","targetHints":{"allow":["GET"]}}],"collection":[{"href":"http:\/\/flokardinal.org\/index.php?rest_route=\/wp\/v2\/pages"}],"about":[{"href":"http:\/\/flokardinal.org\/index.php?rest_route=\/wp\/v2\/types\/page"}],"author":[{"embeddable":true,"href":"http:\/\/flokardinal.org\/index.php?rest_route=\/wp\/v2\/users\/1"}],"replies":[{"embeddable":true,"href":"http:\/\/flokardinal.org\/index.php?rest_route=%2Fwp%2Fv2%2Fcomments&post=388"}],"version-history":[{"count":39,"href":"http:\/\/flokardinal.org\/index.php?rest_route=\/wp\/v2\/pages\/388\/revisions"}],"predecessor-version":[{"id":7425,"href":"http:\/\/flokardinal.org\/index.php?rest_route=\/wp\/v2\/pages\/388\/revisions\/7425"}],"up":[{"embeddable":true,"href":"http:\/\/flokardinal.org\/index.php?rest_route=\/wp\/v2\/pages\/1423"}],"wp:featuredmedia":[{"embeddable":true,"href":"http:\/\/flokardinal.org\/index.php?rest_route=\/wp\/v2\/media\/7324"}],"wp:attachment":[{"href":"http:\/\/flokardinal.org\/index.php?rest_route=%2Fwp%2Fv2%2Fmedia&parent=388"}],"curies":[{"name":"wp","href":"https:\/\/api.w.org\/{rel}","templated":true}]}}