{"id":3855,"date":"2019-01-02T13:41:15","date_gmt":"2019-01-02T12:41:15","guid":{"rendered":"http:\/\/flokardinal.org\/wordpress\/?page_id=3855"},"modified":"2025-06-13T16:35:22","modified_gmt":"2025-06-13T15:35:22","slug":"cheval-et-reve","status":"publish","type":"page","link":"http:\/\/flokardinal.org\/?page_id=3855","title":{"rendered":"Cheval et r\u00eave"},"content":{"rendered":"\n<figure class=\"wp-block-image is-resized\"><img loading=\"lazy\" decoding=\"async\" width=\"768\" height=\"1024\" src=\"http:\/\/flokardinal.org\/wordpress\/wp-content\/uploads\/2019\/01\/20190102_125456-768x1024.jpg\" alt=\"Flo Karidnal Jeunesse \" class=\"wp-image-3856\" srcset=\"http:\/\/flokardinal.org\/wp-content\/uploads\/2019\/01\/20190102_125456-768x1024.jpg 768w, http:\/\/flokardinal.org\/wp-content\/uploads\/2019\/01\/20190102_125456-225x300.jpg 225w\" sizes=\"auto, (max-width: 768px) 100vw, 768px\" \/><figcaption class=\"wp-element-caption\">Flo kardinal Jeunesse <\/figcaption><\/figure>\n\n\n\n<p>\u00ab\u00a0D&rsquo;aussi longtemps que je me souvienne je cours avec le cheval , je danse avec lui, je traverse les champs , je regarde par la fen\u00eatre et j&rsquo;imagine que je m&rsquo;\u00e9chappe&#8230;de son galop puissant il m&rsquo;entraine vers la libert\u00e9, je danse parce que je SUIS CHEVAL@ Flo kardinal <\/p>\n\n\n\n<p>\u00ab\u00a0Il fait parti de ma jeunesse , il incarne ma jeunesse et la fougue que je mets quand je danse, \u00e0 chacun de mes pas , \u00e0 chaque d\u00e9tour de visage, \u00e0 chaque tour de bassin .Mille mercis \u00e0 toi Etre Cheval Mon fr\u00e8re de libert\u00e9\u00a0\u00bb@Flo Kardinal <\/p>\n\n\n\n<p>Lors de ce beau stage et s\u00e9minaire que nous vous proposons du 8 au 11 Mai 2024 <strong>CHEVAUCHER LA ROUE MEDECINE \/UNE DANSE RITUELLE AVEC LE CHEVAL<\/strong>  ,vous apprendrez \u00e0 vous connaitre vous m\u00eames gr\u00e2ce au cheval et \u00e0 sa m\u00e9decine puissante , gr\u00e2ce  \u00e0 sa danse puissante .Vous allez DANSER AVEC LE CHEVAL Places limit\u00e9es , il est conseill\u00e9 de r\u00e9server <a href=\"http:\/\/lasecousselibre@gmail.com \">lasecousselibre@gmail.com <\/a><\/p>\n\n\n\n<p><a href=\"https:\/\/www.facebook.com\/events\/351784635948241\"><strong>https:\/\/www.facebook.com\/events\/351784635948241 Descriptif<\/strong><\/a><\/p>\n\n\n\n<p>Cover @peinture Amylyn Birhle<\/p>\n\n\n\n<figure class=\"wp-block-image\"><img loading=\"lazy\" decoding=\"async\" width=\"701\" height=\"960\" src=\"http:\/\/flokardinal.org\/wordpress\/wp-content\/uploads\/2021\/04\/81002288_2663198157091481_2837968493452722176_n.jpg\" alt=\"\" class=\"wp-image-7854\" srcset=\"http:\/\/flokardinal.org\/wp-content\/uploads\/2021\/04\/81002288_2663198157091481_2837968493452722176_n.jpg 701w, http:\/\/flokardinal.org\/wp-content\/uploads\/2021\/04\/81002288_2663198157091481_2837968493452722176_n-219x300.jpg 219w\" sizes=\"auto, (max-width: 701px) 100vw, 701px\" \/><\/figure>\n\n\n\n<p><em>Toutes les cr\u00e9ations de la Cie Tir Group\u00e9 et Flo Kardinal sont d\u00e9pos\u00e9es et prot\u00e9g\u00e9es par les lois en vigueur <\/em><\/p>\n","protected":false},"excerpt":{"rendered":"<p>\u00ab\u00a0D&rsquo;aussi longtemps que je me souvienne je cours avec le cheval , je danse avec lui, je traverse les champs , je regarde par la fen\u00eatre et j&rsquo;imagine que je m&rsquo;\u00e9chappe&#8230;de son galop puissant il m&rsquo;entraine vers la libert\u00e9, je danse parce que je SUIS CHEVAL@ Flo kardinal \u00ab\u00a0Il fait parti de ma jeunesse , &hellip; <a href=\"http:\/\/flokardinal.org\/?page_id=3855\" class=\"more-link\">Continuer la lecture de <span class=\"screen-reader-text\">Cheval et r\u00eave<\/span>  <span class=\"meta-nav\">&rarr;<\/span><\/a><\/p>\n","protected":false},"author":1,"featured_media":3780,"parent":6335,"menu_order":3,"comment_status":"closed","ping_status":"closed","template":"","meta":{"footnotes":""},"class_list":["post-3855","page","type-page","status-publish","has-post-thumbnail","hentry"],"yoast_head":"<!-- This site is optimized with the Yoast SEO plugin v27.3 - https:\/\/yoast.com\/product\/yoast-seo-wordpress\/ -->\n<title>Cheval et r\u00eave - Les danses de la chamane<\/title>\n<meta name=\"robots\" content=\"index, follow, max-snippet:-1, max-image-preview:large, max-video-preview:-1\" \/>\n<link rel=\"canonical\" href=\"http:\/\/flokardinal.org\/?page_id=3855\" \/>\n<meta property=\"og:locale\" content=\"fr_FR\" \/>\n<meta property=\"og:type\" content=\"article\" \/>\n<meta property=\"og:title\" content=\"Cheval et r\u00eave - Les danses de la chamane\" \/>\n<meta property=\"og:description\" content=\"\u00ab\u00a0D&rsquo;aussi longtemps que je me souvienne je cours avec le cheval , je danse avec lui, je traverse les champs , je regarde par la fen\u00eatre et j&rsquo;imagine que je m&rsquo;\u00e9chappe&#8230;de son galop puissant il m&rsquo;entraine vers la libert\u00e9, je danse parce que je SUIS CHEVAL@ Flo kardinal \u00ab\u00a0Il fait parti de ma jeunesse , &hellip; Continuer la lecture de Cheval et r\u00eave &rarr;\" \/>\n<meta property=\"og:url\" content=\"http:\/\/flokardinal.org\/?page_id=3855\" \/>\n<meta property=\"og:site_name\" content=\"Les danses de la chamane\" \/>\n<meta property=\"article:modified_time\" content=\"2025-06-13T15:35:22+00:00\" \/>\n<meta property=\"og:image\" content=\"http:\/\/flokardinal.org\/wp-content\/uploads\/2018\/12\/il_570xN.745593350_egnd.jpg\" \/>\n\t<meta property=\"og:image:width\" content=\"570\" \/>\n\t<meta property=\"og:image:height\" content=\"415\" \/>\n\t<meta property=\"og:image:type\" content=\"image\/jpeg\" \/>\n<meta name=\"twitter:card\" content=\"summary_large_image\" \/>\n<meta name=\"twitter:site\" content=\"@kardinal93\" \/>\n<meta name=\"twitter:label1\" content=\"Dur\u00e9e de lecture estim\u00e9e\" \/>\n\t<meta name=\"twitter:data1\" content=\"2 minutes\" \/>\n<script type=\"application\/ld+json\" class=\"yoast-schema-graph\">{\"@context\":\"https:\\\/\\\/schema.org\",\"@graph\":[{\"@type\":\"WebPage\",\"@id\":\"http:\\\/\\\/flokardinal.org\\\/?page_id=3855\",\"url\":\"http:\\\/\\\/flokardinal.org\\\/?page_id=3855\",\"name\":\"Cheval et r\u00eave - Les danses de la chamane\",\"isPartOf\":{\"@id\":\"http:\\\/\\\/flokardinal.org\\\/#website\"},\"primaryImageOfPage\":{\"@id\":\"http:\\\/\\\/flokardinal.org\\\/?page_id=3855#primaryimage\"},\"image\":{\"@id\":\"http:\\\/\\\/flokardinal.org\\\/?page_id=3855#primaryimage\"},\"thumbnailUrl\":\"http:\\\/\\\/flokardinal.org\\\/wp-content\\\/uploads\\\/2018\\\/12\\\/il_570xN.745593350_egnd.jpg\",\"datePublished\":\"2019-01-02T12:41:15+00:00\",\"dateModified\":\"2025-06-13T15:35:22+00:00\",\"breadcrumb\":{\"@id\":\"http:\\\/\\\/flokardinal.org\\\/?page_id=3855#breadcrumb\"},\"inLanguage\":\"fr-FR\",\"potentialAction\":[{\"@type\":\"ReadAction\",\"target\":[\"http:\\\/\\\/flokardinal.org\\\/?page_id=3855\"]}]},{\"@type\":\"ImageObject\",\"inLanguage\":\"fr-FR\",\"@id\":\"http:\\\/\\\/flokardinal.org\\\/?page_id=3855#primaryimage\",\"url\":\"http:\\\/\\\/flokardinal.org\\\/wp-content\\\/uploads\\\/2018\\\/12\\\/il_570xN.745593350_egnd.jpg\",\"contentUrl\":\"http:\\\/\\\/flokardinal.org\\\/wp-content\\\/uploads\\\/2018\\\/12\\\/il_570xN.745593350_egnd.jpg\",\"width\":570,\"height\":415},{\"@type\":\"BreadcrumbList\",\"@id\":\"http:\\\/\\\/flokardinal.org\\\/?page_id=3855#breadcrumb\",\"itemListElement\":[{\"@type\":\"ListItem\",\"position\":1,\"name\":\"Accueil\",\"item\":\"http:\\\/\\\/flokardinal.org\\\/\"},{\"@type\":\"ListItem\",\"position\":2,\"name\":\"LA PRATIQUE CORPORELLE :La Secousse Libre\",\"item\":\"http:\\\/\\\/flokardinal.org\\\/?page_id=7001\"},{\"@type\":\"ListItem\",\"position\":3,\"name\":\"Chevaucher La Roue M\u00e9decine \u00a9 Une Danse Rituelle avec le cheval libre\",\"item\":\"http:\\\/\\\/flokardinal.org\\\/?page_id=8421\"},{\"@type\":\"ListItem\",\"position\":4,\"name\":\"DANSE RITUELLE AVEC LE CHEVAL\",\"item\":\"https:\\\/\\\/flokardinal.org\\\/?page_id=6335\"},{\"@type\":\"ListItem\",\"position\":5,\"name\":\"Cheval et r\u00eave\"}]},{\"@type\":\"WebSite\",\"@id\":\"http:\\\/\\\/flokardinal.org\\\/#website\",\"url\":\"http:\\\/\\\/flokardinal.org\\\/\",\"name\":\"Les danses de la chamane\",\"description\":\"Le corps cr\u00e9ateur gu\u00e9risseur salvateur\",\"potentialAction\":[{\"@type\":\"SearchAction\",\"target\":{\"@type\":\"EntryPoint\",\"urlTemplate\":\"http:\\\/\\\/flokardinal.org\\\/?s={search_term_string}\"},\"query-input\":{\"@type\":\"PropertyValueSpecification\",\"valueRequired\":true,\"valueName\":\"search_term_string\"}}],\"inLanguage\":\"fr-FR\"}]}<\/script>\n<!-- \/ Yoast SEO plugin. -->","yoast_head_json":{"title":"Cheval et r\u00eave - Les danses de la chamane","robots":{"index":"index","follow":"follow","max-snippet":"max-snippet:-1","max-image-preview":"max-image-preview:large","max-video-preview":"max-video-preview:-1"},"canonical":"http:\/\/flokardinal.org\/?page_id=3855","og_locale":"fr_FR","og_type":"article","og_title":"Cheval et r\u00eave - Les danses de la chamane","og_description":"\u00ab\u00a0D&rsquo;aussi longtemps que je me souvienne je cours avec le cheval , je danse avec lui, je traverse les champs , je regarde par la fen\u00eatre et j&rsquo;imagine que je m&rsquo;\u00e9chappe&#8230;de son galop puissant il m&rsquo;entraine vers la libert\u00e9, je danse parce que je SUIS CHEVAL@ Flo kardinal \u00ab\u00a0Il fait parti de ma jeunesse , &hellip; Continuer la lecture de Cheval et r\u00eave &rarr;","og_url":"http:\/\/flokardinal.org\/?page_id=3855","og_site_name":"Les danses de la chamane","article_modified_time":"2025-06-13T15:35:22+00:00","og_image":[{"width":570,"height":415,"url":"http:\/\/flokardinal.org\/wp-content\/uploads\/2018\/12\/il_570xN.745593350_egnd.jpg","type":"image\/jpeg"}],"twitter_card":"summary_large_image","twitter_site":"@kardinal93","twitter_misc":{"Dur\u00e9e de lecture estim\u00e9e":"2 minutes"},"schema":{"@context":"https:\/\/schema.org","@graph":[{"@type":"WebPage","@id":"http:\/\/flokardinal.org\/?page_id=3855","url":"http:\/\/flokardinal.org\/?page_id=3855","name":"Cheval et r\u00eave - Les danses de la chamane","isPartOf":{"@id":"http:\/\/flokardinal.org\/#website"},"primaryImageOfPage":{"@id":"http:\/\/flokardinal.org\/?page_id=3855#primaryimage"},"image":{"@id":"http:\/\/flokardinal.org\/?page_id=3855#primaryimage"},"thumbnailUrl":"http:\/\/flokardinal.org\/wp-content\/uploads\/2018\/12\/il_570xN.745593350_egnd.jpg","datePublished":"2019-01-02T12:41:15+00:00","dateModified":"2025-06-13T15:35:22+00:00","breadcrumb":{"@id":"http:\/\/flokardinal.org\/?page_id=3855#breadcrumb"},"inLanguage":"fr-FR","potentialAction":[{"@type":"ReadAction","target":["http:\/\/flokardinal.org\/?page_id=3855"]}]},{"@type":"ImageObject","inLanguage":"fr-FR","@id":"http:\/\/flokardinal.org\/?page_id=3855#primaryimage","url":"http:\/\/flokardinal.org\/wp-content\/uploads\/2018\/12\/il_570xN.745593350_egnd.jpg","contentUrl":"http:\/\/flokardinal.org\/wp-content\/uploads\/2018\/12\/il_570xN.745593350_egnd.jpg","width":570,"height":415},{"@type":"BreadcrumbList","@id":"http:\/\/flokardinal.org\/?page_id=3855#breadcrumb","itemListElement":[{"@type":"ListItem","position":1,"name":"Accueil","item":"http:\/\/flokardinal.org\/"},{"@type":"ListItem","position":2,"name":"LA PRATIQUE CORPORELLE :La Secousse Libre","item":"http:\/\/flokardinal.org\/?page_id=7001"},{"@type":"ListItem","position":3,"name":"Chevaucher La Roue M\u00e9decine \u00a9 Une Danse Rituelle avec le cheval libre","item":"http:\/\/flokardinal.org\/?page_id=8421"},{"@type":"ListItem","position":4,"name":"DANSE RITUELLE AVEC LE CHEVAL","item":"https:\/\/flokardinal.org\/?page_id=6335"},{"@type":"ListItem","position":5,"name":"Cheval et r\u00eave"}]},{"@type":"WebSite","@id":"http:\/\/flokardinal.org\/#website","url":"http:\/\/flokardinal.org\/","name":"Les danses de la chamane","description":"Le corps cr\u00e9ateur gu\u00e9risseur salvateur","potentialAction":[{"@type":"SearchAction","target":{"@type":"EntryPoint","urlTemplate":"http:\/\/flokardinal.org\/?s={search_term_string}"},"query-input":{"@type":"PropertyValueSpecification","valueRequired":true,"valueName":"search_term_string"}}],"inLanguage":"fr-FR"}]}},"_links":{"self":[{"href":"http:\/\/flokardinal.org\/index.php?rest_route=\/wp\/v2\/pages\/3855","targetHints":{"allow":["GET"]}}],"collection":[{"href":"http:\/\/flokardinal.org\/index.php?rest_route=\/wp\/v2\/pages"}],"about":[{"href":"http:\/\/flokardinal.org\/index.php?rest_route=\/wp\/v2\/types\/page"}],"author":[{"embeddable":true,"href":"http:\/\/flokardinal.org\/index.php?rest_route=\/wp\/v2\/users\/1"}],"replies":[{"embeddable":true,"href":"http:\/\/flokardinal.org\/index.php?rest_route=%2Fwp%2Fv2%2Fcomments&post=3855"}],"version-history":[{"count":11,"href":"http:\/\/flokardinal.org\/index.php?rest_route=\/wp\/v2\/pages\/3855\/revisions"}],"predecessor-version":[{"id":9797,"href":"http:\/\/flokardinal.org\/index.php?rest_route=\/wp\/v2\/pages\/3855\/revisions\/9797"}],"up":[{"embeddable":true,"href":"http:\/\/flokardinal.org\/index.php?rest_route=\/wp\/v2\/pages\/6335"}],"wp:featuredmedia":[{"embeddable":true,"href":"http:\/\/flokardinal.org\/index.php?rest_route=\/wp\/v2\/media\/3780"}],"wp:attachment":[{"href":"http:\/\/flokardinal.org\/index.php?rest_route=%2Fwp%2Fv2%2Fmedia&parent=3855"}],"curies":[{"name":"wp","href":"https:\/\/api.w.org\/{rel}","templated":true}]}}