{"id":3300,"date":"2018-07-21T20:53:08","date_gmt":"2018-07-21T19:53:08","guid":{"rendered":"http:\/\/flokardinal.org\/wordpress\/?page_id=3300"},"modified":"2020-08-19T14:33:44","modified_gmt":"2020-08-19T13:33:44","slug":"outre-monde-cie-tir-groupe","status":"publish","type":"page","link":"http:\/\/flokardinal.org\/?page_id=3300","title":{"rendered":"OUTRE MONDE @ Cie Tir Group\u00e9"},"content":{"rendered":"<figure id=\"attachment_3301\" aria-describedby=\"caption-attachment-3301\" style=\"width: 225px\" class=\"wp-caption alignnone\"><a href=\"http:\/\/flokardinal.org\/wordpress\/wp-content\/uploads\/2018\/07\/20180713_192106.jpg\"><img loading=\"lazy\" decoding=\"async\" class=\"size-medium wp-image-3301\" src=\"http:\/\/flokardinal.org\/wordpress\/wp-content\/uploads\/2018\/07\/20180713_192106-225x300.jpg\" alt=\"\" width=\"225\" height=\"300\" srcset=\"http:\/\/flokardinal.org\/wp-content\/uploads\/2018\/07\/20180713_192106-225x300.jpg 225w, http:\/\/flokardinal.org\/wp-content\/uploads\/2018\/07\/20180713_192106-768x1024.jpg 768w\" sizes=\"auto, (max-width: 225px) 100vw, 225px\" \/><\/a><figcaption id=\"caption-attachment-3301\" class=\"wp-caption-text\">OUTRE MONDE Copyrights et droits r\u00e9serv\u00e9s Flo KARDINAL \/ 2018<\/figcaption><\/figure>\n<p>OUTRE MONDE<\/p>\n<p>C&rsquo;est un Projet de la Cie Tir Group\u00e9 initialis\u00e9 en 2018\/2019<\/p>\n<p>OUTRE MONDE\u00a9 : Tryptique :&nbsp; Installations \/ Rituels\/Images&nbsp;\u00a9 Flo Kardinal<\/p>\n<p>Une immersion directe dans le r\u00e9el en \u00e9tat de canalisation et d&rsquo;adaptation in situ.Une construction organique et \u00e9ph\u00e9m\u00e8re dans le sens de la trajectoire de l&rsquo;artiste.Une exp\u00e9rimentation autour de la TRANSE<\/p>\n<figure id=\"attachment_3350\" aria-describedby=\"caption-attachment-3350\" style=\"width: 300px\" class=\"wp-caption alignnone\"><a href=\"http:\/\/flokardinal.org\/wordpress\/wp-content\/uploads\/2018\/07\/FLO-WALL.jpg\"><img loading=\"lazy\" decoding=\"async\" class=\"size-medium wp-image-3350\" src=\"http:\/\/flokardinal.org\/wordpress\/wp-content\/uploads\/2018\/07\/FLO-WALL-300x225.jpg\" alt=\"\" width=\"300\" height=\"225\" srcset=\"http:\/\/flokardinal.org\/wp-content\/uploads\/2018\/07\/FLO-WALL-300x225.jpg 300w, http:\/\/flokardinal.org\/wp-content\/uploads\/2018\/07\/FLO-WALL-768x576.jpg 768w, http:\/\/flokardinal.org\/wp-content\/uploads\/2018\/07\/FLO-WALL.jpg 960w\" sizes=\"auto, (max-width: 300px) 100vw, 300px\" \/><\/a><figcaption id=\"caption-attachment-3350\" class=\"wp-caption-text\">Flo Kardinal hip hop never dies<\/figcaption><\/figure>\n","protected":false},"excerpt":{"rendered":"<p>OUTRE MONDE C&rsquo;est un Projet de la Cie Tir Group\u00e9 initialis\u00e9 en 2018\/2019 OUTRE MONDE\u00a9 : Tryptique :&nbsp; Installations \/ Rituels\/Images&nbsp;\u00a9 Flo Kardinal Une immersion directe dans le r\u00e9el en \u00e9tat de canalisation et d&rsquo;adaptation in situ.Une construction organique et \u00e9ph\u00e9m\u00e8re dans le sens de la trajectoire de l&rsquo;artiste.Une exp\u00e9rimentation autour de la TRANSE<\/p>\n","protected":false},"author":1,"featured_media":5847,"parent":1423,"menu_order":3,"comment_status":"closed","ping_status":"closed","template":"","meta":{"footnotes":""},"class_list":["post-3300","page","type-page","status-publish","has-post-thumbnail","hentry"],"yoast_head":"<!-- This site is optimized with the Yoast SEO plugin v27.6 - https:\/\/yoast.com\/product\/yoast-seo-wordpress\/ -->\n<title>OUTRE MONDE @ Cie Tir Group\u00e9 - Les danses de la chamane<\/title>\n<meta name=\"robots\" content=\"index, follow, max-snippet:-1, max-image-preview:large, max-video-preview:-1\" \/>\n<link rel=\"canonical\" href=\"https:\/\/flokardinal.org\/?page_id=3300\" \/>\n<meta property=\"og:locale\" content=\"fr_FR\" \/>\n<meta property=\"og:type\" content=\"article\" \/>\n<meta property=\"og:title\" content=\"OUTRE MONDE @ Cie Tir Group\u00e9 - Les danses de la chamane\" \/>\n<meta property=\"og:description\" content=\"OUTRE MONDE C&rsquo;est un Projet de la Cie Tir Group\u00e9 initialis\u00e9 en 2018\/2019 OUTRE MONDE\u00a9 : Tryptique :&nbsp; Installations \/ Rituels\/Images&nbsp;\u00a9 Flo Kardinal Une immersion directe dans le r\u00e9el en \u00e9tat de canalisation et d&rsquo;adaptation in situ.Une construction organique et \u00e9ph\u00e9m\u00e8re dans le sens de la trajectoire de l&rsquo;artiste.Une exp\u00e9rimentation autour de la TRANSE\" \/>\n<meta property=\"og:url\" content=\"https:\/\/flokardinal.org\/?page_id=3300\" \/>\n<meta property=\"og:site_name\" content=\"Les danses de la chamane\" \/>\n<meta property=\"article:modified_time\" content=\"2020-08-19T13:33:44+00:00\" \/>\n<meta property=\"og:image\" content=\"https:\/\/flokardinal.org\/wp-content\/uploads\/2019\/09\/20180713_192036-768x1024.jpg\" \/>\n\t<meta property=\"og:image:width\" content=\"768\" \/>\n\t<meta property=\"og:image:height\" content=\"1024\" \/>\n\t<meta property=\"og:image:type\" content=\"image\/jpeg\" \/>\n<meta name=\"twitter:card\" content=\"summary_large_image\" \/>\n<meta name=\"twitter:site\" content=\"@kardinal93\" \/>\n<script type=\"application\/ld+json\" class=\"yoast-schema-graph\">{\"@context\":\"https:\\\/\\\/schema.org\",\"@graph\":[{\"@type\":\"WebPage\",\"@id\":\"https:\\\/\\\/flokardinal.org\\\/?page_id=3300\",\"url\":\"https:\\\/\\\/flokardinal.org\\\/?page_id=3300\",\"name\":\"OUTRE MONDE @ Cie Tir Group\u00e9 - Les danses de la chamane\",\"isPartOf\":{\"@id\":\"https:\\\/\\\/flokardinal.org\\\/#website\"},\"primaryImageOfPage\":{\"@id\":\"https:\\\/\\\/flokardinal.org\\\/?page_id=3300#primaryimage\"},\"image\":{\"@id\":\"https:\\\/\\\/flokardinal.org\\\/?page_id=3300#primaryimage\"},\"thumbnailUrl\":\"http:\\\/\\\/flokardinal.org\\\/wp-content\\\/uploads\\\/2019\\\/09\\\/20180713_192036.jpg\",\"datePublished\":\"2018-07-21T19:53:08+00:00\",\"dateModified\":\"2020-08-19T13:33:44+00:00\",\"breadcrumb\":{\"@id\":\"https:\\\/\\\/flokardinal.org\\\/?page_id=3300#breadcrumb\"},\"inLanguage\":\"fr-FR\",\"potentialAction\":[{\"@type\":\"ReadAction\",\"target\":[\"https:\\\/\\\/flokardinal.org\\\/?page_id=3300\"]}]},{\"@type\":\"ImageObject\",\"inLanguage\":\"fr-FR\",\"@id\":\"https:\\\/\\\/flokardinal.org\\\/?page_id=3300#primaryimage\",\"url\":\"http:\\\/\\\/flokardinal.org\\\/wp-content\\\/uploads\\\/2019\\\/09\\\/20180713_192036.jpg\",\"contentUrl\":\"http:\\\/\\\/flokardinal.org\\\/wp-content\\\/uploads\\\/2019\\\/09\\\/20180713_192036.jpg\",\"width\":3456,\"height\":4608},{\"@type\":\"BreadcrumbList\",\"@id\":\"https:\\\/\\\/flokardinal.org\\\/?page_id=3300#breadcrumb\",\"itemListElement\":[{\"@type\":\"ListItem\",\"position\":1,\"name\":\"Accueil\",\"item\":\"https:\\\/\\\/flokardinal.org\\\/\"},{\"@type\":\"ListItem\",\"position\":2,\"name\":\"L&rsquo;ACTUALIT\u00e9 CREATIVE DE LA Cie Tir Group\u00e9\",\"item\":\"http:\\\/\\\/flokardinal.org\\\/?page_id=1423\"},{\"@type\":\"ListItem\",\"position\":3,\"name\":\"OUTRE MONDE @ Cie Tir Group\u00e9\"}]},{\"@type\":\"WebSite\",\"@id\":\"https:\\\/\\\/flokardinal.org\\\/#website\",\"url\":\"https:\\\/\\\/flokardinal.org\\\/\",\"name\":\"Les danses de la chamane\",\"description\":\"Le corps cr\u00e9ateur gu\u00e9risseur salvateur\",\"potentialAction\":[{\"@type\":\"SearchAction\",\"target\":{\"@type\":\"EntryPoint\",\"urlTemplate\":\"https:\\\/\\\/flokardinal.org\\\/?s={search_term_string}\"},\"query-input\":{\"@type\":\"PropertyValueSpecification\",\"valueRequired\":true,\"valueName\":\"search_term_string\"}}],\"inLanguage\":\"fr-FR\"}]}<\/script>\n<!-- \/ Yoast SEO plugin. -->","yoast_head_json":{"title":"OUTRE MONDE @ Cie Tir Group\u00e9 - Les danses de la chamane","robots":{"index":"index","follow":"follow","max-snippet":"max-snippet:-1","max-image-preview":"max-image-preview:large","max-video-preview":"max-video-preview:-1"},"canonical":"https:\/\/flokardinal.org\/?page_id=3300","og_locale":"fr_FR","og_type":"article","og_title":"OUTRE MONDE @ Cie Tir Group\u00e9 - Les danses de la chamane","og_description":"OUTRE MONDE C&rsquo;est un Projet de la Cie Tir Group\u00e9 initialis\u00e9 en 2018\/2019 OUTRE MONDE\u00a9 : Tryptique :&nbsp; Installations \/ Rituels\/Images&nbsp;\u00a9 Flo Kardinal Une immersion directe dans le r\u00e9el en \u00e9tat de canalisation et d&rsquo;adaptation in situ.Une construction organique et \u00e9ph\u00e9m\u00e8re dans le sens de la trajectoire de l&rsquo;artiste.Une exp\u00e9rimentation autour de la TRANSE","og_url":"https:\/\/flokardinal.org\/?page_id=3300","og_site_name":"Les danses de la chamane","article_modified_time":"2020-08-19T13:33:44+00:00","og_image":[{"width":768,"height":1024,"url":"https:\/\/flokardinal.org\/wp-content\/uploads\/2019\/09\/20180713_192036-768x1024.jpg","type":"image\/jpeg"}],"twitter_card":"summary_large_image","twitter_site":"@kardinal93","schema":{"@context":"https:\/\/schema.org","@graph":[{"@type":"WebPage","@id":"https:\/\/flokardinal.org\/?page_id=3300","url":"https:\/\/flokardinal.org\/?page_id=3300","name":"OUTRE MONDE @ Cie Tir Group\u00e9 - Les danses de la chamane","isPartOf":{"@id":"https:\/\/flokardinal.org\/#website"},"primaryImageOfPage":{"@id":"https:\/\/flokardinal.org\/?page_id=3300#primaryimage"},"image":{"@id":"https:\/\/flokardinal.org\/?page_id=3300#primaryimage"},"thumbnailUrl":"http:\/\/flokardinal.org\/wp-content\/uploads\/2019\/09\/20180713_192036.jpg","datePublished":"2018-07-21T19:53:08+00:00","dateModified":"2020-08-19T13:33:44+00:00","breadcrumb":{"@id":"https:\/\/flokardinal.org\/?page_id=3300#breadcrumb"},"inLanguage":"fr-FR","potentialAction":[{"@type":"ReadAction","target":["https:\/\/flokardinal.org\/?page_id=3300"]}]},{"@type":"ImageObject","inLanguage":"fr-FR","@id":"https:\/\/flokardinal.org\/?page_id=3300#primaryimage","url":"http:\/\/flokardinal.org\/wp-content\/uploads\/2019\/09\/20180713_192036.jpg","contentUrl":"http:\/\/flokardinal.org\/wp-content\/uploads\/2019\/09\/20180713_192036.jpg","width":3456,"height":4608},{"@type":"BreadcrumbList","@id":"https:\/\/flokardinal.org\/?page_id=3300#breadcrumb","itemListElement":[{"@type":"ListItem","position":1,"name":"Accueil","item":"https:\/\/flokardinal.org\/"},{"@type":"ListItem","position":2,"name":"L&rsquo;ACTUALIT\u00e9 CREATIVE DE LA Cie Tir Group\u00e9","item":"http:\/\/flokardinal.org\/?page_id=1423"},{"@type":"ListItem","position":3,"name":"OUTRE MONDE @ Cie Tir Group\u00e9"}]},{"@type":"WebSite","@id":"https:\/\/flokardinal.org\/#website","url":"https:\/\/flokardinal.org\/","name":"Les danses de la chamane","description":"Le corps cr\u00e9ateur gu\u00e9risseur salvateur","potentialAction":[{"@type":"SearchAction","target":{"@type":"EntryPoint","urlTemplate":"https:\/\/flokardinal.org\/?s={search_term_string}"},"query-input":{"@type":"PropertyValueSpecification","valueRequired":true,"valueName":"search_term_string"}}],"inLanguage":"fr-FR"}]}},"_links":{"self":[{"href":"http:\/\/flokardinal.org\/index.php?rest_route=\/wp\/v2\/pages\/3300","targetHints":{"allow":["GET"]}}],"collection":[{"href":"http:\/\/flokardinal.org\/index.php?rest_route=\/wp\/v2\/pages"}],"about":[{"href":"http:\/\/flokardinal.org\/index.php?rest_route=\/wp\/v2\/types\/page"}],"author":[{"embeddable":true,"href":"http:\/\/flokardinal.org\/index.php?rest_route=\/wp\/v2\/users\/1"}],"replies":[{"embeddable":true,"href":"http:\/\/flokardinal.org\/index.php?rest_route=%2Fwp%2Fv2%2Fcomments&post=3300"}],"version-history":[{"count":4,"href":"http:\/\/flokardinal.org\/index.php?rest_route=\/wp\/v2\/pages\/3300\/revisions"}],"predecessor-version":[{"id":5151,"href":"http:\/\/flokardinal.org\/index.php?rest_route=\/wp\/v2\/pages\/3300\/revisions\/5151"}],"up":[{"embeddable":true,"href":"http:\/\/flokardinal.org\/index.php?rest_route=\/wp\/v2\/pages\/1423"}],"wp:featuredmedia":[{"embeddable":true,"href":"http:\/\/flokardinal.org\/index.php?rest_route=\/wp\/v2\/media\/5847"}],"wp:attachment":[{"href":"http:\/\/flokardinal.org\/index.php?rest_route=%2Fwp%2Fv2%2Fmedia&parent=3300"}],"curies":[{"name":"wp","href":"https:\/\/api.w.org\/{rel}","templated":true}]}}