{"id":3153,"date":"2018-06-01T18:22:47","date_gmt":"2018-06-01T17:22:47","guid":{"rendered":"http:\/\/flokardinal.org\/wordpress\/?page_id=3153"},"modified":"2020-08-19T11:35:51","modified_gmt":"2020-08-19T10:35:51","slug":"teaser-les-voix-de-la-transe","status":"publish","type":"page","link":"http:\/\/flokardinal.org\/?page_id=3153","title":{"rendered":"Teaser Les Voix de La Transe"},"content":{"rendered":"<p><iframe loading=\"lazy\" title=\"LES VOIX DE LA TRANSE Teaser 2018\" src=\"https:\/\/player.vimeo.com\/video\/272990525?dnt=1&amp;app_id=122963\" width=\"474\" height=\"356\" frameborder=\"0\" allow=\"autoplay; fullscreen; picture-in-picture; clipboard-write\"><\/iframe><\/p>\n<p>Flo Kardinal remercie :<\/p>\n<p>Elodie Chardenoux, Laetitia C, Alice Dancette, Florence Goury, Aloysse Manhes, Elodie Perraud.<\/p>\n<p>Cr\u00e9dit Photos Aloysse Manhes<\/p>\n<p>Voix canalis\u00e9e Flo Kardinal\u00a0\u00a0<em>Chant du Cygne<\/em> \u00a9 tous droits r\u00e9serv\u00e9s \/2018<\/p>\n<p>Flo Kardinal est chor\u00e9graphe et gu\u00e9risseuse, elle vous am\u00e8nera en voyage \u00e0 travers vos sens,vos corps afin de rencontrer votre voix canalis\u00e9e, votre voix vibrante pour ouvrir l&rsquo;espace des dimensions plurielles et des fr\u00e9quences. En lien avec la Nature sauvage, avec des pratiques corporelles pr\u00e9cises, Flo vous d\u00e9livrera les outils pour exprimer votre espace vibratoire et intense\u00a0 .<\/p>\n<p>C&rsquo;est un champs d&rsquo;initiation aux voix des chamanes.<\/p>\n<p>Contact :<a href=\"mailto:lasecousselibre@gmail.com\"> lasecousselibre@gmail.com<\/a><\/p>\n<p>@Les Voix de La transe\u00ae\u2122 Tous droits r\u00e9serv\u00e9s Cie Tir Group\u00e9<\/p>\n<pre>2018\u00a9Les Danses de La Chamane\u00ae\u2122 Tous droits r\u00e9serv\u00e9s<\/pre>\n","protected":false},"excerpt":{"rendered":"<p>Flo Kardinal remercie : Elodie Chardenoux, Laetitia C, Alice Dancette, Florence Goury, Aloysse Manhes, Elodie Perraud. Cr\u00e9dit Photos Aloysse Manhes Voix canalis\u00e9e Flo Kardinal\u00a0\u00a0Chant du Cygne \u00a9 tous droits r\u00e9serv\u00e9s \/2018 Flo Kardinal est chor\u00e9graphe et gu\u00e9risseuse, elle vous am\u00e8nera en voyage \u00e0 travers vos sens,vos corps afin de rencontrer votre voix canalis\u00e9e, votre voix &hellip; <a href=\"http:\/\/flokardinal.org\/?page_id=3153\" class=\"more-link\">Continuer la lecture de <span class=\"screen-reader-text\">Teaser Les Voix de La Transe<\/span>  <span class=\"meta-nav\">&rarr;<\/span><\/a><\/p>\n","protected":false},"author":1,"featured_media":4059,"parent":1925,"menu_order":2,"comment_status":"closed","ping_status":"closed","template":"","meta":{"footnotes":""},"class_list":["post-3153","page","type-page","status-publish","has-post-thumbnail","hentry"],"yoast_head":"<!-- This site is optimized with the Yoast SEO plugin v27.4 - https:\/\/yoast.com\/product\/yoast-seo-wordpress\/ -->\n<title>Teaser Les Voix de La Transe - Les danses de la chamane<\/title>\n<meta name=\"robots\" content=\"index, follow, max-snippet:-1, max-image-preview:large, max-video-preview:-1\" \/>\n<link rel=\"canonical\" href=\"http:\/\/flokardinal.org\/?page_id=3153\" \/>\n<meta property=\"og:locale\" content=\"fr_FR\" \/>\n<meta property=\"og:type\" content=\"article\" \/>\n<meta property=\"og:title\" content=\"Teaser Les Voix de La Transe - Les danses de la chamane\" \/>\n<meta property=\"og:description\" content=\"Flo Kardinal remercie : Elodie Chardenoux, Laetitia C, Alice Dancette, Florence Goury, Aloysse Manhes, Elodie Perraud. Cr\u00e9dit Photos Aloysse Manhes Voix canalis\u00e9e Flo Kardinal\u00a0\u00a0Chant du Cygne \u00a9 tous droits r\u00e9serv\u00e9s \/2018 Flo Kardinal est chor\u00e9graphe et gu\u00e9risseuse, elle vous am\u00e8nera en voyage \u00e0 travers vos sens,vos corps afin de rencontrer votre voix canalis\u00e9e, votre voix &hellip; Continuer la lecture de Teaser Les Voix de La Transe &rarr;\" \/>\n<meta property=\"og:url\" content=\"http:\/\/flokardinal.org\/?page_id=3153\" \/>\n<meta property=\"og:site_name\" content=\"Les danses de la chamane\" \/>\n<meta property=\"article:modified_time\" content=\"2020-08-19T10:35:51+00:00\" \/>\n<meta property=\"og:image\" content=\"http:\/\/flokardinal.org\/wp-content\/uploads\/2019\/01\/Flyer-LES-VOIX-DE-LA-TRANSE-MEDIUM-DEFINITION.jpg\" \/>\n\t<meta property=\"og:image:width\" content=\"909\" \/>\n\t<meta property=\"og:image:height\" content=\"1268\" \/>\n\t<meta property=\"og:image:type\" content=\"image\/jpeg\" \/>\n<meta name=\"twitter:card\" content=\"summary_large_image\" \/>\n<meta name=\"twitter:site\" content=\"@kardinal93\" \/>\n<meta name=\"twitter:label1\" content=\"Dur\u00e9e de lecture estim\u00e9e\" \/>\n\t<meta name=\"twitter:data1\" content=\"1 minute\" \/>\n<script type=\"application\/ld+json\" class=\"yoast-schema-graph\">{\"@context\":\"https:\\\/\\\/schema.org\",\"@graph\":[{\"@type\":\"WebPage\",\"@id\":\"http:\\\/\\\/flokardinal.org\\\/?page_id=3153\",\"url\":\"http:\\\/\\\/flokardinal.org\\\/?page_id=3153\",\"name\":\"Teaser Les Voix de La Transe - Les danses de la chamane\",\"isPartOf\":{\"@id\":\"https:\\\/\\\/flokardinal.org\\\/#website\"},\"primaryImageOfPage\":{\"@id\":\"http:\\\/\\\/flokardinal.org\\\/?page_id=3153#primaryimage\"},\"image\":{\"@id\":\"http:\\\/\\\/flokardinal.org\\\/?page_id=3153#primaryimage\"},\"thumbnailUrl\":\"http:\\\/\\\/flokardinal.org\\\/wp-content\\\/uploads\\\/2019\\\/01\\\/Flyer-LES-VOIX-DE-LA-TRANSE-MEDIUM-DEFINITION.jpg\",\"datePublished\":\"2018-06-01T17:22:47+00:00\",\"dateModified\":\"2020-08-19T10:35:51+00:00\",\"breadcrumb\":{\"@id\":\"http:\\\/\\\/flokardinal.org\\\/?page_id=3153#breadcrumb\"},\"inLanguage\":\"fr-FR\",\"potentialAction\":[{\"@type\":\"ReadAction\",\"target\":[\"http:\\\/\\\/flokardinal.org\\\/?page_id=3153\"]}]},{\"@type\":\"ImageObject\",\"inLanguage\":\"fr-FR\",\"@id\":\"http:\\\/\\\/flokardinal.org\\\/?page_id=3153#primaryimage\",\"url\":\"http:\\\/\\\/flokardinal.org\\\/wp-content\\\/uploads\\\/2019\\\/01\\\/Flyer-LES-VOIX-DE-LA-TRANSE-MEDIUM-DEFINITION.jpg\",\"contentUrl\":\"http:\\\/\\\/flokardinal.org\\\/wp-content\\\/uploads\\\/2019\\\/01\\\/Flyer-LES-VOIX-DE-LA-TRANSE-MEDIUM-DEFINITION.jpg\",\"width\":909,\"height\":1268},{\"@type\":\"BreadcrumbList\",\"@id\":\"http:\\\/\\\/flokardinal.org\\\/?page_id=3153#breadcrumb\",\"itemListElement\":[{\"@type\":\"ListItem\",\"position\":1,\"name\":\"Accueil\",\"item\":\"https:\\\/\\\/flokardinal.org\\\/\"},{\"@type\":\"ListItem\",\"position\":2,\"name\":\"Flo Kardinal\",\"item\":\"https:\\\/\\\/flokardinal.org\\\/?page_id=88\"},{\"@type\":\"ListItem\",\"position\":3,\"name\":\"Flo White WOLF\",\"item\":\"http:\\\/\\\/flokardinal.org\\\/?page_id=147\"},{\"@type\":\"ListItem\",\"position\":4,\"name\":\"Flo White Wolf fille de la transe\",\"item\":\"http:\\\/\\\/flokardinal.org\\\/?page_id=1925\"},{\"@type\":\"ListItem\",\"position\":5,\"name\":\"Teaser Les Voix de La Transe\"}]},{\"@type\":\"WebSite\",\"@id\":\"https:\\\/\\\/flokardinal.org\\\/#website\",\"url\":\"https:\\\/\\\/flokardinal.org\\\/\",\"name\":\"Les danses de la chamane\",\"description\":\"Le corps cr\u00e9ateur gu\u00e9risseur salvateur\",\"potentialAction\":[{\"@type\":\"SearchAction\",\"target\":{\"@type\":\"EntryPoint\",\"urlTemplate\":\"https:\\\/\\\/flokardinal.org\\\/?s={search_term_string}\"},\"query-input\":{\"@type\":\"PropertyValueSpecification\",\"valueRequired\":true,\"valueName\":\"search_term_string\"}}],\"inLanguage\":\"fr-FR\"}]}<\/script>\n<!-- \/ Yoast SEO plugin. -->","yoast_head_json":{"title":"Teaser Les Voix de La Transe - Les danses de la chamane","robots":{"index":"index","follow":"follow","max-snippet":"max-snippet:-1","max-image-preview":"max-image-preview:large","max-video-preview":"max-video-preview:-1"},"canonical":"http:\/\/flokardinal.org\/?page_id=3153","og_locale":"fr_FR","og_type":"article","og_title":"Teaser Les Voix de La Transe - Les danses de la chamane","og_description":"Flo Kardinal remercie : Elodie Chardenoux, Laetitia C, Alice Dancette, Florence Goury, Aloysse Manhes, Elodie Perraud. Cr\u00e9dit Photos Aloysse Manhes Voix canalis\u00e9e Flo Kardinal\u00a0\u00a0Chant du Cygne \u00a9 tous droits r\u00e9serv\u00e9s \/2018 Flo Kardinal est chor\u00e9graphe et gu\u00e9risseuse, elle vous am\u00e8nera en voyage \u00e0 travers vos sens,vos corps afin de rencontrer votre voix canalis\u00e9e, votre voix &hellip; Continuer la lecture de Teaser Les Voix de La Transe &rarr;","og_url":"http:\/\/flokardinal.org\/?page_id=3153","og_site_name":"Les danses de la chamane","article_modified_time":"2020-08-19T10:35:51+00:00","og_image":[{"width":909,"height":1268,"url":"http:\/\/flokardinal.org\/wp-content\/uploads\/2019\/01\/Flyer-LES-VOIX-DE-LA-TRANSE-MEDIUM-DEFINITION.jpg","type":"image\/jpeg"}],"twitter_card":"summary_large_image","twitter_site":"@kardinal93","twitter_misc":{"Dur\u00e9e de lecture estim\u00e9e":"1 minute"},"schema":{"@context":"https:\/\/schema.org","@graph":[{"@type":"WebPage","@id":"http:\/\/flokardinal.org\/?page_id=3153","url":"http:\/\/flokardinal.org\/?page_id=3153","name":"Teaser Les Voix de La Transe - Les danses de la chamane","isPartOf":{"@id":"https:\/\/flokardinal.org\/#website"},"primaryImageOfPage":{"@id":"http:\/\/flokardinal.org\/?page_id=3153#primaryimage"},"image":{"@id":"http:\/\/flokardinal.org\/?page_id=3153#primaryimage"},"thumbnailUrl":"http:\/\/flokardinal.org\/wp-content\/uploads\/2019\/01\/Flyer-LES-VOIX-DE-LA-TRANSE-MEDIUM-DEFINITION.jpg","datePublished":"2018-06-01T17:22:47+00:00","dateModified":"2020-08-19T10:35:51+00:00","breadcrumb":{"@id":"http:\/\/flokardinal.org\/?page_id=3153#breadcrumb"},"inLanguage":"fr-FR","potentialAction":[{"@type":"ReadAction","target":["http:\/\/flokardinal.org\/?page_id=3153"]}]},{"@type":"ImageObject","inLanguage":"fr-FR","@id":"http:\/\/flokardinal.org\/?page_id=3153#primaryimage","url":"http:\/\/flokardinal.org\/wp-content\/uploads\/2019\/01\/Flyer-LES-VOIX-DE-LA-TRANSE-MEDIUM-DEFINITION.jpg","contentUrl":"http:\/\/flokardinal.org\/wp-content\/uploads\/2019\/01\/Flyer-LES-VOIX-DE-LA-TRANSE-MEDIUM-DEFINITION.jpg","width":909,"height":1268},{"@type":"BreadcrumbList","@id":"http:\/\/flokardinal.org\/?page_id=3153#breadcrumb","itemListElement":[{"@type":"ListItem","position":1,"name":"Accueil","item":"https:\/\/flokardinal.org\/"},{"@type":"ListItem","position":2,"name":"Flo Kardinal","item":"https:\/\/flokardinal.org\/?page_id=88"},{"@type":"ListItem","position":3,"name":"Flo White WOLF","item":"http:\/\/flokardinal.org\/?page_id=147"},{"@type":"ListItem","position":4,"name":"Flo White Wolf fille de la transe","item":"http:\/\/flokardinal.org\/?page_id=1925"},{"@type":"ListItem","position":5,"name":"Teaser Les Voix de La Transe"}]},{"@type":"WebSite","@id":"https:\/\/flokardinal.org\/#website","url":"https:\/\/flokardinal.org\/","name":"Les danses de la chamane","description":"Le corps cr\u00e9ateur gu\u00e9risseur salvateur","potentialAction":[{"@type":"SearchAction","target":{"@type":"EntryPoint","urlTemplate":"https:\/\/flokardinal.org\/?s={search_term_string}"},"query-input":{"@type":"PropertyValueSpecification","valueRequired":true,"valueName":"search_term_string"}}],"inLanguage":"fr-FR"}]}},"_links":{"self":[{"href":"http:\/\/flokardinal.org\/index.php?rest_route=\/wp\/v2\/pages\/3153","targetHints":{"allow":["GET"]}}],"collection":[{"href":"http:\/\/flokardinal.org\/index.php?rest_route=\/wp\/v2\/pages"}],"about":[{"href":"http:\/\/flokardinal.org\/index.php?rest_route=\/wp\/v2\/types\/page"}],"author":[{"embeddable":true,"href":"http:\/\/flokardinal.org\/index.php?rest_route=\/wp\/v2\/users\/1"}],"replies":[{"embeddable":true,"href":"http:\/\/flokardinal.org\/index.php?rest_route=%2Fwp%2Fv2%2Fcomments&post=3153"}],"version-history":[{"count":10,"href":"http:\/\/flokardinal.org\/index.php?rest_route=\/wp\/v2\/pages\/3153\/revisions"}],"predecessor-version":[{"id":7363,"href":"http:\/\/flokardinal.org\/index.php?rest_route=\/wp\/v2\/pages\/3153\/revisions\/7363"}],"up":[{"embeddable":true,"href":"http:\/\/flokardinal.org\/index.php?rest_route=\/wp\/v2\/pages\/1925"}],"wp:featuredmedia":[{"embeddable":true,"href":"http:\/\/flokardinal.org\/index.php?rest_route=\/wp\/v2\/media\/4059"}],"wp:attachment":[{"href":"http:\/\/flokardinal.org\/index.php?rest_route=%2Fwp%2Fv2%2Fmedia&parent=3153"}],"curies":[{"name":"wp","href":"https:\/\/api.w.org\/{rel}","templated":true}]}}