{"id":2117,"date":"2017-09-21T16:42:26","date_gmt":"2017-09-21T15:42:26","guid":{"rendered":"http:\/\/flokardinal.org\/wordpress\/?page_id=2117"},"modified":"2018-06-16T09:47:19","modified_gmt":"2018-06-16T08:47:19","slug":"lart-de-se-proteger","status":"publish","type":"page","link":"http:\/\/flokardinal.org\/?page_id=2117","title":{"rendered":"L&rsquo;Art de se Prot\u00e9ger"},"content":{"rendered":"<figure id=\"attachment_1978\" aria-describedby=\"caption-attachment-1978\" style=\"width: 240px\" class=\"wp-caption alignnone\"><a href=\"http:\/\/flokardinal.org\/wordpress\/wp-content\/uploads\/2017\/08\/MG_8427choix.jpg\"><img loading=\"lazy\" decoding=\"async\" class=\"size-medium wp-image-1978\" src=\"http:\/\/flokardinal.org\/wordpress\/wp-content\/uploads\/2017\/08\/MG_8427choix-240x300.jpg\" alt=\"\" width=\"240\" height=\"300\" srcset=\"http:\/\/flokardinal.org\/wp-content\/uploads\/2017\/08\/MG_8427choix-240x300.jpg 240w, http:\/\/flokardinal.org\/wp-content\/uploads\/2017\/08\/MG_8427choix.jpg 555w\" sizes=\"auto, (max-width: 240px) 100vw, 240px\" \/><\/a><figcaption id=\"caption-attachment-1978\" class=\"wp-caption-text\">Flo White Wolf en canalisation<br \/>Photo C.Waldmann pour la Cr\u00e9ation \u00ab\u00a0CHAMANE\u00a0\u00bb<\/figcaption><\/figure>\n<p>Faisant suite \u00a0aux \u00a0interrogations \u00a0de certains, \u00a0j&rsquo;ai \u00e9t\u00e9 inspir\u00e9e pour vous adresser et vous confier ma posture sur ce que j&rsquo;appelle \u00a0\u00a0\u00bb L &lsquo;Art de se Prot\u00e9ger\u00a0\u00bb ,en fait la posture du cr\u00e9ateur par rapport \u00e0 l&rsquo;oeuvre cr\u00e9\u00e9e.<\/p>\n<p>Je voudrai \u00a0en avant propos citer Claude Duvauchelle Peintre Sculpteur dont la sensibilit\u00e9 r\u00e9sonne avec mon point de vue:\u00a0\u00bb<i>L\u2019essentiel n\u2019est pas le sujet mais ce qui se d\u00e9gage de l\u2019\u0153uvre m\u00eame, ce qu\u2019elle nous renvoie, nous transmet. Au risque d\u2019employer quelques lieux communs, mais qu\u2019il n\u2019est peut-\u00eatre pas inutile de rappeler, une \u0153uvre se doit de nous bousculer, nous interroger, nous \u00e9mouvoir, nous toucher et\/ou nous transporter avant m\u00eame que l\u2019on en saisisse le sens.<br \/>\nUne telle \u0153uvre est, \u00e0 mon avis, r\u00e9ussie parce \u201cqu\u2019habit\u00e9e\u201d, o\u00f9 l\u2019on sent instinctivement derri\u00e8re celle-ci un artiste nous d\u00e9livrant sa vision du monde. Ce que j\u2019appelle sa \u201cv\u00e9rit\u00e9\u201d propre.<\/i><i>Cr\u00e9er est un engagement total. Par d\u00e9finition un artiste qui s\u2019engage sinc\u00e8rement est fatalement critique et cette critique se ressentira au c\u0153ur m\u00eame de son\u00a0<\/i><i>travail\u00a0\u00bb.\u00a0<\/i>Claude\u00a0DUVAUCHELLE<br \/>\n<em>Peintre sculpteur<\/em>\u00a0\u2013\u00a0<em>Pr\u00e9sident de Figuration Critique<\/em><\/p>\n<p><iframe loading=\"lazy\" title=\"L&#039;Art de se Proteger DEF 2017\" src=\"https:\/\/player.vimeo.com\/video\/234862546?dnt=1&amp;app_id=122963\" width=\"474\" height=\"356\" frameborder=\"0\" allow=\"autoplay; fullscreen; picture-in-picture; clipboard-write\"><\/iframe><\/p>\n<p>&nbsp;<\/p>\n<p>&nbsp;<\/p>\n","protected":false},"excerpt":{"rendered":"<p>Faisant suite \u00a0aux \u00a0interrogations \u00a0de certains, \u00a0j&rsquo;ai \u00e9t\u00e9 inspir\u00e9e pour vous adresser et vous confier ma posture sur ce que j&rsquo;appelle \u00a0\u00a0\u00bb L &lsquo;Art de se Prot\u00e9ger\u00a0\u00bb ,en fait la posture du cr\u00e9ateur par rapport \u00e0 l&rsquo;oeuvre cr\u00e9\u00e9e. Je voudrai \u00a0en avant propos citer Claude Duvauchelle Peintre Sculpteur dont la sensibilit\u00e9 r\u00e9sonne avec mon point &hellip; <a href=\"http:\/\/flokardinal.org\/?page_id=2117\" class=\"more-link\">Continuer la lecture de <span class=\"screen-reader-text\">L&rsquo;Art de se Prot\u00e9ger<\/span>  <span class=\"meta-nav\">&rarr;<\/span><\/a><\/p>\n","protected":false},"author":1,"featured_media":0,"parent":18,"menu_order":5,"comment_status":"closed","ping_status":"closed","template":"","meta":{"footnotes":""},"class_list":["post-2117","page","type-page","status-publish","hentry"],"yoast_head":"<!-- This site is optimized with the Yoast SEO plugin v27.5 - https:\/\/yoast.com\/product\/yoast-seo-wordpress\/ -->\n<title>L&#039;Art de se Prot\u00e9ger - Les danses de la chamane<\/title>\n<meta name=\"robots\" content=\"index, follow, max-snippet:-1, max-image-preview:large, max-video-preview:-1\" \/>\n<link rel=\"canonical\" href=\"https:\/\/flokardinal.org\/?page_id=2117\" \/>\n<meta property=\"og:locale\" content=\"fr_FR\" \/>\n<meta property=\"og:type\" content=\"article\" \/>\n<meta property=\"og:title\" content=\"L&#039;Art de se Prot\u00e9ger - Les danses de la chamane\" \/>\n<meta property=\"og:description\" content=\"Faisant suite \u00a0aux \u00a0interrogations \u00a0de certains, \u00a0j&rsquo;ai \u00e9t\u00e9 inspir\u00e9e pour vous adresser et vous confier ma posture sur ce que j&rsquo;appelle \u00a0\u00a0\u00bb L &lsquo;Art de se Prot\u00e9ger\u00a0\u00bb ,en fait la posture du cr\u00e9ateur par rapport \u00e0 l&rsquo;oeuvre cr\u00e9\u00e9e. Je voudrai \u00a0en avant propos citer Claude Duvauchelle Peintre Sculpteur dont la sensibilit\u00e9 r\u00e9sonne avec mon point &hellip; Continuer la lecture de L&rsquo;Art de se Prot\u00e9ger &rarr;\" \/>\n<meta property=\"og:url\" content=\"https:\/\/flokardinal.org\/?page_id=2117\" \/>\n<meta property=\"og:site_name\" content=\"Les danses de la chamane\" \/>\n<meta property=\"article:modified_time\" content=\"2018-06-16T08:47:19+00:00\" \/>\n<meta property=\"og:image\" content=\"http:\/\/flokardinal.org\/wordpress\/wp-content\/uploads\/2017\/08\/MG_8427choix-240x300.jpg\" \/>\n<meta name=\"twitter:card\" content=\"summary_large_image\" \/>\n<meta name=\"twitter:site\" content=\"@kardinal93\" \/>\n<meta name=\"twitter:label1\" content=\"Dur\u00e9e de lecture estim\u00e9e\" \/>\n\t<meta name=\"twitter:data1\" content=\"1 minute\" \/>\n<script type=\"application\/ld+json\" class=\"yoast-schema-graph\">{\"@context\":\"https:\\\/\\\/schema.org\",\"@graph\":[{\"@type\":\"WebPage\",\"@id\":\"https:\\\/\\\/flokardinal.org\\\/?page_id=2117\",\"url\":\"https:\\\/\\\/flokardinal.org\\\/?page_id=2117\",\"name\":\"L'Art de se Prot\u00e9ger - Les danses de la chamane\",\"isPartOf\":{\"@id\":\"https:\\\/\\\/flokardinal.org\\\/#website\"},\"primaryImageOfPage\":{\"@id\":\"https:\\\/\\\/flokardinal.org\\\/?page_id=2117#primaryimage\"},\"image\":{\"@id\":\"https:\\\/\\\/flokardinal.org\\\/?page_id=2117#primaryimage\"},\"thumbnailUrl\":\"http:\\\/\\\/flokardinal.org\\\/wordpress\\\/wp-content\\\/uploads\\\/2017\\\/08\\\/MG_8427choix-240x300.jpg\",\"datePublished\":\"2017-09-21T15:42:26+00:00\",\"dateModified\":\"2018-06-16T08:47:19+00:00\",\"breadcrumb\":{\"@id\":\"https:\\\/\\\/flokardinal.org\\\/?page_id=2117#breadcrumb\"},\"inLanguage\":\"fr-FR\",\"potentialAction\":[{\"@type\":\"ReadAction\",\"target\":[\"https:\\\/\\\/flokardinal.org\\\/?page_id=2117\"]}]},{\"@type\":\"ImageObject\",\"inLanguage\":\"fr-FR\",\"@id\":\"https:\\\/\\\/flokardinal.org\\\/?page_id=2117#primaryimage\",\"url\":\"http:\\\/\\\/flokardinal.org\\\/wordpress\\\/wp-content\\\/uploads\\\/2017\\\/08\\\/MG_8427choix-240x300.jpg\",\"contentUrl\":\"http:\\\/\\\/flokardinal.org\\\/wordpress\\\/wp-content\\\/uploads\\\/2017\\\/08\\\/MG_8427choix-240x300.jpg\"},{\"@type\":\"BreadcrumbList\",\"@id\":\"https:\\\/\\\/flokardinal.org\\\/?page_id=2117#breadcrumb\",\"itemListElement\":[{\"@type\":\"ListItem\",\"position\":1,\"name\":\"Accueil\",\"item\":\"https:\\\/\\\/flokardinal.org\\\/\"},{\"@type\":\"ListItem\",\"position\":2,\"name\":\"Inspirations\",\"item\":\"https:\\\/\\\/flokardinal.org\\\/?page_id=18\"},{\"@type\":\"ListItem\",\"position\":3,\"name\":\"L&rsquo;Art de se Prot\u00e9ger\"}]},{\"@type\":\"WebSite\",\"@id\":\"https:\\\/\\\/flokardinal.org\\\/#website\",\"url\":\"https:\\\/\\\/flokardinal.org\\\/\",\"name\":\"Les danses de la chamane\",\"description\":\"Le corps cr\u00e9ateur gu\u00e9risseur salvateur\",\"potentialAction\":[{\"@type\":\"SearchAction\",\"target\":{\"@type\":\"EntryPoint\",\"urlTemplate\":\"https:\\\/\\\/flokardinal.org\\\/?s={search_term_string}\"},\"query-input\":{\"@type\":\"PropertyValueSpecification\",\"valueRequired\":true,\"valueName\":\"search_term_string\"}}],\"inLanguage\":\"fr-FR\"}]}<\/script>\n<!-- \/ Yoast SEO plugin. -->","yoast_head_json":{"title":"L'Art de se Prot\u00e9ger - Les danses de la chamane","robots":{"index":"index","follow":"follow","max-snippet":"max-snippet:-1","max-image-preview":"max-image-preview:large","max-video-preview":"max-video-preview:-1"},"canonical":"https:\/\/flokardinal.org\/?page_id=2117","og_locale":"fr_FR","og_type":"article","og_title":"L'Art de se Prot\u00e9ger - Les danses de la chamane","og_description":"Faisant suite \u00a0aux \u00a0interrogations \u00a0de certains, \u00a0j&rsquo;ai \u00e9t\u00e9 inspir\u00e9e pour vous adresser et vous confier ma posture sur ce que j&rsquo;appelle \u00a0\u00a0\u00bb L &lsquo;Art de se Prot\u00e9ger\u00a0\u00bb ,en fait la posture du cr\u00e9ateur par rapport \u00e0 l&rsquo;oeuvre cr\u00e9\u00e9e. Je voudrai \u00a0en avant propos citer Claude Duvauchelle Peintre Sculpteur dont la sensibilit\u00e9 r\u00e9sonne avec mon point &hellip; Continuer la lecture de L&rsquo;Art de se Prot\u00e9ger &rarr;","og_url":"https:\/\/flokardinal.org\/?page_id=2117","og_site_name":"Les danses de la chamane","article_modified_time":"2018-06-16T08:47:19+00:00","og_image":[{"url":"http:\/\/flokardinal.org\/wordpress\/wp-content\/uploads\/2017\/08\/MG_8427choix-240x300.jpg","type":"","width":"","height":""}],"twitter_card":"summary_large_image","twitter_site":"@kardinal93","twitter_misc":{"Dur\u00e9e de lecture estim\u00e9e":"1 minute"},"schema":{"@context":"https:\/\/schema.org","@graph":[{"@type":"WebPage","@id":"https:\/\/flokardinal.org\/?page_id=2117","url":"https:\/\/flokardinal.org\/?page_id=2117","name":"L'Art de se Prot\u00e9ger - Les danses de la chamane","isPartOf":{"@id":"https:\/\/flokardinal.org\/#website"},"primaryImageOfPage":{"@id":"https:\/\/flokardinal.org\/?page_id=2117#primaryimage"},"image":{"@id":"https:\/\/flokardinal.org\/?page_id=2117#primaryimage"},"thumbnailUrl":"http:\/\/flokardinal.org\/wordpress\/wp-content\/uploads\/2017\/08\/MG_8427choix-240x300.jpg","datePublished":"2017-09-21T15:42:26+00:00","dateModified":"2018-06-16T08:47:19+00:00","breadcrumb":{"@id":"https:\/\/flokardinal.org\/?page_id=2117#breadcrumb"},"inLanguage":"fr-FR","potentialAction":[{"@type":"ReadAction","target":["https:\/\/flokardinal.org\/?page_id=2117"]}]},{"@type":"ImageObject","inLanguage":"fr-FR","@id":"https:\/\/flokardinal.org\/?page_id=2117#primaryimage","url":"http:\/\/flokardinal.org\/wordpress\/wp-content\/uploads\/2017\/08\/MG_8427choix-240x300.jpg","contentUrl":"http:\/\/flokardinal.org\/wordpress\/wp-content\/uploads\/2017\/08\/MG_8427choix-240x300.jpg"},{"@type":"BreadcrumbList","@id":"https:\/\/flokardinal.org\/?page_id=2117#breadcrumb","itemListElement":[{"@type":"ListItem","position":1,"name":"Accueil","item":"https:\/\/flokardinal.org\/"},{"@type":"ListItem","position":2,"name":"Inspirations","item":"https:\/\/flokardinal.org\/?page_id=18"},{"@type":"ListItem","position":3,"name":"L&rsquo;Art de se Prot\u00e9ger"}]},{"@type":"WebSite","@id":"https:\/\/flokardinal.org\/#website","url":"https:\/\/flokardinal.org\/","name":"Les danses de la chamane","description":"Le corps cr\u00e9ateur gu\u00e9risseur salvateur","potentialAction":[{"@type":"SearchAction","target":{"@type":"EntryPoint","urlTemplate":"https:\/\/flokardinal.org\/?s={search_term_string}"},"query-input":{"@type":"PropertyValueSpecification","valueRequired":true,"valueName":"search_term_string"}}],"inLanguage":"fr-FR"}]}},"_links":{"self":[{"href":"http:\/\/flokardinal.org\/index.php?rest_route=\/wp\/v2\/pages\/2117","targetHints":{"allow":["GET"]}}],"collection":[{"href":"http:\/\/flokardinal.org\/index.php?rest_route=\/wp\/v2\/pages"}],"about":[{"href":"http:\/\/flokardinal.org\/index.php?rest_route=\/wp\/v2\/types\/page"}],"author":[{"embeddable":true,"href":"http:\/\/flokardinal.org\/index.php?rest_route=\/wp\/v2\/users\/1"}],"replies":[{"embeddable":true,"href":"http:\/\/flokardinal.org\/index.php?rest_route=%2Fwp%2Fv2%2Fcomments&post=2117"}],"version-history":[{"count":4,"href":"http:\/\/flokardinal.org\/index.php?rest_route=\/wp\/v2\/pages\/2117\/revisions"}],"predecessor-version":[{"id":2122,"href":"http:\/\/flokardinal.org\/index.php?rest_route=\/wp\/v2\/pages\/2117\/revisions\/2122"}],"up":[{"embeddable":true,"href":"http:\/\/flokardinal.org\/index.php?rest_route=\/wp\/v2\/pages\/18"}],"wp:attachment":[{"href":"http:\/\/flokardinal.org\/index.php?rest_route=%2Fwp%2Fv2%2Fmedia&parent=2117"}],"curies":[{"name":"wp","href":"https:\/\/api.w.org\/{rel}","templated":true}]}}