{"id":105,"date":"2015-04-20T19:12:23","date_gmt":"2015-04-20T18:12:23","guid":{"rendered":"http:\/\/flokardinal.org\/wordpress\/?page_id=105"},"modified":"2020-08-19T14:24:50","modified_gmt":"2020-08-19T13:24:50","slug":"les-danses-de-la-chamane-version-artistique","status":"publish","type":"page","link":"http:\/\/flokardinal.org\/?page_id=105","title":{"rendered":"Studios"},"content":{"rendered":"<p><iframe loading=\"lazy\" title=\"kitchens Works Labo N\u00b06 by Flo Kardinal\" src=\"https:\/\/player.vimeo.com\/video\/105594871?dnt=1&amp;app_id=122963\" width=\"320\" height=\"240\" frameborder=\"0\" allow=\"autoplay; fullscreen; picture-in-picture; clipboard-write\"><\/iframe><\/p>\n<p><iframe loading=\"lazy\" title=\"Kitchens work N\u00b01 labo by Flo Kardinal\" src=\"https:\/\/player.vimeo.com\/video\/105580624?dnt=1&amp;app_id=122963\" width=\"320\" height=\"240\" frameborder=\"0\" allow=\"autoplay; fullscreen; picture-in-picture; clipboard-write\"><\/iframe><\/p>\n<p><iframe loading=\"lazy\" title=\"Chant improvis\u00e9 danse intuitive  Denderah\/Flo Kardinal\" src=\"https:\/\/player.vimeo.com\/video\/124248456?dnt=1&amp;app_id=122963\" width=\"320\" height=\"240\" frameborder=\"0\" allow=\"autoplay; fullscreen; picture-in-picture; clipboard-write\"><\/iframe><\/p>\n<p><iframe loading=\"lazy\" title=\"Improvisations bol voix danse Flo Kardinal\/Denderah\" src=\"https:\/\/player.vimeo.com\/video\/124344439?dnt=1&amp;app_id=122963\" width=\"320\" height=\"240\" frameborder=\"0\" allow=\"autoplay; fullscreen; picture-in-picture; clipboard-write\"><\/iframe><\/p>\n<pre><br><br><br><br>Tous les projets ,les cr\u00e9ations,les performances,les vid\u00e9os de Flo Kardinal et TIR GROUP\u00e9 sont d\u00e9pos\u00e9s et prot\u00e9g\u00e9s dans leur contenus,concepts,formulations,r\u00e9alisations et productions et b\u00e9n\u00e9ficient de lois en vigueur \u00e0 ce sujet.<\/pre>\n<p><iframe loading=\"lazy\" title=\"Sous le masque Trailer A\" src=\"https:\/\/player.vimeo.com\/video\/76829281?dnt=1&amp;app_id=122963\" width=\"474\" height=\"267\" frameborder=\"0\" allow=\"autoplay; fullscreen; picture-in-picture; clipboard-write\"><\/iframe><\/p>\n\n\n<p><\/p>\n\n\n\n<p><\/p>\n\n\n\n<p><\/p>\n","protected":false},"excerpt":{"rendered":"<p>Tous les projets ,les cr\u00e9ations,les performances,les vid\u00e9os de Flo Kardinal et TIR GROUP\u00e9 sont d\u00e9pos\u00e9s et prot\u00e9g\u00e9s dans leur contenus,concepts,formulations,r\u00e9alisations et productions et b\u00e9n\u00e9ficient de lois en vigueur \u00e0 ce sujet.<\/p>\n","protected":false},"author":1,"featured_media":5565,"parent":1423,"menu_order":9,"comment_status":"open","ping_status":"open","template":"","meta":{"footnotes":""},"class_list":["post-105","page","type-page","status-publish","has-post-thumbnail","hentry"],"yoast_head":"<!-- This site is optimized with the Yoast SEO plugin v27.4 - https:\/\/yoast.com\/product\/yoast-seo-wordpress\/ -->\n<title>Studios - Les danses de la chamane<\/title>\n<meta name=\"description\" content=\"Les danses de la chamane Labo SERIE Alpha Om\u00e9ga Flo Kardinal\" \/>\n<meta name=\"robots\" content=\"index, follow, max-snippet:-1, max-image-preview:large, max-video-preview:-1\" \/>\n<link rel=\"canonical\" href=\"https:\/\/flokardinal.org\/?page_id=105\" \/>\n<meta property=\"og:locale\" content=\"fr_FR\" \/>\n<meta property=\"og:type\" content=\"article\" \/>\n<meta property=\"og:title\" content=\"Studios - Les danses de la chamane\" \/>\n<meta property=\"og:description\" content=\"Les danses de la chamane Labo SERIE Alpha Om\u00e9ga Flo Kardinal\" \/>\n<meta property=\"og:url\" content=\"https:\/\/flokardinal.org\/?page_id=105\" \/>\n<meta property=\"og:site_name\" content=\"Les danses de la chamane\" \/>\n<meta property=\"article:modified_time\" content=\"2020-08-19T13:24:50+00:00\" \/>\n<meta property=\"og:image\" content=\"https:\/\/flokardinal.org\/wp-content\/uploads\/2019\/09\/070A5921.gif-SIGNES-WEB.gif\" \/>\n\t<meta property=\"og:image:width\" content=\"749\" \/>\n\t<meta property=\"og:image:height\" content=\"499\" \/>\n\t<meta property=\"og:image:type\" content=\"image\/gif\" \/>\n<meta name=\"twitter:card\" content=\"summary_large_image\" \/>\n<meta name=\"twitter:site\" content=\"@kardinal93\" \/>\n<script type=\"application\/ld+json\" class=\"yoast-schema-graph\">{\"@context\":\"https:\\\/\\\/schema.org\",\"@graph\":[{\"@type\":\"WebPage\",\"@id\":\"https:\\\/\\\/flokardinal.org\\\/?page_id=105\",\"url\":\"https:\\\/\\\/flokardinal.org\\\/?page_id=105\",\"name\":\"Studios - Les danses de la chamane\",\"isPartOf\":{\"@id\":\"https:\\\/\\\/flokardinal.org\\\/#website\"},\"primaryImageOfPage\":{\"@id\":\"https:\\\/\\\/flokardinal.org\\\/?page_id=105#primaryimage\"},\"image\":{\"@id\":\"https:\\\/\\\/flokardinal.org\\\/?page_id=105#primaryimage\"},\"thumbnailUrl\":\"http:\\\/\\\/flokardinal.org\\\/wp-content\\\/uploads\\\/2019\\\/09\\\/070A5921.gif-SIGNES-WEB.gif\",\"datePublished\":\"2015-04-20T18:12:23+00:00\",\"dateModified\":\"2020-08-19T13:24:50+00:00\",\"description\":\"Les danses de la chamane Labo SERIE Alpha Om\u00e9ga Flo Kardinal\",\"breadcrumb\":{\"@id\":\"https:\\\/\\\/flokardinal.org\\\/?page_id=105#breadcrumb\"},\"inLanguage\":\"fr-FR\",\"potentialAction\":[{\"@type\":\"ReadAction\",\"target\":[\"https:\\\/\\\/flokardinal.org\\\/?page_id=105\"]}]},{\"@type\":\"ImageObject\",\"inLanguage\":\"fr-FR\",\"@id\":\"https:\\\/\\\/flokardinal.org\\\/?page_id=105#primaryimage\",\"url\":\"http:\\\/\\\/flokardinal.org\\\/wp-content\\\/uploads\\\/2019\\\/09\\\/070A5921.gif-SIGNES-WEB.gif\",\"contentUrl\":\"http:\\\/\\\/flokardinal.org\\\/wp-content\\\/uploads\\\/2019\\\/09\\\/070A5921.gif-SIGNES-WEB.gif\",\"width\":749,\"height\":499},{\"@type\":\"BreadcrumbList\",\"@id\":\"https:\\\/\\\/flokardinal.org\\\/?page_id=105#breadcrumb\",\"itemListElement\":[{\"@type\":\"ListItem\",\"position\":1,\"name\":\"Accueil\",\"item\":\"https:\\\/\\\/flokardinal.org\\\/\"},{\"@type\":\"ListItem\",\"position\":2,\"name\":\"L&rsquo;ACTUALIT\u00e9 CREATIVE DE LA Cie Tir Group\u00e9\",\"item\":\"https:\\\/\\\/flokardinal.org\\\/?page_id=1423\"},{\"@type\":\"ListItem\",\"position\":3,\"name\":\"Studios\"}]},{\"@type\":\"WebSite\",\"@id\":\"https:\\\/\\\/flokardinal.org\\\/#website\",\"url\":\"https:\\\/\\\/flokardinal.org\\\/\",\"name\":\"Les danses de la chamane\",\"description\":\"Le corps cr\u00e9ateur gu\u00e9risseur salvateur\",\"potentialAction\":[{\"@type\":\"SearchAction\",\"target\":{\"@type\":\"EntryPoint\",\"urlTemplate\":\"https:\\\/\\\/flokardinal.org\\\/?s={search_term_string}\"},\"query-input\":{\"@type\":\"PropertyValueSpecification\",\"valueRequired\":true,\"valueName\":\"search_term_string\"}}],\"inLanguage\":\"fr-FR\"}]}<\/script>\n<!-- \/ Yoast SEO plugin. -->","yoast_head_json":{"title":"Studios - Les danses de la chamane","description":"Les danses de la chamane Labo SERIE Alpha Om\u00e9ga Flo Kardinal","robots":{"index":"index","follow":"follow","max-snippet":"max-snippet:-1","max-image-preview":"max-image-preview:large","max-video-preview":"max-video-preview:-1"},"canonical":"https:\/\/flokardinal.org\/?page_id=105","og_locale":"fr_FR","og_type":"article","og_title":"Studios - Les danses de la chamane","og_description":"Les danses de la chamane Labo SERIE Alpha Om\u00e9ga Flo Kardinal","og_url":"https:\/\/flokardinal.org\/?page_id=105","og_site_name":"Les danses de la chamane","article_modified_time":"2020-08-19T13:24:50+00:00","og_image":[{"width":749,"height":499,"url":"https:\/\/flokardinal.org\/wp-content\/uploads\/2019\/09\/070A5921.gif-SIGNES-WEB.gif","type":"image\/gif"}],"twitter_card":"summary_large_image","twitter_site":"@kardinal93","schema":{"@context":"https:\/\/schema.org","@graph":[{"@type":"WebPage","@id":"https:\/\/flokardinal.org\/?page_id=105","url":"https:\/\/flokardinal.org\/?page_id=105","name":"Studios - Les danses de la chamane","isPartOf":{"@id":"https:\/\/flokardinal.org\/#website"},"primaryImageOfPage":{"@id":"https:\/\/flokardinal.org\/?page_id=105#primaryimage"},"image":{"@id":"https:\/\/flokardinal.org\/?page_id=105#primaryimage"},"thumbnailUrl":"http:\/\/flokardinal.org\/wp-content\/uploads\/2019\/09\/070A5921.gif-SIGNES-WEB.gif","datePublished":"2015-04-20T18:12:23+00:00","dateModified":"2020-08-19T13:24:50+00:00","description":"Les danses de la chamane Labo SERIE Alpha Om\u00e9ga Flo Kardinal","breadcrumb":{"@id":"https:\/\/flokardinal.org\/?page_id=105#breadcrumb"},"inLanguage":"fr-FR","potentialAction":[{"@type":"ReadAction","target":["https:\/\/flokardinal.org\/?page_id=105"]}]},{"@type":"ImageObject","inLanguage":"fr-FR","@id":"https:\/\/flokardinal.org\/?page_id=105#primaryimage","url":"http:\/\/flokardinal.org\/wp-content\/uploads\/2019\/09\/070A5921.gif-SIGNES-WEB.gif","contentUrl":"http:\/\/flokardinal.org\/wp-content\/uploads\/2019\/09\/070A5921.gif-SIGNES-WEB.gif","width":749,"height":499},{"@type":"BreadcrumbList","@id":"https:\/\/flokardinal.org\/?page_id=105#breadcrumb","itemListElement":[{"@type":"ListItem","position":1,"name":"Accueil","item":"https:\/\/flokardinal.org\/"},{"@type":"ListItem","position":2,"name":"L&rsquo;ACTUALIT\u00e9 CREATIVE DE LA Cie Tir Group\u00e9","item":"https:\/\/flokardinal.org\/?page_id=1423"},{"@type":"ListItem","position":3,"name":"Studios"}]},{"@type":"WebSite","@id":"https:\/\/flokardinal.org\/#website","url":"https:\/\/flokardinal.org\/","name":"Les danses de la chamane","description":"Le corps cr\u00e9ateur gu\u00e9risseur salvateur","potentialAction":[{"@type":"SearchAction","target":{"@type":"EntryPoint","urlTemplate":"https:\/\/flokardinal.org\/?s={search_term_string}"},"query-input":{"@type":"PropertyValueSpecification","valueRequired":true,"valueName":"search_term_string"}}],"inLanguage":"fr-FR"}]}},"_links":{"self":[{"href":"http:\/\/flokardinal.org\/index.php?rest_route=\/wp\/v2\/pages\/105","targetHints":{"allow":["GET"]}}],"collection":[{"href":"http:\/\/flokardinal.org\/index.php?rest_route=\/wp\/v2\/pages"}],"about":[{"href":"http:\/\/flokardinal.org\/index.php?rest_route=\/wp\/v2\/types\/page"}],"author":[{"embeddable":true,"href":"http:\/\/flokardinal.org\/index.php?rest_route=\/wp\/v2\/users\/1"}],"replies":[{"embeddable":true,"href":"http:\/\/flokardinal.org\/index.php?rest_route=%2Fwp%2Fv2%2Fcomments&post=105"}],"version-history":[{"count":18,"href":"http:\/\/flokardinal.org\/index.php?rest_route=\/wp\/v2\/pages\/105\/revisions"}],"predecessor-version":[{"id":7421,"href":"http:\/\/flokardinal.org\/index.php?rest_route=\/wp\/v2\/pages\/105\/revisions\/7421"}],"up":[{"embeddable":true,"href":"http:\/\/flokardinal.org\/index.php?rest_route=\/wp\/v2\/pages\/1423"}],"wp:featuredmedia":[{"embeddable":true,"href":"http:\/\/flokardinal.org\/index.php?rest_route=\/wp\/v2\/media\/5565"}],"wp:attachment":[{"href":"http:\/\/flokardinal.org\/index.php?rest_route=%2Fwp%2Fv2%2Fmedia&parent=105"}],"curies":[{"name":"wp","href":"https:\/\/api.w.org\/{rel}","templated":true}]}}